{"id":11357,"date":"2025-12-19T13:03:15","date_gmt":"2025-12-19T13:03:15","guid":{"rendered":"https:\/\/ykmtest.com\/?post_type=product&#038;p=11357"},"modified":"2025-12-19T13:03:16","modified_gmt":"2025-12-19T13:03:16","slug":"flakiness-gauge-for-classification-of-aggregate","status":"publish","type":"product","link":"https:\/\/ykmtest.com\/tr\/urun\/flakiness-gauge-for-classification-of-aggregate\/","title":{"rendered":"Agrega S\u0131n\u0131fland\u0131rmas\u0131 i\u00e7in Pullanma \u00d6l\u00e7er"},"content":{"rendered":"<p class=\"p3\"><span lang=\"TR\">Yuva a\u00e7\u0131kl\u0131klar\u0131 standart elek boyutu fraksiyonlar\u0131na kar\u015f\u0131l\u0131k gelecek \u015fekilde d\u00fczenlenmi\u015ftir. Her bir a\u00e7\u0131kl\u0131k a\u00e7\u0131k\u00e7a ve kal\u0131c\u0131 olarak i\u015faretlenmi\u015ftir, bu da saha veya laboratuvar uygulamalar\u0131nda kar\u0131\u015f\u0131kl\u0131k olmadan do\u011fru se\u00e7imi m\u00fcmk\u00fcn k\u0131lar. Bu \u00f6zellikle hassas \u00f6l\u00e7\u00fcmler i\u00e7in bir Flakiness Gauge BS kullan\u0131ld\u0131\u011f\u0131nda faydal\u0131d\u0131r.<\/span><\/p>","protected":false},"excerpt":{"rendered":"<p>Flakiness Gauge (Flakiness Index) BS, iri ve orta taneli agregalar\u0131 kal\u0131nl\u0131klar\u0131na g\u00f6re h\u0131zl\u0131 ve tutarl\u0131 bir \u015fekilde s\u0131n\u0131fland\u0131rmak i\u00e7in kullan\u0131l\u0131r. Sert, deforme olmayan g\u00f6vdesi ve hassas i\u015flenmi\u015f yuva a\u00e7\u0131kl\u0131klar\u0131 uzun vadeli do\u011fruluk sa\u011flar.<\/p>","protected":false},"featured_media":0,"template":"","meta":{"_acf_changed":false},"product_brand":[],"product_cat":[135,137],"product_tag":[],"class_list":{"0":"post-11357","1":"product","2":"type-product","3":"status-publish","5":"product_cat-aggregate","6":"product_cat-classification","9":"instock","10":"shipping-taxable","11":"product-type-simple"},"acf":[],"yoast_head":"<!-- This site is optimized with the Yoast SEO Premium plugin v26.5 (Yoast SEO v27.5) - https:\/\/yoast.com\/product\/yoast-seo-premium-wordpress\/ -->\n<title>Flakiness Gauge for Classification of Aggregate - YKM TEST<\/title>\n<meta name=\"description\" content=\"Ensure accurate measurements with the Flakiness Gauge BS, featuring clearly marked openings for easy selection. Perfect for field and lab use!\" \/>\n<meta name=\"robots\" content=\"index, follow, max-snippet:-1, max-image-preview:large, max-video-preview:-1\" \/>\n<link rel=\"canonical\" href=\"https:\/\/ykmtest.com\/tr\/urun\/flakiness-gauge-for-classification-of-aggregate\/\" \/>\n<meta property=\"og:locale\" content=\"tr_TR\" \/>\n<meta property=\"og:type\" content=\"article\" \/>\n<meta property=\"og:title\" content=\"Flakiness Gauge for Classification of Aggregate\" \/>\n<meta property=\"og:description\" content=\"Ensure accurate measurements with the Flakiness Gauge BS, featuring clearly marked openings for easy selection. Perfect for field and lab use!\" \/>\n<meta property=\"og:url\" content=\"https:\/\/ykmtest.com\/tr\/urun\/flakiness-gauge-for-classification-of-aggregate\/\" \/>\n<meta property=\"og:site_name\" content=\"YKM TEST\" \/>\n<meta property=\"article:modified_time\" content=\"2025-12-19T13:03:16+00:00\" \/>\n<meta name=\"twitter:card\" content=\"summary_large_image\" \/>\n<meta name=\"twitter:label1\" content=\"Fiyat\" \/>\n\t<meta name=\"twitter:data1\" content=\"\" \/>\n\t<meta name=\"twitter:label2\" content=\"Durumu\" \/>\n\t<meta name=\"twitter:data2\" content=\"Stokta var\" \/>\n<script type=\"application\/ld+json\" class=\"yoast-schema-graph\">{\"@context\":\"https:\\\/\\\/schema.org\",\"@graph\":[{\"@type\":\"WebPage\",\"@id\":\"https:\\\/\\\/ykmtest.com\\\/product\\\/flakiness-gauge-for-classification-of-aggregate\\\/\",\"url\":\"https:\\\/\\\/ykmtest.com\\\/product\\\/flakiness-gauge-for-classification-of-aggregate\\\/\",\"name\":\"Flakiness Gauge for Classification of Aggregate - YKM TEST\",\"isPartOf\":{\"@id\":\"https:\\\/\\\/darkorchid-cheetah-525435.hostingersite.com\\\/#website\"},\"datePublished\":\"2025-12-19T13:03:15+00:00\",\"dateModified\":\"2025-12-19T13:03:16+00:00\",\"description\":\"Ensure accurate measurements with the Flakiness Gauge BS, featuring clearly marked openings for easy selection. Perfect for field and lab use!\",\"breadcrumb\":{\"@id\":\"https:\\\/\\\/ykmtest.com\\\/product\\\/flakiness-gauge-for-classification-of-aggregate\\\/#breadcrumb\"},\"inLanguage\":\"tr\",\"potentialAction\":[{\"@type\":\"ReadAction\",\"target\":[\"https:\\\/\\\/ykmtest.com\\\/product\\\/flakiness-gauge-for-classification-of-aggregate\\\/\"]}]},{\"@type\":\"BreadcrumbList\",\"@id\":\"https:\\\/\\\/ykmtest.com\\\/product\\\/flakiness-gauge-for-classification-of-aggregate\\\/#breadcrumb\",\"itemListElement\":[{\"@type\":\"ListItem\",\"position\":1,\"name\":\"Home\",\"item\":\"https:\\\/\\\/darkorchid-cheetah-525435.hostingersite.com\\\/\"},{\"@type\":\"ListItem\",\"position\":2,\"name\":\"\u0422\u043e\u0432\u0430\u0440\u044b\",\"item\":\"https:\\\/\\\/ykmtest.com\\\/ru\\\/shop\\\/\"},{\"@type\":\"ListItem\",\"position\":3,\"name\":\"Flakiness Gauge for Classification of Aggregate\"}]},{\"@type\":\"WebSite\",\"@id\":\"https:\\\/\\\/darkorchid-cheetah-525435.hostingersite.com\\\/#website\",\"url\":\"https:\\\/\\\/darkorchid-cheetah-525435.hostingersite.com\\\/\",\"name\":\"YKM TEST\",\"description\":\"\",\"publisher\":{\"@id\":\"https:\\\/\\\/darkorchid-cheetah-525435.hostingersite.com\\\/#organization\"},\"potentialAction\":[{\"@type\":\"SearchAction\",\"target\":{\"@type\":\"EntryPoint\",\"urlTemplate\":\"https:\\\/\\\/darkorchid-cheetah-525435.hostingersite.com\\\/?s={search_term_string}\"},\"query-input\":{\"@type\":\"PropertyValueSpecification\",\"valueRequired\":true,\"valueName\":\"search_term_string\"}}],\"inLanguage\":\"tr\"},{\"@type\":[\"Organization\",\"Place\"],\"@id\":\"https:\\\/\\\/darkorchid-cheetah-525435.hostingersite.com\\\/#organization\",\"name\":\"YKM TEST\",\"url\":\"https:\\\/\\\/darkorchid-cheetah-525435.hostingersite.com\\\/\",\"logo\":{\"@id\":\"https:\\\/\\\/ykmtest.com\\\/product\\\/flakiness-gauge-for-classification-of-aggregate\\\/#local-main-organization-logo\"},\"image\":{\"@id\":\"https:\\\/\\\/ykmtest.com\\\/product\\\/flakiness-gauge-for-classification-of-aggregate\\\/#local-main-organization-logo\"},\"telephone\":[],\"openingHoursSpecification\":[{\"@type\":\"OpeningHoursSpecification\",\"dayOfWeek\":[\"Monday\",\"Tuesday\",\"Wednesday\",\"Thursday\",\"Friday\",\"Saturday\",\"Sunday\"],\"opens\":\"09:00\",\"closes\":\"17:00\"}]},{\"@type\":\"ImageObject\",\"inLanguage\":\"tr\",\"@id\":\"https:\\\/\\\/ykmtest.com\\\/product\\\/flakiness-gauge-for-classification-of-aggregate\\\/#local-main-organization-logo\",\"url\":\"https:\\\/\\\/ykmtest.com\\\/wp-content\\\/uploads\\\/2025\\\/10\\\/Asset-2@2x-8.png\",\"contentUrl\":\"https:\\\/\\\/ykmtest.com\\\/wp-content\\\/uploads\\\/2025\\\/10\\\/Asset-2@2x-8.png\",\"width\":1550,\"height\":323,\"caption\":\"YKM TEST\"}]}<\/script>\n<meta property=\"product:price:currency\" content=\"USD\" \/>\n<meta property=\"og:availability\" content=\"instock\" \/>\n<meta property=\"product:availability\" content=\"instock\" \/>\n<meta property=\"product:condition\" content=\"new\" \/>\n<!-- \/ Yoast SEO Premium plugin. -->","yoast_head_json":{"title":"Flakiness Gauge for Classification of Aggregate - YKM TEST","description":"Ensure accurate measurements with the Flakiness Gauge BS, featuring clearly marked openings for easy selection. Perfect for field and lab use!","robots":{"index":"index","follow":"follow","max-snippet":"max-snippet:-1","max-image-preview":"max-image-preview:large","max-video-preview":"max-video-preview:-1"},"canonical":"https:\/\/ykmtest.com\/tr\/urun\/flakiness-gauge-for-classification-of-aggregate\/","og_locale":"tr_TR","og_type":"article","og_title":"Flakiness Gauge for Classification of Aggregate","og_description":"Ensure accurate measurements with the Flakiness Gauge BS, featuring clearly marked openings for easy selection. Perfect for field and lab use!","og_url":"https:\/\/ykmtest.com\/tr\/urun\/flakiness-gauge-for-classification-of-aggregate\/","og_site_name":"YKM TEST","article_modified_time":"2025-12-19T13:03:16+00:00","twitter_card":"summary_large_image","twitter_misc":{"Fiyat":"","Durumu":"Stokta var"},"schema":{"@context":"https:\/\/schema.org","@graph":[{"@type":"WebPage","@id":"https:\/\/ykmtest.com\/product\/flakiness-gauge-for-classification-of-aggregate\/","url":"https:\/\/ykmtest.com\/product\/flakiness-gauge-for-classification-of-aggregate\/","name":"Flakiness Gauge for Classification of Aggregate - YKM TEST","isPartOf":{"@id":"https:\/\/darkorchid-cheetah-525435.hostingersite.com\/#website"},"datePublished":"2025-12-19T13:03:15+00:00","dateModified":"2025-12-19T13:03:16+00:00","description":"Ensure accurate measurements with the Flakiness Gauge BS, featuring clearly marked openings for easy selection. Perfect for field and lab use!","breadcrumb":{"@id":"https:\/\/ykmtest.com\/product\/flakiness-gauge-for-classification-of-aggregate\/#breadcrumb"},"inLanguage":"tr","potentialAction":[{"@type":"ReadAction","target":["https:\/\/ykmtest.com\/product\/flakiness-gauge-for-classification-of-aggregate\/"]}]},{"@type":"BreadcrumbList","@id":"https:\/\/ykmtest.com\/product\/flakiness-gauge-for-classification-of-aggregate\/#breadcrumb","itemListElement":[{"@type":"ListItem","position":1,"name":"Home","item":"https:\/\/darkorchid-cheetah-525435.hostingersite.com\/"},{"@type":"ListItem","position":2,"name":"\u0422\u043e\u0432\u0430\u0440\u044b","item":"https:\/\/ykmtest.com\/ru\/shop\/"},{"@type":"ListItem","position":3,"name":"Flakiness Gauge for Classification of Aggregate"}]},{"@type":"WebSite","@id":"https:\/\/darkorchid-cheetah-525435.hostingersite.com\/#website","url":"https:\/\/darkorchid-cheetah-525435.hostingersite.com\/","name":"YKM TEST\u0130","description":"","publisher":{"@id":"https:\/\/darkorchid-cheetah-525435.hostingersite.com\/#organization"},"potentialAction":[{"@type":"SearchAction","target":{"@type":"EntryPoint","urlTemplate":"https:\/\/darkorchid-cheetah-525435.hostingersite.com\/?s={search_term_string}"},"query-input":{"@type":"PropertyValueSpecification","valueRequired":true,"valueName":"search_term_string"}}],"inLanguage":"tr"},{"@type":["Organization","Place"],"@id":"https:\/\/darkorchid-cheetah-525435.hostingersite.com\/#organization","name":"YKM TEST\u0130","url":"https:\/\/darkorchid-cheetah-525435.hostingersite.com\/","logo":{"@id":"https:\/\/ykmtest.com\/product\/flakiness-gauge-for-classification-of-aggregate\/#local-main-organization-logo"},"image":{"@id":"https:\/\/ykmtest.com\/product\/flakiness-gauge-for-classification-of-aggregate\/#local-main-organization-logo"},"telephone":[],"openingHoursSpecification":[{"@type":"OpeningHoursSpecification","dayOfWeek":["Monday","Tuesday","Wednesday","Thursday","Friday","Saturday","Sunday"],"opens":"09:00","closes":"17:00"}]},{"@type":"ImageObject","inLanguage":"tr","@id":"https:\/\/ykmtest.com\/product\/flakiness-gauge-for-classification-of-aggregate\/#local-main-organization-logo","url":"https:\/\/ykmtest.com\/wp-content\/uploads\/2025\/10\/Asset-2@2x-8.png","contentUrl":"https:\/\/ykmtest.com\/wp-content\/uploads\/2025\/10\/Asset-2@2x-8.png","width":1550,"height":323,"caption":"YKM TEST"}]},"product_price_currency":"USD","og_availability":"instock","product_availability":"instock","product_condition":"new"},"_links":{"self":[{"href":"https:\/\/ykmtest.com\/tr\/wp-json\/wp\/v2\/product\/11357","targetHints":{"allow":["GET"]}}],"collection":[{"href":"https:\/\/ykmtest.com\/tr\/wp-json\/wp\/v2\/product"}],"about":[{"href":"https:\/\/ykmtest.com\/tr\/wp-json\/wp\/v2\/types\/product"}],"version-history":[{"count":1,"href":"https:\/\/ykmtest.com\/tr\/wp-json\/wp\/v2\/product\/11357\/revisions"}],"predecessor-version":[{"id":11358,"href":"https:\/\/ykmtest.com\/tr\/wp-json\/wp\/v2\/product\/11357\/revisions\/11358"}],"wp:attachment":[{"href":"https:\/\/ykmtest.com\/tr\/wp-json\/wp\/v2\/media?parent=11357"}],"wp:term":[{"taxonomy":"product_brand","embeddable":true,"href":"https:\/\/ykmtest.com\/tr\/wp-json\/wp\/v2\/product_brand?post=11357"},{"taxonomy":"product_cat","embeddable":true,"href":"https:\/\/ykmtest.com\/tr\/wp-json\/wp\/v2\/product_cat?post=11357"},{"taxonomy":"product_tag","embeddable":true,"href":"https:\/\/ykmtest.com\/tr\/wp-json\/wp\/v2\/product_tag?post=11357"}],"curies":[{"name":"wp","href":"https:\/\/api.w.org\/{rel}","templated":true}]}}