{"id":11391,"date":"2025-12-22T08:44:05","date_gmt":"2025-12-22T08:44:05","guid":{"rendered":"https:\/\/ykmtest.com\/?post_type=product&#038;p=11391"},"modified":"2025-12-22T08:44:06","modified_gmt":"2025-12-22T08:44:06","slug":"abrasion-testing-machine-according-to-bohme","status":"publish","type":"product","link":"https:\/\/ykmtest.com\/tr\/urun\/abrasion-testing-machine-according-to-bohme\/","title":{"rendered":"B\u00f6hme'ye G\u00f6re A\u015f\u0131nma Test Cihaz\u0131"},"content":{"rendered":"<p class=\"p3\">B\u00f6hme a\u015f\u0131nma test cihaz\u0131n\u0131n dijital devir sayac\u0131 ve programlanabilir operat\u00f6r paneli, \u00f6nceden ayarlanm\u0131\u015f devir say\u0131s\u0131na ula\u015f\u0131ld\u0131\u011f\u0131nda \u00e7al\u0131\u015fmay\u0131 otomatik olarak durdurur. Test, numunenin B\u00f6hme a\u015f\u0131nma test cihaz\u0131n\u0131n yatay olarak d\u00f6nen \u00e7elik diskine yerle\u015ftirilmesi ve sabit bir y\u00fck uygulanmas\u0131 ile ba\u015flar. Test s\u0131ras\u0131nda a\u015f\u0131nd\u0131r\u0131c\u0131 malzeme y\u00fczeye yay\u0131l\u0131r. Disk sabit bir h\u0131zda (30 \u00b1 1 rpm) d\u00f6nerken, uygulanan y\u00fck numune y\u00fczeyinde tekrarlayan a\u015f\u0131nma olu\u015fturur. Belirlenen devir say\u0131s\u0131ndan sonra, B\u00f6hme a\u015f\u0131nma test cihaz\u0131 kullan\u0131larak a\u015f\u0131nma direncini hesaplamak i\u00e7in test y\u00fczeyindeki hacim kayb\u0131 (mm\u00b3) \u00f6l\u00e7\u00fcl\u00fcr.<\/p>","protected":false},"excerpt":{"rendered":"<p class=\"p3\"><span lang=\"TR\">B\u00f6hme yatay a\u015f\u0131nma test cihaz\u0131, beton parke bloklar\u0131n\u0131n, kald\u0131r\u0131m ta\u015flar\u0131n\u0131n ve do\u011fal ta\u015f y\u00fczeylerin a\u015f\u0131nma direncini g\u00fcvenilir ve tekrarlanabilir bir \u015fekilde belirlemek i\u00e7in tasarlanm\u0131\u015ft\u0131r. Rijit bir \u00e7elik \u00e7er\u00e7eve \u00fczerine monte edilmi\u015f yatay bir a\u015f\u0131nma masas\u0131 ve hassas bir di\u015fli kutusu-motor tahriki, test boyunca sabit d\u00f6n\u00fc\u015f h\u0131z\u0131 ve d\u00fczg\u00fcn temas sa\u011flar. Y\u00fckleme kolu, \u00f6l\u00fc a\u011f\u0131rl\u0131k sistemi kullanarak standart bas\u0131n\u00e7 uygular.<\/span><\/p>","protected":false},"featured_media":0,"template":"","meta":{"_acf_changed":false},"product_brand":[],"product_cat":[138,135],"product_tag":[],"class_list":{"0":"post-11391","1":"product","2":"type-product","3":"status-publish","5":"product_cat-abrasion-fragmentation-and-wear","6":"product_cat-aggregate","9":"instock","10":"shipping-taxable","11":"product-type-simple"},"acf":[],"yoast_head":"<!-- This site is optimized with the Yoast SEO Premium plugin v26.5 (Yoast SEO v26.5) - https:\/\/yoast.com\/wordpress\/plugins\/seo\/ -->\n<title>Abrasion Testing Machine According to B\u00f6hme - YKM TEST<\/title>\n<meta name=\"description\" content=\"B\u00f6hme horizontal abrasion testing machine accurately measures abrasion resistance of concrete, paving blocks and natural stone surfaces.\" \/>\n<meta name=\"robots\" content=\"index, follow, max-snippet:-1, max-image-preview:large, max-video-preview:-1\" \/>\n<link rel=\"canonical\" href=\"https:\/\/ykmtest.com\/tr\/urun\/abrasion-testing-machine-according-to-bohme\/\" \/>\n<meta property=\"og:locale\" content=\"tr_TR\" \/>\n<meta property=\"og:type\" content=\"article\" \/>\n<meta property=\"og:title\" content=\"Abrasion Testing Machine According to B\u00f6hme\" \/>\n<meta property=\"og:description\" content=\"B\u00f6hme horizontal abrasion testing machine accurately measures abrasion resistance of concrete, paving blocks and natural stone surfaces.\" \/>\n<meta property=\"og:url\" content=\"https:\/\/ykmtest.com\/tr\/urun\/abrasion-testing-machine-according-to-bohme\/\" \/>\n<meta property=\"og:site_name\" content=\"YKM TEST\" \/>\n<meta property=\"article:modified_time\" content=\"2025-12-22T08:44:06+00:00\" \/>\n<meta name=\"twitter:card\" content=\"summary_large_image\" \/>\n<meta name=\"twitter:label1\" content=\"Fiyat\" \/>\n\t<meta name=\"twitter:data1\" content=\"\" \/>\n\t<meta name=\"twitter:label2\" content=\"Durumu\" \/>\n\t<meta name=\"twitter:data2\" content=\"Stokta var\" \/>\n<script type=\"application\/ld+json\" class=\"yoast-schema-graph\">{\"@context\":\"https:\/\/schema.org\",\"@graph\":[{\"@type\":\"WebPage\",\"@id\":\"https:\/\/ykmtest.com\/product\/abrasion-testing-machine-according-to-bohme\/\",\"url\":\"https:\/\/ykmtest.com\/product\/abrasion-testing-machine-according-to-bohme\/\",\"name\":\"Abrasion Testing Machine According to B\u00f6hme - YKM TEST\",\"isPartOf\":{\"@id\":\"https:\/\/ykmtest.com\/#website\"},\"datePublished\":\"2025-12-22T08:44:05+00:00\",\"dateModified\":\"2025-12-22T08:44:06+00:00\",\"description\":\"B\u00f6hme horizontal abrasion testing machine accurately measures abrasion resistance of concrete, paving blocks and natural stone surfaces.\",\"breadcrumb\":{\"@id\":\"https:\/\/ykmtest.com\/product\/abrasion-testing-machine-according-to-bohme\/#breadcrumb\"},\"inLanguage\":\"tr\",\"potentialAction\":[{\"@type\":\"ReadAction\",\"target\":[\"https:\/\/ykmtest.com\/product\/abrasion-testing-machine-according-to-bohme\/\"]}]},{\"@type\":\"BreadcrumbList\",\"@id\":\"https:\/\/ykmtest.com\/product\/abrasion-testing-machine-according-to-bohme\/#breadcrumb\",\"itemListElement\":[{\"@type\":\"ListItem\",\"position\":1,\"name\":\"Home\",\"item\":\"https:\/\/ykmtest.com\/\"},{\"@type\":\"ListItem\",\"position\":2,\"name\":\"Products\",\"item\":\"https:\/\/ykmtest.com\/shop\/\"},{\"@type\":\"ListItem\",\"position\":3,\"name\":\"Abrasion Testing Machine According to B\u00f6hme\"}]},{\"@type\":\"WebSite\",\"@id\":\"https:\/\/ykmtest.com\/#website\",\"url\":\"https:\/\/ykmtest.com\/\",\"name\":\"YKM TEST\",\"description\":\"\",\"publisher\":{\"@id\":\"https:\/\/ykmtest.com\/#organization\"},\"potentialAction\":[{\"@type\":\"SearchAction\",\"target\":{\"@type\":\"EntryPoint\",\"urlTemplate\":\"https:\/\/ykmtest.com\/?s={search_term_string}\"},\"query-input\":{\"@type\":\"PropertyValueSpecification\",\"valueRequired\":true,\"valueName\":\"search_term_string\"}}],\"inLanguage\":\"tr\"},{\"@type\":[\"Organization\",\"Place\"],\"@id\":\"https:\/\/ykmtest.com\/#organization\",\"name\":\"YKM TEST\",\"url\":\"https:\/\/ykmtest.com\/\",\"logo\":{\"@id\":\"https:\/\/ykmtest.com\/product\/abrasion-testing-machine-according-to-bohme\/#local-main-organization-logo\"},\"image\":{\"@id\":\"https:\/\/ykmtest.com\/product\/abrasion-testing-machine-according-to-bohme\/#local-main-organization-logo\"},\"telephone\":[],\"openingHoursSpecification\":[{\"@type\":\"OpeningHoursSpecification\",\"dayOfWeek\":[\"Monday\",\"Tuesday\",\"Wednesday\",\"Thursday\",\"Friday\",\"Saturday\",\"Sunday\"],\"opens\":\"09:00\",\"closes\":\"17:00\"}]},{\"@type\":\"ImageObject\",\"inLanguage\":\"tr\",\"@id\":\"https:\/\/ykmtest.com\/product\/abrasion-testing-machine-according-to-bohme\/#local-main-organization-logo\",\"url\":\"https:\/\/ykmtest.com\/wp-content\/uploads\/2025\/10\/Asset-2@2x-8.png\",\"contentUrl\":\"https:\/\/ykmtest.com\/wp-content\/uploads\/2025\/10\/Asset-2@2x-8.png\",\"width\":1550,\"height\":323,\"caption\":\"YKM TEST\"}]}<\/script>\n<meta property=\"product:price:currency\" content=\"USD\" \/>\n<meta property=\"og:availability\" content=\"instock\" \/>\n<meta property=\"product:availability\" content=\"instock\" \/>\n<meta property=\"product:condition\" content=\"new\" \/>\n<!-- \/ Yoast SEO Premium plugin. -->","yoast_head_json":{"title":"Abrasion Testing Machine According to B\u00f6hme - YKM TEST","description":"B\u00f6hme horizontal abrasion testing machine accurately measures abrasion resistance of concrete, paving blocks and natural stone surfaces.","robots":{"index":"index","follow":"follow","max-snippet":"max-snippet:-1","max-image-preview":"max-image-preview:large","max-video-preview":"max-video-preview:-1"},"canonical":"https:\/\/ykmtest.com\/tr\/urun\/abrasion-testing-machine-according-to-bohme\/","og_locale":"tr_TR","og_type":"article","og_title":"Abrasion Testing Machine According to B\u00f6hme","og_description":"B\u00f6hme horizontal abrasion testing machine accurately measures abrasion resistance of concrete, paving blocks and natural stone surfaces.","og_url":"https:\/\/ykmtest.com\/tr\/urun\/abrasion-testing-machine-according-to-bohme\/","og_site_name":"YKM TEST","article_modified_time":"2025-12-22T08:44:06+00:00","twitter_card":"summary_large_image","twitter_misc":{"Fiyat":"","Durumu":"Stokta var"},"schema":{"@context":"https:\/\/schema.org","@graph":[{"@type":"WebPage","@id":"https:\/\/ykmtest.com\/product\/abrasion-testing-machine-according-to-bohme\/","url":"https:\/\/ykmtest.com\/product\/abrasion-testing-machine-according-to-bohme\/","name":"Abrasion Testing Machine According to B\u00f6hme - YKM TEST","isPartOf":{"@id":"https:\/\/ykmtest.com\/#website"},"datePublished":"2025-12-22T08:44:05+00:00","dateModified":"2025-12-22T08:44:06+00:00","description":"B\u00f6hme horizontal abrasion testing machine accurately measures abrasion resistance of concrete, paving blocks and natural stone surfaces.","breadcrumb":{"@id":"https:\/\/ykmtest.com\/product\/abrasion-testing-machine-according-to-bohme\/#breadcrumb"},"inLanguage":"tr","potentialAction":[{"@type":"ReadAction","target":["https:\/\/ykmtest.com\/product\/abrasion-testing-machine-according-to-bohme\/"]}]},{"@type":"BreadcrumbList","@id":"https:\/\/ykmtest.com\/product\/abrasion-testing-machine-according-to-bohme\/#breadcrumb","itemListElement":[{"@type":"ListItem","position":1,"name":"Home","item":"https:\/\/ykmtest.com\/"},{"@type":"ListItem","position":2,"name":"Products","item":"https:\/\/ykmtest.com\/shop\/"},{"@type":"ListItem","position":3,"name":"Abrasion Testing Machine According to B\u00f6hme"}]},{"@type":"WebSite","@id":"https:\/\/ykmtest.com\/#website","url":"https:\/\/ykmtest.com\/","name":"YKM TEST\u0130","description":"","publisher":{"@id":"https:\/\/ykmtest.com\/#organization"},"potentialAction":[{"@type":"SearchAction","target":{"@type":"EntryPoint","urlTemplate":"https:\/\/ykmtest.com\/?s={search_term_string}"},"query-input":{"@type":"PropertyValueSpecification","valueRequired":true,"valueName":"search_term_string"}}],"inLanguage":"tr"},{"@type":["Organization","Place"],"@id":"https:\/\/ykmtest.com\/#organization","name":"YKM TEST\u0130","url":"https:\/\/ykmtest.com\/","logo":{"@id":"https:\/\/ykmtest.com\/product\/abrasion-testing-machine-according-to-bohme\/#local-main-organization-logo"},"image":{"@id":"https:\/\/ykmtest.com\/product\/abrasion-testing-machine-according-to-bohme\/#local-main-organization-logo"},"telephone":[],"openingHoursSpecification":[{"@type":"OpeningHoursSpecification","dayOfWeek":["Monday","Tuesday","Wednesday","Thursday","Friday","Saturday","Sunday"],"opens":"09:00","closes":"17:00"}]},{"@type":"ImageObject","inLanguage":"tr","@id":"https:\/\/ykmtest.com\/product\/abrasion-testing-machine-according-to-bohme\/#local-main-organization-logo","url":"https:\/\/ykmtest.com\/wp-content\/uploads\/2025\/10\/Asset-2@2x-8.png","contentUrl":"https:\/\/ykmtest.com\/wp-content\/uploads\/2025\/10\/Asset-2@2x-8.png","width":1550,"height":323,"caption":"YKM TEST"}]},"product_price_currency":"USD","og_availability":"instock","product_availability":"instock","product_condition":"new"},"_links":{"self":[{"href":"https:\/\/ykmtest.com\/tr\/wp-json\/wp\/v2\/product\/11391","targetHints":{"allow":["GET"]}}],"collection":[{"href":"https:\/\/ykmtest.com\/tr\/wp-json\/wp\/v2\/product"}],"about":[{"href":"https:\/\/ykmtest.com\/tr\/wp-json\/wp\/v2\/types\/product"}],"version-history":[{"count":1,"href":"https:\/\/ykmtest.com\/tr\/wp-json\/wp\/v2\/product\/11391\/revisions"}],"predecessor-version":[{"id":11392,"href":"https:\/\/ykmtest.com\/tr\/wp-json\/wp\/v2\/product\/11391\/revisions\/11392"}],"wp:attachment":[{"href":"https:\/\/ykmtest.com\/tr\/wp-json\/wp\/v2\/media?parent=11391"}],"wp:term":[{"taxonomy":"product_brand","embeddable":true,"href":"https:\/\/ykmtest.com\/tr\/wp-json\/wp\/v2\/product_brand?post=11391"},{"taxonomy":"product_cat","embeddable":true,"href":"https:\/\/ykmtest.com\/tr\/wp-json\/wp\/v2\/product_cat?post=11391"},{"taxonomy":"product_tag","embeddable":true,"href":"https:\/\/ykmtest.com\/tr\/wp-json\/wp\/v2\/product_tag?post=11391"}],"curies":[{"name":"wp","href":"https:\/\/api.w.org\/{rel}","templated":true}]}}