{"id":11401,"date":"2025-12-22T12:23:52","date_gmt":"2025-12-22T12:23:52","guid":{"rendered":"https:\/\/ykmtest.com\/?post_type=product&#038;p=11401"},"modified":"2025-12-22T12:23:53","modified_gmt":"2025-12-22T12:23:53","slug":"aggregate-crushing-value-acv-sets","status":"publish","type":"product","link":"https:\/\/ykmtest.com\/tr\/urun\/aggregate-crushing-value-acv-sets\/","title":{"rendered":"Agrega K\u0131rma De\u011feri (ACV) Setleri"},"content":{"rendered":"<p data-start=\"666\" data-end=\"1042\">Agrega K\u0131r\u0131lma De\u011feri (ACV) Setleri, standart test y\u00f6ntemlerine uygun olarak kaba ve orta taneli agregalar\u0131n k\u0131r\u0131lma direncini de\u011ferlendirmek i\u00e7in kullan\u0131l\u0131r. Test seti, test s\u0131ras\u0131nda tutarl\u0131 y\u00fckleme ve do\u011fru \u00f6l\u00e7\u00fcm sa\u011flamak i\u00e7in tasarlanm\u0131\u015f hassas \u00fcretilmi\u015f bir \u00e7elik silindir, piston, taban plakas\u0131, silindirik kal\u0131p ve s\u0131k\u0131\u015ft\u0131rma \u00e7ubu\u011fundan olu\u015fur. Standart Agrega K\u0131rma De\u011feri (ACV) Setleri konfig\u00fcrasyonu, kaba agrega fraksiyonlar\u0131n\u0131 test etmek i\u00e7in uygun olan 150 mm i\u00e7 \u00e7apa sahip bir \u00e7elik silindir i\u00e7erir. Daha ince agrega boyutlar\u0131 i\u00e7in, farkl\u0131 malzeme derecelendirmelerinde esneklik sa\u011flayan alternatif bir 75 mm \u00e7apl\u0131 silindir g\u00f6vdesi mevcuttur. Kal\u0131p, piston ve taban plakas\u0131, tekrarlanan y\u00fckleme ko\u015fullar\u0131 alt\u0131nda maksimum darbe direnci, boyutsal stabilite ve uzun hizmet \u00f6mr\u00fc sa\u011flamak i\u00e7in sertle\u015ftirilmi\u015f ala\u015f\u0131ml\u0131 \u00e7elikten \u00fcretilmi\u015ftir. Y\u00fcksek \u00fcretim hassasiyeti, bile\u015fenler aras\u0131nda do\u011fru hizalama sa\u011flayarak test de\u011fi\u015fkenli\u011fini en aza indirir ve sonu\u00e7 tekrarlanabilirli\u011fini art\u0131r\u0131r. Agrega K\u0131rma De\u011feri (ACV) Setlerinin sa\u011flam yap\u0131s\u0131, bunlar\u0131 kalite kontrol laboratuvarlar\u0131nda, ara\u015ft\u0131rma tesislerinde ve agrega test ortamlar\u0131nda rutin kullan\u0131m i\u00e7in uygun hale getirir.<\/p>","protected":false},"excerpt":{"rendered":"<p data-start=\"323\" data-end=\"604\">Agrega K\u0131r\u0131lma De\u011feri (ACV) Setleri, standartla\u015ft\u0131r\u0131lm\u0131\u015f test ko\u015fullar\u0131 alt\u0131nda iri ve orta taneli agregalar\u0131n k\u0131r\u0131lma direncini belirlemek i\u00e7in tasarlanm\u0131\u015ft\u0131r. Sertle\u015ftirilmi\u015f ala\u015f\u0131ml\u0131 \u00e7elikten \u00fcretilen setler, g\u00fcvenilir, do\u011fru ve tekrarlanabilir ACV test sonu\u00e7lar\u0131 sa\u011flar.<\/p>","protected":false},"featured_media":0,"template":"","meta":{"_acf_changed":false},"product_brand":[],"product_cat":[138,135],"product_tag":[],"class_list":{"0":"post-11401","1":"product","2":"type-product","3":"status-publish","5":"product_cat-abrasion-fragmentation-and-wear","6":"product_cat-aggregate","9":"instock","10":"shipping-taxable","11":"product-type-simple"},"acf":[],"yoast_head":"<!-- This site is optimized with the Yoast SEO Premium plugin v26.5 (Yoast SEO v27.5) - https:\/\/yoast.com\/product\/yoast-seo-premium-wordpress\/ -->\n<title>Aggregate Crushing Value (ACV) Sets - YKM TEST<\/title>\n<meta name=\"description\" content=\"Aggregate Crushing Value (ACV) Sets determine crushing resistance of coarse and medium aggregates with hardened steel components for accurate results.\" \/>\n<meta name=\"robots\" content=\"index, follow, max-snippet:-1, max-image-preview:large, max-video-preview:-1\" \/>\n<link rel=\"canonical\" href=\"https:\/\/darkorchid-cheetah-525435.hostingersite.com\/product\/aggregate-crushing-value-acv-sets\/\" \/>\n<meta property=\"og:locale\" content=\"tr_TR\" \/>\n<meta property=\"og:type\" content=\"article\" \/>\n<meta property=\"og:title\" content=\"Aggregate Crushing Value (ACV) Sets\" \/>\n<meta property=\"og:description\" content=\"Aggregate Crushing Value (ACV) Sets determine crushing resistance of coarse and medium aggregates with hardened steel components for accurate results.\" \/>\n<meta property=\"og:url\" content=\"https:\/\/darkorchid-cheetah-525435.hostingersite.com\/product\/aggregate-crushing-value-acv-sets\/\" \/>\n<meta property=\"og:site_name\" content=\"YKM TEST\" \/>\n<meta property=\"article:modified_time\" content=\"2025-12-22T12:23:53+00:00\" \/>\n<meta name=\"twitter:card\" content=\"summary_large_image\" \/>\n<meta name=\"twitter:label1\" content=\"Fiyat\" \/>\n\t<meta name=\"twitter:data1\" content=\"\" \/>\n\t<meta name=\"twitter:label2\" content=\"Durumu\" \/>\n\t<meta name=\"twitter:data2\" content=\"Stokta var\" \/>\n<script type=\"application\/ld+json\" class=\"yoast-schema-graph\">{\"@context\":\"https:\\\/\\\/schema.org\",\"@graph\":[{\"@type\":\"WebPage\",\"@id\":\"https:\\\/\\\/darkorchid-cheetah-525435.hostingersite.com\\\/product\\\/aggregate-crushing-value-acv-sets\\\/\",\"url\":\"https:\\\/\\\/darkorchid-cheetah-525435.hostingersite.com\\\/product\\\/aggregate-crushing-value-acv-sets\\\/\",\"name\":\"Aggregate Crushing Value (ACV) Sets - YKM TEST\",\"isPartOf\":{\"@id\":\"https:\\\/\\\/darkorchid-cheetah-525435.hostingersite.com\\\/#website\"},\"datePublished\":\"2025-12-22T12:23:52+00:00\",\"dateModified\":\"2025-12-22T12:23:53+00:00\",\"description\":\"Aggregate Crushing Value (ACV) Sets determine crushing resistance of coarse and medium aggregates with hardened steel components for accurate results.\",\"breadcrumb\":{\"@id\":\"https:\\\/\\\/darkorchid-cheetah-525435.hostingersite.com\\\/product\\\/aggregate-crushing-value-acv-sets\\\/#breadcrumb\"},\"inLanguage\":\"tr\",\"potentialAction\":[{\"@type\":\"ReadAction\",\"target\":[\"https:\\\/\\\/darkorchid-cheetah-525435.hostingersite.com\\\/product\\\/aggregate-crushing-value-acv-sets\\\/\"]}]},{\"@type\":\"BreadcrumbList\",\"@id\":\"https:\\\/\\\/darkorchid-cheetah-525435.hostingersite.com\\\/product\\\/aggregate-crushing-value-acv-sets\\\/#breadcrumb\",\"itemListElement\":[{\"@type\":\"ListItem\",\"position\":1,\"name\":\"Home\",\"item\":\"https:\\\/\\\/darkorchid-cheetah-525435.hostingersite.com\\\/\"},{\"@type\":\"ListItem\",\"position\":2,\"name\":\"\u0422\u043e\u0432\u0430\u0440\u044b\",\"item\":\"https:\\\/\\\/ykmtest.com\\\/ru\\\/shop\\\/\"},{\"@type\":\"ListItem\",\"position\":3,\"name\":\"Aggregate Crushing Value (ACV) Sets\"}]},{\"@type\":\"WebSite\",\"@id\":\"https:\\\/\\\/darkorchid-cheetah-525435.hostingersite.com\\\/#website\",\"url\":\"https:\\\/\\\/darkorchid-cheetah-525435.hostingersite.com\\\/\",\"name\":\"YKM TEST\",\"description\":\"\",\"publisher\":{\"@id\":\"https:\\\/\\\/darkorchid-cheetah-525435.hostingersite.com\\\/#organization\"},\"potentialAction\":[{\"@type\":\"SearchAction\",\"target\":{\"@type\":\"EntryPoint\",\"urlTemplate\":\"https:\\\/\\\/darkorchid-cheetah-525435.hostingersite.com\\\/?s={search_term_string}\"},\"query-input\":{\"@type\":\"PropertyValueSpecification\",\"valueRequired\":true,\"valueName\":\"search_term_string\"}}],\"inLanguage\":\"tr\"},{\"@type\":[\"Organization\",\"Place\"],\"@id\":\"https:\\\/\\\/darkorchid-cheetah-525435.hostingersite.com\\\/#organization\",\"name\":\"YKM TEST\",\"url\":\"https:\\\/\\\/darkorchid-cheetah-525435.hostingersite.com\\\/\",\"logo\":{\"@id\":\"https:\\\/\\\/darkorchid-cheetah-525435.hostingersite.com\\\/product\\\/aggregate-crushing-value-acv-sets\\\/#local-main-organization-logo\"},\"image\":{\"@id\":\"https:\\\/\\\/darkorchid-cheetah-525435.hostingersite.com\\\/product\\\/aggregate-crushing-value-acv-sets\\\/#local-main-organization-logo\"},\"telephone\":[],\"openingHoursSpecification\":[{\"@type\":\"OpeningHoursSpecification\",\"dayOfWeek\":[\"Monday\",\"Tuesday\",\"Wednesday\",\"Thursday\",\"Friday\",\"Saturday\",\"Sunday\"],\"opens\":\"09:00\",\"closes\":\"17:00\"}]},{\"@type\":\"ImageObject\",\"inLanguage\":\"tr\",\"@id\":\"https:\\\/\\\/darkorchid-cheetah-525435.hostingersite.com\\\/product\\\/aggregate-crushing-value-acv-sets\\\/#local-main-organization-logo\",\"url\":\"https:\\\/\\\/ykmtest.com\\\/wp-content\\\/uploads\\\/2025\\\/10\\\/Asset-2@2x-8.png\",\"contentUrl\":\"https:\\\/\\\/ykmtest.com\\\/wp-content\\\/uploads\\\/2025\\\/10\\\/Asset-2@2x-8.png\",\"width\":1550,\"height\":323,\"caption\":\"YKM TEST\"}]}<\/script>\n<meta property=\"product:price:currency\" content=\"USD\" \/>\n<meta property=\"og:availability\" content=\"instock\" \/>\n<meta property=\"product:availability\" content=\"instock\" \/>\n<meta property=\"product:condition\" content=\"new\" \/>\n<!-- \/ Yoast SEO Premium plugin. -->","yoast_head_json":{"title":"Aggregate Crushing Value (ACV) Sets - YKM TEST","description":"Aggregate Crushing Value (ACV) Sets determine crushing resistance of coarse and medium aggregates with hardened steel components for accurate results.","robots":{"index":"index","follow":"follow","max-snippet":"max-snippet:-1","max-image-preview":"max-image-preview:large","max-video-preview":"max-video-preview:-1"},"canonical":"https:\/\/darkorchid-cheetah-525435.hostingersite.com\/product\/aggregate-crushing-value-acv-sets\/","og_locale":"tr_TR","og_type":"article","og_title":"Aggregate Crushing Value (ACV) Sets","og_description":"Aggregate Crushing Value (ACV) Sets determine crushing resistance of coarse and medium aggregates with hardened steel components for accurate results.","og_url":"https:\/\/darkorchid-cheetah-525435.hostingersite.com\/product\/aggregate-crushing-value-acv-sets\/","og_site_name":"YKM TEST","article_modified_time":"2025-12-22T12:23:53+00:00","twitter_card":"summary_large_image","twitter_misc":{"Fiyat":"","Durumu":"Stokta var"},"schema":{"@context":"https:\/\/schema.org","@graph":[{"@type":"WebPage","@id":"https:\/\/darkorchid-cheetah-525435.hostingersite.com\/product\/aggregate-crushing-value-acv-sets\/","url":"https:\/\/darkorchid-cheetah-525435.hostingersite.com\/product\/aggregate-crushing-value-acv-sets\/","name":"Aggregate Crushing Value (ACV) Sets - YKM TEST","isPartOf":{"@id":"https:\/\/darkorchid-cheetah-525435.hostingersite.com\/#website"},"datePublished":"2025-12-22T12:23:52+00:00","dateModified":"2025-12-22T12:23:53+00:00","description":"Aggregate Crushing Value (ACV) Sets determine crushing resistance of coarse and medium aggregates with hardened steel components for accurate results.","breadcrumb":{"@id":"https:\/\/darkorchid-cheetah-525435.hostingersite.com\/product\/aggregate-crushing-value-acv-sets\/#breadcrumb"},"inLanguage":"tr","potentialAction":[{"@type":"ReadAction","target":["https:\/\/darkorchid-cheetah-525435.hostingersite.com\/product\/aggregate-crushing-value-acv-sets\/"]}]},{"@type":"BreadcrumbList","@id":"https:\/\/darkorchid-cheetah-525435.hostingersite.com\/product\/aggregate-crushing-value-acv-sets\/#breadcrumb","itemListElement":[{"@type":"ListItem","position":1,"name":"Home","item":"https:\/\/darkorchid-cheetah-525435.hostingersite.com\/"},{"@type":"ListItem","position":2,"name":"\u0422\u043e\u0432\u0430\u0440\u044b","item":"https:\/\/ykmtest.com\/ru\/shop\/"},{"@type":"ListItem","position":3,"name":"Aggregate Crushing Value (ACV) Sets"}]},{"@type":"WebSite","@id":"https:\/\/darkorchid-cheetah-525435.hostingersite.com\/#website","url":"https:\/\/darkorchid-cheetah-525435.hostingersite.com\/","name":"YKM TEST\u0130","description":"","publisher":{"@id":"https:\/\/darkorchid-cheetah-525435.hostingersite.com\/#organization"},"potentialAction":[{"@type":"SearchAction","target":{"@type":"EntryPoint","urlTemplate":"https:\/\/darkorchid-cheetah-525435.hostingersite.com\/?s={search_term_string}"},"query-input":{"@type":"PropertyValueSpecification","valueRequired":true,"valueName":"search_term_string"}}],"inLanguage":"tr"},{"@type":["Organization","Place"],"@id":"https:\/\/darkorchid-cheetah-525435.hostingersite.com\/#organization","name":"YKM TEST\u0130","url":"https:\/\/darkorchid-cheetah-525435.hostingersite.com\/","logo":{"@id":"https:\/\/darkorchid-cheetah-525435.hostingersite.com\/product\/aggregate-crushing-value-acv-sets\/#local-main-organization-logo"},"image":{"@id":"https:\/\/darkorchid-cheetah-525435.hostingersite.com\/product\/aggregate-crushing-value-acv-sets\/#local-main-organization-logo"},"telephone":[],"openingHoursSpecification":[{"@type":"OpeningHoursSpecification","dayOfWeek":["Monday","Tuesday","Wednesday","Thursday","Friday","Saturday","Sunday"],"opens":"09:00","closes":"17:00"}]},{"@type":"ImageObject","inLanguage":"tr","@id":"https:\/\/darkorchid-cheetah-525435.hostingersite.com\/product\/aggregate-crushing-value-acv-sets\/#local-main-organization-logo","url":"https:\/\/ykmtest.com\/wp-content\/uploads\/2025\/10\/Asset-2@2x-8.png","contentUrl":"https:\/\/ykmtest.com\/wp-content\/uploads\/2025\/10\/Asset-2@2x-8.png","width":1550,"height":323,"caption":"YKM TEST"}]},"product_price_currency":"USD","og_availability":"instock","product_availability":"instock","product_condition":"new"},"_links":{"self":[{"href":"https:\/\/ykmtest.com\/tr\/wp-json\/wp\/v2\/product\/11401","targetHints":{"allow":["GET"]}}],"collection":[{"href":"https:\/\/ykmtest.com\/tr\/wp-json\/wp\/v2\/product"}],"about":[{"href":"https:\/\/ykmtest.com\/tr\/wp-json\/wp\/v2\/types\/product"}],"version-history":[{"count":1,"href":"https:\/\/ykmtest.com\/tr\/wp-json\/wp\/v2\/product\/11401\/revisions"}],"predecessor-version":[{"id":11402,"href":"https:\/\/ykmtest.com\/tr\/wp-json\/wp\/v2\/product\/11401\/revisions\/11402"}],"wp:attachment":[{"href":"https:\/\/ykmtest.com\/tr\/wp-json\/wp\/v2\/media?parent=11401"}],"wp:term":[{"taxonomy":"product_brand","embeddable":true,"href":"https:\/\/ykmtest.com\/tr\/wp-json\/wp\/v2\/product_brand?post=11401"},{"taxonomy":"product_cat","embeddable":true,"href":"https:\/\/ykmtest.com\/tr\/wp-json\/wp\/v2\/product_cat?post=11401"},{"taxonomy":"product_tag","embeddable":true,"href":"https:\/\/ykmtest.com\/tr\/wp-json\/wp\/v2\/product_tag?post=11401"}],"curies":[{"name":"wp","href":"https:\/\/api.w.org\/{rel}","templated":true}]}}