{"id":11423,"date":"2025-12-23T08:47:24","date_gmt":"2025-12-23T08:47:24","guid":{"rendered":"https:\/\/ykmtest.com\/?post_type=product&#038;p=11423"},"modified":"2025-12-23T08:47:25","modified_gmt":"2025-12-23T08:47:25","slug":"volumetric-flasks-for-specific-gravity","status":"publish","type":"product","link":"https:\/\/ykmtest.com\/tr\/urun\/volumetric-flasks-for-specific-gravity\/","title":{"rendered":"\u00d6zg\u00fcl A\u011f\u0131rl\u0131k i\u00e7in Volumetrik \u015ei\u015feler"},"content":{"rendered":"<p>\u00d6zg\u00fcl A\u011f\u0131rl\u0131k i\u00e7in Volumetrik \u015ei\u015feler, ince agregalar\u0131n, \u00e7imentonun, seramik bulamac\u0131n\u0131n ve \u00e7e\u015fitli kimyasal s\u0131v\u0131lar\u0131n \u00f6zg\u00fcl a\u011f\u0131rl\u0131\u011f\u0131n\u0131 (ba\u011f\u0131l yo\u011funluk) belirlemek i\u00e7in do\u011fru ve istikrarl\u0131 bir hacim referans\u0131 sa\u011flar.<\/p>","protected":false},"excerpt":{"rendered":"<p>\u00d6zg\u00fcl A\u011f\u0131rl\u0131k i\u00e7in Volumetrik \u015ei\u015feler, laboratuvar testlerinde kullan\u0131lan hassas i\u015flenmi\u015f volumetrik cam kaplard\u0131r.<\/p>","protected":false},"featured_media":0,"template":"","meta":{"_acf_changed":false},"product_brand":[],"product_cat":[135,139],"product_tag":[],"class_list":{"0":"post-11423","1":"product","2":"type-product","3":"status-publish","5":"product_cat-aggregate","6":"product_cat-density-and-water-absorption","9":"instock","10":"shipping-taxable","11":"product-type-simple"},"acf":[],"yoast_head":"<!-- This site is optimized with the Yoast SEO Premium plugin v26.5 (Yoast SEO v26.5) - https:\/\/yoast.com\/wordpress\/plugins\/seo\/ -->\n<title>Volumetric Flasks for Specific Gravity - YKM TEST<\/title>\n<meta name=\"description\" content=\"Volumetric Flasks for Specific Gravity provide accurate volume reference for determining relative density of fine aggregates, cement, and liquids.\" \/>\n<meta name=\"robots\" content=\"index, follow, max-snippet:-1, max-image-preview:large, max-video-preview:-1\" \/>\n<link rel=\"canonical\" href=\"https:\/\/ykmtest.com\/tr\/urun\/volumetric-flasks-for-specific-gravity\/\" \/>\n<meta property=\"og:locale\" content=\"tr_TR\" \/>\n<meta property=\"og:type\" content=\"article\" \/>\n<meta property=\"og:title\" content=\"Volumetric Flasks for Specific Gravity\" \/>\n<meta property=\"og:description\" content=\"Volumetric Flasks for Specific Gravity provide accurate volume reference for determining relative density of fine aggregates, cement, and liquids.\" \/>\n<meta property=\"og:url\" content=\"https:\/\/ykmtest.com\/tr\/urun\/volumetric-flasks-for-specific-gravity\/\" \/>\n<meta property=\"og:site_name\" content=\"YKM TEST\" \/>\n<meta property=\"article:modified_time\" content=\"2025-12-23T08:47:25+00:00\" \/>\n<meta name=\"twitter:card\" content=\"summary_large_image\" \/>\n<meta name=\"twitter:label1\" content=\"Fiyat\" \/>\n\t<meta name=\"twitter:data1\" content=\"\" \/>\n\t<meta name=\"twitter:label2\" content=\"Durumu\" \/>\n\t<meta name=\"twitter:data2\" content=\"Stokta var\" \/>\n<script type=\"application\/ld+json\" class=\"yoast-schema-graph\">{\"@context\":\"https:\/\/schema.org\",\"@graph\":[{\"@type\":\"WebPage\",\"@id\":\"https:\/\/ykmtest.com\/product\/volumetric-flasks-for-specific-gravity\/\",\"url\":\"https:\/\/ykmtest.com\/product\/volumetric-flasks-for-specific-gravity\/\",\"name\":\"Volumetric Flasks for Specific Gravity - YKM TEST\",\"isPartOf\":{\"@id\":\"https:\/\/ykmtest.com\/#website\"},\"datePublished\":\"2025-12-23T08:47:24+00:00\",\"dateModified\":\"2025-12-23T08:47:25+00:00\",\"description\":\"Volumetric Flasks for Specific Gravity provide accurate volume reference for determining relative density of fine aggregates, cement, and liquids.\",\"breadcrumb\":{\"@id\":\"https:\/\/ykmtest.com\/product\/volumetric-flasks-for-specific-gravity\/#breadcrumb\"},\"inLanguage\":\"tr\",\"potentialAction\":[{\"@type\":\"ReadAction\",\"target\":[\"https:\/\/ykmtest.com\/product\/volumetric-flasks-for-specific-gravity\/\"]}]},{\"@type\":\"BreadcrumbList\",\"@id\":\"https:\/\/ykmtest.com\/product\/volumetric-flasks-for-specific-gravity\/#breadcrumb\",\"itemListElement\":[{\"@type\":\"ListItem\",\"position\":1,\"name\":\"Home\",\"item\":\"https:\/\/ykmtest.com\/\"},{\"@type\":\"ListItem\",\"position\":2,\"name\":\"Products\",\"item\":\"https:\/\/ykmtest.com\/shop\/\"},{\"@type\":\"ListItem\",\"position\":3,\"name\":\"Volumetric Flasks for Specific Gravity\"}]},{\"@type\":\"WebSite\",\"@id\":\"https:\/\/ykmtest.com\/#website\",\"url\":\"https:\/\/ykmtest.com\/\",\"name\":\"YKM TEST\",\"description\":\"\",\"publisher\":{\"@id\":\"https:\/\/ykmtest.com\/#organization\"},\"potentialAction\":[{\"@type\":\"SearchAction\",\"target\":{\"@type\":\"EntryPoint\",\"urlTemplate\":\"https:\/\/ykmtest.com\/?s={search_term_string}\"},\"query-input\":{\"@type\":\"PropertyValueSpecification\",\"valueRequired\":true,\"valueName\":\"search_term_string\"}}],\"inLanguage\":\"tr\"},{\"@type\":[\"Organization\",\"Place\"],\"@id\":\"https:\/\/ykmtest.com\/#organization\",\"name\":\"YKM TEST\",\"url\":\"https:\/\/ykmtest.com\/\",\"logo\":{\"@id\":\"https:\/\/ykmtest.com\/product\/volumetric-flasks-for-specific-gravity\/#local-main-organization-logo\"},\"image\":{\"@id\":\"https:\/\/ykmtest.com\/product\/volumetric-flasks-for-specific-gravity\/#local-main-organization-logo\"},\"telephone\":[],\"openingHoursSpecification\":[{\"@type\":\"OpeningHoursSpecification\",\"dayOfWeek\":[\"Monday\",\"Tuesday\",\"Wednesday\",\"Thursday\",\"Friday\",\"Saturday\",\"Sunday\"],\"opens\":\"09:00\",\"closes\":\"17:00\"}]},{\"@type\":\"ImageObject\",\"inLanguage\":\"tr\",\"@id\":\"https:\/\/ykmtest.com\/product\/volumetric-flasks-for-specific-gravity\/#local-main-organization-logo\",\"url\":\"https:\/\/ykmtest.com\/wp-content\/uploads\/2025\/10\/Asset-2@2x-8.png\",\"contentUrl\":\"https:\/\/ykmtest.com\/wp-content\/uploads\/2025\/10\/Asset-2@2x-8.png\",\"width\":1550,\"height\":323,\"caption\":\"YKM TEST\"}]}<\/script>\n<meta property=\"product:price:currency\" content=\"USD\" \/>\n<meta property=\"og:availability\" content=\"instock\" \/>\n<meta property=\"product:availability\" content=\"instock\" \/>\n<meta property=\"product:condition\" content=\"new\" \/>\n<!-- \/ Yoast SEO Premium plugin. -->","yoast_head_json":{"title":"Volumetric Flasks for Specific Gravity - YKM TEST","description":"Volumetric Flasks for Specific Gravity provide accurate volume reference for determining relative density of fine aggregates, cement, and liquids.","robots":{"index":"index","follow":"follow","max-snippet":"max-snippet:-1","max-image-preview":"max-image-preview:large","max-video-preview":"max-video-preview:-1"},"canonical":"https:\/\/ykmtest.com\/tr\/urun\/volumetric-flasks-for-specific-gravity\/","og_locale":"tr_TR","og_type":"article","og_title":"Volumetric Flasks for Specific Gravity","og_description":"Volumetric Flasks for Specific Gravity provide accurate volume reference for determining relative density of fine aggregates, cement, and liquids.","og_url":"https:\/\/ykmtest.com\/tr\/urun\/volumetric-flasks-for-specific-gravity\/","og_site_name":"YKM TEST","article_modified_time":"2025-12-23T08:47:25+00:00","twitter_card":"summary_large_image","twitter_misc":{"Fiyat":"","Durumu":"Stokta var"},"schema":{"@context":"https:\/\/schema.org","@graph":[{"@type":"WebPage","@id":"https:\/\/ykmtest.com\/product\/volumetric-flasks-for-specific-gravity\/","url":"https:\/\/ykmtest.com\/product\/volumetric-flasks-for-specific-gravity\/","name":"Volumetric Flasks for Specific Gravity - YKM TEST","isPartOf":{"@id":"https:\/\/ykmtest.com\/#website"},"datePublished":"2025-12-23T08:47:24+00:00","dateModified":"2025-12-23T08:47:25+00:00","description":"Volumetric Flasks for Specific Gravity provide accurate volume reference for determining relative density of fine aggregates, cement, and liquids.","breadcrumb":{"@id":"https:\/\/ykmtest.com\/product\/volumetric-flasks-for-specific-gravity\/#breadcrumb"},"inLanguage":"tr","potentialAction":[{"@type":"ReadAction","target":["https:\/\/ykmtest.com\/product\/volumetric-flasks-for-specific-gravity\/"]}]},{"@type":"BreadcrumbList","@id":"https:\/\/ykmtest.com\/product\/volumetric-flasks-for-specific-gravity\/#breadcrumb","itemListElement":[{"@type":"ListItem","position":1,"name":"Home","item":"https:\/\/ykmtest.com\/"},{"@type":"ListItem","position":2,"name":"Products","item":"https:\/\/ykmtest.com\/shop\/"},{"@type":"ListItem","position":3,"name":"Volumetric Flasks for Specific Gravity"}]},{"@type":"WebSite","@id":"https:\/\/ykmtest.com\/#website","url":"https:\/\/ykmtest.com\/","name":"YKM TEST\u0130","description":"","publisher":{"@id":"https:\/\/ykmtest.com\/#organization"},"potentialAction":[{"@type":"SearchAction","target":{"@type":"EntryPoint","urlTemplate":"https:\/\/ykmtest.com\/?s={search_term_string}"},"query-input":{"@type":"PropertyValueSpecification","valueRequired":true,"valueName":"search_term_string"}}],"inLanguage":"tr"},{"@type":["Organization","Place"],"@id":"https:\/\/ykmtest.com\/#organization","name":"YKM TEST\u0130","url":"https:\/\/ykmtest.com\/","logo":{"@id":"https:\/\/ykmtest.com\/product\/volumetric-flasks-for-specific-gravity\/#local-main-organization-logo"},"image":{"@id":"https:\/\/ykmtest.com\/product\/volumetric-flasks-for-specific-gravity\/#local-main-organization-logo"},"telephone":[],"openingHoursSpecification":[{"@type":"OpeningHoursSpecification","dayOfWeek":["Monday","Tuesday","Wednesday","Thursday","Friday","Saturday","Sunday"],"opens":"09:00","closes":"17:00"}]},{"@type":"ImageObject","inLanguage":"tr","@id":"https:\/\/ykmtest.com\/product\/volumetric-flasks-for-specific-gravity\/#local-main-organization-logo","url":"https:\/\/ykmtest.com\/wp-content\/uploads\/2025\/10\/Asset-2@2x-8.png","contentUrl":"https:\/\/ykmtest.com\/wp-content\/uploads\/2025\/10\/Asset-2@2x-8.png","width":1550,"height":323,"caption":"YKM TEST"}]},"product_price_currency":"USD","og_availability":"instock","product_availability":"instock","product_condition":"new"},"_links":{"self":[{"href":"https:\/\/ykmtest.com\/tr\/wp-json\/wp\/v2\/product\/11423","targetHints":{"allow":["GET"]}}],"collection":[{"href":"https:\/\/ykmtest.com\/tr\/wp-json\/wp\/v2\/product"}],"about":[{"href":"https:\/\/ykmtest.com\/tr\/wp-json\/wp\/v2\/types\/product"}],"version-history":[{"count":1,"href":"https:\/\/ykmtest.com\/tr\/wp-json\/wp\/v2\/product\/11423\/revisions"}],"predecessor-version":[{"id":11424,"href":"https:\/\/ykmtest.com\/tr\/wp-json\/wp\/v2\/product\/11423\/revisions\/11424"}],"wp:attachment":[{"href":"https:\/\/ykmtest.com\/tr\/wp-json\/wp\/v2\/media?parent=11423"}],"wp:term":[{"taxonomy":"product_brand","embeddable":true,"href":"https:\/\/ykmtest.com\/tr\/wp-json\/wp\/v2\/product_brand?post=11423"},{"taxonomy":"product_cat","embeddable":true,"href":"https:\/\/ykmtest.com\/tr\/wp-json\/wp\/v2\/product_cat?post=11423"},{"taxonomy":"product_tag","embeddable":true,"href":"https:\/\/ykmtest.com\/tr\/wp-json\/wp\/v2\/product_tag?post=11423"}],"curies":[{"name":"wp","href":"https:\/\/api.w.org\/{rel}","templated":true}]}}