{"id":11425,"date":"2025-12-23T08:51:26","date_gmt":"2025-12-23T08:51:26","guid":{"rendered":"https:\/\/ykmtest.com\/?post_type=product&#038;p=11425"},"modified":"2025-12-23T08:51:26","modified_gmt":"2025-12-23T08:51:26","slug":"double-edged-and-capillary-tubed-funnel","status":"publish","type":"product","link":"https:\/\/ykmtest.com\/tr\/urun\/double-edged-and-capillary-tubed-funnel\/","title":{"rendered":"\u00c7ift Kenarl\u0131 ve K\u0131lcal Borulu Huni"},"content":{"rendered":"<p class=\"p2\"><span lang=\"TR\">Kal\u0131n duvarl\u0131 borosilikat cam g\u00f6vde kimyasallara ve termal de\u011fi\u015fimlere kar\u015f\u0131 dayan\u0131kl\u0131d\u0131r; ta\u015flanm\u0131\u015f cam ba\u011flant\u0131 y\u00fczeyleri piknometre a\u011fz\u0131na g\u00fcvenli ve s\u0131zd\u0131rmaz bir \u015fekilde oturur. \u00c7ift kenarl\u0131 profil sabit konumland\u0131rma sa\u011flar ve kaz\u0131ma\/temizleme i\u015flemleri s\u0131ras\u0131nda formu korur. Entegre kapiler yan t\u00fcp, i\u00e7 havan\u0131n ve fazla s\u0131v\u0131n\u0131n kontroll\u00fc bir \u015fekilde tahliye edilmesine yard\u0131mc\u0131 olarak dolum s\u0131ras\u0131nda bas\u0131nc\u0131 dengeler. Bu, numune ve s\u0131v\u0131 aktar\u0131l\u0131rken s\u0131k\u0131\u015fan hava riskini azalt\u0131r, piknometre boynunda daha net menisk\u00fcs olu\u015fumu sa\u011flar ve a\u011f\u0131rl\u0131k-hacim de\u011ferlerinin tekrarlanabilirli\u011fini art\u0131r\u0131r. Dar toleransl\u0131 huni deli\u011fi, ince malzemenin kay\u0131ps\u0131z ak\u0131\u015f\u0131n\u0131 destekler. \u00c7e\u015fitli kapasitelerdeki (yakla\u015f\u0131k 250 mL ila 5000 mL) \u015fi\u015fe tipi piknometrelerle uyumluluk i\u00e7in tasarlanm\u0131\u015ft\u0131r; laboratuvarlarda yayg\u0131n olarak kullan\u0131lan kanca tipi teraziler, volumetrik \u015fi\u015feler ve su banyolar\u0131 ile do\u011frudan i\u015f ak\u0131\u015f\u0131 olu\u015fturur. Dengeli a\u011f\u0131rl\u0131k da\u011f\u0131l\u0131m\u0131 ve geni\u015f oturma y\u00fczeyi tezgah \u00fczerinde stabilite sa\u011flar; kapiler t\u00fcp ve g\u00f6vde ba\u011flant\u0131lar\u0131 darbe ve s\u0131z\u0131nt\u0131ya kar\u015f\u0131 g\u00fc\u00e7lendirilmi\u015ftir.<\/span><\/p>","protected":false},"excerpt":{"rendered":"<p>\u00c7ift kenarl\u0131 ve k\u0131lcal borulu huni, \u00f6zg\u00fcl a\u011f\u0131rl\u0131k \u00f6l\u00e7\u00fcmleri s\u0131ras\u0131nda kabarc\u0131ks\u0131z ve kontroll\u00fc dolum sa\u011flamak i\u00e7in \u015fi\u015fe tipi piknometrelerle birlikte kullan\u0131lan \u00f6zel bir cam aksesuard\u0131r.<\/p>","protected":false},"featured_media":0,"template":"","meta":{"_acf_changed":false},"product_brand":[],"product_cat":[135,139],"product_tag":[],"class_list":{"0":"post-11425","1":"product","2":"type-product","3":"status-publish","5":"product_cat-aggregate","6":"product_cat-density-and-water-absorption","9":"instock","10":"shipping-taxable","11":"product-type-simple"},"acf":[],"yoast_head":"<!-- This site is optimized with the Yoast SEO Premium plugin v26.5 (Yoast SEO v27.5) - https:\/\/yoast.com\/product\/yoast-seo-premium-wordpress\/ -->\n<title>Double-Edged and Capillary-Tubed Funnel - YKM TEST<\/title>\n<meta name=\"description\" content=\"Double-edged and capillary-tubed funnel enables bubble-free filling of pycnometers for accurate specific gravity measurements.\" \/>\n<meta name=\"robots\" content=\"index, follow, max-snippet:-1, max-image-preview:large, max-video-preview:-1\" \/>\n<link rel=\"canonical\" href=\"https:\/\/darkorchid-cheetah-525435.hostingersite.com\/product\/double-edged-and-capillary-tubed-funnel\/\" \/>\n<meta property=\"og:locale\" content=\"tr_TR\" \/>\n<meta property=\"og:type\" content=\"article\" \/>\n<meta property=\"og:title\" content=\"Double-Edged and Capillary-Tubed Funnel\" \/>\n<meta property=\"og:description\" content=\"Double-edged and capillary-tubed funnel enables bubble-free filling of pycnometers for accurate specific gravity measurements.\" \/>\n<meta property=\"og:url\" content=\"https:\/\/darkorchid-cheetah-525435.hostingersite.com\/product\/double-edged-and-capillary-tubed-funnel\/\" \/>\n<meta property=\"og:site_name\" content=\"YKM TEST\" \/>\n<meta name=\"twitter:card\" content=\"summary_large_image\" \/>\n<meta name=\"twitter:label1\" content=\"Fiyat\" \/>\n\t<meta name=\"twitter:data1\" content=\"\" \/>\n\t<meta name=\"twitter:label2\" content=\"Durumu\" \/>\n\t<meta name=\"twitter:data2\" content=\"Stokta var\" \/>\n<script type=\"application\/ld+json\" class=\"yoast-schema-graph\">{\"@context\":\"https:\\\/\\\/schema.org\",\"@graph\":[{\"@type\":\"WebPage\",\"@id\":\"https:\\\/\\\/darkorchid-cheetah-525435.hostingersite.com\\\/product\\\/double-edged-and-capillary-tubed-funnel\\\/\",\"url\":\"https:\\\/\\\/darkorchid-cheetah-525435.hostingersite.com\\\/product\\\/double-edged-and-capillary-tubed-funnel\\\/\",\"name\":\"Double-Edged and Capillary-Tubed Funnel - YKM TEST\",\"isPartOf\":{\"@id\":\"https:\\\/\\\/darkorchid-cheetah-525435.hostingersite.com\\\/#website\"},\"datePublished\":\"2025-12-23T08:51:26+00:00\",\"description\":\"Double-edged and capillary-tubed funnel enables bubble-free filling of pycnometers for accurate specific gravity measurements.\",\"breadcrumb\":{\"@id\":\"https:\\\/\\\/darkorchid-cheetah-525435.hostingersite.com\\\/product\\\/double-edged-and-capillary-tubed-funnel\\\/#breadcrumb\"},\"inLanguage\":\"tr\",\"potentialAction\":[{\"@type\":\"ReadAction\",\"target\":[\"https:\\\/\\\/darkorchid-cheetah-525435.hostingersite.com\\\/product\\\/double-edged-and-capillary-tubed-funnel\\\/\"]}]},{\"@type\":\"BreadcrumbList\",\"@id\":\"https:\\\/\\\/darkorchid-cheetah-525435.hostingersite.com\\\/product\\\/double-edged-and-capillary-tubed-funnel\\\/#breadcrumb\",\"itemListElement\":[{\"@type\":\"ListItem\",\"position\":1,\"name\":\"Home\",\"item\":\"https:\\\/\\\/darkorchid-cheetah-525435.hostingersite.com\\\/\"},{\"@type\":\"ListItem\",\"position\":2,\"name\":\"\u0422\u043e\u0432\u0430\u0440\u044b\",\"item\":\"https:\\\/\\\/ykmtest.com\\\/ru\\\/shop\\\/\"},{\"@type\":\"ListItem\",\"position\":3,\"name\":\"Double-Edged and Capillary-Tubed Funnel\"}]},{\"@type\":\"WebSite\",\"@id\":\"https:\\\/\\\/darkorchid-cheetah-525435.hostingersite.com\\\/#website\",\"url\":\"https:\\\/\\\/darkorchid-cheetah-525435.hostingersite.com\\\/\",\"name\":\"YKM TEST\",\"description\":\"\",\"publisher\":{\"@id\":\"https:\\\/\\\/darkorchid-cheetah-525435.hostingersite.com\\\/#organization\"},\"potentialAction\":[{\"@type\":\"SearchAction\",\"target\":{\"@type\":\"EntryPoint\",\"urlTemplate\":\"https:\\\/\\\/darkorchid-cheetah-525435.hostingersite.com\\\/?s={search_term_string}\"},\"query-input\":{\"@type\":\"PropertyValueSpecification\",\"valueRequired\":true,\"valueName\":\"search_term_string\"}}],\"inLanguage\":\"tr\"},{\"@type\":[\"Organization\",\"Place\"],\"@id\":\"https:\\\/\\\/darkorchid-cheetah-525435.hostingersite.com\\\/#organization\",\"name\":\"YKM TEST\",\"url\":\"https:\\\/\\\/darkorchid-cheetah-525435.hostingersite.com\\\/\",\"logo\":{\"@id\":\"https:\\\/\\\/darkorchid-cheetah-525435.hostingersite.com\\\/product\\\/double-edged-and-capillary-tubed-funnel\\\/#local-main-organization-logo\"},\"image\":{\"@id\":\"https:\\\/\\\/darkorchid-cheetah-525435.hostingersite.com\\\/product\\\/double-edged-and-capillary-tubed-funnel\\\/#local-main-organization-logo\"},\"telephone\":[],\"openingHoursSpecification\":[{\"@type\":\"OpeningHoursSpecification\",\"dayOfWeek\":[\"Monday\",\"Tuesday\",\"Wednesday\",\"Thursday\",\"Friday\",\"Saturday\",\"Sunday\"],\"opens\":\"09:00\",\"closes\":\"17:00\"}]},{\"@type\":\"ImageObject\",\"inLanguage\":\"tr\",\"@id\":\"https:\\\/\\\/darkorchid-cheetah-525435.hostingersite.com\\\/product\\\/double-edged-and-capillary-tubed-funnel\\\/#local-main-organization-logo\",\"url\":\"https:\\\/\\\/ykmtest.com\\\/wp-content\\\/uploads\\\/2025\\\/10\\\/Asset-2@2x-8.png\",\"contentUrl\":\"https:\\\/\\\/ykmtest.com\\\/wp-content\\\/uploads\\\/2025\\\/10\\\/Asset-2@2x-8.png\",\"width\":1550,\"height\":323,\"caption\":\"YKM TEST\"}]}<\/script>\n<meta property=\"product:price:currency\" content=\"USD\" \/>\n<meta property=\"og:availability\" content=\"instock\" \/>\n<meta property=\"product:availability\" content=\"instock\" \/>\n<meta property=\"product:condition\" content=\"new\" \/>\n<!-- \/ Yoast SEO Premium plugin. -->","yoast_head_json":{"title":"Double-Edged and Capillary-Tubed Funnel - YKM TEST","description":"Double-edged and capillary-tubed funnel enables bubble-free filling of pycnometers for accurate specific gravity measurements.","robots":{"index":"index","follow":"follow","max-snippet":"max-snippet:-1","max-image-preview":"max-image-preview:large","max-video-preview":"max-video-preview:-1"},"canonical":"https:\/\/darkorchid-cheetah-525435.hostingersite.com\/product\/double-edged-and-capillary-tubed-funnel\/","og_locale":"tr_TR","og_type":"article","og_title":"Double-Edged and Capillary-Tubed Funnel","og_description":"Double-edged and capillary-tubed funnel enables bubble-free filling of pycnometers for accurate specific gravity measurements.","og_url":"https:\/\/darkorchid-cheetah-525435.hostingersite.com\/product\/double-edged-and-capillary-tubed-funnel\/","og_site_name":"YKM TEST","twitter_card":"summary_large_image","twitter_misc":{"Fiyat":"","Durumu":"Stokta var"},"schema":{"@context":"https:\/\/schema.org","@graph":[{"@type":"WebPage","@id":"https:\/\/darkorchid-cheetah-525435.hostingersite.com\/product\/double-edged-and-capillary-tubed-funnel\/","url":"https:\/\/darkorchid-cheetah-525435.hostingersite.com\/product\/double-edged-and-capillary-tubed-funnel\/","name":"Double-Edged and Capillary-Tubed Funnel - YKM TEST","isPartOf":{"@id":"https:\/\/darkorchid-cheetah-525435.hostingersite.com\/#website"},"datePublished":"2025-12-23T08:51:26+00:00","description":"Double-edged and capillary-tubed funnel enables bubble-free filling of pycnometers for accurate specific gravity measurements.","breadcrumb":{"@id":"https:\/\/darkorchid-cheetah-525435.hostingersite.com\/product\/double-edged-and-capillary-tubed-funnel\/#breadcrumb"},"inLanguage":"tr","potentialAction":[{"@type":"ReadAction","target":["https:\/\/darkorchid-cheetah-525435.hostingersite.com\/product\/double-edged-and-capillary-tubed-funnel\/"]}]},{"@type":"BreadcrumbList","@id":"https:\/\/darkorchid-cheetah-525435.hostingersite.com\/product\/double-edged-and-capillary-tubed-funnel\/#breadcrumb","itemListElement":[{"@type":"ListItem","position":1,"name":"Home","item":"https:\/\/darkorchid-cheetah-525435.hostingersite.com\/"},{"@type":"ListItem","position":2,"name":"\u0422\u043e\u0432\u0430\u0440\u044b","item":"https:\/\/ykmtest.com\/ru\/shop\/"},{"@type":"ListItem","position":3,"name":"Double-Edged and Capillary-Tubed Funnel"}]},{"@type":"WebSite","@id":"https:\/\/darkorchid-cheetah-525435.hostingersite.com\/#website","url":"https:\/\/darkorchid-cheetah-525435.hostingersite.com\/","name":"YKM TEST\u0130","description":"","publisher":{"@id":"https:\/\/darkorchid-cheetah-525435.hostingersite.com\/#organization"},"potentialAction":[{"@type":"SearchAction","target":{"@type":"EntryPoint","urlTemplate":"https:\/\/darkorchid-cheetah-525435.hostingersite.com\/?s={search_term_string}"},"query-input":{"@type":"PropertyValueSpecification","valueRequired":true,"valueName":"search_term_string"}}],"inLanguage":"tr"},{"@type":["Organization","Place"],"@id":"https:\/\/darkorchid-cheetah-525435.hostingersite.com\/#organization","name":"YKM TEST\u0130","url":"https:\/\/darkorchid-cheetah-525435.hostingersite.com\/","logo":{"@id":"https:\/\/darkorchid-cheetah-525435.hostingersite.com\/product\/double-edged-and-capillary-tubed-funnel\/#local-main-organization-logo"},"image":{"@id":"https:\/\/darkorchid-cheetah-525435.hostingersite.com\/product\/double-edged-and-capillary-tubed-funnel\/#local-main-organization-logo"},"telephone":[],"openingHoursSpecification":[{"@type":"OpeningHoursSpecification","dayOfWeek":["Monday","Tuesday","Wednesday","Thursday","Friday","Saturday","Sunday"],"opens":"09:00","closes":"17:00"}]},{"@type":"ImageObject","inLanguage":"tr","@id":"https:\/\/darkorchid-cheetah-525435.hostingersite.com\/product\/double-edged-and-capillary-tubed-funnel\/#local-main-organization-logo","url":"https:\/\/ykmtest.com\/wp-content\/uploads\/2025\/10\/Asset-2@2x-8.png","contentUrl":"https:\/\/ykmtest.com\/wp-content\/uploads\/2025\/10\/Asset-2@2x-8.png","width":1550,"height":323,"caption":"YKM TEST"}]},"product_price_currency":"USD","og_availability":"instock","product_availability":"instock","product_condition":"new"},"_links":{"self":[{"href":"https:\/\/ykmtest.com\/tr\/wp-json\/wp\/v2\/product\/11425","targetHints":{"allow":["GET"]}}],"collection":[{"href":"https:\/\/ykmtest.com\/tr\/wp-json\/wp\/v2\/product"}],"about":[{"href":"https:\/\/ykmtest.com\/tr\/wp-json\/wp\/v2\/types\/product"}],"version-history":[{"count":1,"href":"https:\/\/ykmtest.com\/tr\/wp-json\/wp\/v2\/product\/11425\/revisions"}],"predecessor-version":[{"id":11426,"href":"https:\/\/ykmtest.com\/tr\/wp-json\/wp\/v2\/product\/11425\/revisions\/11426"}],"wp:attachment":[{"href":"https:\/\/ykmtest.com\/tr\/wp-json\/wp\/v2\/media?parent=11425"}],"wp:term":[{"taxonomy":"product_brand","embeddable":true,"href":"https:\/\/ykmtest.com\/tr\/wp-json\/wp\/v2\/product_brand?post=11425"},{"taxonomy":"product_cat","embeddable":true,"href":"https:\/\/ykmtest.com\/tr\/wp-json\/wp\/v2\/product_cat?post=11425"},{"taxonomy":"product_tag","embeddable":true,"href":"https:\/\/ykmtest.com\/tr\/wp-json\/wp\/v2\/product_tag?post=11425"}],"curies":[{"name":"wp","href":"https:\/\/api.w.org\/{rel}","templated":true}]}}