{"id":11442,"date":"2025-12-23T12:28:10","date_gmt":"2025-12-23T12:28:10","guid":{"rendered":"https:\/\/ykmtest.com\/?post_type=product&#038;p=11442"},"modified":"2025-12-23T12:28:11","modified_gmt":"2025-12-23T12:28:11","slug":"pression-pro-astm-aashto-automatic-compression-testing-machines-for-cylinders","status":"publish","type":"product","link":"https:\/\/ykmtest.com\/tr\/urun\/pression-pro-astm-aashto-automatic-compression-testing-machines-for-cylinders\/","title":{"rendered":"Pression Pro ASTM &amp; AASHTO - Silindirler i\u00e7in Otomatik S\u0131k\u0131\u015ft\u0131rma Test Cihazlar\u0131"},"content":{"rendered":"<p data-start=\"732\" data-end=\"1169\">Pression Pro Otomatik Bas\u0131n\u00e7 Test Cihazlar\u0131, beton silindirler, har\u00e7 numuneleri, do\u011fal ta\u015f ve di\u011fer in\u015faat malzemelerinin bas\u0131n\u00e7 dayan\u0131m\u0131n\u0131n hassas ve tekrarlanabilir \u015fekilde belirlenmesi i\u00e7in geli\u015ftirilmi\u015f geli\u015fmi\u015f laboratuvar sistemleridir. Tam otomatik y\u00fck uygulamas\u0131, \u00f6l\u00e7\u00fcm, veri kayd\u0131 ve raporlama \u00f6zelliklerine sahip olan sistem, operat\u00f6r etkisini ortadan kald\u0131r\u0131r ve izlenebilir, standartlara uygun test sonu\u00e7lar\u0131 sa\u011flar.<\/p>\n<p data-start=\"1171\" data-end=\"1797\">Makine g\u00f6vdesi, CNC kesim y\u00fcksek mukavemetli \u00e7elik plakalardan monoblok kaynakl\u0131 bir yap\u0131 olarak in\u015fa edilmi\u015ftir ve y\u00fck alt\u0131nda ola\u011fan\u00fcst\u00fc sa\u011flaml\u0131k ve d\u00fczg\u00fcn gerilim da\u011f\u0131l\u0131m\u0131 sa\u011flar. Bu tasar\u0131m, test s\u0131ras\u0131nda eksenel sapmalar\u0131 en aza indirir ve uzun vadeli boyutsal stabilite sa\u011flar. Ta\u015flanm\u0131\u015f ve sertle\u015ftirilmi\u015f \u00e7elik y\u00fckleme plakalar\u0131 kullan\u0131l\u0131r; \u00fcst plaka, e\u015fit y\u00fck da\u011f\u0131l\u0131m\u0131n\u0131 garanti etmek i\u00e7in k\u00fcresel olarak oturtulurken, alt plaka merkezleme halkalar\u0131 kullan\u0131larak numunelerin kolayca hizalanmas\u0131n\u0131 sa\u011flar. Hidrolik piston ve silindir mikron toleranslarla hassas bir \u015fekilde i\u015flenmi\u015f ve y\u00fcksek bas\u0131nca dayan\u0131kl\u0131 s\u0131zd\u0131rmazl\u0131k elemanlar\u0131 ile donat\u0131lm\u0131\u015ft\u0131r.<\/p>\n<p data-start=\"1799\" data-end=\"2129\">Hidrolik g\u00fc\u00e7 \u00fcnitesi, d\u00fc\u015f\u00fck g\u00fcr\u00fclt\u00fcl\u00fc bir pompa sistemi kullanarak bas\u0131n\u00e7 \u00fcretir. Ya\u011f ak\u0131\u015f\u0131, ASTM C39 ve AASHTO T 22 gereklilikleriyle tamamen uyumlu olarak test boyunca sabit ve do\u011fru bir y\u00fckleme oran\u0131n\u0131 korumak i\u00e7in oransal bir valf ile d\u00fczenlenir. Sistem az bak\u0131m ve s\u00fcrekli laboratuvar \u00e7al\u0131\u015fmas\u0131 i\u00e7in tasarlanm\u0131\u015ft\u0131r.<\/p>\n<p data-start=\"2131\" data-end=\"2617\">Y\u00fck \u00f6l\u00e7\u00fcm\u00fc, s\u0131cakl\u0131k de\u011fi\u015fimleri i\u00e7in elektronik olarak dengelenmi\u015f, \u00b10,25% hassasiyete sahip y\u00fcksek do\u011fruluklu bir elektronik bas\u0131n\u00e7 transd\u00fcseri kullan\u0131larak ger\u00e7ekle\u015ftirilir. \u00d6l\u00e7\u00fcm sistemi, farkl\u0131 y\u00fck aral\u0131klar\u0131 i\u00e7in ba\u011f\u0131ms\u0131z kalibrasyon e\u011frilerine izin veren ve d\u00fc\u015f\u00fck ve y\u00fcksek kapasitelerde e\u015fit do\u011fruluk sa\u011flayan 10 noktal\u0131 bir kalibrasyon i\u015flevi i\u00e7erir. Kalibrasyon prosed\u00fcrleri do\u011frudan kontrol paneli \u00fczerinden ger\u00e7ekle\u015ftirilebilir. Opsiyonel y\u00fck h\u00fccresi entegrasyonu \u00e7ift \u00f6l\u00e7\u00fcm kabiliyeti sa\u011flar.<\/p>\n<p data-start=\"2619\" data-end=\"3234\">SenseProC Dokunmatik Panel Kontrol Sistemi, y\u00fck kontrol\u00fc, ar\u0131za tespiti, veri toplama ve sonu\u00e7 hesaplama dahil olmak \u00fczere t\u00fcm test d\u00f6ng\u00fcs\u00fcn\u00fc otomatik olarak y\u00f6netir. Y\u00fcksek kontrastl\u0131 IPS ekrana sahip 7 in\u00e7 renkli dokunmatik ekran, numune t\u00fcr\u00fcn\u00fc, boyutlar\u0131n\u0131, y\u00fckleme h\u0131z\u0131n\u0131 ve test parametrelerini se\u00e7mek i\u00e7in sezgisel bir kullan\u0131c\u0131 aray\u00fcz\u00fc sa\u011flar. Y\u00fck-zaman grafikleri ger\u00e7ek zamanl\u0131 olarak g\u00f6r\u00fcnt\u00fclenir ve test sonu\u00e7lar\u0131 tarih, numune kimli\u011fi, operat\u00f6r ad\u0131 ve laboratuvar bilgileri ile otomatik olarak kaydedilir. Dahili bellek 2000'den fazla test kayd\u0131n\u0131 saklar ve USB, Ethernet veya iste\u011fe ba\u011fl\u0131 yaz\u0131c\u0131 arac\u0131l\u0131\u011f\u0131yla veri aktar\u0131m\u0131 yap\u0131labilir.<\/p>\n<p data-start=\"3236\" data-end=\"3697\">Entegre SenseProCom Yaz\u0131l\u0131m\u0131, bir PC arac\u0131l\u0131\u011f\u0131yla tam uzaktan kontrol, izleme, analiz ve raporlama sa\u011flar. Ger\u00e7ek zamanl\u0131 y\u00fck, zaman ve bas\u0131n\u00e7 verileri, LVDT ve gerinim \u00f6l\u00e7erler gibi iste\u011fe ba\u011fl\u0131 sens\u00f6rler kullan\u0131larak gerilim-gerinim analizi se\u00e7enekleriyle birlikte grafiksel olarak g\u00f6r\u00fcnt\u00fclenir. Test e\u011frileri kar\u015f\u0131la\u015ft\u0131r\u0131labilir, \u00fcst \u00fcste bindirilebilir ve PDF, Excel veya CSV formatlar\u0131nda d\u0131\u015fa aktar\u0131labilir. Kalibrasyon ge\u00e7mi\u015fi dijital olarak ar\u015fivlenir ve akredite laboratuvarlar i\u00e7in tam izlenebilirlik sa\u011flar.<\/p>\n<p data-start=\"3699\" data-end=\"3987\">G\u00fcvenlik \u00f6zellikleri aras\u0131nda otomatik a\u015f\u0131r\u0131 y\u00fck korumas\u0131, ya\u011f seviyesi alarm\u0131, acil durdurma sistemi, kap\u0131 kilidine sahip polikarbonat g\u00fcvenlik muhafazas\u0131 ve numune ar\u0131zas\u0131ndan sonra otomatik piston d\u00f6n\u00fc\u015f\u00fc bulunur. Titre\u015fim s\u00f6n\u00fcmleyici ayaklar ve dengeli k\u00fctle da\u011f\u0131l\u0131m\u0131, \u00e7al\u0131\u015fma s\u0131ras\u0131nda dengeyi art\u0131r\u0131r.<\/p>\n<p data-start=\"3989\" data-end=\"4413\">Pression Pro ASTM &amp; AASHTO Otomatik Bas\u0131n\u00e7 Test Cihazlar\u0131, 100\u00d7200 mm ve 150\u00d7300 mm gibi standart beton silindir boyutlar\u0131 i\u00e7in uygun olan 2000 kN ve 3000 kN kapasitelerinde mevcuttur. Makineler, verimli test i\u015f ak\u0131\u015flar\u0131 i\u00e7in geni\u015f \u00e7al\u0131\u015fma alan\u0131, h\u0131zl\u0131 numune merkezleme ve p\u00fcr\u00fczs\u00fcz plaka y\u00fczeyleri sa\u011flar, bu da onlar\u0131 profesyonel kalite kontrol, ara\u015ft\u0131rma ve akredite test laboratuvarlar\u0131 i\u00e7in ideal hale getirir.<\/p>","protected":false},"excerpt":{"rendered":"<p>Pression Pro Otomatik Bas\u0131n\u00e7 Test Cihazlar\u0131, ASTM ve AASHTO standartlar\u0131na uygun olarak beton, har\u00e7, ta\u015f ve in\u015faat malzemelerinin bas\u0131n\u00e7 dayan\u0131m\u0131n\u0131n do\u011fru bir \u015fekilde belirlenmesi i\u00e7in tasarlanm\u0131\u015f tam otomatik, y\u00fcksek hassasiyetli sistemlerdir.<\/p>","protected":false},"featured_media":0,"template":"","meta":{"_acf_changed":false},"product_brand":[],"product_cat":[142,143],"product_tag":[],"class_list":{"0":"post-11442","1":"product","2":"type-product","3":"status-publish","5":"product_cat-concrete","6":"product_cat-concrete-compression-machines","9":"instock","10":"shipping-taxable","11":"product-type-simple"},"acf":[],"yoast_head":"<!-- This site is optimized with the Yoast SEO Premium plugin v26.5 (Yoast SEO v26.5) - https:\/\/yoast.com\/wordpress\/plugins\/seo\/ -->\n<title>Pression Pro ASTM &amp; AASHTO \u2013 Automatic Compression Testing Machines for Cylinders - YKM TEST<\/title>\n<meta name=\"description\" content=\"Pression Pro Automatic Compression Testing Machines deliver fully automatic, high-accuracy compressive strength testing for concrete and construction materials.\" \/>\n<meta name=\"robots\" content=\"index, follow, max-snippet:-1, max-image-preview:large, max-video-preview:-1\" \/>\n<link rel=\"canonical\" href=\"https:\/\/darkorchid-cheetah-525435.hostingersite.com\/product\/pression-pro-astm-aashto-automatic-compression-testing-machines-for-cylinders\/\" \/>\n<meta property=\"og:locale\" content=\"tr_TR\" \/>\n<meta property=\"og:type\" content=\"article\" \/>\n<meta property=\"og:title\" content=\"Pression Pro ASTM &amp; AASHTO \u2013 Automatic Compression Testing Machines for Cylinders\" \/>\n<meta property=\"og:description\" content=\"Pression Pro Automatic Compression Testing Machines deliver fully automatic, high-accuracy compressive strength testing for concrete and construction materials.\" \/>\n<meta property=\"og:url\" content=\"https:\/\/darkorchid-cheetah-525435.hostingersite.com\/product\/pression-pro-astm-aashto-automatic-compression-testing-machines-for-cylinders\/\" \/>\n<meta property=\"og:site_name\" content=\"YKM TEST\" \/>\n<meta property=\"article:modified_time\" content=\"2025-12-23T12:28:11+00:00\" \/>\n<meta name=\"twitter:card\" content=\"summary_large_image\" \/>\n<meta name=\"twitter:label1\" content=\"Fiyat\" \/>\n\t<meta name=\"twitter:data1\" content=\"\" \/>\n\t<meta name=\"twitter:label2\" content=\"Durumu\" \/>\n\t<meta name=\"twitter:data2\" content=\"Stokta var\" \/>\n<script type=\"application\/ld+json\" class=\"yoast-schema-graph\">{\"@context\":\"https:\/\/schema.org\",\"@graph\":[{\"@type\":\"WebPage\",\"@id\":\"https:\/\/darkorchid-cheetah-525435.hostingersite.com\/product\/pression-pro-astm-aashto-automatic-compression-testing-machines-for-cylinders\/\",\"url\":\"https:\/\/darkorchid-cheetah-525435.hostingersite.com\/product\/pression-pro-astm-aashto-automatic-compression-testing-machines-for-cylinders\/\",\"name\":\"Pression Pro ASTM & AASHTO \u2013 Automatic Compression Testing Machines for Cylinders - YKM TEST\",\"isPartOf\":{\"@id\":\"https:\/\/darkorchid-cheetah-525435.hostingersite.com\/#website\"},\"datePublished\":\"2025-12-23T12:28:10+00:00\",\"dateModified\":\"2025-12-23T12:28:11+00:00\",\"description\":\"Pression Pro Automatic Compression Testing Machines deliver fully automatic, high-accuracy compressive strength testing for concrete and construction materials.\",\"breadcrumb\":{\"@id\":\"https:\/\/darkorchid-cheetah-525435.hostingersite.com\/product\/pression-pro-astm-aashto-automatic-compression-testing-machines-for-cylinders\/#breadcrumb\"},\"inLanguage\":\"tr\",\"potentialAction\":[{\"@type\":\"ReadAction\",\"target\":[\"https:\/\/darkorchid-cheetah-525435.hostingersite.com\/product\/pression-pro-astm-aashto-automatic-compression-testing-machines-for-cylinders\/\"]}]},{\"@type\":\"BreadcrumbList\",\"@id\":\"https:\/\/darkorchid-cheetah-525435.hostingersite.com\/product\/pression-pro-astm-aashto-automatic-compression-testing-machines-for-cylinders\/#breadcrumb\",\"itemListElement\":[{\"@type\":\"ListItem\",\"position\":1,\"name\":\"Home\",\"item\":\"https:\/\/darkorchid-cheetah-525435.hostingersite.com\/\"},{\"@type\":\"ListItem\",\"position\":2,\"name\":\"\u0422\u043e\u0432\u0430\u0440\u044b\",\"item\":\"https:\/\/ykmtest.com\/ru\/shop\/\"},{\"@type\":\"ListItem\",\"position\":3,\"name\":\"Pression Pro ASTM &#038; AASHTO \u2013 Automatic Compression Testing Machines for Cylinders\"}]},{\"@type\":\"WebSite\",\"@id\":\"https:\/\/darkorchid-cheetah-525435.hostingersite.com\/#website\",\"url\":\"https:\/\/darkorchid-cheetah-525435.hostingersite.com\/\",\"name\":\"YKM TEST\",\"description\":\"\",\"publisher\":{\"@id\":\"https:\/\/darkorchid-cheetah-525435.hostingersite.com\/#organization\"},\"potentialAction\":[{\"@type\":\"SearchAction\",\"target\":{\"@type\":\"EntryPoint\",\"urlTemplate\":\"https:\/\/darkorchid-cheetah-525435.hostingersite.com\/?s={search_term_string}\"},\"query-input\":{\"@type\":\"PropertyValueSpecification\",\"valueRequired\":true,\"valueName\":\"search_term_string\"}}],\"inLanguage\":\"tr\"},{\"@type\":[\"Organization\",\"Place\"],\"@id\":\"https:\/\/darkorchid-cheetah-525435.hostingersite.com\/#organization\",\"name\":\"YKM TEST\",\"url\":\"https:\/\/darkorchid-cheetah-525435.hostingersite.com\/\",\"logo\":{\"@id\":\"https:\/\/darkorchid-cheetah-525435.hostingersite.com\/product\/pression-pro-astm-aashto-automatic-compression-testing-machines-for-cylinders\/#local-main-organization-logo\"},\"image\":{\"@id\":\"https:\/\/darkorchid-cheetah-525435.hostingersite.com\/product\/pression-pro-astm-aashto-automatic-compression-testing-machines-for-cylinders\/#local-main-organization-logo\"},\"telephone\":[],\"openingHoursSpecification\":[{\"@type\":\"OpeningHoursSpecification\",\"dayOfWeek\":[\"Monday\",\"Tuesday\",\"Wednesday\",\"Thursday\",\"Friday\",\"Saturday\",\"Sunday\"],\"opens\":\"09:00\",\"closes\":\"17:00\"}]},{\"@type\":\"ImageObject\",\"inLanguage\":\"tr\",\"@id\":\"https:\/\/darkorchid-cheetah-525435.hostingersite.com\/product\/pression-pro-astm-aashto-automatic-compression-testing-machines-for-cylinders\/#local-main-organization-logo\",\"url\":\"https:\/\/ykmtest.com\/wp-content\/uploads\/2025\/10\/Asset-2@2x-8.png\",\"contentUrl\":\"https:\/\/ykmtest.com\/wp-content\/uploads\/2025\/10\/Asset-2@2x-8.png\",\"width\":1550,\"height\":323,\"caption\":\"YKM TEST\"}]}<\/script>\n<meta property=\"product:price:currency\" content=\"USD\" \/>\n<meta property=\"og:availability\" content=\"instock\" \/>\n<meta property=\"product:availability\" content=\"instock\" \/>\n<meta property=\"product:condition\" content=\"new\" \/>\n<!-- \/ Yoast SEO Premium plugin. -->","yoast_head_json":{"title":"Pression Pro ASTM & AASHTO \u2013 Automatic Compression Testing Machines for Cylinders - YKM TEST","description":"Pression Pro Automatic Compression Testing Machines deliver fully automatic, high-accuracy compressive strength testing for concrete and construction materials.","robots":{"index":"index","follow":"follow","max-snippet":"max-snippet:-1","max-image-preview":"max-image-preview:large","max-video-preview":"max-video-preview:-1"},"canonical":"https:\/\/darkorchid-cheetah-525435.hostingersite.com\/product\/pression-pro-astm-aashto-automatic-compression-testing-machines-for-cylinders\/","og_locale":"tr_TR","og_type":"article","og_title":"Pression Pro ASTM & AASHTO \u2013 Automatic Compression Testing Machines for Cylinders","og_description":"Pression Pro Automatic Compression Testing Machines deliver fully automatic, high-accuracy compressive strength testing for concrete and construction materials.","og_url":"https:\/\/darkorchid-cheetah-525435.hostingersite.com\/product\/pression-pro-astm-aashto-automatic-compression-testing-machines-for-cylinders\/","og_site_name":"YKM TEST","article_modified_time":"2025-12-23T12:28:11+00:00","twitter_card":"summary_large_image","twitter_misc":{"Fiyat":"","Durumu":"Stokta var"},"schema":{"@context":"https:\/\/schema.org","@graph":[{"@type":"WebPage","@id":"https:\/\/darkorchid-cheetah-525435.hostingersite.com\/product\/pression-pro-astm-aashto-automatic-compression-testing-machines-for-cylinders\/","url":"https:\/\/darkorchid-cheetah-525435.hostingersite.com\/product\/pression-pro-astm-aashto-automatic-compression-testing-machines-for-cylinders\/","name":"Pression Pro ASTM & AASHTO \u2013 Automatic Compression Testing Machines for Cylinders - YKM TEST","isPartOf":{"@id":"https:\/\/darkorchid-cheetah-525435.hostingersite.com\/#website"},"datePublished":"2025-12-23T12:28:10+00:00","dateModified":"2025-12-23T12:28:11+00:00","description":"Pression Pro Automatic Compression Testing Machines deliver fully automatic, high-accuracy compressive strength testing for concrete and construction materials.","breadcrumb":{"@id":"https:\/\/darkorchid-cheetah-525435.hostingersite.com\/product\/pression-pro-astm-aashto-automatic-compression-testing-machines-for-cylinders\/#breadcrumb"},"inLanguage":"tr","potentialAction":[{"@type":"ReadAction","target":["https:\/\/darkorchid-cheetah-525435.hostingersite.com\/product\/pression-pro-astm-aashto-automatic-compression-testing-machines-for-cylinders\/"]}]},{"@type":"BreadcrumbList","@id":"https:\/\/darkorchid-cheetah-525435.hostingersite.com\/product\/pression-pro-astm-aashto-automatic-compression-testing-machines-for-cylinders\/#breadcrumb","itemListElement":[{"@type":"ListItem","position":1,"name":"Home","item":"https:\/\/darkorchid-cheetah-525435.hostingersite.com\/"},{"@type":"ListItem","position":2,"name":"\u0422\u043e\u0432\u0430\u0440\u044b","item":"https:\/\/ykmtest.com\/ru\/shop\/"},{"@type":"ListItem","position":3,"name":"Pression Pro ASTM &#038; AASHTO \u2013 Automatic Compression Testing Machines for Cylinders"}]},{"@type":"WebSite","@id":"https:\/\/darkorchid-cheetah-525435.hostingersite.com\/#website","url":"https:\/\/darkorchid-cheetah-525435.hostingersite.com\/","name":"YKM TEST\u0130","description":"","publisher":{"@id":"https:\/\/darkorchid-cheetah-525435.hostingersite.com\/#organization"},"potentialAction":[{"@type":"SearchAction","target":{"@type":"EntryPoint","urlTemplate":"https:\/\/darkorchid-cheetah-525435.hostingersite.com\/?s={search_term_string}"},"query-input":{"@type":"PropertyValueSpecification","valueRequired":true,"valueName":"search_term_string"}}],"inLanguage":"tr"},{"@type":["Organization","Place"],"@id":"https:\/\/darkorchid-cheetah-525435.hostingersite.com\/#organization","name":"YKM TEST\u0130","url":"https:\/\/darkorchid-cheetah-525435.hostingersite.com\/","logo":{"@id":"https:\/\/darkorchid-cheetah-525435.hostingersite.com\/product\/pression-pro-astm-aashto-automatic-compression-testing-machines-for-cylinders\/#local-main-organization-logo"},"image":{"@id":"https:\/\/darkorchid-cheetah-525435.hostingersite.com\/product\/pression-pro-astm-aashto-automatic-compression-testing-machines-for-cylinders\/#local-main-organization-logo"},"telephone":[],"openingHoursSpecification":[{"@type":"OpeningHoursSpecification","dayOfWeek":["Monday","Tuesday","Wednesday","Thursday","Friday","Saturday","Sunday"],"opens":"09:00","closes":"17:00"}]},{"@type":"ImageObject","inLanguage":"tr","@id":"https:\/\/darkorchid-cheetah-525435.hostingersite.com\/product\/pression-pro-astm-aashto-automatic-compression-testing-machines-for-cylinders\/#local-main-organization-logo","url":"https:\/\/ykmtest.com\/wp-content\/uploads\/2025\/10\/Asset-2@2x-8.png","contentUrl":"https:\/\/ykmtest.com\/wp-content\/uploads\/2025\/10\/Asset-2@2x-8.png","width":1550,"height":323,"caption":"YKM TEST"}]},"product_price_currency":"USD","og_availability":"instock","product_availability":"instock","product_condition":"new"},"_links":{"self":[{"href":"https:\/\/ykmtest.com\/tr\/wp-json\/wp\/v2\/product\/11442","targetHints":{"allow":["GET"]}}],"collection":[{"href":"https:\/\/ykmtest.com\/tr\/wp-json\/wp\/v2\/product"}],"about":[{"href":"https:\/\/ykmtest.com\/tr\/wp-json\/wp\/v2\/types\/product"}],"version-history":[{"count":1,"href":"https:\/\/ykmtest.com\/tr\/wp-json\/wp\/v2\/product\/11442\/revisions"}],"predecessor-version":[{"id":11443,"href":"https:\/\/ykmtest.com\/tr\/wp-json\/wp\/v2\/product\/11442\/revisions\/11443"}],"wp:attachment":[{"href":"https:\/\/ykmtest.com\/tr\/wp-json\/wp\/v2\/media?parent=11442"}],"wp:term":[{"taxonomy":"product_brand","embeddable":true,"href":"https:\/\/ykmtest.com\/tr\/wp-json\/wp\/v2\/product_brand?post=11442"},{"taxonomy":"product_cat","embeddable":true,"href":"https:\/\/ykmtest.com\/tr\/wp-json\/wp\/v2\/product_cat?post=11442"},{"taxonomy":"product_tag","embeddable":true,"href":"https:\/\/ykmtest.com\/tr\/wp-json\/wp\/v2\/product_tag?post=11442"}],"curies":[{"name":"wp","href":"https:\/\/api.w.org\/{rel}","templated":true}]}}