{"id":11450,"date":"2025-12-24T07:23:11","date_gmt":"2025-12-24T07:23:11","guid":{"rendered":"https:\/\/ykmtest.com\/?post_type=product&#038;p=11450"},"modified":"2025-12-24T07:23:11","modified_gmt":"2025-12-24T07:23:11","slug":"en-automatic-compression-testing-machines-with-welded-walls-cubes-cylinders-and-masonry-units","status":"publish","type":"product","link":"https:\/\/ykmtest.com\/tr\/urun\/en-automatic-compression-testing-machines-with-welded-walls-cubes-cylinders-and-masonry-units\/","title":{"rendered":"EN Kaynakl\u0131 Duvarl\u0131 Otomatik S\u0131k\u0131\u015ft\u0131rma Test Cihazlar\u0131 - K\u00fcpler, Silindirler ve Y\u0131\u011fma Birimler"},"content":{"rendered":"<p data-start=\"645\" data-end=\"1125\">EN Kaynakl\u0131 Duvarl\u0131 Otomatik Bas\u0131n\u00e7 Test Cihazlar\u0131 - K\u00fcpler, Silindirler ve Duvar \u00dcniteleri i\u00e7in EN 12390-4 ve ilgili EN standartlar\u0131na uygun olarak beton k\u00fcp ve silindir numunelerin yan\u0131 s\u0131ra duvar \u00fcnitelerinin bas\u0131n\u00e7 dayan\u0131m\u0131n\u0131 belirlemek i\u00e7in geli\u015ftirilmi\u015f geli\u015fmi\u015f kapal\u0131 d\u00f6ng\u00fc kontroll\u00fc test sistemleridir. Bu makineler, tek bir platformda hassasiyet, tekrarlanabilirlik ve verimli \u00e7oklu numune testi gerektiren profesyonel laboratuvarlar i\u00e7in tasarlanm\u0131\u015ft\u0131r.<\/p>\n<p data-start=\"1127\" data-end=\"1556\">Y\u00fck ta\u015f\u0131y\u0131c\u0131 yap\u0131, tek par\u00e7al\u0131 kaynakl\u0131 duvar \u00e7er\u00e7evesi olarak \u00fcretilmi\u015ftir. Bu kompakt, y\u00fcksek sertlikteki g\u00f6vde tasar\u0131m\u0131, y\u00fck alt\u0131nda \u00e7er\u00e7eve sapmas\u0131n\u0131 en aza indirir ve numuneye do\u011fru eksenel y\u00fck aktar\u0131m\u0131 sa\u011flar. K\u00fcresel olarak oturtulmu\u015f bir \u00fcst plaka ve ta\u015flanm\u0131\u015f, sertle\u015ftirilmi\u015f bir alt plaka, k\u00fcpler, silindirler ve duvar birimleri i\u00e7in tutarl\u0131 temas ko\u015fullar\u0131 sa\u011flayarak otomatik kendi kendine merkezleme ve d\u00fczg\u00fcn y\u00fck da\u011f\u0131l\u0131m\u0131 sa\u011flar.<\/p>\n<p data-start=\"1558\" data-end=\"2109\">Geni\u015f test a\u00e7\u0131kl\u0131\u011f\u0131 ve uzun piston stroku, yap\u0131sal modifikasyon olmadan \u00e7e\u015fitli numune geometrilerinin ve boyutlar\u0131n\u0131n h\u0131zl\u0131 bir \u015fekilde kurulmas\u0131na ve test edilmesine olanak tan\u0131r. Hidrolik g\u00fc\u00e7 \u00fcnitesi, oransal bir valf sistemi kullanarak tam otomatik kapal\u0131 d\u00f6ng\u00fc kontrol\u00fc alt\u0131nda \u00e7al\u0131\u015f\u0131r. EN standartlar\u0131 taraf\u0131ndan tan\u0131mlanan y\u00fckleme h\u0131z\u0131, test boyunca otomatik olarak korunur. Numune ar\u0131zas\u0131nda, maksimum y\u00fck yakalan\u0131r, bas\u0131n\u00e7 dayan\u0131m\u0131 MPa cinsinden hesaplan\u0131r ve piston otomatik olarak g\u00fcvenli bir konuma geri \u00e7ekilerek makine bir sonraki test d\u00f6ng\u00fcs\u00fcne haz\u0131rlan\u0131r.<\/p>\n<p data-start=\"2111\" data-end=\"2605\">Y\u00fcksek \u00e7\u00f6z\u00fcn\u00fcrl\u00fckl\u00fc y\u00fck \u00f6l\u00e7\u00fcm zinciri, do\u011fru ve izlenebilir kuvvet okumalar\u0131 sa\u011flar. Kalibrasyon ve do\u011frulama prosed\u00fcrleri, akredite laboratuvarlarda uzun vadeli \u00f6l\u00e7\u00fcm g\u00fcvenilirli\u011fini destekler. Entegre dokunmatik ekranl\u0131 kontrol \u00fcnitesi, k\u00fcp, silindir ve duvar \u00fcnitesi testleri i\u00e7in \u00f6nceden tan\u0131mlanm\u0131\u015f y\u00f6ntem \u015fablonlar\u0131yla test y\u00fcr\u00fctme ve raporlamay\u0131 kolayla\u015ft\u0131r\u0131r. Test s\u0131ras\u0131nda ger\u00e7ek zamanl\u0131 y\u00fck-deplasman e\u011frileri g\u00f6r\u00fcnt\u00fclenir ve veriler dahili olarak depolanabilir veya USB veya Ethernet \u00fczerinden aktar\u0131labilir.<\/p>\n<p data-start=\"2607\" data-end=\"2889\">Verimlilik ve kullan\u0131m kolayl\u0131\u011f\u0131, k\u00fcp, silindir ve geni\u015f y\u00fczeyli duvar plakalar\u0131 aras\u0131nda aletsiz ge\u00e7i\u015flere izin veren h\u0131zl\u0131 de\u011fi\u015ftirme plakas\u0131 ve adapt\u00f6r sistemi ile geli\u015ftirilmi\u015ftir. Merkezleme i\u015faretleri ve p\u00fcr\u00fczs\u00fcz plaka y\u00fczeyleri, h\u0131zl\u0131 numune konumland\u0131rma ve tekrarlanabilir hizalama sa\u011flar.<\/p>\n<p data-start=\"2891\" data-end=\"3333\">G\u00fcvenlik ve dayan\u0131kl\u0131l\u0131k tasar\u0131m\u0131n ayr\u0131lmaz bir par\u00e7as\u0131d\u0131r. Kap\u0131 kilitleme anahtar\u0131na sahip \u015feffaf polikarbonat g\u00fcvenlik muhafazas\u0131 operat\u00f6r\u00fc korurken, acil durdurma, a\u015f\u0131r\u0131 y\u00fck korumas\u0131 ve strok limiti kontrolleri hem kullan\u0131c\u0131y\u0131 hem de ekipman\u0131 korur. Titre\u015fim s\u00f6n\u00fcmleyici ayaklar, korozyona dayan\u0131kl\u0131 y\u00fczey kaplamalar\u0131 ve eri\u015filebilir servis panelleri, yo\u011fun laboratuvar kullan\u0131m\u0131 s\u0131ras\u0131nda istikrarl\u0131 \u00e7al\u0131\u015fma, kolay temizlik ve daha az bak\u0131m s\u00fcresi sa\u011flar.<\/p>","protected":false},"excerpt":{"rendered":"<p>EN Kaynakl\u0131 Duvarl\u0131 Otomatik Bas\u0131n\u00e7 Test Cihazlar\u0131, EN 12390-4'e uygun olarak beton k\u00fcplerin, silindirlerin ve duvar birimlerinin do\u011fru ve tekrarlanabilir bas\u0131n\u00e7 dayan\u0131m\u0131 testi i\u00e7in tasarlanm\u0131\u015f kapal\u0131 devre sistemlerdir.<\/p>","protected":false},"featured_media":0,"template":"","meta":{"_acf_changed":false},"product_brand":[],"product_cat":[142,143],"product_tag":[],"class_list":{"0":"post-11450","1":"product","2":"type-product","3":"status-publish","5":"product_cat-concrete","6":"product_cat-concrete-compression-machines","9":"instock","10":"shipping-taxable","11":"product-type-simple"},"acf":[],"yoast_head":"<!-- This site is optimized with the Yoast SEO Premium plugin v26.5 (Yoast SEO v27.5) - https:\/\/yoast.com\/product\/yoast-seo-premium-wordpress\/ -->\n<title>EN Automatic Compression Testing Machines with Welded Walls \u2013 Cubes, Cylinders, and Masonry Units - YKM TEST<\/title>\n<meta name=\"description\" content=\"EN Automatic Compression Testing Machines with Welded Walls deliver precise compressive strength testing for cubes, cylinders, and masonry units per EN 12390-4.\" \/>\n<meta name=\"robots\" content=\"index, follow, max-snippet:-1, max-image-preview:large, max-video-preview:-1\" \/>\n<link rel=\"canonical\" href=\"https:\/\/darkorchid-cheetah-525435.hostingersite.com\/product\/en-automatic-compression-testing-machines-with-welded-walls-cubes-cylinders-and-masonry-units\/\" \/>\n<meta property=\"og:locale\" content=\"tr_TR\" \/>\n<meta property=\"og:type\" content=\"article\" \/>\n<meta property=\"og:title\" content=\"EN Automatic Compression Testing Machines with Welded Walls \u2013 Cubes, Cylinders, and Masonry Units\" \/>\n<meta property=\"og:description\" content=\"EN Automatic Compression Testing Machines with Welded Walls deliver precise compressive strength testing for cubes, cylinders, and masonry units per EN 12390-4.\" \/>\n<meta property=\"og:url\" content=\"https:\/\/darkorchid-cheetah-525435.hostingersite.com\/product\/en-automatic-compression-testing-machines-with-welded-walls-cubes-cylinders-and-masonry-units\/\" \/>\n<meta property=\"og:site_name\" content=\"YKM TEST\" \/>\n<meta name=\"twitter:card\" content=\"summary_large_image\" \/>\n<meta name=\"twitter:label1\" content=\"Fiyat\" \/>\n\t<meta name=\"twitter:data1\" content=\"\" \/>\n\t<meta name=\"twitter:label2\" content=\"Durumu\" \/>\n\t<meta name=\"twitter:data2\" content=\"Stokta var\" \/>\n<script type=\"application\/ld+json\" class=\"yoast-schema-graph\">{\"@context\":\"https:\\\/\\\/schema.org\",\"@graph\":[{\"@type\":\"WebPage\",\"@id\":\"https:\\\/\\\/darkorchid-cheetah-525435.hostingersite.com\\\/product\\\/en-automatic-compression-testing-machines-with-welded-walls-cubes-cylinders-and-masonry-units\\\/\",\"url\":\"https:\\\/\\\/darkorchid-cheetah-525435.hostingersite.com\\\/product\\\/en-automatic-compression-testing-machines-with-welded-walls-cubes-cylinders-and-masonry-units\\\/\",\"name\":\"EN Automatic Compression Testing Machines with Welded Walls \u2013 Cubes, Cylinders, and Masonry Units - YKM TEST\",\"isPartOf\":{\"@id\":\"https:\\\/\\\/darkorchid-cheetah-525435.hostingersite.com\\\/#website\"},\"datePublished\":\"2025-12-24T07:23:11+00:00\",\"description\":\"EN Automatic Compression Testing Machines with Welded Walls deliver precise compressive strength testing for cubes, cylinders, and masonry units per EN 12390-4.\",\"breadcrumb\":{\"@id\":\"https:\\\/\\\/darkorchid-cheetah-525435.hostingersite.com\\\/product\\\/en-automatic-compression-testing-machines-with-welded-walls-cubes-cylinders-and-masonry-units\\\/#breadcrumb\"},\"inLanguage\":\"tr\",\"potentialAction\":[{\"@type\":\"ReadAction\",\"target\":[\"https:\\\/\\\/darkorchid-cheetah-525435.hostingersite.com\\\/product\\\/en-automatic-compression-testing-machines-with-welded-walls-cubes-cylinders-and-masonry-units\\\/\"]}]},{\"@type\":\"BreadcrumbList\",\"@id\":\"https:\\\/\\\/darkorchid-cheetah-525435.hostingersite.com\\\/product\\\/en-automatic-compression-testing-machines-with-welded-walls-cubes-cylinders-and-masonry-units\\\/#breadcrumb\",\"itemListElement\":[{\"@type\":\"ListItem\",\"position\":1,\"name\":\"Home\",\"item\":\"https:\\\/\\\/darkorchid-cheetah-525435.hostingersite.com\\\/\"},{\"@type\":\"ListItem\",\"position\":2,\"name\":\"\u0422\u043e\u0432\u0430\u0440\u044b\",\"item\":\"https:\\\/\\\/ykmtest.com\\\/ru\\\/shop\\\/\"},{\"@type\":\"ListItem\",\"position\":3,\"name\":\"EN Automatic Compression Testing Machines with Welded Walls \u2013 Cubes, Cylinders, and Masonry Units\"}]},{\"@type\":\"WebSite\",\"@id\":\"https:\\\/\\\/darkorchid-cheetah-525435.hostingersite.com\\\/#website\",\"url\":\"https:\\\/\\\/darkorchid-cheetah-525435.hostingersite.com\\\/\",\"name\":\"YKM TEST\",\"description\":\"\",\"publisher\":{\"@id\":\"https:\\\/\\\/darkorchid-cheetah-525435.hostingersite.com\\\/#organization\"},\"potentialAction\":[{\"@type\":\"SearchAction\",\"target\":{\"@type\":\"EntryPoint\",\"urlTemplate\":\"https:\\\/\\\/darkorchid-cheetah-525435.hostingersite.com\\\/?s={search_term_string}\"},\"query-input\":{\"@type\":\"PropertyValueSpecification\",\"valueRequired\":true,\"valueName\":\"search_term_string\"}}],\"inLanguage\":\"tr\"},{\"@type\":[\"Organization\",\"Place\"],\"@id\":\"https:\\\/\\\/darkorchid-cheetah-525435.hostingersite.com\\\/#organization\",\"name\":\"YKM TEST\",\"url\":\"https:\\\/\\\/darkorchid-cheetah-525435.hostingersite.com\\\/\",\"logo\":{\"@id\":\"https:\\\/\\\/darkorchid-cheetah-525435.hostingersite.com\\\/product\\\/en-automatic-compression-testing-machines-with-welded-walls-cubes-cylinders-and-masonry-units\\\/#local-main-organization-logo\"},\"image\":{\"@id\":\"https:\\\/\\\/darkorchid-cheetah-525435.hostingersite.com\\\/product\\\/en-automatic-compression-testing-machines-with-welded-walls-cubes-cylinders-and-masonry-units\\\/#local-main-organization-logo\"},\"telephone\":[],\"openingHoursSpecification\":[{\"@type\":\"OpeningHoursSpecification\",\"dayOfWeek\":[\"Monday\",\"Tuesday\",\"Wednesday\",\"Thursday\",\"Friday\",\"Saturday\",\"Sunday\"],\"opens\":\"09:00\",\"closes\":\"17:00\"}]},{\"@type\":\"ImageObject\",\"inLanguage\":\"tr\",\"@id\":\"https:\\\/\\\/darkorchid-cheetah-525435.hostingersite.com\\\/product\\\/en-automatic-compression-testing-machines-with-welded-walls-cubes-cylinders-and-masonry-units\\\/#local-main-organization-logo\",\"url\":\"https:\\\/\\\/ykmtest.com\\\/wp-content\\\/uploads\\\/2025\\\/10\\\/Asset-2@2x-8.png\",\"contentUrl\":\"https:\\\/\\\/ykmtest.com\\\/wp-content\\\/uploads\\\/2025\\\/10\\\/Asset-2@2x-8.png\",\"width\":1550,\"height\":323,\"caption\":\"YKM TEST\"}]}<\/script>\n<meta property=\"product:price:currency\" content=\"USD\" \/>\n<meta property=\"og:availability\" content=\"instock\" \/>\n<meta property=\"product:availability\" content=\"instock\" \/>\n<meta property=\"product:condition\" content=\"new\" \/>\n<!-- \/ Yoast SEO Premium plugin. -->","yoast_head_json":{"title":"EN Automatic Compression Testing Machines with Welded Walls \u2013 Cubes, Cylinders, and Masonry Units - YKM TEST","description":"EN Automatic Compression Testing Machines with Welded Walls deliver precise compressive strength testing for cubes, cylinders, and masonry units per EN 12390-4.","robots":{"index":"index","follow":"follow","max-snippet":"max-snippet:-1","max-image-preview":"max-image-preview:large","max-video-preview":"max-video-preview:-1"},"canonical":"https:\/\/darkorchid-cheetah-525435.hostingersite.com\/product\/en-automatic-compression-testing-machines-with-welded-walls-cubes-cylinders-and-masonry-units\/","og_locale":"tr_TR","og_type":"article","og_title":"EN Automatic Compression Testing Machines with Welded Walls \u2013 Cubes, Cylinders, and Masonry Units","og_description":"EN Automatic Compression Testing Machines with Welded Walls deliver precise compressive strength testing for cubes, cylinders, and masonry units per EN 12390-4.","og_url":"https:\/\/darkorchid-cheetah-525435.hostingersite.com\/product\/en-automatic-compression-testing-machines-with-welded-walls-cubes-cylinders-and-masonry-units\/","og_site_name":"YKM TEST","twitter_card":"summary_large_image","twitter_misc":{"Fiyat":"","Durumu":"Stokta var"},"schema":{"@context":"https:\/\/schema.org","@graph":[{"@type":"WebPage","@id":"https:\/\/darkorchid-cheetah-525435.hostingersite.com\/product\/en-automatic-compression-testing-machines-with-welded-walls-cubes-cylinders-and-masonry-units\/","url":"https:\/\/darkorchid-cheetah-525435.hostingersite.com\/product\/en-automatic-compression-testing-machines-with-welded-walls-cubes-cylinders-and-masonry-units\/","name":"EN Automatic Compression Testing Machines with Welded Walls \u2013 Cubes, Cylinders, and Masonry Units - YKM TEST","isPartOf":{"@id":"https:\/\/darkorchid-cheetah-525435.hostingersite.com\/#website"},"datePublished":"2025-12-24T07:23:11+00:00","description":"EN Automatic Compression Testing Machines with Welded Walls deliver precise compressive strength testing for cubes, cylinders, and masonry units per EN 12390-4.","breadcrumb":{"@id":"https:\/\/darkorchid-cheetah-525435.hostingersite.com\/product\/en-automatic-compression-testing-machines-with-welded-walls-cubes-cylinders-and-masonry-units\/#breadcrumb"},"inLanguage":"tr","potentialAction":[{"@type":"ReadAction","target":["https:\/\/darkorchid-cheetah-525435.hostingersite.com\/product\/en-automatic-compression-testing-machines-with-welded-walls-cubes-cylinders-and-masonry-units\/"]}]},{"@type":"BreadcrumbList","@id":"https:\/\/darkorchid-cheetah-525435.hostingersite.com\/product\/en-automatic-compression-testing-machines-with-welded-walls-cubes-cylinders-and-masonry-units\/#breadcrumb","itemListElement":[{"@type":"ListItem","position":1,"name":"Home","item":"https:\/\/darkorchid-cheetah-525435.hostingersite.com\/"},{"@type":"ListItem","position":2,"name":"\u0422\u043e\u0432\u0430\u0440\u044b","item":"https:\/\/ykmtest.com\/ru\/shop\/"},{"@type":"ListItem","position":3,"name":"EN Automatic Compression Testing Machines with Welded Walls \u2013 Cubes, Cylinders, and Masonry Units"}]},{"@type":"WebSite","@id":"https:\/\/darkorchid-cheetah-525435.hostingersite.com\/#website","url":"https:\/\/darkorchid-cheetah-525435.hostingersite.com\/","name":"YKM TEST\u0130","description":"","publisher":{"@id":"https:\/\/darkorchid-cheetah-525435.hostingersite.com\/#organization"},"potentialAction":[{"@type":"SearchAction","target":{"@type":"EntryPoint","urlTemplate":"https:\/\/darkorchid-cheetah-525435.hostingersite.com\/?s={search_term_string}"},"query-input":{"@type":"PropertyValueSpecification","valueRequired":true,"valueName":"search_term_string"}}],"inLanguage":"tr"},{"@type":["Organization","Place"],"@id":"https:\/\/darkorchid-cheetah-525435.hostingersite.com\/#organization","name":"YKM TEST\u0130","url":"https:\/\/darkorchid-cheetah-525435.hostingersite.com\/","logo":{"@id":"https:\/\/darkorchid-cheetah-525435.hostingersite.com\/product\/en-automatic-compression-testing-machines-with-welded-walls-cubes-cylinders-and-masonry-units\/#local-main-organization-logo"},"image":{"@id":"https:\/\/darkorchid-cheetah-525435.hostingersite.com\/product\/en-automatic-compression-testing-machines-with-welded-walls-cubes-cylinders-and-masonry-units\/#local-main-organization-logo"},"telephone":[],"openingHoursSpecification":[{"@type":"OpeningHoursSpecification","dayOfWeek":["Monday","Tuesday","Wednesday","Thursday","Friday","Saturday","Sunday"],"opens":"09:00","closes":"17:00"}]},{"@type":"ImageObject","inLanguage":"tr","@id":"https:\/\/darkorchid-cheetah-525435.hostingersite.com\/product\/en-automatic-compression-testing-machines-with-welded-walls-cubes-cylinders-and-masonry-units\/#local-main-organization-logo","url":"https:\/\/ykmtest.com\/wp-content\/uploads\/2025\/10\/Asset-2@2x-8.png","contentUrl":"https:\/\/ykmtest.com\/wp-content\/uploads\/2025\/10\/Asset-2@2x-8.png","width":1550,"height":323,"caption":"YKM TEST"}]},"product_price_currency":"USD","og_availability":"instock","product_availability":"instock","product_condition":"new"},"_links":{"self":[{"href":"https:\/\/ykmtest.com\/tr\/wp-json\/wp\/v2\/product\/11450","targetHints":{"allow":["GET"]}}],"collection":[{"href":"https:\/\/ykmtest.com\/tr\/wp-json\/wp\/v2\/product"}],"about":[{"href":"https:\/\/ykmtest.com\/tr\/wp-json\/wp\/v2\/types\/product"}],"version-history":[{"count":1,"href":"https:\/\/ykmtest.com\/tr\/wp-json\/wp\/v2\/product\/11450\/revisions"}],"predecessor-version":[{"id":11451,"href":"https:\/\/ykmtest.com\/tr\/wp-json\/wp\/v2\/product\/11450\/revisions\/11451"}],"wp:attachment":[{"href":"https:\/\/ykmtest.com\/tr\/wp-json\/wp\/v2\/media?parent=11450"}],"wp:term":[{"taxonomy":"product_brand","embeddable":true,"href":"https:\/\/ykmtest.com\/tr\/wp-json\/wp\/v2\/product_brand?post=11450"},{"taxonomy":"product_cat","embeddable":true,"href":"https:\/\/ykmtest.com\/tr\/wp-json\/wp\/v2\/product_cat?post=11450"},{"taxonomy":"product_tag","embeddable":true,"href":"https:\/\/ykmtest.com\/tr\/wp-json\/wp\/v2\/product_tag?post=11450"}],"curies":[{"name":"wp","href":"https:\/\/api.w.org\/{rel}","templated":true}]}}