{"id":11473,"date":"2025-12-24T08:59:55","date_gmt":"2025-12-24T08:59:55","guid":{"rendered":"https:\/\/ykmtest.com\/?post_type=product&#038;p=11473"},"modified":"2025-12-24T08:59:55","modified_gmt":"2025-12-24T08:59:55","slug":"automatic-flexural-testing-machines-rectangle-type","status":"publish","type":"product","link":"https:\/\/ykmtest.com\/tr\/urun\/automatic-flexural-testing-machines-rectangle-type\/","title":{"rendered":"Otomatik E\u011filme Test Cihazlar\u0131 - Dikd\u00f6rtgen Tip"},"content":{"rendered":"<p>Otomatik E\u011filme Test Cihazlar\u0131 - Dikd\u00f6rtgen Tip, beton kiri\u015f ve d\u00f6\u015feme numunelerinin e\u011filme dayan\u0131m\u0131n\u0131 standartlara uygun olarak ve operat\u00f6r etkisinden ba\u011f\u0131ms\u0131z olarak belirlemek i\u00e7in tasarlanm\u0131\u015f kapal\u0131 d\u00f6ng\u00fc kontroll\u00fc test cihazlar\u0131d\u0131r. Y\u00fcksek sertlikteki dikd\u00f6rtgen \u00e7er\u00e7eve, monoblok taban ve d\u00fc\u015f\u00fck \u00e7er\u00e7eve sapmas\u0131, numuneye y\u00fck aktar\u0131m\u0131nda eksenel do\u011fruluk sa\u011flar. K\u00fcresel olarak oturtulmu\u015f \u00fcst ba\u015fl\u0131k ve hassas ta\u015flanm\u0131\u015f alt yatak, temas hatt\u0131n\u0131 koruyarak her testte tekrarlanabilir sonu\u00e7lar \u00fcretir. Makine mimarisi, \u00e7e\u015fitli boyut ve tiplerdeki kiri\u015f ve plakalara uyum sa\u011flamak i\u00e7in ayarlanabilir a\u00e7\u0131kl\u0131klar ve de\u011fi\u015ftirilebilir y\u00fckleme kafalar\u0131 ile yap\u0131land\u0131r\u0131lm\u0131\u015ft\u0131r. Bu, merkez nokta ve \u00fc\u00e7\u00fcnc\u00fc nokta y\u00fckleme kurulumlar\u0131 aras\u0131nda h\u0131zl\u0131 ge\u00e7i\u015fe izin verirken, sertle\u015ftirilmi\u015f silindirik silindirlerin p\u00fcr\u00fczs\u00fcz y\u00fczeyi kenar ezilmesini \u00f6nler. Kapal\u0131 d\u00f6ng\u00fc hidrolik kontrol, istenen sabit y\u00fckleme oran\u0131n\u0131 istikrarl\u0131 bir \u015fekilde uygular; maksimum y\u00fck ar\u0131za an\u0131nda yakalan\u0131r ve e\u011filme mukavemeti MPa cinsinden an\u0131nda hesaplan\u0131r. Geni\u015f a\u00e7\u0131kl\u0131k ve yeterli strok, standart kiri\u015flerin yan\u0131 s\u0131ra bord\u00fcr ta\u015flar\u0131, kald\u0131r\u0131m plakalar\u0131 ve di\u011fer prefabrik elemanlar\u0131n test edilmesini de sa\u011flar. \u00d6nceden ayarlanm\u0131\u015f y\u00f6ntem \u015fablonlar\u0131, numune verileri ve hedef y\u00fckleme h\u0131zlar\u0131, end\u00fcstriyel s\u0131n\u0131f dokunmatik ekranl\u0131 HMI arac\u0131l\u0131\u011f\u0131yla kolayca se\u00e7ilebilir. Y\u00fck-zaman ve y\u00fck-defleksiyon grafikleri ger\u00e7ek zamanl\u0131 olarak izlenir. USB\/Ethernet ba\u011flant\u0131s\u0131 LIMS uyumlu CSV\/PDF raporlamay\u0131 destekler ve denetim izi ile kullan\u0131c\u0131 yetkilendirmesi laboratuvar standartlar\u0131na uyumu g\u00fc\u00e7lendirir. Test alan\u0131, kap\u0131 kilidi, acil durdurma, strok ve a\u015f\u0131r\u0131 y\u00fck limitlerine sahip \u015feffaf bir g\u00fcvenlik muhafazas\u0131 ile korunmaktad\u0131r. Korozyona dayan\u0131kl\u0131 y\u00fczey kaplamas\u0131, p\u00fcr\u00fczs\u00fcz temas alanlar\u0131 ve eri\u015filebilir servis panelleri h\u0131zl\u0131 temizlik ve minimum bak\u0131m sa\u011flar.<\/p>","protected":false},"excerpt":{"rendered":"<p>Otomatik E\u011filme Test Cihazlar\u0131 - Dikd\u00f6rtgen Tip, beton kiri\u015flerde, d\u00f6\u015femelerde ve prefabrik elemanlarda e\u011filme dayan\u0131m\u0131n\u0131n hassas ve tekrarlanabilir bir \u015fekilde belirlenmesi i\u00e7in tasarlanm\u0131\u015f, ayarlanabilir a\u00e7\u0131kl\u0131klar, de\u011fi\u015ftirilebilir y\u00fckleme ba\u015fl\u0131klar\u0131, k\u00fcresel olarak oturtulmu\u015f \u00fcst ba\u015fl\u0131klar ve ger\u00e7ek zamanl\u0131 veri izleme ile sa\u011flam g\u00fcvenlik ve laboratuvar entegrasyon \u00f6zelliklerini birle\u015ftiren y\u00fcksek sertlikte, kapal\u0131 d\u00f6ng\u00fc sistemlerdir.<\/p>","protected":false},"featured_media":0,"template":"","meta":{"_acf_changed":false},"product_brand":[],"product_cat":[142,144],"product_tag":[],"class_list":{"0":"post-11473","1":"product","2":"type-product","3":"status-publish","5":"product_cat-concrete","6":"product_cat-flexural-testing-machines","9":"instock","10":"shipping-taxable","11":"product-type-simple"},"acf":[],"yoast_head":"<!-- This site is optimized with the Yoast SEO Premium plugin v26.5 (Yoast SEO v26.5) - https:\/\/yoast.com\/wordpress\/plugins\/seo\/ -->\n<title>Automatic Flexural Testing Machines \u2013 Rectangle Type - YKM TEST<\/title>\n<meta name=\"description\" content=\"Automatic Flexural Testing Machines \u2013 Rectangle Type provide precise, repeatable flexural strength testing of concrete beams, slabs, and prefabricated elements with real-time monitoring.\" \/>\n<meta name=\"robots\" content=\"index, follow, max-snippet:-1, max-image-preview:large, max-video-preview:-1\" \/>\n<link rel=\"canonical\" href=\"https:\/\/ykmtest.com\/tr\/urun\/automatic-flexural-testing-machines-rectangle-type\/\" \/>\n<meta property=\"og:locale\" content=\"tr_TR\" \/>\n<meta property=\"og:type\" content=\"article\" \/>\n<meta property=\"og:title\" content=\"Automatic Flexural Testing Machines \u2013 Rectangle Type\" \/>\n<meta property=\"og:description\" content=\"Automatic Flexural Testing Machines \u2013 Rectangle Type provide precise, repeatable flexural strength testing of concrete beams, slabs, and prefabricated elements with real-time monitoring.\" \/>\n<meta property=\"og:url\" content=\"https:\/\/ykmtest.com\/tr\/urun\/automatic-flexural-testing-machines-rectangle-type\/\" \/>\n<meta property=\"og:site_name\" content=\"YKM TEST\" \/>\n<meta name=\"twitter:card\" content=\"summary_large_image\" \/>\n<meta name=\"twitter:label1\" content=\"Price\" \/>\n\t<meta name=\"twitter:data1\" content=\"\" \/>\n\t<meta name=\"twitter:label2\" content=\"Availability\" \/>\n\t<meta name=\"twitter:data2\" content=\"In stock\" \/>\n<script type=\"application\/ld+json\" class=\"yoast-schema-graph\">{\"@context\":\"https:\/\/schema.org\",\"@graph\":[{\"@type\":\"WebPage\",\"@id\":\"https:\/\/ykmtest.com\/product\/automatic-flexural-testing-machines-rectangle-type\/\",\"url\":\"https:\/\/ykmtest.com\/product\/automatic-flexural-testing-machines-rectangle-type\/\",\"name\":\"Automatic Flexural Testing Machines \u2013 Rectangle Type - YKM TEST\",\"isPartOf\":{\"@id\":\"https:\/\/ykmtest.com\/#website\"},\"datePublished\":\"2025-12-24T08:59:55+00:00\",\"description\":\"Automatic Flexural Testing Machines \u2013 Rectangle Type provide precise, repeatable flexural strength testing of concrete beams, slabs, and prefabricated elements with real-time monitoring.\",\"breadcrumb\":{\"@id\":\"https:\/\/ykmtest.com\/product\/automatic-flexural-testing-machines-rectangle-type\/#breadcrumb\"},\"inLanguage\":\"tr\",\"potentialAction\":[{\"@type\":\"ReadAction\",\"target\":[\"https:\/\/ykmtest.com\/product\/automatic-flexural-testing-machines-rectangle-type\/\"]}]},{\"@type\":\"BreadcrumbList\",\"@id\":\"https:\/\/ykmtest.com\/product\/automatic-flexural-testing-machines-rectangle-type\/#breadcrumb\",\"itemListElement\":[{\"@type\":\"ListItem\",\"position\":1,\"name\":\"Home\",\"item\":\"https:\/\/ykmtest.com\/\"},{\"@type\":\"ListItem\",\"position\":2,\"name\":\"Products\",\"item\":\"https:\/\/ykmtest.com\/shop\/\"},{\"@type\":\"ListItem\",\"position\":3,\"name\":\"Automatic Flexural Testing Machines \u2013 Rectangle Type\"}]},{\"@type\":\"WebSite\",\"@id\":\"https:\/\/ykmtest.com\/#website\",\"url\":\"https:\/\/ykmtest.com\/\",\"name\":\"YKM TEST\",\"description\":\"\",\"publisher\":{\"@id\":\"https:\/\/ykmtest.com\/#organization\"},\"potentialAction\":[{\"@type\":\"SearchAction\",\"target\":{\"@type\":\"EntryPoint\",\"urlTemplate\":\"https:\/\/ykmtest.com\/?s={search_term_string}\"},\"query-input\":{\"@type\":\"PropertyValueSpecification\",\"valueRequired\":true,\"valueName\":\"search_term_string\"}}],\"inLanguage\":\"tr\"},{\"@type\":[\"Organization\",\"Place\"],\"@id\":\"https:\/\/ykmtest.com\/#organization\",\"name\":\"YKM TEST\",\"url\":\"https:\/\/ykmtest.com\/\",\"logo\":{\"@id\":\"https:\/\/ykmtest.com\/product\/automatic-flexural-testing-machines-rectangle-type\/#local-main-organization-logo\"},\"image\":{\"@id\":\"https:\/\/ykmtest.com\/product\/automatic-flexural-testing-machines-rectangle-type\/#local-main-organization-logo\"},\"telephone\":[],\"openingHoursSpecification\":[{\"@type\":\"OpeningHoursSpecification\",\"dayOfWeek\":[\"Monday\",\"Tuesday\",\"Wednesday\",\"Thursday\",\"Friday\",\"Saturday\",\"Sunday\"],\"opens\":\"09:00\",\"closes\":\"17:00\"}]},{\"@type\":\"ImageObject\",\"inLanguage\":\"tr\",\"@id\":\"https:\/\/ykmtest.com\/product\/automatic-flexural-testing-machines-rectangle-type\/#local-main-organization-logo\",\"url\":\"https:\/\/ykmtest.com\/wp-content\/uploads\/2025\/10\/Asset-2@2x-8.png\",\"contentUrl\":\"https:\/\/ykmtest.com\/wp-content\/uploads\/2025\/10\/Asset-2@2x-8.png\",\"width\":1550,\"height\":323,\"caption\":\"YKM TEST\"}]}<\/script>\n<meta property=\"product:price:currency\" content=\"USD\" \/>\n<meta property=\"og:availability\" content=\"instock\" \/>\n<meta property=\"product:availability\" content=\"instock\" \/>\n<meta property=\"product:condition\" content=\"new\" \/>\n<!-- \/ Yoast SEO Premium plugin. -->","yoast_head_json":{"title":"Automatic Flexural Testing Machines \u2013 Rectangle Type - YKM TEST","description":"Automatic Flexural Testing Machines \u2013 Rectangle Type provide precise, repeatable flexural strength testing of concrete beams, slabs, and prefabricated elements with real-time monitoring.","robots":{"index":"index","follow":"follow","max-snippet":"max-snippet:-1","max-image-preview":"max-image-preview:large","max-video-preview":"max-video-preview:-1"},"canonical":"https:\/\/ykmtest.com\/tr\/urun\/automatic-flexural-testing-machines-rectangle-type\/","og_locale":"tr_TR","og_type":"article","og_title":"Automatic Flexural Testing Machines \u2013 Rectangle Type","og_description":"Automatic Flexural Testing Machines \u2013 Rectangle Type provide precise, repeatable flexural strength testing of concrete beams, slabs, and prefabricated elements with real-time monitoring.","og_url":"https:\/\/ykmtest.com\/tr\/urun\/automatic-flexural-testing-machines-rectangle-type\/","og_site_name":"YKM TEST","twitter_card":"summary_large_image","twitter_misc":{"Price":"","Availability":"In stock"},"schema":{"@context":"https:\/\/schema.org","@graph":[{"@type":"WebPage","@id":"https:\/\/ykmtest.com\/product\/automatic-flexural-testing-machines-rectangle-type\/","url":"https:\/\/ykmtest.com\/product\/automatic-flexural-testing-machines-rectangle-type\/","name":"Automatic Flexural Testing Machines \u2013 Rectangle Type - YKM TEST","isPartOf":{"@id":"https:\/\/ykmtest.com\/#website"},"datePublished":"2025-12-24T08:59:55+00:00","description":"Automatic Flexural Testing Machines \u2013 Rectangle Type provide precise, repeatable flexural strength testing of concrete beams, slabs, and prefabricated elements with real-time monitoring.","breadcrumb":{"@id":"https:\/\/ykmtest.com\/product\/automatic-flexural-testing-machines-rectangle-type\/#breadcrumb"},"inLanguage":"tr","potentialAction":[{"@type":"ReadAction","target":["https:\/\/ykmtest.com\/product\/automatic-flexural-testing-machines-rectangle-type\/"]}]},{"@type":"BreadcrumbList","@id":"https:\/\/ykmtest.com\/product\/automatic-flexural-testing-machines-rectangle-type\/#breadcrumb","itemListElement":[{"@type":"ListItem","position":1,"name":"Home","item":"https:\/\/ykmtest.com\/"},{"@type":"ListItem","position":2,"name":"Products","item":"https:\/\/ykmtest.com\/shop\/"},{"@type":"ListItem","position":3,"name":"Automatic Flexural Testing Machines \u2013 Rectangle Type"}]},{"@type":"WebSite","@id":"https:\/\/ykmtest.com\/#website","url":"https:\/\/ykmtest.com\/","name":"YKM TEST\u0130","description":"","publisher":{"@id":"https:\/\/ykmtest.com\/#organization"},"potentialAction":[{"@type":"SearchAction","target":{"@type":"EntryPoint","urlTemplate":"https:\/\/ykmtest.com\/?s={search_term_string}"},"query-input":{"@type":"PropertyValueSpecification","valueRequired":true,"valueName":"search_term_string"}}],"inLanguage":"tr"},{"@type":["Organization","Place"],"@id":"https:\/\/ykmtest.com\/#organization","name":"YKM TEST\u0130","url":"https:\/\/ykmtest.com\/","logo":{"@id":"https:\/\/ykmtest.com\/product\/automatic-flexural-testing-machines-rectangle-type\/#local-main-organization-logo"},"image":{"@id":"https:\/\/ykmtest.com\/product\/automatic-flexural-testing-machines-rectangle-type\/#local-main-organization-logo"},"telephone":[],"openingHoursSpecification":[{"@type":"OpeningHoursSpecification","dayOfWeek":["Monday","Tuesday","Wednesday","Thursday","Friday","Saturday","Sunday"],"opens":"09:00","closes":"17:00"}]},{"@type":"ImageObject","inLanguage":"tr","@id":"https:\/\/ykmtest.com\/product\/automatic-flexural-testing-machines-rectangle-type\/#local-main-organization-logo","url":"https:\/\/ykmtest.com\/wp-content\/uploads\/2025\/10\/Asset-2@2x-8.png","contentUrl":"https:\/\/ykmtest.com\/wp-content\/uploads\/2025\/10\/Asset-2@2x-8.png","width":1550,"height":323,"caption":"YKM TEST"}]},"product_price_currency":"USD","og_availability":"instock","product_availability":"instock","product_condition":"new"},"_links":{"self":[{"href":"https:\/\/ykmtest.com\/tr\/wp-json\/wp\/v2\/product\/11473","targetHints":{"allow":["GET"]}}],"collection":[{"href":"https:\/\/ykmtest.com\/tr\/wp-json\/wp\/v2\/product"}],"about":[{"href":"https:\/\/ykmtest.com\/tr\/wp-json\/wp\/v2\/types\/product"}],"version-history":[{"count":1,"href":"https:\/\/ykmtest.com\/tr\/wp-json\/wp\/v2\/product\/11473\/revisions"}],"predecessor-version":[{"id":11474,"href":"https:\/\/ykmtest.com\/tr\/wp-json\/wp\/v2\/product\/11473\/revisions\/11474"}],"wp:attachment":[{"href":"https:\/\/ykmtest.com\/tr\/wp-json\/wp\/v2\/media?parent=11473"}],"wp:term":[{"taxonomy":"product_brand","embeddable":true,"href":"https:\/\/ykmtest.com\/tr\/wp-json\/wp\/v2\/product_brand?post=11473"},{"taxonomy":"product_cat","embeddable":true,"href":"https:\/\/ykmtest.com\/tr\/wp-json\/wp\/v2\/product_cat?post=11473"},{"taxonomy":"product_tag","embeddable":true,"href":"https:\/\/ykmtest.com\/tr\/wp-json\/wp\/v2\/product_tag?post=11473"}],"curies":[{"name":"wp","href":"https:\/\/api.w.org\/{rel}","templated":true}]}}