{"id":11475,"date":"2025-12-24T09:05:25","date_gmt":"2025-12-24T09:05:25","guid":{"rendered":"https:\/\/ykmtest.com\/?post_type=product&#038;p=11475"},"modified":"2025-12-24T09:05:26","modified_gmt":"2025-12-24T09:05:26","slug":"automatic-open-frame-flexural-testing-machine-c-type","status":"publish","type":"product","link":"https:\/\/ykmtest.com\/tr\/urun\/automatic-open-frame-flexural-testing-machine-c-type\/","title":{"rendered":"Otomatik A\u00e7\u0131k \u00c7er\u00e7eve E\u011filme Test Cihaz\u0131 - C-Tipi"},"content":{"rendered":"<p>C-Tipi E\u011filme Test \u00c7er\u00e7evesi, beton, har\u00e7, ta\u015f, kald\u0131r\u0131m bloklar\u0131 ve yap\u0131sal d\u00f6\u015feme numunelerinin e\u011filme dayan\u0131m\u0131n\u0131 y\u00fcksek hassasiyetle belirlemek i\u00e7in geli\u015ftirilmi\u015f bir test sistemidir. \u00d6n\u00fc a\u00e7\u0131k C-Frame tasar\u0131m\u0131 ile operat\u00f6r\u00fcn numuneye eri\u015fimi basitle\u015ftirilmi\u015ftir; a\u011f\u0131r numuneler h\u0131zl\u0131 ve g\u00fcvenli bir \u015fekilde konumland\u0131r\u0131labilir. Cihaz, y\u00fck uygulamas\u0131 ve k\u0131r\u0131lma tespitinden sonu\u00e7 hesaplama ve raporlamaya kadar t\u00fcm s\u00fcreci tamamen otomatik olarak y\u00f6netir. A\u00e7\u0131k g\u00f6vde tasar\u0131m\u0131, laboratuvarda yerden tasarruf sa\u011flarken, y\u00fcksek rijitlik ve d\u00fc\u015f\u00fck \u00e7er\u00e7eve deformasyonu sayesinde uzun vadeli do\u011fruluk sa\u011flar. Test d\u00f6ng\u00fcs\u00fc boyunca, y\u00fck uygulamas\u0131 do\u011frudan y\u00fck h\u00fccresi tabanl\u0131 bir \u00f6l\u00e7\u00fcm zinciri arac\u0131l\u0131\u011f\u0131yla kontrol edilir ve hidrolik bas\u0131n\u00e7 dalgalanmalar\u0131ndan ba\u011f\u0131ms\u0131z olarak ger\u00e7ek kuvvet de\u011ferlerinin kullan\u0131lmas\u0131n\u0131 sa\u011flar.<\/p>\n<h3>C-Tipi \u00c7er\u00e7eve Yap\u0131s\u0131 ve Mekanik Tasar\u0131m<\/h3>\n<p>YKMTEST Otomatik E\u011filme Test \u00c7er\u00e7evesi - C Tipi, y\u00fcksek mukavemetli \u00e7elik plakalardan \u00fcretilmi\u015f kaynakl\u0131 monoblok a\u00e7\u0131k \u00e7er\u00e7eve yap\u0131s\u0131na sahiptir. C tipi yap\u0131, geni\u015f bir y\u00fckleme alan\u0131 sa\u011flar ve numune yerle\u015ftirmeyi b\u00fcy\u00fck \u00f6l\u00e7\u00fcde basitle\u015ftirir. Bu d\u00fczen, beton kiri\u015fler, kald\u0131r\u0131m ta\u015flar\u0131, bord\u00fcr bloklar\u0131 ve seramik plakalar gibi a\u011f\u0131r veya geni\u015f numuneler i\u00e7in idealdir. A\u00e7\u0131k \u00e7er\u00e7eve, \u00f6n taraftan operat\u00f6r eri\u015fimine izin vererek, kald\u0131rma aksesuarlar\u0131na ihtiya\u00e7 duymadan numunenin test b\u00f6lgesine yerle\u015ftirilmesini sa\u011flar.<\/p>\n<h3>Otomatik Hidrolik Y\u00fckleme \u00dcnitesi<\/h3>\n<p>Cihaz, sessiz \u00e7al\u0131\u015fan pompalar ve elektronik valflerle donat\u0131lm\u0131\u015f otomatik bir hidrolik g\u00fc\u00e7 \u00fcnitesi arac\u0131l\u0131\u011f\u0131yla \u00e7al\u0131\u015f\u0131r. Pompa istikrarl\u0131 hidrolik ak\u0131\u015f sa\u011flarken, kontrol\u00f6r sabit bir y\u00fckleme oran\u0131n\u0131 korur; mikroi\u015flemci kontroll\u00fc sistem y\u00fckleme oran\u0131n\u0131 ger\u00e7ek zamanl\u0131 olarak ayarlar. Bu tasar\u0131m, sabit y\u00fckleme h\u0131z\u0131 gerektiren t\u00fcm uluslararas\u0131 test standartlar\u0131na uygundur. Hidrolik sistem, a\u015f\u0131r\u0131 bas\u0131n\u00e7 korumas\u0131, otomatik s\u0131f\u0131rlama ve ya\u011f seviyesi g\u00f6stergesi ile g\u00fcvenli \u00e7al\u0131\u015fma sa\u011flar. Y\u00fckleme a\u015famas\u0131ndan sonra, sistem otomatik olarak bas\u0131nc\u0131 d\u00fc\u015f\u00fcr\u00fcr ve bir sonraki test d\u00f6ng\u00fcs\u00fc i\u00e7in haz\u0131r hale gelir.<\/p>\n<h3>Operat\u00f6r Paneli ve Yaz\u0131l\u0131m<\/h3>\n<p>C-Tipi Otomatik E\u011filme Test \u00c7er\u00e7evesi, SenseProC dokunmatik ekranl\u0131 operat\u00f6r paneli arac\u0131l\u0131\u011f\u0131yla kontrol edilir. Test parametreleri, y\u00fck-zaman grafi\u011fi ve maksimum y\u00fck de\u011feri ger\u00e7ek zamanl\u0131 olarak g\u00f6r\u00fcnt\u00fclenir. Operat\u00f6r, destek a\u00e7\u0131kl\u0131\u011f\u0131n\u0131, y\u00fckleme h\u0131z\u0131n\u0131, test tipini ve numune boyutlar\u0131n\u0131 do\u011frudan ekrandan se\u00e7ebilir. SenseProFlex PC yaz\u0131l\u0131m\u0131 ile tam entegre \u00e7al\u0131\u015fma sa\u011flan\u0131r. Bir bilgisayara ba\u011fland\u0131\u011f\u0131nda, testler uzaktan ba\u015flat\u0131labilir ve izlenebilir ve sonu\u00e7lar otomatik olarak ar\u015fivlenir. Yaz\u0131l\u0131m test ge\u00e7mi\u015fini, grafik analiz ara\u00e7lar\u0131n\u0131 ve \u00f6zelle\u015ftirilebilir rapor \u015fablonlar\u0131n\u0131 i\u00e7erir. Raporlar PDF, Excel veya CSV formatlar\u0131nda d\u0131\u015fa aktar\u0131labilir. 10 noktal\u0131 kalibrasyon fonksiyonu ile farkl\u0131 y\u00fckleme aral\u0131klar\u0131nda ayr\u0131 do\u011fruluk e\u011frileri olu\u015fturulabilir. Kalibrasyon yaz\u0131l\u0131m arac\u0131l\u0131\u011f\u0131yla ger\u00e7ekle\u015ftirilir ve kalibrasyon verileri cihaz belle\u011finde saklan\u0131r.<\/p>\n<h3>Y\u00fckleme \/ Destek Sistemi<\/h3>\n<p>Y\u00fckleme kollar\u0131 ve destek ba\u015fl\u0131klar\u0131 \u0131s\u0131l i\u015flem g\u00f6rm\u00fc\u015f, sertle\u015ftirilmi\u015f \u00e7elikten imal edilmi\u015ftir. Destek a\u00e7\u0131kl\u0131\u011f\u0131 100-1000 mm aras\u0131nda ayarlanabilir. Y\u00fckleme sistemi iki noktal\u0131 veya d\u00f6rt noktal\u0131 e\u011filme konfig\u00fcrasyonlar\u0131 ile kullan\u0131labilir. Mafsall\u0131 y\u00fckleme ba\u015fl\u0131klar\u0131, uygulanan kuvvetlerin eksenel da\u011f\u0131l\u0131m\u0131n\u0131 sa\u011flar. Rijit C-\u00e7er\u00e7eve ve tek par\u00e7al\u0131 taban, \u00e7er\u00e7eve sapmas\u0131n\u0131 en aza indirerek eksenel do\u011frulukta y\u00fck aktar\u0131m\u0131 sa\u011flar ve do\u011fru ve tekrarlanabilir sonu\u00e7lar \u00fcretir. Y\u00fckleme sistemi sertle\u015ftirilmi\u015f ve ta\u015flanm\u0131\u015f silindirik silindirler kullan\u0131r; p\u00fcr\u00fczs\u00fcz temas y\u00fczeyleri kenar ezilmesini \u00f6nler. Alt silindirler kademesiz a\u00e7\u0131kl\u0131k ayar\u0131na sahiptir ve \u00e7er\u00e7eve \u00fczerindeki \u00f6l\u00e7ek i\u015faretleri hassas konumland\u0131rma sa\u011flar. \u00dcst kafa, merkez nokta ve \u00fc\u00e7\u00fcnc\u00fc nokta y\u00fckleme konfig\u00fcrasyonlar\u0131 aras\u0131nda h\u0131zl\u0131 ge\u00e7i\u015fe izin verecek \u015fekilde tasarlanm\u0131\u015ft\u0131r. K\u00fcresel olarak oturtulmu\u015f y\u00fckleme kafas\u0131, temas hatt\u0131n\u0131 koruyarak k\u00fc\u00e7\u00fck hizalama sapmalar\u0131n\u0131 telafi eder. LVDT\/enkoder \u00fcniteleri i\u00e7in ba\u011flant\u0131 portlar\u0131 orta a\u00e7\u0131kl\u0131k sapma \u00f6l\u00e7\u00fcmleri i\u00e7in sa\u011flanm\u0131\u015ft\u0131r; y\u00fcksek \u00e7\u00f6z\u00fcn\u00fcrl\u00fckl\u00fc geri bildirim, yer de\u011fi\u015ftirme kontroll\u00fc test senaryolar\u0131na olanak tan\u0131r. Hidrolik g\u00fc\u00e7 \u00fcnitesi ve servo kontrol, standartlara g\u00f6re sabit y\u00fckleme oran\u0131n\u0131 korur; maksimum kuvvet ar\u0131zada yakalan\u0131r ve e\u011filme mukavemeti hemen MPa cinsinden hesaplan\u0131r. Y\u00f6ntem \u015fablonlar\u0131, numune boyutlar\u0131 ve hedef y\u00fckleme h\u0131zlar\u0131 dokunmatik ekran HMI arac\u0131l\u0131\u011f\u0131yla se\u00e7ilir; ger\u00e7ek zamanl\u0131 y\u00fck-zaman ve y\u00fck-defleksiyon grafikleri g\u00f6r\u00fcnt\u00fclenir. Veri \u00e7\u0131k\u0131\u015f\u0131 USB\/Ethernet \u00fczerinden LIMS uyumlu formatta aktar\u0131l\u0131r; kullan\u0131c\u0131 yetkilendirme ve denetim izi \u00f6zellikleri kalite g\u00fcvencesini destekler.<\/p>\n<h3>G\u00fcvenlik ve Bak\u0131m<\/h3>\n<p>G\u00fcvenlik sistemi \u015feffaf bir koruyucu muhafaza, kap\u0131 kilidi kilitleme anahtar\u0131, acil durdurma ve strok\/a\u015f\u0131r\u0131 y\u00fck limitleri i\u00e7erir. Korozyona dayan\u0131kl\u0131 y\u00fczey kaplamas\u0131, p\u00fcr\u00fczs\u00fcz temas b\u00f6lgeleri ve geni\u015f servis eri\u015fimi h\u0131zl\u0131 temizlik ve minimum bak\u0131m sa\u011flar. Makine yayg\u0131n kiri\u015f boyutlar\u0131n\u0131 bar\u0131nd\u0131r\u0131r ve uluslararas\u0131 prosed\u00fcrlerin (\u00f6rne\u011fin EN 12390-5, ASTM C78\/C293) y\u00fckleme h\u0131z\u0131, temas geometrisi ve hizalama gereksinimlerini kar\u015f\u0131layacak \u015fekilde yap\u0131land\u0131r\u0131lm\u0131\u015ft\u0131r.<\/p>","protected":false},"excerpt":{"rendered":"<p>Otomatik A\u00e7\u0131k \u00c7er\u00e7eve E\u011filme Test Cihaz\u0131 - C-Tipi, beton, har\u00e7, ta\u015f, kald\u0131r\u0131m bloklar\u0131 ve yap\u0131sal plakalarda e\u011filme mukavemetinin do\u011fru ve tekrarlanabilir bir \u015fekilde belirlenmesi i\u00e7in tasarlanm\u0131\u015f, sa\u011flam monoblok yap\u0131, k\u00fcresel olarak oturtulmu\u015f y\u00fckleme kafalar\u0131, y\u00fck h\u00fccresi tabanl\u0131 \u00f6l\u00e7\u00fcm, otomatik hidrolik kontrol, ayarlanabilir destek a\u00e7\u0131kl\u0131klar\u0131, ger\u00e7ek zamanl\u0131 izleme ve g\u00fcvenli ve verimli laboratuvar \u00e7al\u0131\u015fmas\u0131 i\u00e7in geli\u015fmi\u015f yaz\u0131l\u0131m entegrasyonuna sahip tam otomatik, y\u00fcksek hassasiyetli bir C-\u00e7er\u00e7eve sistemidir.<\/p>","protected":false},"featured_media":0,"template":"","meta":{"_acf_changed":false},"product_brand":[],"product_cat":[142,144],"product_tag":[],"class_list":{"0":"post-11475","1":"product","2":"type-product","3":"status-publish","5":"product_cat-concrete","6":"product_cat-flexural-testing-machines","9":"instock","10":"shipping-taxable","11":"product-type-simple"},"acf":[],"yoast_head":"<!-- This site is optimized with the Yoast SEO Premium plugin v26.5 (Yoast SEO v26.5) - https:\/\/yoast.com\/wordpress\/plugins\/seo\/ -->\n<title>Automatic Open-Frame Flexural Testing Machine \u2013 C-Type - YKM TEST<\/title>\n<meta name=\"description\" content=\"Automatic Open-Frame Flexural Testing Machine \u2013 C-Type delivers precise, fully automatic flexural testing of concrete, mortar, stone, and slabs with real-time monitoring and safety features.\" \/>\n<meta name=\"robots\" content=\"index, follow, max-snippet:-1, max-image-preview:large, max-video-preview:-1\" \/>\n<link rel=\"canonical\" href=\"https:\/\/ykmtest.com\/tr\/urun\/automatic-open-frame-flexural-testing-machine-c-type\/\" \/>\n<meta property=\"og:locale\" content=\"tr_TR\" \/>\n<meta property=\"og:type\" content=\"article\" \/>\n<meta property=\"og:title\" content=\"Automatic Open-Frame Flexural Testing Machine \u2013 C-Type\" \/>\n<meta property=\"og:description\" content=\"Automatic Open-Frame Flexural Testing Machine \u2013 C-Type delivers precise, fully automatic flexural testing of concrete, mortar, stone, and slabs with real-time monitoring and safety features.\" \/>\n<meta property=\"og:url\" content=\"https:\/\/ykmtest.com\/tr\/urun\/automatic-open-frame-flexural-testing-machine-c-type\/\" \/>\n<meta property=\"og:site_name\" content=\"YKM TEST\" \/>\n<meta property=\"article:modified_time\" content=\"2025-12-24T09:05:26+00:00\" \/>\n<meta name=\"twitter:card\" content=\"summary_large_image\" \/>\n<meta name=\"twitter:label1\" content=\"Price\" \/>\n\t<meta name=\"twitter:data1\" content=\"\" \/>\n\t<meta name=\"twitter:label2\" content=\"Availability\" \/>\n\t<meta name=\"twitter:data2\" content=\"In stock\" \/>\n<script type=\"application\/ld+json\" class=\"yoast-schema-graph\">{\"@context\":\"https:\/\/schema.org\",\"@graph\":[{\"@type\":\"WebPage\",\"@id\":\"https:\/\/ykmtest.com\/product\/automatic-open-frame-flexural-testing-machine-c-type\/\",\"url\":\"https:\/\/ykmtest.com\/product\/automatic-open-frame-flexural-testing-machine-c-type\/\",\"name\":\"Automatic Open-Frame Flexural Testing Machine \u2013 C-Type - YKM TEST\",\"isPartOf\":{\"@id\":\"https:\/\/ykmtest.com\/#website\"},\"datePublished\":\"2025-12-24T09:05:25+00:00\",\"dateModified\":\"2025-12-24T09:05:26+00:00\",\"description\":\"Automatic Open-Frame Flexural Testing Machine \u2013 C-Type delivers precise, fully automatic flexural testing of concrete, mortar, stone, and slabs with real-time monitoring and safety features.\",\"breadcrumb\":{\"@id\":\"https:\/\/ykmtest.com\/product\/automatic-open-frame-flexural-testing-machine-c-type\/#breadcrumb\"},\"inLanguage\":\"tr\",\"potentialAction\":[{\"@type\":\"ReadAction\",\"target\":[\"https:\/\/ykmtest.com\/product\/automatic-open-frame-flexural-testing-machine-c-type\/\"]}]},{\"@type\":\"BreadcrumbList\",\"@id\":\"https:\/\/ykmtest.com\/product\/automatic-open-frame-flexural-testing-machine-c-type\/#breadcrumb\",\"itemListElement\":[{\"@type\":\"ListItem\",\"position\":1,\"name\":\"Home\",\"item\":\"https:\/\/ykmtest.com\/\"},{\"@type\":\"ListItem\",\"position\":2,\"name\":\"Products\",\"item\":\"https:\/\/ykmtest.com\/shop\/\"},{\"@type\":\"ListItem\",\"position\":3,\"name\":\"Automatic Open-Frame Flexural Testing Machine \u2013 C-Type\"}]},{\"@type\":\"WebSite\",\"@id\":\"https:\/\/ykmtest.com\/#website\",\"url\":\"https:\/\/ykmtest.com\/\",\"name\":\"YKM TEST\",\"description\":\"\",\"publisher\":{\"@id\":\"https:\/\/ykmtest.com\/#organization\"},\"potentialAction\":[{\"@type\":\"SearchAction\",\"target\":{\"@type\":\"EntryPoint\",\"urlTemplate\":\"https:\/\/ykmtest.com\/?s={search_term_string}\"},\"query-input\":{\"@type\":\"PropertyValueSpecification\",\"valueRequired\":true,\"valueName\":\"search_term_string\"}}],\"inLanguage\":\"tr\"},{\"@type\":[\"Organization\",\"Place\"],\"@id\":\"https:\/\/ykmtest.com\/#organization\",\"name\":\"YKM TEST\",\"url\":\"https:\/\/ykmtest.com\/\",\"logo\":{\"@id\":\"https:\/\/ykmtest.com\/product\/automatic-open-frame-flexural-testing-machine-c-type\/#local-main-organization-logo\"},\"image\":{\"@id\":\"https:\/\/ykmtest.com\/product\/automatic-open-frame-flexural-testing-machine-c-type\/#local-main-organization-logo\"},\"telephone\":[],\"openingHoursSpecification\":[{\"@type\":\"OpeningHoursSpecification\",\"dayOfWeek\":[\"Monday\",\"Tuesday\",\"Wednesday\",\"Thursday\",\"Friday\",\"Saturday\",\"Sunday\"],\"opens\":\"09:00\",\"closes\":\"17:00\"}]},{\"@type\":\"ImageObject\",\"inLanguage\":\"tr\",\"@id\":\"https:\/\/ykmtest.com\/product\/automatic-open-frame-flexural-testing-machine-c-type\/#local-main-organization-logo\",\"url\":\"https:\/\/ykmtest.com\/wp-content\/uploads\/2025\/10\/Asset-2@2x-8.png\",\"contentUrl\":\"https:\/\/ykmtest.com\/wp-content\/uploads\/2025\/10\/Asset-2@2x-8.png\",\"width\":1550,\"height\":323,\"caption\":\"YKM TEST\"}]}<\/script>\n<meta property=\"product:price:currency\" content=\"USD\" \/>\n<meta property=\"og:availability\" content=\"instock\" \/>\n<meta property=\"product:availability\" content=\"instock\" \/>\n<meta property=\"product:condition\" content=\"new\" \/>\n<!-- \/ Yoast SEO Premium plugin. -->","yoast_head_json":{"title":"Automatic Open-Frame Flexural Testing Machine \u2013 C-Type - YKM TEST","description":"Automatic Open-Frame Flexural Testing Machine \u2013 C-Type delivers precise, fully automatic flexural testing of concrete, mortar, stone, and slabs with real-time monitoring and safety features.","robots":{"index":"index","follow":"follow","max-snippet":"max-snippet:-1","max-image-preview":"max-image-preview:large","max-video-preview":"max-video-preview:-1"},"canonical":"https:\/\/ykmtest.com\/tr\/urun\/automatic-open-frame-flexural-testing-machine-c-type\/","og_locale":"tr_TR","og_type":"article","og_title":"Automatic Open-Frame Flexural Testing Machine \u2013 C-Type","og_description":"Automatic Open-Frame Flexural Testing Machine \u2013 C-Type delivers precise, fully automatic flexural testing of concrete, mortar, stone, and slabs with real-time monitoring and safety features.","og_url":"https:\/\/ykmtest.com\/tr\/urun\/automatic-open-frame-flexural-testing-machine-c-type\/","og_site_name":"YKM TEST","article_modified_time":"2025-12-24T09:05:26+00:00","twitter_card":"summary_large_image","twitter_misc":{"Price":"","Availability":"In stock"},"schema":{"@context":"https:\/\/schema.org","@graph":[{"@type":"WebPage","@id":"https:\/\/ykmtest.com\/product\/automatic-open-frame-flexural-testing-machine-c-type\/","url":"https:\/\/ykmtest.com\/product\/automatic-open-frame-flexural-testing-machine-c-type\/","name":"Automatic Open-Frame Flexural Testing Machine \u2013 C-Type - YKM TEST","isPartOf":{"@id":"https:\/\/ykmtest.com\/#website"},"datePublished":"2025-12-24T09:05:25+00:00","dateModified":"2025-12-24T09:05:26+00:00","description":"Automatic Open-Frame Flexural Testing Machine \u2013 C-Type delivers precise, fully automatic flexural testing of concrete, mortar, stone, and slabs with real-time monitoring and safety features.","breadcrumb":{"@id":"https:\/\/ykmtest.com\/product\/automatic-open-frame-flexural-testing-machine-c-type\/#breadcrumb"},"inLanguage":"tr","potentialAction":[{"@type":"ReadAction","target":["https:\/\/ykmtest.com\/product\/automatic-open-frame-flexural-testing-machine-c-type\/"]}]},{"@type":"BreadcrumbList","@id":"https:\/\/ykmtest.com\/product\/automatic-open-frame-flexural-testing-machine-c-type\/#breadcrumb","itemListElement":[{"@type":"ListItem","position":1,"name":"Home","item":"https:\/\/ykmtest.com\/"},{"@type":"ListItem","position":2,"name":"Products","item":"https:\/\/ykmtest.com\/shop\/"},{"@type":"ListItem","position":3,"name":"Automatic Open-Frame Flexural Testing Machine \u2013 C-Type"}]},{"@type":"WebSite","@id":"https:\/\/ykmtest.com\/#website","url":"https:\/\/ykmtest.com\/","name":"YKM TEST\u0130","description":"","publisher":{"@id":"https:\/\/ykmtest.com\/#organization"},"potentialAction":[{"@type":"SearchAction","target":{"@type":"EntryPoint","urlTemplate":"https:\/\/ykmtest.com\/?s={search_term_string}"},"query-input":{"@type":"PropertyValueSpecification","valueRequired":true,"valueName":"search_term_string"}}],"inLanguage":"tr"},{"@type":["Organization","Place"],"@id":"https:\/\/ykmtest.com\/#organization","name":"YKM TEST\u0130","url":"https:\/\/ykmtest.com\/","logo":{"@id":"https:\/\/ykmtest.com\/product\/automatic-open-frame-flexural-testing-machine-c-type\/#local-main-organization-logo"},"image":{"@id":"https:\/\/ykmtest.com\/product\/automatic-open-frame-flexural-testing-machine-c-type\/#local-main-organization-logo"},"telephone":[],"openingHoursSpecification":[{"@type":"OpeningHoursSpecification","dayOfWeek":["Monday","Tuesday","Wednesday","Thursday","Friday","Saturday","Sunday"],"opens":"09:00","closes":"17:00"}]},{"@type":"ImageObject","inLanguage":"tr","@id":"https:\/\/ykmtest.com\/product\/automatic-open-frame-flexural-testing-machine-c-type\/#local-main-organization-logo","url":"https:\/\/ykmtest.com\/wp-content\/uploads\/2025\/10\/Asset-2@2x-8.png","contentUrl":"https:\/\/ykmtest.com\/wp-content\/uploads\/2025\/10\/Asset-2@2x-8.png","width":1550,"height":323,"caption":"YKM TEST"}]},"product_price_currency":"USD","og_availability":"instock","product_availability":"instock","product_condition":"new"},"_links":{"self":[{"href":"https:\/\/ykmtest.com\/tr\/wp-json\/wp\/v2\/product\/11475","targetHints":{"allow":["GET"]}}],"collection":[{"href":"https:\/\/ykmtest.com\/tr\/wp-json\/wp\/v2\/product"}],"about":[{"href":"https:\/\/ykmtest.com\/tr\/wp-json\/wp\/v2\/types\/product"}],"version-history":[{"count":1,"href":"https:\/\/ykmtest.com\/tr\/wp-json\/wp\/v2\/product\/11475\/revisions"}],"predecessor-version":[{"id":11476,"href":"https:\/\/ykmtest.com\/tr\/wp-json\/wp\/v2\/product\/11475\/revisions\/11476"}],"wp:attachment":[{"href":"https:\/\/ykmtest.com\/tr\/wp-json\/wp\/v2\/media?parent=11475"}],"wp:term":[{"taxonomy":"product_brand","embeddable":true,"href":"https:\/\/ykmtest.com\/tr\/wp-json\/wp\/v2\/product_brand?post=11475"},{"taxonomy":"product_cat","embeddable":true,"href":"https:\/\/ykmtest.com\/tr\/wp-json\/wp\/v2\/product_cat?post=11475"},{"taxonomy":"product_tag","embeddable":true,"href":"https:\/\/ykmtest.com\/tr\/wp-json\/wp\/v2\/product_tag?post=11475"}],"curies":[{"name":"wp","href":"https:\/\/api.w.org\/{rel}","templated":true}]}}