{"id":11481,"date":"2025-12-24T11:14:48","date_gmt":"2025-12-24T11:14:48","guid":{"rendered":"https:\/\/ykmtest.com\/?post_type=product&#038;p=11481"},"modified":"2025-12-24T11:17:28","modified_gmt":"2025-12-24T11:17:28","slug":"vebe-consistometer","status":"publish","type":"product","link":"https:\/\/ykmtest.com\/tr\/urun\/vebe-consistometer\/","title":{"rendered":"Vebe Konsistometre"},"content":{"rendered":"<p data-start=\"584\" data-end=\"742\">Vebe Konsistometre, taze betonun \u00e7e\u015fitli standartlar alt\u0131nda i\u015flenebilirli\u011fini ve k\u0131vam\u0131n\u0131 belirlemek i\u00e7in tasarlanm\u0131\u015f hassas bir laboratuvar cihaz\u0131d\u0131r:<\/p>\n<ul data-start=\"744\" data-end=\"1595\">\n<li data-start=\"744\" data-end=\"1140\">\n<p data-start=\"746\" data-end=\"1140\"><strong data-start=\"746\" data-end=\"776\">TS EN 12350-3 (Vebe Deneyi):<\/strong> \u00c7\u00f6kme testlerinin uygulanamad\u0131\u011f\u0131 sert veya kuru beton kar\u0131\u015f\u0131mlar\u0131 i\u00e7in uygundur. Beton, konik bir yerle\u015ftirici kullan\u0131larak silindirik bir kal\u0131ba yerle\u015ftirilir. Kal\u0131p \u00e7\u0131kar\u0131ld\u0131ktan sonra beton y\u00fczeyine \u015feffaf bir disk yerle\u015ftirilir ve titre\u015fim masas\u0131 etkinle\u015ftirilir. Vebe s\u00fcresi (diskin betonla tam olarak temas etmesine kadar ge\u00e7en s\u00fcre) i\u015flenebilirli\u011fi g\u00f6sterir.<\/p>\n<\/li>\n<li data-start=\"1142\" data-end=\"1330\">\n<p data-start=\"1144\" data-end=\"1330\"><strong data-start=\"1144\" data-end=\"1178\">ASTM C1170 (Plastik Beton):<\/strong> Y\u00fcksek \u00e7\u00f6kmeli plastik beton i\u00e7in optimize edilmi\u015ftir. A\u011f\u0131rl\u0131kl\u0131 disk, daha yo\u011fun s\u0131k\u0131\u015ft\u0131rma sa\u011flayarak beton plastisitesine odaklanan \u00f6l\u00e7\u00fcmler sa\u011flar.<\/p>\n<\/li>\n<li data-start=\"1332\" data-end=\"1595\">\n<p data-start=\"1334\" data-end=\"1595\"><strong data-start=\"1334\" data-end=\"1377\">ASTM C1176 (Silindirle S\u0131k\u0131\u015ft\u0131r\u0131lm\u0131\u015f Beton):<\/strong> \u00c7ok kuru, d\u00fc\u015f\u00fck \u00e7\u00f6kmeli veya silindirle s\u0131k\u0131\u015ft\u0131r\u0131lm\u0131\u015f beton (RCC) i\u00e7in tasarlanm\u0131\u015ft\u0131r. G\u00fc\u00e7lendirilmi\u015f titre\u015fim masas\u0131 ve a\u011f\u0131rl\u0131kl\u0131 disk, ge\u00e7en s\u00fcre Vebe s\u00fcresi olarak kaydedilerek a\u015f\u0131r\u0131 sert kar\u0131\u015f\u0131mlar\u0131n do\u011fru \u015fekilde \u00f6l\u00e7\u00fclmesini sa\u011flar.<\/p>\n<\/li>\n<\/ul>\n<p data-start=\"1597\" data-end=\"1820\">Cihaz, tutarl\u0131 \u00e7al\u0131\u015fma i\u00e7in y\u00fcksek frekansl\u0131 bir titre\u015fim motoruna, stabilite i\u00e7in sa\u011flam \u00e7elik yap\u0131ya ve g\u00fcvenli, tekrarlanabilir ve standartlara uygun testler sa\u011flamak i\u00e7in kullan\u0131c\u0131 dostu bir kuruluma sahiptir.<\/p>","protected":false},"excerpt":{"rendered":"<p>Vebe Konsistometre, TS EN 12350-3, ASTM C1170 ve ASTM C1176 standartlar\u0131na uygun olarak d\u00fc\u015f\u00fck ila y\u00fcksek \u00e7\u00f6kmeli taze betonun i\u015flenebilirli\u011fini \u00f6l\u00e7er. Sert, plastik veya silindirle s\u0131k\u0131\u015ft\u0131r\u0131lm\u0131\u015f beton kar\u0131\u015f\u0131mlar\u0131 i\u00e7in ideal olan bu cihaz, do\u011fru ve tekrarlanabilir sonu\u00e7lar i\u00e7in y\u00fcksek frekansl\u0131 titre\u015fim tablas\u0131, \u015feffaf disk ve a\u011f\u0131r hizmet tipi \u00e7elik konstr\u00fcksiyona sahiptir.<\/p>","protected":false},"featured_media":0,"template":"","meta":{"_acf_changed":false},"product_brand":[],"product_cat":[142,145],"product_tag":[],"class_list":{"0":"post-11481","1":"product","2":"type-product","3":"status-publish","5":"product_cat-concrete","6":"product_cat-workability-and-consistency","9":"instock","10":"shipping-taxable","11":"product-type-simple"},"acf":[],"yoast_head":"<!-- This site is optimized with the Yoast SEO Premium plugin v26.5 (Yoast SEO v26.5) - https:\/\/yoast.com\/wordpress\/plugins\/seo\/ -->\n<title>Vebe Consistometer - YKM TEST<\/title>\n<meta name=\"description\" content=\"Vebe Consistometer for fresh concrete workability testing in compliance with TS EN 12350-3, ASTM C1170, and ASTM C1176. Measures low to high slump, plastic, stiff, and roller-compacted concrete accurately and repeatably.\" \/>\n<meta name=\"robots\" content=\"index, follow, max-snippet:-1, max-image-preview:large, max-video-preview:-1\" \/>\n<link rel=\"canonical\" href=\"https:\/\/ykmtest.com\/tr\/urun\/vebe-consistometer\/\" \/>\n<meta property=\"og:locale\" content=\"tr_TR\" \/>\n<meta property=\"og:type\" content=\"article\" \/>\n<meta property=\"og:title\" content=\"Vebe Consistometer\" \/>\n<meta property=\"og:description\" content=\"Vebe Consistometer for fresh concrete workability testing in compliance with TS EN 12350-3, ASTM C1170, and ASTM C1176. Measures low to high slump, plastic, stiff, and roller-compacted concrete accurately and repeatably.\" \/>\n<meta property=\"og:url\" content=\"https:\/\/ykmtest.com\/tr\/urun\/vebe-consistometer\/\" \/>\n<meta property=\"og:site_name\" content=\"YKM TEST\" \/>\n<meta property=\"article:modified_time\" content=\"2025-12-24T11:17:28+00:00\" \/>\n<meta name=\"twitter:card\" content=\"summary_large_image\" \/>\n<meta name=\"twitter:label1\" content=\"Price\" \/>\n\t<meta name=\"twitter:data1\" content=\"\" \/>\n\t<meta name=\"twitter:label2\" content=\"Availability\" \/>\n\t<meta name=\"twitter:data2\" content=\"In stock\" \/>\n<script type=\"application\/ld+json\" class=\"yoast-schema-graph\">{\"@context\":\"https:\/\/schema.org\",\"@graph\":[{\"@type\":\"WebPage\",\"@id\":\"https:\/\/ykmtest.com\/product\/vebe-consistometer\/\",\"url\":\"https:\/\/ykmtest.com\/product\/vebe-consistometer\/\",\"name\":\"Vebe Consistometer - YKM TEST\",\"isPartOf\":{\"@id\":\"https:\/\/ykmtest.com\/#website\"},\"datePublished\":\"2025-12-24T11:14:48+00:00\",\"dateModified\":\"2025-12-24T11:17:28+00:00\",\"description\":\"Vebe Consistometer for fresh concrete workability testing in compliance with TS EN 12350-3, ASTM C1170, and ASTM C1176. Measures low to high slump, plastic, stiff, and roller-compacted concrete accurately and repeatably.\",\"breadcrumb\":{\"@id\":\"https:\/\/ykmtest.com\/product\/vebe-consistometer\/#breadcrumb\"},\"inLanguage\":\"tr\",\"potentialAction\":[{\"@type\":\"ReadAction\",\"target\":[\"https:\/\/ykmtest.com\/product\/vebe-consistometer\/\"]}]},{\"@type\":\"BreadcrumbList\",\"@id\":\"https:\/\/ykmtest.com\/product\/vebe-consistometer\/#breadcrumb\",\"itemListElement\":[{\"@type\":\"ListItem\",\"position\":1,\"name\":\"Home\",\"item\":\"https:\/\/ykmtest.com\/\"},{\"@type\":\"ListItem\",\"position\":2,\"name\":\"Products\",\"item\":\"https:\/\/ykmtest.com\/shop\/\"},{\"@type\":\"ListItem\",\"position\":3,\"name\":\"Vebe Consistometer\"}]},{\"@type\":\"WebSite\",\"@id\":\"https:\/\/ykmtest.com\/#website\",\"url\":\"https:\/\/ykmtest.com\/\",\"name\":\"YKM TEST\",\"description\":\"\",\"publisher\":{\"@id\":\"https:\/\/ykmtest.com\/#organization\"},\"potentialAction\":[{\"@type\":\"SearchAction\",\"target\":{\"@type\":\"EntryPoint\",\"urlTemplate\":\"https:\/\/ykmtest.com\/?s={search_term_string}\"},\"query-input\":{\"@type\":\"PropertyValueSpecification\",\"valueRequired\":true,\"valueName\":\"search_term_string\"}}],\"inLanguage\":\"tr\"},{\"@type\":[\"Organization\",\"Place\"],\"@id\":\"https:\/\/ykmtest.com\/#organization\",\"name\":\"YKM TEST\",\"url\":\"https:\/\/ykmtest.com\/\",\"logo\":{\"@id\":\"https:\/\/ykmtest.com\/product\/vebe-consistometer\/#local-main-organization-logo\"},\"image\":{\"@id\":\"https:\/\/ykmtest.com\/product\/vebe-consistometer\/#local-main-organization-logo\"},\"telephone\":[],\"openingHoursSpecification\":[{\"@type\":\"OpeningHoursSpecification\",\"dayOfWeek\":[\"Monday\",\"Tuesday\",\"Wednesday\",\"Thursday\",\"Friday\",\"Saturday\",\"Sunday\"],\"opens\":\"09:00\",\"closes\":\"17:00\"}]},{\"@type\":\"ImageObject\",\"inLanguage\":\"tr\",\"@id\":\"https:\/\/ykmtest.com\/product\/vebe-consistometer\/#local-main-organization-logo\",\"url\":\"https:\/\/ykmtest.com\/wp-content\/uploads\/2025\/10\/Asset-2@2x-8.png\",\"contentUrl\":\"https:\/\/ykmtest.com\/wp-content\/uploads\/2025\/10\/Asset-2@2x-8.png\",\"width\":1550,\"height\":323,\"caption\":\"YKM TEST\"}]}<\/script>\n<meta property=\"product:price:currency\" content=\"USD\" \/>\n<meta property=\"og:availability\" content=\"instock\" \/>\n<meta property=\"product:availability\" content=\"instock\" \/>\n<meta property=\"product:condition\" content=\"new\" \/>\n<!-- \/ Yoast SEO Premium plugin. -->","yoast_head_json":{"title":"Vebe Consistometer - YKM TEST","description":"Vebe Consistometer for fresh concrete workability testing in compliance with TS EN 12350-3, ASTM C1170, and ASTM C1176. Measures low to high slump, plastic, stiff, and roller-compacted concrete accurately and repeatably.","robots":{"index":"index","follow":"follow","max-snippet":"max-snippet:-1","max-image-preview":"max-image-preview:large","max-video-preview":"max-video-preview:-1"},"canonical":"https:\/\/ykmtest.com\/tr\/urun\/vebe-consistometer\/","og_locale":"tr_TR","og_type":"article","og_title":"Vebe Consistometer","og_description":"Vebe Consistometer for fresh concrete workability testing in compliance with TS EN 12350-3, ASTM C1170, and ASTM C1176. Measures low to high slump, plastic, stiff, and roller-compacted concrete accurately and repeatably.","og_url":"https:\/\/ykmtest.com\/tr\/urun\/vebe-consistometer\/","og_site_name":"YKM TEST","article_modified_time":"2025-12-24T11:17:28+00:00","twitter_card":"summary_large_image","twitter_misc":{"Price":"","Availability":"In stock"},"schema":{"@context":"https:\/\/schema.org","@graph":[{"@type":"WebPage","@id":"https:\/\/ykmtest.com\/product\/vebe-consistometer\/","url":"https:\/\/ykmtest.com\/product\/vebe-consistometer\/","name":"Vebe Consistometer - YKM TEST","isPartOf":{"@id":"https:\/\/ykmtest.com\/#website"},"datePublished":"2025-12-24T11:14:48+00:00","dateModified":"2025-12-24T11:17:28+00:00","description":"Vebe Consistometer for fresh concrete workability testing in compliance with TS EN 12350-3, ASTM C1170, and ASTM C1176. Measures low to high slump, plastic, stiff, and roller-compacted concrete accurately and repeatably.","breadcrumb":{"@id":"https:\/\/ykmtest.com\/product\/vebe-consistometer\/#breadcrumb"},"inLanguage":"tr","potentialAction":[{"@type":"ReadAction","target":["https:\/\/ykmtest.com\/product\/vebe-consistometer\/"]}]},{"@type":"BreadcrumbList","@id":"https:\/\/ykmtest.com\/product\/vebe-consistometer\/#breadcrumb","itemListElement":[{"@type":"ListItem","position":1,"name":"Home","item":"https:\/\/ykmtest.com\/"},{"@type":"ListItem","position":2,"name":"Products","item":"https:\/\/ykmtest.com\/shop\/"},{"@type":"ListItem","position":3,"name":"Vebe Consistometer"}]},{"@type":"WebSite","@id":"https:\/\/ykmtest.com\/#website","url":"https:\/\/ykmtest.com\/","name":"YKM TEST\u0130","description":"","publisher":{"@id":"https:\/\/ykmtest.com\/#organization"},"potentialAction":[{"@type":"SearchAction","target":{"@type":"EntryPoint","urlTemplate":"https:\/\/ykmtest.com\/?s={search_term_string}"},"query-input":{"@type":"PropertyValueSpecification","valueRequired":true,"valueName":"search_term_string"}}],"inLanguage":"tr"},{"@type":["Organization","Place"],"@id":"https:\/\/ykmtest.com\/#organization","name":"YKM TEST\u0130","url":"https:\/\/ykmtest.com\/","logo":{"@id":"https:\/\/ykmtest.com\/product\/vebe-consistometer\/#local-main-organization-logo"},"image":{"@id":"https:\/\/ykmtest.com\/product\/vebe-consistometer\/#local-main-organization-logo"},"telephone":[],"openingHoursSpecification":[{"@type":"OpeningHoursSpecification","dayOfWeek":["Monday","Tuesday","Wednesday","Thursday","Friday","Saturday","Sunday"],"opens":"09:00","closes":"17:00"}]},{"@type":"ImageObject","inLanguage":"tr","@id":"https:\/\/ykmtest.com\/product\/vebe-consistometer\/#local-main-organization-logo","url":"https:\/\/ykmtest.com\/wp-content\/uploads\/2025\/10\/Asset-2@2x-8.png","contentUrl":"https:\/\/ykmtest.com\/wp-content\/uploads\/2025\/10\/Asset-2@2x-8.png","width":1550,"height":323,"caption":"YKM TEST"}]},"product_price_currency":"USD","og_availability":"instock","product_availability":"instock","product_condition":"new"},"_links":{"self":[{"href":"https:\/\/ykmtest.com\/tr\/wp-json\/wp\/v2\/product\/11481","targetHints":{"allow":["GET"]}}],"collection":[{"href":"https:\/\/ykmtest.com\/tr\/wp-json\/wp\/v2\/product"}],"about":[{"href":"https:\/\/ykmtest.com\/tr\/wp-json\/wp\/v2\/types\/product"}],"version-history":[{"count":2,"href":"https:\/\/ykmtest.com\/tr\/wp-json\/wp\/v2\/product\/11481\/revisions"}],"predecessor-version":[{"id":11483,"href":"https:\/\/ykmtest.com\/tr\/wp-json\/wp\/v2\/product\/11481\/revisions\/11483"}],"wp:attachment":[{"href":"https:\/\/ykmtest.com\/tr\/wp-json\/wp\/v2\/media?parent=11481"}],"wp:term":[{"taxonomy":"product_brand","embeddable":true,"href":"https:\/\/ykmtest.com\/tr\/wp-json\/wp\/v2\/product_brand?post=11481"},{"taxonomy":"product_cat","embeddable":true,"href":"https:\/\/ykmtest.com\/tr\/wp-json\/wp\/v2\/product_cat?post=11481"},{"taxonomy":"product_tag","embeddable":true,"href":"https:\/\/ykmtest.com\/tr\/wp-json\/wp\/v2\/product_tag?post=11481"}],"curies":[{"name":"wp","href":"https:\/\/api.w.org\/{rel}","templated":true}]}}