{"id":11502,"date":"2025-12-25T11:29:53","date_gmt":"2025-12-25T11:29:53","guid":{"rendered":"https:\/\/ykmtest.com\/?post_type=product&#038;p=11502"},"modified":"2025-12-25T11:29:53","modified_gmt":"2025-12-25T11:29:53","slug":"scc-sieve-segregation-test-set","status":"publish","type":"product","link":"https:\/\/ykmtest.com\/tr\/urun\/scc-sieve-segregation-test-set\/","title":{"rendered":"SCC - Elek Ayr\u0131\u015ft\u0131rma Test Seti"},"content":{"rendered":"<p class=\"p2\"><span lang=\"TR\">SCC - Elek Ayr\u0131\u015fmas\u0131 Test Seti, kendili\u011finden yerle\u015fen betonun (SCC) elek ayr\u0131\u015fmas\u0131na kar\u015f\u0131 direncini belirlemek i\u00e7in tasarlanm\u0131\u015f dayan\u0131kl\u0131 ve kullan\u0131m\u0131 kolay bir ekipman sistemidir. Setin merkezinde EN standartlar\u0131na uygun delikli plaka test ele\u011fi bulunur; kare g\u00f6zenekli d\u00fczeni kaba partik\u00fclleri kontroll\u00fc bir \u015fekilde tutarak tekrarlanabilir \u00f6l\u00e7\u00fcmler sa\u011flar. Paslanmaz \u00e7elik g\u00f6vde ve sert halka, a\u011f\u0131r laboratuvar kullan\u0131m\u0131 alt\u0131nda formunu korur; p\u00fcr\u00fczs\u00fcz i\u00e7 y\u00fczeyler malzeme ge\u00e7i\u015fi s\u0131ras\u0131nda s\u00fcrt\u00fcnmeyi azalt\u0131r ve h\u0131zl\u0131 temizlik sa\u011flar.<\/span><\/p>","protected":false},"excerpt":{"rendered":"<p>SCC - Elek Ayr\u0131\u015fmas\u0131 Test Seti, kendili\u011finden yerle\u015fen betonun (SCC) elek ayr\u0131\u015fmas\u0131na kar\u015f\u0131 direncini standartla\u015ft\u0131r\u0131lm\u0131\u015f ve tekrarlanabilir laboratuvar ko\u015fullar\u0131 alt\u0131nda de\u011ferlendirmek i\u00e7in tasarlanm\u0131\u015f sa\u011flam ve hassas bir cihazd\u0131r.<\/p>","protected":false},"featured_media":0,"template":"","meta":{"_acf_changed":false},"product_brand":[],"product_cat":[142,146],"product_tag":[],"class_list":{"0":"post-11502","1":"product","2":"type-product","3":"status-publish","5":"product_cat-concrete","6":"product_cat-scc-testing-equipments","9":"instock","10":"shipping-taxable","11":"product-type-simple"},"acf":[],"yoast_head":"<!-- This site is optimized with the Yoast SEO Premium plugin v26.5 (Yoast SEO v27.5) - https:\/\/yoast.com\/product\/yoast-seo-premium-wordpress\/ -->\n<title>SCC \u2013 Sieve Segregation Test Set - YKM TEST<\/title>\n<meta name=\"description\" content=\"SCC Sieve Segregation Test Set for measuring segregation resistance of self-compacting concrete using EN-compliant perforated sieve under laboratory conditions.\" \/>\n<meta name=\"robots\" content=\"index, follow, max-snippet:-1, max-image-preview:large, max-video-preview:-1\" \/>\n<link rel=\"canonical\" href=\"https:\/\/darkorchid-cheetah-525435.hostingersite.com\/product\/scc-sieve-segregation-test-set\/\" \/>\n<meta property=\"og:locale\" content=\"tr_TR\" \/>\n<meta property=\"og:type\" content=\"article\" \/>\n<meta property=\"og:title\" content=\"SCC \u2013 Sieve Segregation Test Set\" \/>\n<meta property=\"og:description\" content=\"SCC Sieve Segregation Test Set for measuring segregation resistance of self-compacting concrete using EN-compliant perforated sieve under laboratory conditions.\" \/>\n<meta property=\"og:url\" content=\"https:\/\/darkorchid-cheetah-525435.hostingersite.com\/product\/scc-sieve-segregation-test-set\/\" \/>\n<meta property=\"og:site_name\" content=\"YKM TEST\" \/>\n<meta name=\"twitter:card\" content=\"summary_large_image\" \/>\n<meta name=\"twitter:label1\" content=\"Fiyat\" \/>\n\t<meta name=\"twitter:data1\" content=\"\" \/>\n\t<meta name=\"twitter:label2\" content=\"Durumu\" \/>\n\t<meta name=\"twitter:data2\" content=\"Stokta var\" \/>\n<script type=\"application\/ld+json\" class=\"yoast-schema-graph\">{\"@context\":\"https:\\\/\\\/schema.org\",\"@graph\":[{\"@type\":\"WebPage\",\"@id\":\"https:\\\/\\\/darkorchid-cheetah-525435.hostingersite.com\\\/product\\\/scc-sieve-segregation-test-set\\\/\",\"url\":\"https:\\\/\\\/darkorchid-cheetah-525435.hostingersite.com\\\/product\\\/scc-sieve-segregation-test-set\\\/\",\"name\":\"SCC \u2013 Sieve Segregation Test Set - YKM TEST\",\"isPartOf\":{\"@id\":\"https:\\\/\\\/darkorchid-cheetah-525435.hostingersite.com\\\/#website\"},\"datePublished\":\"2025-12-25T11:29:53+00:00\",\"description\":\"SCC Sieve Segregation Test Set for measuring segregation resistance of self-compacting concrete using EN-compliant perforated sieve under laboratory conditions.\",\"breadcrumb\":{\"@id\":\"https:\\\/\\\/darkorchid-cheetah-525435.hostingersite.com\\\/product\\\/scc-sieve-segregation-test-set\\\/#breadcrumb\"},\"inLanguage\":\"tr\",\"potentialAction\":[{\"@type\":\"ReadAction\",\"target\":[\"https:\\\/\\\/darkorchid-cheetah-525435.hostingersite.com\\\/product\\\/scc-sieve-segregation-test-set\\\/\"]}]},{\"@type\":\"BreadcrumbList\",\"@id\":\"https:\\\/\\\/darkorchid-cheetah-525435.hostingersite.com\\\/product\\\/scc-sieve-segregation-test-set\\\/#breadcrumb\",\"itemListElement\":[{\"@type\":\"ListItem\",\"position\":1,\"name\":\"Home\",\"item\":\"https:\\\/\\\/darkorchid-cheetah-525435.hostingersite.com\\\/\"},{\"@type\":\"ListItem\",\"position\":2,\"name\":\"\u0422\u043e\u0432\u0430\u0440\u044b\",\"item\":\"https:\\\/\\\/ykmtest.com\\\/ru\\\/shop\\\/\"},{\"@type\":\"ListItem\",\"position\":3,\"name\":\"SCC \u2013 Sieve Segregation Test Set\"}]},{\"@type\":\"WebSite\",\"@id\":\"https:\\\/\\\/darkorchid-cheetah-525435.hostingersite.com\\\/#website\",\"url\":\"https:\\\/\\\/darkorchid-cheetah-525435.hostingersite.com\\\/\",\"name\":\"YKM TEST\",\"description\":\"\",\"publisher\":{\"@id\":\"https:\\\/\\\/darkorchid-cheetah-525435.hostingersite.com\\\/#organization\"},\"potentialAction\":[{\"@type\":\"SearchAction\",\"target\":{\"@type\":\"EntryPoint\",\"urlTemplate\":\"https:\\\/\\\/darkorchid-cheetah-525435.hostingersite.com\\\/?s={search_term_string}\"},\"query-input\":{\"@type\":\"PropertyValueSpecification\",\"valueRequired\":true,\"valueName\":\"search_term_string\"}}],\"inLanguage\":\"tr\"},{\"@type\":[\"Organization\",\"Place\"],\"@id\":\"https:\\\/\\\/darkorchid-cheetah-525435.hostingersite.com\\\/#organization\",\"name\":\"YKM TEST\",\"url\":\"https:\\\/\\\/darkorchid-cheetah-525435.hostingersite.com\\\/\",\"logo\":{\"@id\":\"https:\\\/\\\/darkorchid-cheetah-525435.hostingersite.com\\\/product\\\/scc-sieve-segregation-test-set\\\/#local-main-organization-logo\"},\"image\":{\"@id\":\"https:\\\/\\\/darkorchid-cheetah-525435.hostingersite.com\\\/product\\\/scc-sieve-segregation-test-set\\\/#local-main-organization-logo\"},\"telephone\":[],\"openingHoursSpecification\":[{\"@type\":\"OpeningHoursSpecification\",\"dayOfWeek\":[\"Monday\",\"Tuesday\",\"Wednesday\",\"Thursday\",\"Friday\",\"Saturday\",\"Sunday\"],\"opens\":\"09:00\",\"closes\":\"17:00\"}]},{\"@type\":\"ImageObject\",\"inLanguage\":\"tr\",\"@id\":\"https:\\\/\\\/darkorchid-cheetah-525435.hostingersite.com\\\/product\\\/scc-sieve-segregation-test-set\\\/#local-main-organization-logo\",\"url\":\"https:\\\/\\\/ykmtest.com\\\/wp-content\\\/uploads\\\/2025\\\/10\\\/Asset-2@2x-8.png\",\"contentUrl\":\"https:\\\/\\\/ykmtest.com\\\/wp-content\\\/uploads\\\/2025\\\/10\\\/Asset-2@2x-8.png\",\"width\":1550,\"height\":323,\"caption\":\"YKM TEST\"}]}<\/script>\n<meta property=\"product:price:currency\" content=\"USD\" \/>\n<meta property=\"og:availability\" content=\"instock\" \/>\n<meta property=\"product:availability\" content=\"instock\" \/>\n<meta property=\"product:condition\" content=\"new\" \/>\n<!-- \/ Yoast SEO Premium plugin. -->","yoast_head_json":{"title":"SCC \u2013 Sieve Segregation Test Set - YKM TEST","description":"SCC Sieve Segregation Test Set for measuring segregation resistance of self-compacting concrete using EN-compliant perforated sieve under laboratory conditions.","robots":{"index":"index","follow":"follow","max-snippet":"max-snippet:-1","max-image-preview":"max-image-preview:large","max-video-preview":"max-video-preview:-1"},"canonical":"https:\/\/darkorchid-cheetah-525435.hostingersite.com\/product\/scc-sieve-segregation-test-set\/","og_locale":"tr_TR","og_type":"article","og_title":"SCC \u2013 Sieve Segregation Test Set","og_description":"SCC Sieve Segregation Test Set for measuring segregation resistance of self-compacting concrete using EN-compliant perforated sieve under laboratory conditions.","og_url":"https:\/\/darkorchid-cheetah-525435.hostingersite.com\/product\/scc-sieve-segregation-test-set\/","og_site_name":"YKM TEST","twitter_card":"summary_large_image","twitter_misc":{"Fiyat":"","Durumu":"Stokta var"},"schema":{"@context":"https:\/\/schema.org","@graph":[{"@type":"WebPage","@id":"https:\/\/darkorchid-cheetah-525435.hostingersite.com\/product\/scc-sieve-segregation-test-set\/","url":"https:\/\/darkorchid-cheetah-525435.hostingersite.com\/product\/scc-sieve-segregation-test-set\/","name":"SCC \u2013 Sieve Segregation Test Set - YKM TEST","isPartOf":{"@id":"https:\/\/darkorchid-cheetah-525435.hostingersite.com\/#website"},"datePublished":"2025-12-25T11:29:53+00:00","description":"SCC Sieve Segregation Test Set for measuring segregation resistance of self-compacting concrete using EN-compliant perforated sieve under laboratory conditions.","breadcrumb":{"@id":"https:\/\/darkorchid-cheetah-525435.hostingersite.com\/product\/scc-sieve-segregation-test-set\/#breadcrumb"},"inLanguage":"tr","potentialAction":[{"@type":"ReadAction","target":["https:\/\/darkorchid-cheetah-525435.hostingersite.com\/product\/scc-sieve-segregation-test-set\/"]}]},{"@type":"BreadcrumbList","@id":"https:\/\/darkorchid-cheetah-525435.hostingersite.com\/product\/scc-sieve-segregation-test-set\/#breadcrumb","itemListElement":[{"@type":"ListItem","position":1,"name":"Home","item":"https:\/\/darkorchid-cheetah-525435.hostingersite.com\/"},{"@type":"ListItem","position":2,"name":"\u0422\u043e\u0432\u0430\u0440\u044b","item":"https:\/\/ykmtest.com\/ru\/shop\/"},{"@type":"ListItem","position":3,"name":"SCC \u2013 Sieve Segregation Test Set"}]},{"@type":"WebSite","@id":"https:\/\/darkorchid-cheetah-525435.hostingersite.com\/#website","url":"https:\/\/darkorchid-cheetah-525435.hostingersite.com\/","name":"YKM TEST\u0130","description":"","publisher":{"@id":"https:\/\/darkorchid-cheetah-525435.hostingersite.com\/#organization"},"potentialAction":[{"@type":"SearchAction","target":{"@type":"EntryPoint","urlTemplate":"https:\/\/darkorchid-cheetah-525435.hostingersite.com\/?s={search_term_string}"},"query-input":{"@type":"PropertyValueSpecification","valueRequired":true,"valueName":"search_term_string"}}],"inLanguage":"tr"},{"@type":["Organization","Place"],"@id":"https:\/\/darkorchid-cheetah-525435.hostingersite.com\/#organization","name":"YKM TEST\u0130","url":"https:\/\/darkorchid-cheetah-525435.hostingersite.com\/","logo":{"@id":"https:\/\/darkorchid-cheetah-525435.hostingersite.com\/product\/scc-sieve-segregation-test-set\/#local-main-organization-logo"},"image":{"@id":"https:\/\/darkorchid-cheetah-525435.hostingersite.com\/product\/scc-sieve-segregation-test-set\/#local-main-organization-logo"},"telephone":[],"openingHoursSpecification":[{"@type":"OpeningHoursSpecification","dayOfWeek":["Monday","Tuesday","Wednesday","Thursday","Friday","Saturday","Sunday"],"opens":"09:00","closes":"17:00"}]},{"@type":"ImageObject","inLanguage":"tr","@id":"https:\/\/darkorchid-cheetah-525435.hostingersite.com\/product\/scc-sieve-segregation-test-set\/#local-main-organization-logo","url":"https:\/\/ykmtest.com\/wp-content\/uploads\/2025\/10\/Asset-2@2x-8.png","contentUrl":"https:\/\/ykmtest.com\/wp-content\/uploads\/2025\/10\/Asset-2@2x-8.png","width":1550,"height":323,"caption":"YKM TEST"}]},"product_price_currency":"USD","og_availability":"instock","product_availability":"instock","product_condition":"new"},"_links":{"self":[{"href":"https:\/\/ykmtest.com\/tr\/wp-json\/wp\/v2\/product\/11502","targetHints":{"allow":["GET"]}}],"collection":[{"href":"https:\/\/ykmtest.com\/tr\/wp-json\/wp\/v2\/product"}],"about":[{"href":"https:\/\/ykmtest.com\/tr\/wp-json\/wp\/v2\/types\/product"}],"version-history":[{"count":1,"href":"https:\/\/ykmtest.com\/tr\/wp-json\/wp\/v2\/product\/11502\/revisions"}],"predecessor-version":[{"id":11503,"href":"https:\/\/ykmtest.com\/tr\/wp-json\/wp\/v2\/product\/11502\/revisions\/11503"}],"wp:attachment":[{"href":"https:\/\/ykmtest.com\/tr\/wp-json\/wp\/v2\/media?parent=11502"}],"wp:term":[{"taxonomy":"product_brand","embeddable":true,"href":"https:\/\/ykmtest.com\/tr\/wp-json\/wp\/v2\/product_brand?post=11502"},{"taxonomy":"product_cat","embeddable":true,"href":"https:\/\/ykmtest.com\/tr\/wp-json\/wp\/v2\/product_cat?post=11502"},{"taxonomy":"product_tag","embeddable":true,"href":"https:\/\/ykmtest.com\/tr\/wp-json\/wp\/v2\/product_tag?post=11502"}],"curies":[{"name":"wp","href":"https:\/\/api.w.org\/{rel}","templated":true}]}}