{"id":11516,"date":"2025-12-25T12:48:46","date_gmt":"2025-12-25T12:48:46","guid":{"rendered":"https:\/\/ykmtest.com\/?post_type=product&#038;p=11516"},"modified":"2025-12-25T12:48:47","modified_gmt":"2025-12-25T12:48:47","slug":"concrete-mixer-pan-type","status":"publish","type":"product","link":"https:\/\/ykmtest.com\/tr\/urun\/concrete-mixer-pan-type\/","title":{"rendered":"Beton Mikseri Pan Tipi"},"content":{"rendered":"<p class=\"p2\"><span lang=\"TR\">Beton Mikseri Pan Tipi, laboratuvar ko\u015fullar\u0131nda homojen beton kar\u0131\u015f\u0131mlar\u0131 \u00fcretmek i\u00e7in tasarlanm\u0131\u015f, sert bir \u00e7er\u00e7eveye ve kar\u0131\u015ft\u0131rma kab\u0131na sahip bir pan mikserdir. Silindirik kar\u0131\u015ft\u0131rma kab\u0131, malzeme yap\u0131\u015fmas\u0131n\u0131 en aza indiren p\u00fcr\u00fczs\u00fcz bir i\u00e7 y\u00fczeye sahiptir; k\u00fcrek tipi kar\u0131\u015ft\u0131rma kollar\u0131 ve s\u0131y\u0131r\u0131c\u0131lar kar\u0131\u015f\u0131m\u0131 s\u00fcrekli olarak toplar ve kar\u0131\u015ft\u0131r\u0131r, ayr\u0131\u015fmay\u0131 \u00f6nler ve k\u0131sa s\u00fcrede tekrarlanabilir kar\u0131\u015ft\u0131rma kalitesi sa\u011flar. Tava hacmi, k\u00fcp, silindir ve kiri\u015f numunelerinin rutin olarak haz\u0131rlanmas\u0131 i\u00e7in optimize edilmi\u015ftir. \u0130ste\u011fe ba\u011fl\u0131 kontrol paneli ile frekans kontroll\u00fc h\u0131z ayar\u0131, farkl\u0131 k\u0131vamlardaki kar\u0131\u015f\u0131m tasar\u0131mlar\u0131 i\u00e7in uygun kesme enerjisini korur; kar\u0131\u015ft\u0131rma s\u00fcresi dijital bir zamanlay\u0131c\u0131 ile y\u00f6netilir. Kar\u0131\u015ft\u0131rma ba\u015fl\u0131\u011f\u0131 bak\u0131m ve numune alma i\u00e7in kald\u0131r\u0131labilir; k\u00fcrek-kaz\u0131y\u0131c\u0131 tertibat\u0131 sabit bir derinlikte \u00e7al\u0131\u015farak her parti i\u00e7in tutarl\u0131 enerji aktar\u0131m\u0131 sa\u011flar. \u00dcnite 30, 56 veya 60 litrelik etkin kar\u0131\u015ft\u0131rma kapasiteleri ile tedarik edilebilir. Kar\u0131\u015ft\u0131rma kollar\u0131 de\u011fi\u015ftirilebilir u\u00e7lara sahiptir ve temizlenmesi kolayd\u0131r.<\/span><\/p>","protected":false},"excerpt":{"rendered":"<p>Beton Mikseri Pan Tipi, betonun tutarl\u0131 ve kapsaml\u0131 bir \u015fekilde kar\u0131\u015ft\u0131r\u0131lmas\u0131 i\u00e7in tasarlanm\u0131\u015f, sert bir \u00e7er\u00e7eveye, k\u00fcrek tipi kar\u0131\u015ft\u0131rma kollar\u0131na ve numune haz\u0131rlama i\u00e7in g\u00fcvenilir sonu\u00e7lar sa\u011flamak \u00fczere \u00f6zelle\u015ftirilebilir kar\u0131\u015ft\u0131rma kapasitelerine sahip y\u00fcksek verimli bir laboratuvar mikseridir.<\/p>","protected":false},"featured_media":0,"template":"","meta":{"_acf_changed":false},"product_brand":[],"product_cat":[142,151],"product_tag":[],"class_list":{"0":"post-11516","1":"product","2":"type-product","3":"status-publish","5":"product_cat-concrete","6":"product_cat-mixers","9":"instock","10":"shipping-taxable","11":"product-type-simple"},"acf":[],"yoast_head":"<!-- This site is optimized with the Yoast SEO Premium plugin v26.5 (Yoast SEO v27.5) - https:\/\/yoast.com\/product\/yoast-seo-premium-wordpress\/ -->\n<title>Concrete Mixer Pan Type - YKM TEST<\/title>\n<meta name=\"description\" content=\"Concrete Mixer Pan Type for laboratory use. Paddle-type mixing arms, smooth pan, and adjustable speed for uniform and repeatable concrete mixing for specimens.\" \/>\n<meta name=\"robots\" content=\"index, follow, max-snippet:-1, max-image-preview:large, max-video-preview:-1\" \/>\n<link rel=\"canonical\" href=\"https:\/\/ykmtest.com\/tr\/urun\/concrete-mixer-pan-type\/\" \/>\n<meta property=\"og:locale\" content=\"tr_TR\" \/>\n<meta property=\"og:type\" content=\"article\" \/>\n<meta property=\"og:title\" content=\"Concrete Mixer Pan Type\" \/>\n<meta property=\"og:description\" content=\"Concrete Mixer Pan Type for laboratory use. Paddle-type mixing arms, smooth pan, and adjustable speed for uniform and repeatable concrete mixing for specimens.\" \/>\n<meta property=\"og:url\" content=\"https:\/\/ykmtest.com\/tr\/urun\/concrete-mixer-pan-type\/\" \/>\n<meta property=\"og:site_name\" content=\"YKM TEST\" \/>\n<meta property=\"article:modified_time\" content=\"2025-12-25T12:48:47+00:00\" \/>\n<meta name=\"twitter:card\" content=\"summary_large_image\" \/>\n<meta name=\"twitter:label1\" content=\"Fiyat\" \/>\n\t<meta name=\"twitter:data1\" content=\"\" \/>\n\t<meta name=\"twitter:label2\" content=\"Durumu\" \/>\n\t<meta name=\"twitter:data2\" content=\"Stokta var\" \/>\n<script type=\"application\/ld+json\" class=\"yoast-schema-graph\">{\"@context\":\"https:\\\/\\\/schema.org\",\"@graph\":[{\"@type\":\"WebPage\",\"@id\":\"https:\\\/\\\/ykmtest.com\\\/product\\\/concrete-mixer-pan-type\\\/\",\"url\":\"https:\\\/\\\/ykmtest.com\\\/product\\\/concrete-mixer-pan-type\\\/\",\"name\":\"Concrete Mixer Pan Type - YKM TEST\",\"isPartOf\":{\"@id\":\"https:\\\/\\\/darkorchid-cheetah-525435.hostingersite.com\\\/#website\"},\"datePublished\":\"2025-12-25T12:48:46+00:00\",\"dateModified\":\"2025-12-25T12:48:47+00:00\",\"description\":\"Concrete Mixer Pan Type for laboratory use. Paddle-type mixing arms, smooth pan, and adjustable speed for uniform and repeatable concrete mixing for specimens.\",\"breadcrumb\":{\"@id\":\"https:\\\/\\\/ykmtest.com\\\/product\\\/concrete-mixer-pan-type\\\/#breadcrumb\"},\"inLanguage\":\"tr\",\"potentialAction\":[{\"@type\":\"ReadAction\",\"target\":[\"https:\\\/\\\/ykmtest.com\\\/product\\\/concrete-mixer-pan-type\\\/\"]}]},{\"@type\":\"BreadcrumbList\",\"@id\":\"https:\\\/\\\/ykmtest.com\\\/product\\\/concrete-mixer-pan-type\\\/#breadcrumb\",\"itemListElement\":[{\"@type\":\"ListItem\",\"position\":1,\"name\":\"Home\",\"item\":\"https:\\\/\\\/darkorchid-cheetah-525435.hostingersite.com\\\/\"},{\"@type\":\"ListItem\",\"position\":2,\"name\":\"\u0422\u043e\u0432\u0430\u0440\u044b\",\"item\":\"https:\\\/\\\/ykmtest.com\\\/ru\\\/shop\\\/\"},{\"@type\":\"ListItem\",\"position\":3,\"name\":\"Concrete Mixer Pan Type\"}]},{\"@type\":\"WebSite\",\"@id\":\"https:\\\/\\\/darkorchid-cheetah-525435.hostingersite.com\\\/#website\",\"url\":\"https:\\\/\\\/darkorchid-cheetah-525435.hostingersite.com\\\/\",\"name\":\"YKM TEST\",\"description\":\"\",\"publisher\":{\"@id\":\"https:\\\/\\\/darkorchid-cheetah-525435.hostingersite.com\\\/#organization\"},\"potentialAction\":[{\"@type\":\"SearchAction\",\"target\":{\"@type\":\"EntryPoint\",\"urlTemplate\":\"https:\\\/\\\/darkorchid-cheetah-525435.hostingersite.com\\\/?s={search_term_string}\"},\"query-input\":{\"@type\":\"PropertyValueSpecification\",\"valueRequired\":true,\"valueName\":\"search_term_string\"}}],\"inLanguage\":\"tr\"},{\"@type\":[\"Organization\",\"Place\"],\"@id\":\"https:\\\/\\\/darkorchid-cheetah-525435.hostingersite.com\\\/#organization\",\"name\":\"YKM TEST\",\"url\":\"https:\\\/\\\/darkorchid-cheetah-525435.hostingersite.com\\\/\",\"logo\":{\"@id\":\"https:\\\/\\\/ykmtest.com\\\/product\\\/concrete-mixer-pan-type\\\/#local-main-organization-logo\"},\"image\":{\"@id\":\"https:\\\/\\\/ykmtest.com\\\/product\\\/concrete-mixer-pan-type\\\/#local-main-organization-logo\"},\"telephone\":[],\"openingHoursSpecification\":[{\"@type\":\"OpeningHoursSpecification\",\"dayOfWeek\":[\"Monday\",\"Tuesday\",\"Wednesday\",\"Thursday\",\"Friday\",\"Saturday\",\"Sunday\"],\"opens\":\"09:00\",\"closes\":\"17:00\"}]},{\"@type\":\"ImageObject\",\"inLanguage\":\"tr\",\"@id\":\"https:\\\/\\\/ykmtest.com\\\/product\\\/concrete-mixer-pan-type\\\/#local-main-organization-logo\",\"url\":\"https:\\\/\\\/ykmtest.com\\\/wp-content\\\/uploads\\\/2025\\\/10\\\/Asset-2@2x-8.png\",\"contentUrl\":\"https:\\\/\\\/ykmtest.com\\\/wp-content\\\/uploads\\\/2025\\\/10\\\/Asset-2@2x-8.png\",\"width\":1550,\"height\":323,\"caption\":\"YKM TEST\"}]}<\/script>\n<meta property=\"product:price:currency\" content=\"USD\" \/>\n<meta property=\"og:availability\" content=\"instock\" \/>\n<meta property=\"product:availability\" content=\"instock\" \/>\n<meta property=\"product:condition\" content=\"new\" \/>\n<!-- \/ Yoast SEO Premium plugin. -->","yoast_head_json":{"title":"Concrete Mixer Pan Type - YKM TEST","description":"Concrete Mixer Pan Type for laboratory use. Paddle-type mixing arms, smooth pan, and adjustable speed for uniform and repeatable concrete mixing for specimens.","robots":{"index":"index","follow":"follow","max-snippet":"max-snippet:-1","max-image-preview":"max-image-preview:large","max-video-preview":"max-video-preview:-1"},"canonical":"https:\/\/ykmtest.com\/tr\/urun\/concrete-mixer-pan-type\/","og_locale":"tr_TR","og_type":"article","og_title":"Concrete Mixer Pan Type","og_description":"Concrete Mixer Pan Type for laboratory use. Paddle-type mixing arms, smooth pan, and adjustable speed for uniform and repeatable concrete mixing for specimens.","og_url":"https:\/\/ykmtest.com\/tr\/urun\/concrete-mixer-pan-type\/","og_site_name":"YKM TEST","article_modified_time":"2025-12-25T12:48:47+00:00","twitter_card":"summary_large_image","twitter_misc":{"Fiyat":"","Durumu":"Stokta var"},"schema":{"@context":"https:\/\/schema.org","@graph":[{"@type":"WebPage","@id":"https:\/\/ykmtest.com\/product\/concrete-mixer-pan-type\/","url":"https:\/\/ykmtest.com\/product\/concrete-mixer-pan-type\/","name":"Concrete Mixer Pan Type - YKM TEST","isPartOf":{"@id":"https:\/\/darkorchid-cheetah-525435.hostingersite.com\/#website"},"datePublished":"2025-12-25T12:48:46+00:00","dateModified":"2025-12-25T12:48:47+00:00","description":"Concrete Mixer Pan Type for laboratory use. Paddle-type mixing arms, smooth pan, and adjustable speed for uniform and repeatable concrete mixing for specimens.","breadcrumb":{"@id":"https:\/\/ykmtest.com\/product\/concrete-mixer-pan-type\/#breadcrumb"},"inLanguage":"tr","potentialAction":[{"@type":"ReadAction","target":["https:\/\/ykmtest.com\/product\/concrete-mixer-pan-type\/"]}]},{"@type":"BreadcrumbList","@id":"https:\/\/ykmtest.com\/product\/concrete-mixer-pan-type\/#breadcrumb","itemListElement":[{"@type":"ListItem","position":1,"name":"Home","item":"https:\/\/darkorchid-cheetah-525435.hostingersite.com\/"},{"@type":"ListItem","position":2,"name":"\u0422\u043e\u0432\u0430\u0440\u044b","item":"https:\/\/ykmtest.com\/ru\/shop\/"},{"@type":"ListItem","position":3,"name":"Concrete Mixer Pan Type"}]},{"@type":"WebSite","@id":"https:\/\/darkorchid-cheetah-525435.hostingersite.com\/#website","url":"https:\/\/darkorchid-cheetah-525435.hostingersite.com\/","name":"YKM TEST\u0130","description":"","publisher":{"@id":"https:\/\/darkorchid-cheetah-525435.hostingersite.com\/#organization"},"potentialAction":[{"@type":"SearchAction","target":{"@type":"EntryPoint","urlTemplate":"https:\/\/darkorchid-cheetah-525435.hostingersite.com\/?s={search_term_string}"},"query-input":{"@type":"PropertyValueSpecification","valueRequired":true,"valueName":"search_term_string"}}],"inLanguage":"tr"},{"@type":["Organization","Place"],"@id":"https:\/\/darkorchid-cheetah-525435.hostingersite.com\/#organization","name":"YKM TEST\u0130","url":"https:\/\/darkorchid-cheetah-525435.hostingersite.com\/","logo":{"@id":"https:\/\/ykmtest.com\/product\/concrete-mixer-pan-type\/#local-main-organization-logo"},"image":{"@id":"https:\/\/ykmtest.com\/product\/concrete-mixer-pan-type\/#local-main-organization-logo"},"telephone":[],"openingHoursSpecification":[{"@type":"OpeningHoursSpecification","dayOfWeek":["Monday","Tuesday","Wednesday","Thursday","Friday","Saturday","Sunday"],"opens":"09:00","closes":"17:00"}]},{"@type":"ImageObject","inLanguage":"tr","@id":"https:\/\/ykmtest.com\/product\/concrete-mixer-pan-type\/#local-main-organization-logo","url":"https:\/\/ykmtest.com\/wp-content\/uploads\/2025\/10\/Asset-2@2x-8.png","contentUrl":"https:\/\/ykmtest.com\/wp-content\/uploads\/2025\/10\/Asset-2@2x-8.png","width":1550,"height":323,"caption":"YKM TEST"}]},"product_price_currency":"USD","og_availability":"instock","product_availability":"instock","product_condition":"new"},"_links":{"self":[{"href":"https:\/\/ykmtest.com\/tr\/wp-json\/wp\/v2\/product\/11516","targetHints":{"allow":["GET"]}}],"collection":[{"href":"https:\/\/ykmtest.com\/tr\/wp-json\/wp\/v2\/product"}],"about":[{"href":"https:\/\/ykmtest.com\/tr\/wp-json\/wp\/v2\/types\/product"}],"version-history":[{"count":1,"href":"https:\/\/ykmtest.com\/tr\/wp-json\/wp\/v2\/product\/11516\/revisions"}],"predecessor-version":[{"id":11517,"href":"https:\/\/ykmtest.com\/tr\/wp-json\/wp\/v2\/product\/11516\/revisions\/11517"}],"wp:attachment":[{"href":"https:\/\/ykmtest.com\/tr\/wp-json\/wp\/v2\/media?parent=11516"}],"wp:term":[{"taxonomy":"product_brand","embeddable":true,"href":"https:\/\/ykmtest.com\/tr\/wp-json\/wp\/v2\/product_brand?post=11516"},{"taxonomy":"product_cat","embeddable":true,"href":"https:\/\/ykmtest.com\/tr\/wp-json\/wp\/v2\/product_cat?post=11516"},{"taxonomy":"product_tag","embeddable":true,"href":"https:\/\/ykmtest.com\/tr\/wp-json\/wp\/v2\/product_tag?post=11516"}],"curies":[{"name":"wp","href":"https:\/\/api.w.org\/{rel}","templated":true}]}}