{"id":11523,"date":"2025-12-25T13:19:09","date_gmt":"2025-12-25T13:19:09","guid":{"rendered":"https:\/\/ykmtest.com\/?post_type=product&#038;p=11523"},"modified":"2025-12-25T13:19:10","modified_gmt":"2025-12-25T13:19:10","slug":"stainless-steel-small-curing-tanks","status":"publish","type":"product","link":"https:\/\/ykmtest.com\/tr\/urun\/stainless-steel-small-curing-tanks\/","title":{"rendered":"Paslanmaz \u00c7elik K\u00fc\u00e7\u00fck K\u00fcr Tanklar\u0131"},"content":{"rendered":"<p class=\"p2\"><span lang=\"TR\">Paslanmaz \u00c7elik K\u00fcr Tanklar\u0131, beton numuneler i\u00e7in istikrarl\u0131 standart k\u00fcr ko\u015fullar\u0131 sa\u011flamak \u00fczere tasarlanm\u0131\u015f, hem laboratuvar hem de saha kullan\u0131m\u0131 i\u00e7in optimize edilmi\u015f kompakt \u00fcnitelerdir. Tamamen paslanmaz \u00e7elik g\u00f6vde, kirece doymu\u015f suda uzun s\u00fcreli \u00e7al\u0131\u015fmaya uygun p\u00fcr\u00fczs\u00fcz bir i\u00e7 y\u00fczeye sahipken, sert \u00e7er\u00e7eve boyutsal stabiliteyi korur ve a\u015f\u0131nma ve korozyon riskini en aza indirir. Entegre bir dijital termostat ve dald\u0131rma tipi \u0131s\u0131t\u0131c\u0131, se\u00e7ilen ayar s\u0131cakl\u0131\u011f\u0131n\u0131 korumak i\u00e7in birlikte \u00e7al\u0131\u015f\u0131r; su sirk\u00fclasyon pompas\u0131, tank boyunca e\u015fit s\u0131cakl\u0131k da\u011f\u0131l\u0131m\u0131 sa\u011flar. Bu, t\u00fcm numunelerin ayn\u0131 termal ko\u015fullar alt\u0131nda kalmas\u0131n\u0131 garanti ederek tekrarlanabilir mukavemet sonu\u00e7lar\u0131 sa\u011flar. Gerekti\u011finde, iste\u011fe ba\u011fl\u0131 bir so\u011futma mod\u00fcl\u00fc, y\u00fcksek ortam s\u0131cakl\u0131klar\u0131nda bile ayar noktas\u0131 stabilitesini korur. Alt tahliye vanas\u0131 temiz ve kontroll\u00fc su de\u011fi\u015fimi sa\u011flayarak bak\u0131m s\u00fcresini k\u0131salt\u0131r. Alt \u0131zgara, serbest su sirk\u00fclasyonuna izin veren a\u00e7\u0131kl\u0131klarla tasarlanm\u0131\u015ft\u0131r ve y\u00fck alt\u0131nda deformasyona direnecek kadar serttir. Sistem mimarisi, TS EN 12390-2 ve ASTM C31, C192 ve C511'de belirtilen s\u0131cakl\u0131k kararl\u0131l\u0131\u011f\u0131 ve su sirk\u00fclasyonu gereksinimlerini destekler.<\/span><\/p>","protected":false},"excerpt":{"rendered":"<p>Paslanmaz \u00c7elik K\u00fcr Tanklar\u0131, beton numuneler i\u00e7in istikrarl\u0131 k\u00fcr ko\u015fullar\u0131 sa\u011flamak \u00fczere tasarlanm\u0131\u015f kompakt, sa\u011flam \u00fcnitelerdir ve hem laboratuvar hem de saha ortamlar\u0131nda tutarl\u0131 s\u0131cakl\u0131k kontrol\u00fc, homojen su sirk\u00fclasyonu ve uzun vadeli g\u00fcvenilirlik sa\u011flar.<\/p>","protected":false},"featured_media":0,"template":"","meta":{"_acf_changed":false},"product_brand":[],"product_cat":[142,152],"product_tag":[],"class_list":{"0":"post-11523","1":"product","2":"type-product","3":"status-publish","5":"product_cat-concrete","6":"product_cat-curing-tanks","9":"instock","10":"shipping-taxable","11":"product-type-simple"},"acf":[],"yoast_head":"<!-- This site is optimized with the Yoast SEO Premium plugin v26.5 (Yoast SEO v27.5) - https:\/\/yoast.com\/product\/yoast-seo-premium-wordpress\/ -->\n<title>Stainless Steel Small Curing Tanks - YKM TEST<\/title>\n<meta name=\"description\" content=\"Compact Stainless Steel Curing Tanks with digital temperature control and uniform water circulation. Ensures stable, repeatable curing for concrete specimens in lab or field.\" \/>\n<meta name=\"robots\" content=\"index, follow, max-snippet:-1, max-image-preview:large, max-video-preview:-1\" \/>\n<link rel=\"canonical\" href=\"https:\/\/ykmtest.com\/tr\/urun\/stainless-steel-small-curing-tanks\/\" \/>\n<meta property=\"og:locale\" content=\"tr_TR\" \/>\n<meta property=\"og:type\" content=\"article\" \/>\n<meta property=\"og:title\" content=\"Stainless Steel Small Curing Tanks\" \/>\n<meta property=\"og:description\" content=\"Compact Stainless Steel Curing Tanks with digital temperature control and uniform water circulation. Ensures stable, repeatable curing for concrete specimens in lab or field.\" \/>\n<meta property=\"og:url\" content=\"https:\/\/ykmtest.com\/tr\/urun\/stainless-steel-small-curing-tanks\/\" \/>\n<meta property=\"og:site_name\" content=\"YKM TEST\" \/>\n<meta property=\"article:modified_time\" content=\"2025-12-25T13:19:10+00:00\" \/>\n<meta name=\"twitter:card\" content=\"summary_large_image\" \/>\n<meta name=\"twitter:label1\" content=\"Fiyat\" \/>\n\t<meta name=\"twitter:data1\" content=\"\" \/>\n\t<meta name=\"twitter:label2\" content=\"Durumu\" \/>\n\t<meta name=\"twitter:data2\" content=\"Stokta var\" \/>\n<script type=\"application\/ld+json\" class=\"yoast-schema-graph\">{\"@context\":\"https:\\\/\\\/schema.org\",\"@graph\":[{\"@type\":\"WebPage\",\"@id\":\"https:\\\/\\\/ykmtest.com\\\/product\\\/stainless-steel-small-curing-tanks\\\/\",\"url\":\"https:\\\/\\\/ykmtest.com\\\/product\\\/stainless-steel-small-curing-tanks\\\/\",\"name\":\"Stainless Steel Small Curing Tanks - YKM TEST\",\"isPartOf\":{\"@id\":\"https:\\\/\\\/darkorchid-cheetah-525435.hostingersite.com\\\/#website\"},\"datePublished\":\"2025-12-25T13:19:09+00:00\",\"dateModified\":\"2025-12-25T13:19:10+00:00\",\"description\":\"Compact Stainless Steel Curing Tanks with digital temperature control and uniform water circulation. Ensures stable, repeatable curing for concrete specimens in lab or field.\",\"breadcrumb\":{\"@id\":\"https:\\\/\\\/ykmtest.com\\\/product\\\/stainless-steel-small-curing-tanks\\\/#breadcrumb\"},\"inLanguage\":\"tr\",\"potentialAction\":[{\"@type\":\"ReadAction\",\"target\":[\"https:\\\/\\\/ykmtest.com\\\/product\\\/stainless-steel-small-curing-tanks\\\/\"]}]},{\"@type\":\"BreadcrumbList\",\"@id\":\"https:\\\/\\\/ykmtest.com\\\/product\\\/stainless-steel-small-curing-tanks\\\/#breadcrumb\",\"itemListElement\":[{\"@type\":\"ListItem\",\"position\":1,\"name\":\"Home\",\"item\":\"https:\\\/\\\/darkorchid-cheetah-525435.hostingersite.com\\\/\"},{\"@type\":\"ListItem\",\"position\":2,\"name\":\"\u0422\u043e\u0432\u0430\u0440\u044b\",\"item\":\"https:\\\/\\\/ykmtest.com\\\/ru\\\/shop\\\/\"},{\"@type\":\"ListItem\",\"position\":3,\"name\":\"Stainless Steel Small Curing Tanks\"}]},{\"@type\":\"WebSite\",\"@id\":\"https:\\\/\\\/darkorchid-cheetah-525435.hostingersite.com\\\/#website\",\"url\":\"https:\\\/\\\/darkorchid-cheetah-525435.hostingersite.com\\\/\",\"name\":\"YKM TEST\",\"description\":\"\",\"publisher\":{\"@id\":\"https:\\\/\\\/darkorchid-cheetah-525435.hostingersite.com\\\/#organization\"},\"potentialAction\":[{\"@type\":\"SearchAction\",\"target\":{\"@type\":\"EntryPoint\",\"urlTemplate\":\"https:\\\/\\\/darkorchid-cheetah-525435.hostingersite.com\\\/?s={search_term_string}\"},\"query-input\":{\"@type\":\"PropertyValueSpecification\",\"valueRequired\":true,\"valueName\":\"search_term_string\"}}],\"inLanguage\":\"tr\"},{\"@type\":[\"Organization\",\"Place\"],\"@id\":\"https:\\\/\\\/darkorchid-cheetah-525435.hostingersite.com\\\/#organization\",\"name\":\"YKM TEST\",\"url\":\"https:\\\/\\\/darkorchid-cheetah-525435.hostingersite.com\\\/\",\"logo\":{\"@id\":\"https:\\\/\\\/ykmtest.com\\\/product\\\/stainless-steel-small-curing-tanks\\\/#local-main-organization-logo\"},\"image\":{\"@id\":\"https:\\\/\\\/ykmtest.com\\\/product\\\/stainless-steel-small-curing-tanks\\\/#local-main-organization-logo\"},\"telephone\":[],\"openingHoursSpecification\":[{\"@type\":\"OpeningHoursSpecification\",\"dayOfWeek\":[\"Monday\",\"Tuesday\",\"Wednesday\",\"Thursday\",\"Friday\",\"Saturday\",\"Sunday\"],\"opens\":\"09:00\",\"closes\":\"17:00\"}]},{\"@type\":\"ImageObject\",\"inLanguage\":\"tr\",\"@id\":\"https:\\\/\\\/ykmtest.com\\\/product\\\/stainless-steel-small-curing-tanks\\\/#local-main-organization-logo\",\"url\":\"https:\\\/\\\/ykmtest.com\\\/wp-content\\\/uploads\\\/2025\\\/10\\\/Asset-2@2x-8.png\",\"contentUrl\":\"https:\\\/\\\/ykmtest.com\\\/wp-content\\\/uploads\\\/2025\\\/10\\\/Asset-2@2x-8.png\",\"width\":1550,\"height\":323,\"caption\":\"YKM TEST\"}]}<\/script>\n<meta property=\"product:price:currency\" content=\"USD\" \/>\n<meta property=\"og:availability\" content=\"instock\" \/>\n<meta property=\"product:availability\" content=\"instock\" \/>\n<meta property=\"product:condition\" content=\"new\" \/>\n<!-- \/ Yoast SEO Premium plugin. -->","yoast_head_json":{"title":"Stainless Steel Small Curing Tanks - YKM TEST","description":"Compact Stainless Steel Curing Tanks with digital temperature control and uniform water circulation. Ensures stable, repeatable curing for concrete specimens in lab or field.","robots":{"index":"index","follow":"follow","max-snippet":"max-snippet:-1","max-image-preview":"max-image-preview:large","max-video-preview":"max-video-preview:-1"},"canonical":"https:\/\/ykmtest.com\/tr\/urun\/stainless-steel-small-curing-tanks\/","og_locale":"tr_TR","og_type":"article","og_title":"Stainless Steel Small Curing Tanks","og_description":"Compact Stainless Steel Curing Tanks with digital temperature control and uniform water circulation. Ensures stable, repeatable curing for concrete specimens in lab or field.","og_url":"https:\/\/ykmtest.com\/tr\/urun\/stainless-steel-small-curing-tanks\/","og_site_name":"YKM TEST","article_modified_time":"2025-12-25T13:19:10+00:00","twitter_card":"summary_large_image","twitter_misc":{"Fiyat":"","Durumu":"Stokta var"},"schema":{"@context":"https:\/\/schema.org","@graph":[{"@type":"WebPage","@id":"https:\/\/ykmtest.com\/product\/stainless-steel-small-curing-tanks\/","url":"https:\/\/ykmtest.com\/product\/stainless-steel-small-curing-tanks\/","name":"Stainless Steel Small Curing Tanks - YKM TEST","isPartOf":{"@id":"https:\/\/darkorchid-cheetah-525435.hostingersite.com\/#website"},"datePublished":"2025-12-25T13:19:09+00:00","dateModified":"2025-12-25T13:19:10+00:00","description":"Compact Stainless Steel Curing Tanks with digital temperature control and uniform water circulation. Ensures stable, repeatable curing for concrete specimens in lab or field.","breadcrumb":{"@id":"https:\/\/ykmtest.com\/product\/stainless-steel-small-curing-tanks\/#breadcrumb"},"inLanguage":"tr","potentialAction":[{"@type":"ReadAction","target":["https:\/\/ykmtest.com\/product\/stainless-steel-small-curing-tanks\/"]}]},{"@type":"BreadcrumbList","@id":"https:\/\/ykmtest.com\/product\/stainless-steel-small-curing-tanks\/#breadcrumb","itemListElement":[{"@type":"ListItem","position":1,"name":"Home","item":"https:\/\/darkorchid-cheetah-525435.hostingersite.com\/"},{"@type":"ListItem","position":2,"name":"\u0422\u043e\u0432\u0430\u0440\u044b","item":"https:\/\/ykmtest.com\/ru\/shop\/"},{"@type":"ListItem","position":3,"name":"Stainless Steel Small Curing Tanks"}]},{"@type":"WebSite","@id":"https:\/\/darkorchid-cheetah-525435.hostingersite.com\/#website","url":"https:\/\/darkorchid-cheetah-525435.hostingersite.com\/","name":"YKM TEST\u0130","description":"","publisher":{"@id":"https:\/\/darkorchid-cheetah-525435.hostingersite.com\/#organization"},"potentialAction":[{"@type":"SearchAction","target":{"@type":"EntryPoint","urlTemplate":"https:\/\/darkorchid-cheetah-525435.hostingersite.com\/?s={search_term_string}"},"query-input":{"@type":"PropertyValueSpecification","valueRequired":true,"valueName":"search_term_string"}}],"inLanguage":"tr"},{"@type":["Organization","Place"],"@id":"https:\/\/darkorchid-cheetah-525435.hostingersite.com\/#organization","name":"YKM TEST\u0130","url":"https:\/\/darkorchid-cheetah-525435.hostingersite.com\/","logo":{"@id":"https:\/\/ykmtest.com\/product\/stainless-steel-small-curing-tanks\/#local-main-organization-logo"},"image":{"@id":"https:\/\/ykmtest.com\/product\/stainless-steel-small-curing-tanks\/#local-main-organization-logo"},"telephone":[],"openingHoursSpecification":[{"@type":"OpeningHoursSpecification","dayOfWeek":["Monday","Tuesday","Wednesday","Thursday","Friday","Saturday","Sunday"],"opens":"09:00","closes":"17:00"}]},{"@type":"ImageObject","inLanguage":"tr","@id":"https:\/\/ykmtest.com\/product\/stainless-steel-small-curing-tanks\/#local-main-organization-logo","url":"https:\/\/ykmtest.com\/wp-content\/uploads\/2025\/10\/Asset-2@2x-8.png","contentUrl":"https:\/\/ykmtest.com\/wp-content\/uploads\/2025\/10\/Asset-2@2x-8.png","width":1550,"height":323,"caption":"YKM TEST"}]},"product_price_currency":"USD","og_availability":"instock","product_availability":"instock","product_condition":"new"},"_links":{"self":[{"href":"https:\/\/ykmtest.com\/tr\/wp-json\/wp\/v2\/product\/11523","targetHints":{"allow":["GET"]}}],"collection":[{"href":"https:\/\/ykmtest.com\/tr\/wp-json\/wp\/v2\/product"}],"about":[{"href":"https:\/\/ykmtest.com\/tr\/wp-json\/wp\/v2\/types\/product"}],"version-history":[{"count":1,"href":"https:\/\/ykmtest.com\/tr\/wp-json\/wp\/v2\/product\/11523\/revisions"}],"predecessor-version":[{"id":11524,"href":"https:\/\/ykmtest.com\/tr\/wp-json\/wp\/v2\/product\/11523\/revisions\/11524"}],"wp:attachment":[{"href":"https:\/\/ykmtest.com\/tr\/wp-json\/wp\/v2\/media?parent=11523"}],"wp:term":[{"taxonomy":"product_brand","embeddable":true,"href":"https:\/\/ykmtest.com\/tr\/wp-json\/wp\/v2\/product_brand?post=11523"},{"taxonomy":"product_cat","embeddable":true,"href":"https:\/\/ykmtest.com\/tr\/wp-json\/wp\/v2\/product_cat?post=11523"},{"taxonomy":"product_tag","embeddable":true,"href":"https:\/\/ykmtest.com\/tr\/wp-json\/wp\/v2\/product_tag?post=11523"}],"curies":[{"name":"wp","href":"https:\/\/api.w.org\/{rel}","templated":true}]}}