{"id":11529,"date":"2025-12-26T08:30:57","date_gmt":"2025-12-26T08:30:57","guid":{"rendered":"https:\/\/ykmtest.com\/?post_type=product&#038;p=11529"},"modified":"2025-12-26T08:30:58","modified_gmt":"2025-12-26T08:30:58","slug":"vibrating-compaction-hammer-for-rcc","status":"publish","type":"product","link":"https:\/\/ykmtest.com\/tr\/urun\/vibrating-compaction-hammer-for-rcc\/","title":{"rendered":"RCC i\u00e7in Titre\u015fimli S\u0131k\u0131\u015ft\u0131rma \u00c7ekici"},"content":{"rendered":"<p class=\"p2\"><span lang=\"TR\">RCC i\u00e7in Titre\u015fimli S\u0131k\u0131\u015ft\u0131rma \u00c7ekici, d\u00fc\u015f\u00fck \u00e7\u00f6kmeli, kuru k\u0131vaml\u0131 silindirle s\u0131k\u0131\u015ft\u0131r\u0131lm\u0131\u015f beton (RCC) kar\u0131\u015f\u0131mlar\u0131ndan standart silindirik numuneler \u00fcretmek i\u00e7in tasarlanm\u0131\u015f y\u00fcksek frekansl\u0131 bir s\u0131k\u0131\u015ft\u0131rma cihaz\u0131d\u0131r. Sistem, titre\u015fim enerjisini do\u011frudan kar\u0131\u015f\u0131ma aktaran \u00e7elik bir darbe mekanizmas\u0131, burulmaya dayan\u0131kl\u0131 bir ara mil ve standart kal\u0131plarla uyumlu bir s\u0131k\u0131\u015ft\u0131rma plakas\u0131ndan olu\u015fur. S\u0131k\u0131\u015ft\u0131rma plakalar\u0131 sayesinde, enerji numune boyunca e\u015fit olarak iletilerek homojen yo\u011funluk ve tekrarlanabilir konsolidasyon sa\u011flan\u0131r. Rijit g\u00f6vde, uzun s\u00fcreli \u00e7al\u0131\u015fma i\u00e7in a\u015f\u0131nmaya dayan\u0131kl\u0131 rulmanlar ve \u0131s\u0131 korumal\u0131 sarg\u0131larla donat\u0131lm\u0131\u015ft\u0131r. Ergonomik, titre\u015fim s\u00f6n\u00fcmlemeli tutamak, operat\u00f6r\u00fcn kal\u0131p merkezinde kontroll\u00fc, dik kuvvet uygulamas\u0131n\u0131 sa\u011flar; uzun \u015faft se\u00e7ene\u011fi derin kal\u0131plara eri\u015fimi kolayla\u015ft\u0131r\u0131r. G\u00fc\u00e7 \u00fcnitesi sabit frekansta sabit genlik sa\u011flayarak homojen kaba\/ince agrega da\u011f\u0131l\u0131m\u0131n\u0131 destekler ve ayr\u0131\u015fmay\u0131 en aza indirir. G\u00fcvenlik kilidi teti\u011fi, a\u015f\u0131r\u0131 ak\u0131m\/a\u015f\u0131r\u0131 s\u0131cakl\u0131k korumas\u0131 ve \u00e7ift yal\u0131t\u0131ml\u0131 elektrik tasar\u0131m\u0131, a\u011f\u0131r laboratuvar i\u015f y\u00fckleri alt\u0131nda g\u00fcvenli \u00e7al\u0131\u015fma sa\u011flar. Cihaz, yakla\u015f\u0131k 146 mm \u00e7ap\u0131nda dairesel bir s\u0131k\u0131\u015ft\u0131rma plakas\u0131na sahip 6\u00d712 silindirik kal\u0131plarla uyumludur ve e\u015fde\u011fer bir kare plaka da mevcuttur. S\u0131k\u0131 toleransl\u0131 plaka-\u015faft ba\u011flant\u0131s\u0131 eksenel yanl\u0131\u015f hizalamay\u0131 \u00f6nler ve p\u00fcr\u00fczs\u00fcz temas y\u00fczeyleri h\u0131zl\u0131 temizlik sa\u011flar. Cihaz, numune haz\u0131rlamada kullan\u0131lan \u00e7elik silindir kal\u0131plar, taban plakalar\u0131 ve \u00e7er\u00e7eve tipi s\u0131k\u0131\u015ft\u0131rma standlar\u0131 ile entegre olur. ASTM C1435'te a\u00e7\u0131klanan titre\u015fim-s\u0131k\u0131\u015ft\u0131rma prensiplerine uygun olarak numune \u00fcretimine olanak sa\u011flar.<\/span><\/p>","protected":false},"excerpt":{"rendered":"<p>RCC i\u00e7in Titre\u015fimli S\u0131k\u0131\u015ft\u0131rma \u00c7ekici, d\u00fc\u015f\u00fck \u00e7\u00f6kmeli, kuru k\u0131vaml\u0131 silindirle s\u0131k\u0131\u015ft\u0131r\u0131lm\u0131\u015f beton (RCC) kar\u0131\u015f\u0131mlar\u0131n\u0131 standart silindirik kal\u0131plara s\u0131k\u0131\u015ft\u0131rmak i\u00e7in tasarlanm\u0131\u015f y\u00fcksek frekansl\u0131 bir cihazd\u0131r. \u00c7elik bir darbe mekanizmas\u0131 ve titre\u015fime dayan\u0131kl\u0131 \u015faft arac\u0131l\u0131\u011f\u0131yla e\u015fit s\u0131k\u0131\u015ft\u0131rma enerjisi sa\u011flayarak RCC numuneleri i\u00e7in tutarl\u0131 yo\u011funluk ve tekrarlanabilir sonu\u00e7lar sa\u011flar.<\/p>","protected":false},"featured_media":0,"template":"","meta":{"_acf_changed":false},"product_brand":[],"product_cat":[142,153],"product_tag":[],"class_list":{"0":"post-11529","1":"product","2":"type-product","3":"status-publish","5":"product_cat-concrete","6":"product_cat-concrete-compaction","9":"instock","10":"shipping-taxable","11":"product-type-simple"},"acf":[],"yoast_head":"<!-- This site is optimized with the Yoast SEO Premium plugin v26.5 (Yoast SEO v27.5) - https:\/\/yoast.com\/product\/yoast-seo-premium-wordpress\/ -->\n<title>Vibrating Compaction Hammer for RCC - YKM TEST<\/title>\n<meta name=\"description\" content=\"Vibrating Compaction Hammer for RCC designed for compacting low-slump roller-compacted concrete into standard cylindrical molds with uniform density and ASTM C1435 compliance.\" \/>\n<meta name=\"robots\" content=\"index, follow, max-snippet:-1, max-image-preview:large, max-video-preview:-1\" \/>\n<link rel=\"canonical\" href=\"https:\/\/ykmtest.com\/tr\/urun\/vibrating-compaction-hammer-for-rcc\/\" \/>\n<meta property=\"og:locale\" content=\"tr_TR\" \/>\n<meta property=\"og:type\" content=\"article\" \/>\n<meta property=\"og:title\" content=\"Vibrating Compaction Hammer for RCC\" \/>\n<meta property=\"og:description\" content=\"Vibrating Compaction Hammer for RCC designed for compacting low-slump roller-compacted concrete into standard cylindrical molds with uniform density and ASTM C1435 compliance.\" \/>\n<meta property=\"og:url\" content=\"https:\/\/ykmtest.com\/tr\/urun\/vibrating-compaction-hammer-for-rcc\/\" \/>\n<meta property=\"og:site_name\" content=\"YKM TEST\" \/>\n<meta property=\"article:modified_time\" content=\"2025-12-26T08:30:58+00:00\" \/>\n<meta name=\"twitter:card\" content=\"summary_large_image\" \/>\n<meta name=\"twitter:label1\" content=\"Fiyat\" \/>\n\t<meta name=\"twitter:data1\" content=\"\" \/>\n\t<meta name=\"twitter:label2\" content=\"Durumu\" \/>\n\t<meta name=\"twitter:data2\" content=\"Stokta var\" \/>\n<script type=\"application\/ld+json\" class=\"yoast-schema-graph\">{\"@context\":\"https:\\\/\\\/schema.org\",\"@graph\":[{\"@type\":\"WebPage\",\"@id\":\"https:\\\/\\\/ykmtest.com\\\/product\\\/vibrating-compaction-hammer-for-rcc\\\/\",\"url\":\"https:\\\/\\\/ykmtest.com\\\/product\\\/vibrating-compaction-hammer-for-rcc\\\/\",\"name\":\"Vibrating Compaction Hammer for RCC - YKM TEST\",\"isPartOf\":{\"@id\":\"https:\\\/\\\/darkorchid-cheetah-525435.hostingersite.com\\\/#website\"},\"datePublished\":\"2025-12-26T08:30:57+00:00\",\"dateModified\":\"2025-12-26T08:30:58+00:00\",\"description\":\"Vibrating Compaction Hammer for RCC designed for compacting low-slump roller-compacted concrete into standard cylindrical molds with uniform density and ASTM C1435 compliance.\",\"breadcrumb\":{\"@id\":\"https:\\\/\\\/ykmtest.com\\\/product\\\/vibrating-compaction-hammer-for-rcc\\\/#breadcrumb\"},\"inLanguage\":\"tr\",\"potentialAction\":[{\"@type\":\"ReadAction\",\"target\":[\"https:\\\/\\\/ykmtest.com\\\/product\\\/vibrating-compaction-hammer-for-rcc\\\/\"]}]},{\"@type\":\"BreadcrumbList\",\"@id\":\"https:\\\/\\\/ykmtest.com\\\/product\\\/vibrating-compaction-hammer-for-rcc\\\/#breadcrumb\",\"itemListElement\":[{\"@type\":\"ListItem\",\"position\":1,\"name\":\"Home\",\"item\":\"https:\\\/\\\/darkorchid-cheetah-525435.hostingersite.com\\\/\"},{\"@type\":\"ListItem\",\"position\":2,\"name\":\"\u0422\u043e\u0432\u0430\u0440\u044b\",\"item\":\"https:\\\/\\\/ykmtest.com\\\/ru\\\/shop\\\/\"},{\"@type\":\"ListItem\",\"position\":3,\"name\":\"Vibrating Compaction Hammer for RCC\"}]},{\"@type\":\"WebSite\",\"@id\":\"https:\\\/\\\/darkorchid-cheetah-525435.hostingersite.com\\\/#website\",\"url\":\"https:\\\/\\\/darkorchid-cheetah-525435.hostingersite.com\\\/\",\"name\":\"YKM TEST\",\"description\":\"\",\"publisher\":{\"@id\":\"https:\\\/\\\/darkorchid-cheetah-525435.hostingersite.com\\\/#organization\"},\"potentialAction\":[{\"@type\":\"SearchAction\",\"target\":{\"@type\":\"EntryPoint\",\"urlTemplate\":\"https:\\\/\\\/darkorchid-cheetah-525435.hostingersite.com\\\/?s={search_term_string}\"},\"query-input\":{\"@type\":\"PropertyValueSpecification\",\"valueRequired\":true,\"valueName\":\"search_term_string\"}}],\"inLanguage\":\"tr\"},{\"@type\":[\"Organization\",\"Place\"],\"@id\":\"https:\\\/\\\/darkorchid-cheetah-525435.hostingersite.com\\\/#organization\",\"name\":\"YKM TEST\",\"url\":\"https:\\\/\\\/darkorchid-cheetah-525435.hostingersite.com\\\/\",\"logo\":{\"@id\":\"https:\\\/\\\/ykmtest.com\\\/product\\\/vibrating-compaction-hammer-for-rcc\\\/#local-main-organization-logo\"},\"image\":{\"@id\":\"https:\\\/\\\/ykmtest.com\\\/product\\\/vibrating-compaction-hammer-for-rcc\\\/#local-main-organization-logo\"},\"telephone\":[],\"openingHoursSpecification\":[{\"@type\":\"OpeningHoursSpecification\",\"dayOfWeek\":[\"Monday\",\"Tuesday\",\"Wednesday\",\"Thursday\",\"Friday\",\"Saturday\",\"Sunday\"],\"opens\":\"09:00\",\"closes\":\"17:00\"}]},{\"@type\":\"ImageObject\",\"inLanguage\":\"tr\",\"@id\":\"https:\\\/\\\/ykmtest.com\\\/product\\\/vibrating-compaction-hammer-for-rcc\\\/#local-main-organization-logo\",\"url\":\"https:\\\/\\\/ykmtest.com\\\/wp-content\\\/uploads\\\/2025\\\/10\\\/Asset-2@2x-8.png\",\"contentUrl\":\"https:\\\/\\\/ykmtest.com\\\/wp-content\\\/uploads\\\/2025\\\/10\\\/Asset-2@2x-8.png\",\"width\":1550,\"height\":323,\"caption\":\"YKM TEST\"}]}<\/script>\n<meta property=\"product:price:currency\" content=\"USD\" \/>\n<meta property=\"og:availability\" content=\"instock\" \/>\n<meta property=\"product:availability\" content=\"instock\" \/>\n<meta property=\"product:condition\" content=\"new\" \/>\n<!-- \/ Yoast SEO Premium plugin. -->","yoast_head_json":{"title":"Vibrating Compaction Hammer for RCC - YKM TEST","description":"Vibrating Compaction Hammer for RCC designed for compacting low-slump roller-compacted concrete into standard cylindrical molds with uniform density and ASTM C1435 compliance.","robots":{"index":"index","follow":"follow","max-snippet":"max-snippet:-1","max-image-preview":"max-image-preview:large","max-video-preview":"max-video-preview:-1"},"canonical":"https:\/\/ykmtest.com\/tr\/urun\/vibrating-compaction-hammer-for-rcc\/","og_locale":"tr_TR","og_type":"article","og_title":"Vibrating Compaction Hammer for RCC","og_description":"Vibrating Compaction Hammer for RCC designed for compacting low-slump roller-compacted concrete into standard cylindrical molds with uniform density and ASTM C1435 compliance.","og_url":"https:\/\/ykmtest.com\/tr\/urun\/vibrating-compaction-hammer-for-rcc\/","og_site_name":"YKM TEST","article_modified_time":"2025-12-26T08:30:58+00:00","twitter_card":"summary_large_image","twitter_misc":{"Fiyat":"","Durumu":"Stokta var"},"schema":{"@context":"https:\/\/schema.org","@graph":[{"@type":"WebPage","@id":"https:\/\/ykmtest.com\/product\/vibrating-compaction-hammer-for-rcc\/","url":"https:\/\/ykmtest.com\/product\/vibrating-compaction-hammer-for-rcc\/","name":"Vibrating Compaction Hammer for RCC - YKM TEST","isPartOf":{"@id":"https:\/\/darkorchid-cheetah-525435.hostingersite.com\/#website"},"datePublished":"2025-12-26T08:30:57+00:00","dateModified":"2025-12-26T08:30:58+00:00","description":"Vibrating Compaction Hammer for RCC designed for compacting low-slump roller-compacted concrete into standard cylindrical molds with uniform density and ASTM C1435 compliance.","breadcrumb":{"@id":"https:\/\/ykmtest.com\/product\/vibrating-compaction-hammer-for-rcc\/#breadcrumb"},"inLanguage":"tr","potentialAction":[{"@type":"ReadAction","target":["https:\/\/ykmtest.com\/product\/vibrating-compaction-hammer-for-rcc\/"]}]},{"@type":"BreadcrumbList","@id":"https:\/\/ykmtest.com\/product\/vibrating-compaction-hammer-for-rcc\/#breadcrumb","itemListElement":[{"@type":"ListItem","position":1,"name":"Home","item":"https:\/\/darkorchid-cheetah-525435.hostingersite.com\/"},{"@type":"ListItem","position":2,"name":"\u0422\u043e\u0432\u0430\u0440\u044b","item":"https:\/\/ykmtest.com\/ru\/shop\/"},{"@type":"ListItem","position":3,"name":"Vibrating Compaction Hammer for RCC"}]},{"@type":"WebSite","@id":"https:\/\/darkorchid-cheetah-525435.hostingersite.com\/#website","url":"https:\/\/darkorchid-cheetah-525435.hostingersite.com\/","name":"YKM TEST\u0130","description":"","publisher":{"@id":"https:\/\/darkorchid-cheetah-525435.hostingersite.com\/#organization"},"potentialAction":[{"@type":"SearchAction","target":{"@type":"EntryPoint","urlTemplate":"https:\/\/darkorchid-cheetah-525435.hostingersite.com\/?s={search_term_string}"},"query-input":{"@type":"PropertyValueSpecification","valueRequired":true,"valueName":"search_term_string"}}],"inLanguage":"tr"},{"@type":["Organization","Place"],"@id":"https:\/\/darkorchid-cheetah-525435.hostingersite.com\/#organization","name":"YKM TEST\u0130","url":"https:\/\/darkorchid-cheetah-525435.hostingersite.com\/","logo":{"@id":"https:\/\/ykmtest.com\/product\/vibrating-compaction-hammer-for-rcc\/#local-main-organization-logo"},"image":{"@id":"https:\/\/ykmtest.com\/product\/vibrating-compaction-hammer-for-rcc\/#local-main-organization-logo"},"telephone":[],"openingHoursSpecification":[{"@type":"OpeningHoursSpecification","dayOfWeek":["Monday","Tuesday","Wednesday","Thursday","Friday","Saturday","Sunday"],"opens":"09:00","closes":"17:00"}]},{"@type":"ImageObject","inLanguage":"tr","@id":"https:\/\/ykmtest.com\/product\/vibrating-compaction-hammer-for-rcc\/#local-main-organization-logo","url":"https:\/\/ykmtest.com\/wp-content\/uploads\/2025\/10\/Asset-2@2x-8.png","contentUrl":"https:\/\/ykmtest.com\/wp-content\/uploads\/2025\/10\/Asset-2@2x-8.png","width":1550,"height":323,"caption":"YKM TEST"}]},"product_price_currency":"USD","og_availability":"instock","product_availability":"instock","product_condition":"new"},"_links":{"self":[{"href":"https:\/\/ykmtest.com\/tr\/wp-json\/wp\/v2\/product\/11529","targetHints":{"allow":["GET"]}}],"collection":[{"href":"https:\/\/ykmtest.com\/tr\/wp-json\/wp\/v2\/product"}],"about":[{"href":"https:\/\/ykmtest.com\/tr\/wp-json\/wp\/v2\/types\/product"}],"version-history":[{"count":1,"href":"https:\/\/ykmtest.com\/tr\/wp-json\/wp\/v2\/product\/11529\/revisions"}],"predecessor-version":[{"id":11530,"href":"https:\/\/ykmtest.com\/tr\/wp-json\/wp\/v2\/product\/11529\/revisions\/11530"}],"wp:attachment":[{"href":"https:\/\/ykmtest.com\/tr\/wp-json\/wp\/v2\/media?parent=11529"}],"wp:term":[{"taxonomy":"product_brand","embeddable":true,"href":"https:\/\/ykmtest.com\/tr\/wp-json\/wp\/v2\/product_brand?post=11529"},{"taxonomy":"product_cat","embeddable":true,"href":"https:\/\/ykmtest.com\/tr\/wp-json\/wp\/v2\/product_cat?post=11529"},{"taxonomy":"product_tag","embeddable":true,"href":"https:\/\/ykmtest.com\/tr\/wp-json\/wp\/v2\/product_tag?post=11529"}],"curies":[{"name":"wp","href":"https:\/\/api.w.org\/{rel}","templated":true}]}}