{"id":11538,"date":"2025-12-26T09:17:55","date_gmt":"2025-12-26T09:17:55","guid":{"rendered":"https:\/\/ykmtest.com\/?post_type=product&#038;p=11538"},"modified":"2025-12-26T09:17:56","modified_gmt":"2025-12-26T09:17:56","slug":"cylinder-moulds","status":"publish","type":"product","link":"https:\/\/ykmtest.com\/tr\/urun\/cylinder-moulds\/","title":{"rendered":"Silindir Kal\u0131plar\u0131"},"content":{"rendered":"<p>Silindir Kal\u0131plar, beton silindir numunelerini boyutsal do\u011fruluk ve tekrarlanabilirlikle haz\u0131rlamak i\u00e7in tasarlanm\u0131\u015f hassas m\u00fchendislik \u00fcr\u00fcn\u00fc kal\u0131plard\u0131r. Plastik veya \u00e7elik konstr\u00fcksiyon olarak mevcutturlar. \u00c7elik kal\u0131plar, kelebek somunlu iki par\u00e7al\u0131 bir g\u00f6vdeye ve g\u00fcvenli kapatma, s\u0131zd\u0131rmaz d\u00f6k\u00fcm ve kolay montaj \/ demontaj sa\u011flayan \u00e7\u0131kar\u0131labilir bir taban plakas\u0131na sahiptir. Korozyona dayan\u0131kl\u0131 kaplama ve a\u011f\u0131r hizmet tipi k\u00f6\u015fe geometrisi, yo\u011fun laboratuvar kullan\u0131m\u0131 alt\u0131nda boyutsal kararl\u0131l\u0131\u011f\u0131 korur. Kal\u0131plar 150\u00d7300 mm (6\u00d712 in\u00e7) ve 100\u00d7200 mm (4\u00d78 in\u00e7) gibi yayg\u0131n olarak kullan\u0131lan boyutlarda sunulmaktad\u0131r. Tek kullan\u0131ml\u0131k sert plastik versiyonlar sahada kullan\u0131m i\u00e7in d\u00fc\u015f\u00fck a\u011f\u0131rl\u0131k ve h\u0131zl\u0131 s\u0131y\u0131rma imkan\u0131 sunarken, metal laboratuvar kal\u0131plar\u0131 uzun hizmet \u00f6mr\u00fc, s\u0131k\u0131 geometrik toleranslar ve \u0131s\u0131 ve nem de\u011fi\u015fimlerine kar\u015f\u0131 stabilite sa\u011flar. P\u00fcr\u00fczs\u00fcz i\u00e7 y\u00fczeyler, ayr\u0131\u015fmaya neden olmadan do\u011fru yerle\u015ftirmeyi destekler ve h\u0131zl\u0131 temizli\u011fe olanak tan\u0131r. Tasar\u0131m ve boyutland\u0131rma, silindir kal\u0131p \u015feklini, boyutlar\u0131n\u0131 ve toleranslar\u0131n\u0131 tan\u0131mlayan uluslararas\u0131 standartlara uygundur. T\u00fcm bile\u015fenler, numune haz\u0131rlama ve k\u00fcrleme i\u00e7in beklenen i\u015f ak\u0131\u015flar\u0131na entegre olacak \u015fekilde se\u00e7ilmi\u015ftir ve s\u0131k\u0131\u015ft\u0131rma, yarma \u00e7ekme ve elastikiyet testleri i\u00e7in g\u00fcvenilir ve kar\u015f\u0131la\u015ft\u0131r\u0131labilir mukavemet de\u011ferleri sa\u011flar.<\/p>","protected":false},"excerpt":{"rendered":"<p>Silindir Kal\u0131plar, beton silindir numunelerin do\u011fru ve tekrarlanabilir \u015fekilde haz\u0131rlanmas\u0131n\u0131 sa\u011flamak i\u00e7in tasarlanm\u0131\u015f, g\u00fcvenli kapaklara, korozyona dayan\u0131kl\u0131 kaplamalara ve kolay montaj, demontaj ve temizlik i\u00e7in p\u00fcr\u00fczs\u00fcz i\u00e7 y\u00fczeylere sahip, 150\u00d7300 mm ve 100\u00d7200 mm gibi boyutlarda, uluslararas\u0131 standartlara uygun olarak hem saha hem de laboratuvar kullan\u0131m\u0131na uygun, \u00e7elik veya plastikten yap\u0131lm\u0131\u015f hassas i\u015f\u00e7ilikli kal\u0131plard\u0131r.<\/p>","protected":false},"featured_media":0,"template":"","meta":{"_acf_changed":false},"product_brand":[],"product_cat":[142,154],"product_tag":[],"class_list":{"0":"post-11538","1":"product","2":"type-product","3":"status-publish","5":"product_cat-concrete","6":"product_cat-moulds","9":"instock","10":"shipping-taxable","11":"product-type-simple"},"acf":[],"yoast_head":"<!-- This site is optimized with the Yoast SEO Premium plugin v26.5 (Yoast SEO v26.5) - https:\/\/yoast.com\/wordpress\/plugins\/seo\/ -->\n<title>Cylinder Moulds - YKM TEST<\/title>\n<meta name=\"description\" content=\"Concrete cylinder moulds in steel or plastic for accurate, repeatable specimen preparation in laboratory and field testing applications.\" \/>\n<meta name=\"robots\" content=\"index, follow, max-snippet:-1, max-image-preview:large, max-video-preview:-1\" \/>\n<link rel=\"canonical\" href=\"https:\/\/ykmtest.com\/tr\/urun\/cylinder-moulds\/\" \/>\n<meta property=\"og:locale\" content=\"tr_TR\" \/>\n<meta property=\"og:type\" content=\"article\" \/>\n<meta property=\"og:title\" content=\"Cylinder Moulds\" \/>\n<meta property=\"og:description\" content=\"Concrete cylinder moulds in steel or plastic for accurate, repeatable specimen preparation in laboratory and field testing applications.\" \/>\n<meta property=\"og:url\" content=\"https:\/\/ykmtest.com\/tr\/urun\/cylinder-moulds\/\" \/>\n<meta property=\"og:site_name\" content=\"YKM TEST\" \/>\n<meta property=\"article:modified_time\" content=\"2025-12-26T09:17:56+00:00\" \/>\n<meta name=\"twitter:card\" content=\"summary_large_image\" \/>\n<meta name=\"twitter:label1\" content=\"Price\" \/>\n\t<meta name=\"twitter:data1\" content=\"\" \/>\n\t<meta name=\"twitter:label2\" content=\"Availability\" \/>\n\t<meta name=\"twitter:data2\" content=\"In stock\" \/>\n<script type=\"application\/ld+json\" class=\"yoast-schema-graph\">{\"@context\":\"https:\/\/schema.org\",\"@graph\":[{\"@type\":\"WebPage\",\"@id\":\"https:\/\/ykmtest.com\/product\/cylinder-moulds\/\",\"url\":\"https:\/\/ykmtest.com\/product\/cylinder-moulds\/\",\"name\":\"Cylinder Moulds - YKM TEST\",\"isPartOf\":{\"@id\":\"https:\/\/ykmtest.com\/#website\"},\"datePublished\":\"2025-12-26T09:17:55+00:00\",\"dateModified\":\"2025-12-26T09:17:56+00:00\",\"description\":\"Concrete cylinder moulds in steel or plastic for accurate, repeatable specimen preparation in laboratory and field testing applications.\",\"breadcrumb\":{\"@id\":\"https:\/\/ykmtest.com\/product\/cylinder-moulds\/#breadcrumb\"},\"inLanguage\":\"tr\",\"potentialAction\":[{\"@type\":\"ReadAction\",\"target\":[\"https:\/\/ykmtest.com\/product\/cylinder-moulds\/\"]}]},{\"@type\":\"BreadcrumbList\",\"@id\":\"https:\/\/ykmtest.com\/product\/cylinder-moulds\/#breadcrumb\",\"itemListElement\":[{\"@type\":\"ListItem\",\"position\":1,\"name\":\"Home\",\"item\":\"https:\/\/ykmtest.com\/\"},{\"@type\":\"ListItem\",\"position\":2,\"name\":\"Products\",\"item\":\"https:\/\/ykmtest.com\/shop\/\"},{\"@type\":\"ListItem\",\"position\":3,\"name\":\"Cylinder Moulds\"}]},{\"@type\":\"WebSite\",\"@id\":\"https:\/\/ykmtest.com\/#website\",\"url\":\"https:\/\/ykmtest.com\/\",\"name\":\"YKM TEST\",\"description\":\"\",\"publisher\":{\"@id\":\"https:\/\/ykmtest.com\/#organization\"},\"potentialAction\":[{\"@type\":\"SearchAction\",\"target\":{\"@type\":\"EntryPoint\",\"urlTemplate\":\"https:\/\/ykmtest.com\/?s={search_term_string}\"},\"query-input\":{\"@type\":\"PropertyValueSpecification\",\"valueRequired\":true,\"valueName\":\"search_term_string\"}}],\"inLanguage\":\"tr\"},{\"@type\":[\"Organization\",\"Place\"],\"@id\":\"https:\/\/ykmtest.com\/#organization\",\"name\":\"YKM TEST\",\"url\":\"https:\/\/ykmtest.com\/\",\"logo\":{\"@id\":\"https:\/\/ykmtest.com\/product\/cylinder-moulds\/#local-main-organization-logo\"},\"image\":{\"@id\":\"https:\/\/ykmtest.com\/product\/cylinder-moulds\/#local-main-organization-logo\"},\"telephone\":[],\"openingHoursSpecification\":[{\"@type\":\"OpeningHoursSpecification\",\"dayOfWeek\":[\"Monday\",\"Tuesday\",\"Wednesday\",\"Thursday\",\"Friday\",\"Saturday\",\"Sunday\"],\"opens\":\"09:00\",\"closes\":\"17:00\"}]},{\"@type\":\"ImageObject\",\"inLanguage\":\"tr\",\"@id\":\"https:\/\/ykmtest.com\/product\/cylinder-moulds\/#local-main-organization-logo\",\"url\":\"https:\/\/ykmtest.com\/wp-content\/uploads\/2025\/10\/Asset-2@2x-8.png\",\"contentUrl\":\"https:\/\/ykmtest.com\/wp-content\/uploads\/2025\/10\/Asset-2@2x-8.png\",\"width\":1550,\"height\":323,\"caption\":\"YKM TEST\"}]}<\/script>\n<meta property=\"product:price:currency\" content=\"USD\" \/>\n<meta property=\"og:availability\" content=\"instock\" \/>\n<meta property=\"product:availability\" content=\"instock\" \/>\n<meta property=\"product:condition\" content=\"new\" \/>\n<!-- \/ Yoast SEO Premium plugin. -->","yoast_head_json":{"title":"Cylinder Moulds - YKM TEST","description":"Concrete cylinder moulds in steel or plastic for accurate, repeatable specimen preparation in laboratory and field testing applications.","robots":{"index":"index","follow":"follow","max-snippet":"max-snippet:-1","max-image-preview":"max-image-preview:large","max-video-preview":"max-video-preview:-1"},"canonical":"https:\/\/ykmtest.com\/tr\/urun\/cylinder-moulds\/","og_locale":"tr_TR","og_type":"article","og_title":"Cylinder Moulds","og_description":"Concrete cylinder moulds in steel or plastic for accurate, repeatable specimen preparation in laboratory and field testing applications.","og_url":"https:\/\/ykmtest.com\/tr\/urun\/cylinder-moulds\/","og_site_name":"YKM TEST","article_modified_time":"2025-12-26T09:17:56+00:00","twitter_card":"summary_large_image","twitter_misc":{"Price":"","Availability":"In stock"},"schema":{"@context":"https:\/\/schema.org","@graph":[{"@type":"WebPage","@id":"https:\/\/ykmtest.com\/product\/cylinder-moulds\/","url":"https:\/\/ykmtest.com\/product\/cylinder-moulds\/","name":"Cylinder Moulds - YKM TEST","isPartOf":{"@id":"https:\/\/ykmtest.com\/#website"},"datePublished":"2025-12-26T09:17:55+00:00","dateModified":"2025-12-26T09:17:56+00:00","description":"Concrete cylinder moulds in steel or plastic for accurate, repeatable specimen preparation in laboratory and field testing applications.","breadcrumb":{"@id":"https:\/\/ykmtest.com\/product\/cylinder-moulds\/#breadcrumb"},"inLanguage":"tr","potentialAction":[{"@type":"ReadAction","target":["https:\/\/ykmtest.com\/product\/cylinder-moulds\/"]}]},{"@type":"BreadcrumbList","@id":"https:\/\/ykmtest.com\/product\/cylinder-moulds\/#breadcrumb","itemListElement":[{"@type":"ListItem","position":1,"name":"Home","item":"https:\/\/ykmtest.com\/"},{"@type":"ListItem","position":2,"name":"Products","item":"https:\/\/ykmtest.com\/shop\/"},{"@type":"ListItem","position":3,"name":"Cylinder Moulds"}]},{"@type":"WebSite","@id":"https:\/\/ykmtest.com\/#website","url":"https:\/\/ykmtest.com\/","name":"YKM TEST\u0130","description":"","publisher":{"@id":"https:\/\/ykmtest.com\/#organization"},"potentialAction":[{"@type":"SearchAction","target":{"@type":"EntryPoint","urlTemplate":"https:\/\/ykmtest.com\/?s={search_term_string}"},"query-input":{"@type":"PropertyValueSpecification","valueRequired":true,"valueName":"search_term_string"}}],"inLanguage":"tr"},{"@type":["Organization","Place"],"@id":"https:\/\/ykmtest.com\/#organization","name":"YKM TEST\u0130","url":"https:\/\/ykmtest.com\/","logo":{"@id":"https:\/\/ykmtest.com\/product\/cylinder-moulds\/#local-main-organization-logo"},"image":{"@id":"https:\/\/ykmtest.com\/product\/cylinder-moulds\/#local-main-organization-logo"},"telephone":[],"openingHoursSpecification":[{"@type":"OpeningHoursSpecification","dayOfWeek":["Monday","Tuesday","Wednesday","Thursday","Friday","Saturday","Sunday"],"opens":"09:00","closes":"17:00"}]},{"@type":"ImageObject","inLanguage":"tr","@id":"https:\/\/ykmtest.com\/product\/cylinder-moulds\/#local-main-organization-logo","url":"https:\/\/ykmtest.com\/wp-content\/uploads\/2025\/10\/Asset-2@2x-8.png","contentUrl":"https:\/\/ykmtest.com\/wp-content\/uploads\/2025\/10\/Asset-2@2x-8.png","width":1550,"height":323,"caption":"YKM TEST"}]},"product_price_currency":"USD","og_availability":"instock","product_availability":"instock","product_condition":"new"},"_links":{"self":[{"href":"https:\/\/ykmtest.com\/tr\/wp-json\/wp\/v2\/product\/11538","targetHints":{"allow":["GET"]}}],"collection":[{"href":"https:\/\/ykmtest.com\/tr\/wp-json\/wp\/v2\/product"}],"about":[{"href":"https:\/\/ykmtest.com\/tr\/wp-json\/wp\/v2\/types\/product"}],"version-history":[{"count":1,"href":"https:\/\/ykmtest.com\/tr\/wp-json\/wp\/v2\/product\/11538\/revisions"}],"predecessor-version":[{"id":11539,"href":"https:\/\/ykmtest.com\/tr\/wp-json\/wp\/v2\/product\/11538\/revisions\/11539"}],"wp:attachment":[{"href":"https:\/\/ykmtest.com\/tr\/wp-json\/wp\/v2\/media?parent=11538"}],"wp:term":[{"taxonomy":"product_brand","embeddable":true,"href":"https:\/\/ykmtest.com\/tr\/wp-json\/wp\/v2\/product_brand?post=11538"},{"taxonomy":"product_cat","embeddable":true,"href":"https:\/\/ykmtest.com\/tr\/wp-json\/wp\/v2\/product_cat?post=11538"},{"taxonomy":"product_tag","embeddable":true,"href":"https:\/\/ykmtest.com\/tr\/wp-json\/wp\/v2\/product_tag?post=11538"}],"curies":[{"name":"wp","href":"https:\/\/api.w.org\/{rel}","templated":true}]}}