{"id":11544,"date":"2025-12-26T09:39:22","date_gmt":"2025-12-26T09:39:22","guid":{"rendered":"https:\/\/ykmtest.com\/?post_type=product&#038;p=11544"},"modified":"2025-12-26T10:55:05","modified_gmt":"2025-12-26T10:55:05","slug":"automatic-specimen-grinding-machine","status":"publish","type":"product","link":"https:\/\/ykmtest.com\/tr\/urun\/automatic-specimen-grinding-machine\/","title":{"rendered":"Otomatik Numune Ta\u015flama Makinesi"},"content":{"rendered":"<p data-start=\"506\" data-end=\"955\">Otomatik Numune Ta\u015flama Makinesi, beton, kaya, do\u011fal ta\u015f ve benzeri yap\u0131 malzemelerinden elde edilen numunelerin d\u00fcz, p\u00fcr\u00fczs\u00fcz ve paralel u\u00e7 y\u00fczeylerini haz\u0131rlamak i\u00e7in geli\u015ftirilmi\u015f y\u00fcksek hassasiyetli bir laboratuvar cihaz\u0131d\u0131r. Bas\u0131n\u00e7 dayan\u0131m\u0131, yarma \u00e7ekme ve elastik \u00f6zellik testlerinden \u00f6nce uygun y\u00fczey haz\u0131rl\u0131\u011f\u0131 \u015fartt\u0131r ve bu makine ilgili EN ve ASTM test gerekliliklerine tam uyum sa\u011flar.<\/p>\n<p data-start=\"957\" data-end=\"1386\">Makine, test parametreleri ayarland\u0131ktan sonra operat\u00f6r etkisini ortadan kald\u0131rarak tam otomatik kontrol alt\u0131nda \u00e7al\u0131\u015f\u0131r. G\u00fc\u00e7l\u00fc bir motor ve rijit ta\u015flama kafas\u0131 istikrarl\u0131 malzeme kald\u0131rma sa\u011flarken, otomatik d\u00f6ng\u00fc numuneden numuneye tutarl\u0131 y\u00fczey kalitesi sa\u011flar. Numune \u00e7ap\u0131na ba\u011fl\u0131 olarak, \u00fc\u00e7 adede kadar silindirik numune ayn\u0131 anda i\u015flenebilir ve bu da laboratuvar verimini \u00f6nemli \u00f6l\u00e7\u00fcde art\u0131r\u0131r.<\/p>\n<p data-start=\"1388\" data-end=\"1709\">Sistem, \u00d838 mm'den \u00d8200 mm'ye kadar standart numune \u00e7aplar\u0131yla uyumludur ve \u00e7ok \u00e7e\u015fitli laboratuvar ve saha karot boyutlar\u0131n\u0131 kapsar. Numuneler, ta\u015flama s\u0131ras\u0131nda hareketi \u00f6nleyen ve m\u00fckemmel y\u00fczey paralelli\u011fi ve dikli\u011fi sa\u011flayan \u00f6zel bir titre\u015fimsiz ba\u011flama sistemi kullan\u0131larak sabitlenir.<\/p>\n<p data-start=\"1711\" data-end=\"1954\">Entegre bir su so\u011futma sistemi, \u00e7al\u0131\u015fma s\u0131ras\u0131nda ta\u015flama diskini ve numune y\u00fczeyini s\u00fcrekli olarak so\u011futur. Bu, a\u015f\u0131r\u0131 \u0131s\u0131nmay\u0131 \u00f6nler, y\u00fczey b\u00fct\u00fcnl\u00fc\u011f\u00fcn\u00fc korur, tozu azalt\u0131r ve ta\u015flama bile\u015fenlerinin hizmet \u00f6mr\u00fcn\u00fc uzat\u0131r.<\/p>\n<p data-start=\"1956\" data-end=\"2243\">Kullan\u0131c\u0131 dostu kontrol paneli, operat\u00f6r\u00fcn malzeme t\u00fcr\u00fcne ve istenen y\u00fczey kalitesine g\u00f6re ta\u015flama parametrelerini programlamas\u0131na olanak tan\u0131r. Bir kez ba\u015flat\u0131ld\u0131\u011f\u0131nda, t\u00fcm ta\u015flama i\u015flemi otomatik olarak ger\u00e7ekle\u015ftirilir ve minimum denetimle tekrarlanabilir ve g\u00fcvenilir sonu\u00e7lar sa\u011flar.<\/p>\n<p data-start=\"2245\" data-end=\"2586\">Makinenin a\u011f\u0131r hizmet tipi \u00e7elik yap\u0131s\u0131, yo\u011fun laboratuvar kullan\u0131m\u0131 alt\u0131nda y\u00fcksek sa\u011flaml\u0131k, d\u00fc\u015f\u00fck titre\u015fim ve uzun hizmet \u00f6mr\u00fc sa\u011flar. Otomatik Numune Ta\u015flama Makinesi, h\u0131zl\u0131, do\u011fru ve standartlara uygun numune haz\u0131rl\u0131\u011f\u0131 sa\u011flayarak test \u00f6ncesi i\u015f ak\u0131\u015flar\u0131n\u0131 optimize eder ve laboratuvar test sonu\u00e7lar\u0131n\u0131n g\u00fcvenilirli\u011fini art\u0131r\u0131r.<\/p>","protected":false},"excerpt":{"rendered":"<p>Otomatik Numune Ta\u015flama Makinesi, beton, kaya ve ta\u015f numuneleri test standartlar\u0131na uygun olarak d\u00fcz, p\u00fcr\u00fczs\u00fcz ve paralel u\u00e7 y\u00fczeylere ta\u015flamak i\u00e7in tasarlanm\u0131\u015f y\u00fcksek hassasiyetli, tam otomatik bir sistemdir.<\/p>","protected":false},"featured_media":0,"template":"","meta":{"_acf_changed":false},"product_brand":[],"product_cat":[142,155],"product_tag":[],"class_list":{"0":"post-11544","1":"product","2":"type-product","3":"status-publish","5":"product_cat-concrete","6":"product_cat-coring-cutting-and-grinding-machines","9":"instock","10":"shipping-taxable","11":"product-type-simple"},"acf":[],"yoast_head":"<!-- This site is optimized with the Yoast SEO Premium plugin v26.5 (Yoast SEO v26.5) - https:\/\/yoast.com\/wordpress\/plugins\/seo\/ -->\n<title>Automatic Specimen Grinding Machine - YKM TEST<\/title>\n<meta name=\"description\" content=\"Automatic specimen grinding machine for concrete, rock, and stone samples, providing flat, parallel surfaces for standard-compliant strength testing.\" \/>\n<meta name=\"robots\" content=\"index, follow, max-snippet:-1, max-image-preview:large, max-video-preview:-1\" \/>\n<link rel=\"canonical\" href=\"https:\/\/ykmtest.com\/tr\/urun\/automatic-specimen-grinding-machine\/\" \/>\n<meta property=\"og:locale\" content=\"tr_TR\" \/>\n<meta property=\"og:type\" content=\"article\" \/>\n<meta property=\"og:title\" content=\"Automatic Specimen Grinding Machine\" \/>\n<meta property=\"og:description\" content=\"Automatic specimen grinding machine for concrete, rock, and stone samples, providing flat, parallel surfaces for standard-compliant strength testing.\" \/>\n<meta property=\"og:url\" content=\"https:\/\/ykmtest.com\/tr\/urun\/automatic-specimen-grinding-machine\/\" \/>\n<meta property=\"og:site_name\" content=\"YKM TEST\" \/>\n<meta property=\"article:modified_time\" content=\"2025-12-26T10:55:05+00:00\" \/>\n<meta name=\"twitter:card\" content=\"summary_large_image\" \/>\n<meta name=\"twitter:label1\" content=\"Price\" \/>\n\t<meta name=\"twitter:data1\" content=\"\" \/>\n\t<meta name=\"twitter:label2\" content=\"Availability\" \/>\n\t<meta name=\"twitter:data2\" content=\"In stock\" \/>\n<script type=\"application\/ld+json\" class=\"yoast-schema-graph\">{\"@context\":\"https:\/\/schema.org\",\"@graph\":[{\"@type\":\"WebPage\",\"@id\":\"https:\/\/ykmtest.com\/product\/automatic-specimen-grinding-machine\/\",\"url\":\"https:\/\/ykmtest.com\/product\/automatic-specimen-grinding-machine\/\",\"name\":\"Automatic Specimen Grinding Machine - YKM TEST\",\"isPartOf\":{\"@id\":\"https:\/\/ykmtest.com\/#website\"},\"datePublished\":\"2025-12-26T09:39:22+00:00\",\"dateModified\":\"2025-12-26T10:55:05+00:00\",\"description\":\"Automatic specimen grinding machine for concrete, rock, and stone samples, providing flat, parallel surfaces for standard-compliant strength testing.\",\"breadcrumb\":{\"@id\":\"https:\/\/ykmtest.com\/product\/automatic-specimen-grinding-machine\/#breadcrumb\"},\"inLanguage\":\"tr\",\"potentialAction\":[{\"@type\":\"ReadAction\",\"target\":[\"https:\/\/ykmtest.com\/product\/automatic-specimen-grinding-machine\/\"]}]},{\"@type\":\"BreadcrumbList\",\"@id\":\"https:\/\/ykmtest.com\/product\/automatic-specimen-grinding-machine\/#breadcrumb\",\"itemListElement\":[{\"@type\":\"ListItem\",\"position\":1,\"name\":\"Home\",\"item\":\"https:\/\/ykmtest.com\/\"},{\"@type\":\"ListItem\",\"position\":2,\"name\":\"Products\",\"item\":\"https:\/\/ykmtest.com\/shop\/\"},{\"@type\":\"ListItem\",\"position\":3,\"name\":\"Automatic Specimen Grinding Machine\"}]},{\"@type\":\"WebSite\",\"@id\":\"https:\/\/ykmtest.com\/#website\",\"url\":\"https:\/\/ykmtest.com\/\",\"name\":\"YKM TEST\",\"description\":\"\",\"publisher\":{\"@id\":\"https:\/\/ykmtest.com\/#organization\"},\"potentialAction\":[{\"@type\":\"SearchAction\",\"target\":{\"@type\":\"EntryPoint\",\"urlTemplate\":\"https:\/\/ykmtest.com\/?s={search_term_string}\"},\"query-input\":{\"@type\":\"PropertyValueSpecification\",\"valueRequired\":true,\"valueName\":\"search_term_string\"}}],\"inLanguage\":\"tr\"},{\"@type\":[\"Organization\",\"Place\"],\"@id\":\"https:\/\/ykmtest.com\/#organization\",\"name\":\"YKM TEST\",\"url\":\"https:\/\/ykmtest.com\/\",\"logo\":{\"@id\":\"https:\/\/ykmtest.com\/product\/automatic-specimen-grinding-machine\/#local-main-organization-logo\"},\"image\":{\"@id\":\"https:\/\/ykmtest.com\/product\/automatic-specimen-grinding-machine\/#local-main-organization-logo\"},\"telephone\":[],\"openingHoursSpecification\":[{\"@type\":\"OpeningHoursSpecification\",\"dayOfWeek\":[\"Monday\",\"Tuesday\",\"Wednesday\",\"Thursday\",\"Friday\",\"Saturday\",\"Sunday\"],\"opens\":\"09:00\",\"closes\":\"17:00\"}]},{\"@type\":\"ImageObject\",\"inLanguage\":\"tr\",\"@id\":\"https:\/\/ykmtest.com\/product\/automatic-specimen-grinding-machine\/#local-main-organization-logo\",\"url\":\"https:\/\/ykmtest.com\/wp-content\/uploads\/2025\/10\/Asset-2@2x-8.png\",\"contentUrl\":\"https:\/\/ykmtest.com\/wp-content\/uploads\/2025\/10\/Asset-2@2x-8.png\",\"width\":1550,\"height\":323,\"caption\":\"YKM TEST\"}]}<\/script>\n<meta property=\"product:price:currency\" content=\"USD\" \/>\n<meta property=\"og:availability\" content=\"instock\" \/>\n<meta property=\"product:availability\" content=\"instock\" \/>\n<meta property=\"product:condition\" content=\"new\" \/>\n<!-- \/ Yoast SEO Premium plugin. -->","yoast_head_json":{"title":"Automatic Specimen Grinding Machine - YKM TEST","description":"Automatic specimen grinding machine for concrete, rock, and stone samples, providing flat, parallel surfaces for standard-compliant strength testing.","robots":{"index":"index","follow":"follow","max-snippet":"max-snippet:-1","max-image-preview":"max-image-preview:large","max-video-preview":"max-video-preview:-1"},"canonical":"https:\/\/ykmtest.com\/tr\/urun\/automatic-specimen-grinding-machine\/","og_locale":"tr_TR","og_type":"article","og_title":"Automatic Specimen Grinding Machine","og_description":"Automatic specimen grinding machine for concrete, rock, and stone samples, providing flat, parallel surfaces for standard-compliant strength testing.","og_url":"https:\/\/ykmtest.com\/tr\/urun\/automatic-specimen-grinding-machine\/","og_site_name":"YKM TEST","article_modified_time":"2025-12-26T10:55:05+00:00","twitter_card":"summary_large_image","twitter_misc":{"Price":"","Availability":"In stock"},"schema":{"@context":"https:\/\/schema.org","@graph":[{"@type":"WebPage","@id":"https:\/\/ykmtest.com\/product\/automatic-specimen-grinding-machine\/","url":"https:\/\/ykmtest.com\/product\/automatic-specimen-grinding-machine\/","name":"Automatic Specimen Grinding Machine - YKM TEST","isPartOf":{"@id":"https:\/\/ykmtest.com\/#website"},"datePublished":"2025-12-26T09:39:22+00:00","dateModified":"2025-12-26T10:55:05+00:00","description":"Automatic specimen grinding machine for concrete, rock, and stone samples, providing flat, parallel surfaces for standard-compliant strength testing.","breadcrumb":{"@id":"https:\/\/ykmtest.com\/product\/automatic-specimen-grinding-machine\/#breadcrumb"},"inLanguage":"tr","potentialAction":[{"@type":"ReadAction","target":["https:\/\/ykmtest.com\/product\/automatic-specimen-grinding-machine\/"]}]},{"@type":"BreadcrumbList","@id":"https:\/\/ykmtest.com\/product\/automatic-specimen-grinding-machine\/#breadcrumb","itemListElement":[{"@type":"ListItem","position":1,"name":"Home","item":"https:\/\/ykmtest.com\/"},{"@type":"ListItem","position":2,"name":"Products","item":"https:\/\/ykmtest.com\/shop\/"},{"@type":"ListItem","position":3,"name":"Automatic Specimen Grinding Machine"}]},{"@type":"WebSite","@id":"https:\/\/ykmtest.com\/#website","url":"https:\/\/ykmtest.com\/","name":"YKM TEST\u0130","description":"","publisher":{"@id":"https:\/\/ykmtest.com\/#organization"},"potentialAction":[{"@type":"SearchAction","target":{"@type":"EntryPoint","urlTemplate":"https:\/\/ykmtest.com\/?s={search_term_string}"},"query-input":{"@type":"PropertyValueSpecification","valueRequired":true,"valueName":"search_term_string"}}],"inLanguage":"tr"},{"@type":["Organization","Place"],"@id":"https:\/\/ykmtest.com\/#organization","name":"YKM TEST\u0130","url":"https:\/\/ykmtest.com\/","logo":{"@id":"https:\/\/ykmtest.com\/product\/automatic-specimen-grinding-machine\/#local-main-organization-logo"},"image":{"@id":"https:\/\/ykmtest.com\/product\/automatic-specimen-grinding-machine\/#local-main-organization-logo"},"telephone":[],"openingHoursSpecification":[{"@type":"OpeningHoursSpecification","dayOfWeek":["Monday","Tuesday","Wednesday","Thursday","Friday","Saturday","Sunday"],"opens":"09:00","closes":"17:00"}]},{"@type":"ImageObject","inLanguage":"tr","@id":"https:\/\/ykmtest.com\/product\/automatic-specimen-grinding-machine\/#local-main-organization-logo","url":"https:\/\/ykmtest.com\/wp-content\/uploads\/2025\/10\/Asset-2@2x-8.png","contentUrl":"https:\/\/ykmtest.com\/wp-content\/uploads\/2025\/10\/Asset-2@2x-8.png","width":1550,"height":323,"caption":"YKM TEST"}]},"product_price_currency":"USD","og_availability":"instock","product_availability":"instock","product_condition":"new"},"_links":{"self":[{"href":"https:\/\/ykmtest.com\/tr\/wp-json\/wp\/v2\/product\/11544","targetHints":{"allow":["GET"]}}],"collection":[{"href":"https:\/\/ykmtest.com\/tr\/wp-json\/wp\/v2\/product"}],"about":[{"href":"https:\/\/ykmtest.com\/tr\/wp-json\/wp\/v2\/types\/product"}],"version-history":[{"count":2,"href":"https:\/\/ykmtest.com\/tr\/wp-json\/wp\/v2\/product\/11544\/revisions"}],"predecessor-version":[{"id":11548,"href":"https:\/\/ykmtest.com\/tr\/wp-json\/wp\/v2\/product\/11544\/revisions\/11548"}],"wp:attachment":[{"href":"https:\/\/ykmtest.com\/tr\/wp-json\/wp\/v2\/media?parent=11544"}],"wp:term":[{"taxonomy":"product_brand","embeddable":true,"href":"https:\/\/ykmtest.com\/tr\/wp-json\/wp\/v2\/product_brand?post=11544"},{"taxonomy":"product_cat","embeddable":true,"href":"https:\/\/ykmtest.com\/tr\/wp-json\/wp\/v2\/product_cat?post=11544"},{"taxonomy":"product_tag","embeddable":true,"href":"https:\/\/ykmtest.com\/tr\/wp-json\/wp\/v2\/product_tag?post=11544"}],"curies":[{"name":"wp","href":"https:\/\/api.w.org\/{rel}","templated":true}]}}