{"id":11546,"date":"2025-12-26T10:52:23","date_gmt":"2025-12-26T10:52:23","guid":{"rendered":"https:\/\/ykmtest.com\/?post_type=product&#038;p=11546"},"modified":"2025-12-26T10:52:24","modified_gmt":"2025-12-26T10:52:24","slug":"automatic-grinding-machine-with-safety-cabinet","status":"publish","type":"product","link":"https:\/\/ykmtest.com\/tr\/urun\/automatic-grinding-machine-with-safety-cabinet\/","title":{"rendered":"G\u00fcvenlik Kabinli Otomatik Ta\u015flama Makinesi"},"content":{"rendered":"<p data-start=\"538\" data-end=\"1020\">G\u00fcvenlik Kabinli Otomatik Y\u00fczey Ta\u015flama Makinesi, beton, kaya, do\u011fal ta\u015f ve benzeri sert malzemelerden yap\u0131lm\u0131\u015f numunelerin d\u00fcz, paralel ve p\u00fcr\u00fczs\u00fcz u\u00e7 y\u00fczeylerini ilgili EN ve ASTM test standartlar\u0131na uygun olarak haz\u0131rlamak i\u00e7in geli\u015ftirilmi\u015f tam otomatik bir laboratuvar sistemidir. S\u0131k\u0131\u015ft\u0131rma ve mukavemet testlerinden \u00f6nce do\u011fru y\u00fczey haz\u0131rl\u0131\u011f\u0131 \u015fartt\u0131r ve bu makine minimum operat\u00f6r etkisiyle tutarl\u0131, tekrarlanabilir sonu\u00e7lar verir.<\/p>\n<p data-start=\"1022\" data-end=\"1499\">Makine, numune \u00e7ap\u0131na ba\u011fl\u0131 olarak ayn\u0131 anda \u00fc\u00e7 silindirik numuneye kadar ta\u015flama yapabilir ve yakla\u015f\u0131k \u00d838 mm ila \u00d8200 mm aras\u0131nda de\u011fi\u015fen standart numune boyutlar\u0131yla uyumludur. Numuneler, ta\u015flama d\u00f6ng\u00fcs\u00fc boyunca hassas hizalama ve m\u00fckemmel y\u00fczey paralelli\u011fi sa\u011flayan sert, titre\u015fimsiz bir kelep\u00e7eleme sistemi kullan\u0131larak sabitlenir. Mod\u00fcler kelep\u00e7e tasar\u0131m\u0131, farkl\u0131 numune \u00e7aplar\u0131na uyum sa\u011flamak i\u00e7in h\u0131zl\u0131 de\u011fi\u015ftirmeye izin verir.<\/p>\n<p data-start=\"1501\" data-end=\"1758\">Entegre bir su so\u011futma sistemi, \u00e7al\u0131\u015fma s\u0131ras\u0131nda hem ta\u015flama diskini hem de numune y\u00fczeyini s\u00fcrekli olarak so\u011futur. Bu, a\u015f\u0131r\u0131 \u0131s\u0131nmay\u0131 \u00f6nler, y\u00fczey kalitesini korur, tozu bast\u0131r\u0131r ve ta\u015flama diskinin hizmet \u00f6mr\u00fcn\u00fc \u00f6nemli \u00f6l\u00e7\u00fcde uzat\u0131r.<\/p>\n<p data-start=\"1760\" data-end=\"2153\">Bu modelin en \u00f6nemli \u00f6zelli\u011fi entegre g\u00fcvenlik kabinidir. Tamamen kapal\u0131 tasar\u0131m, \u00f6\u011f\u00fctme partik\u00fcllerinin, bulamac\u0131n ve su s\u0131\u00e7ramalar\u0131n\u0131n laboratuvar ortam\u0131na yay\u0131lmas\u0131n\u0131 \u00f6nleyerek hem operat\u00f6r g\u00fcvenli\u011fini hem de laboratuvar temizli\u011fini sa\u011flar. \u015eeffaf \u00f6n panel, operat\u00f6r\u00fc hareketli bile\u015fenlere maruz b\u0131rakmadan \u00f6\u011f\u00fctme i\u015fleminin g\u00fcvenli bir \u015fekilde g\u00f6rsel olarak izlenmesini sa\u011flar.<\/p>\n<p data-start=\"2155\" data-end=\"2403\">Kullan\u0131c\u0131 dostu kontrol paneli, ta\u015flama s\u00fcresinin ve disk h\u0131z\u0131n\u0131n kolayca programlanmas\u0131n\u0131 sa\u011flar. Parametreler ayarland\u0131ktan sonra, t\u00fcm ta\u015flama i\u015flemi otomatik olarak ger\u00e7ekle\u015ftirilerek operat\u00f6r de\u011fi\u015fkenli\u011fi ortadan kald\u0131r\u0131l\u0131r ve i\u015f ak\u0131\u015f\u0131 verimlili\u011fi art\u0131r\u0131l\u0131r.<\/p>\n<p data-start=\"2405\" data-end=\"2821\">Sa\u011flam bir \u00e7elik \u00e7er\u00e7eve ile \u00fcretilen makine, yo\u011fun laboratuvar kullan\u0131m\u0131 alt\u0131nda bile y\u00fcksek sertlik, d\u00fc\u015f\u00fck titre\u015fim ve uzun hizmet \u00f6mr\u00fc sunar. Otomatik \u00e7al\u0131\u015fma, hassas y\u00fczey haz\u0131rlama ve geli\u015fmi\u015f g\u00fcvenlik muhafazas\u0131 kombinasyonu ile G\u00fcvenlik Kabinli Otomatik Y\u00fczey Ta\u015flama Makinesi, profesyonel malzeme test laboratuvarlar\u0131 i\u00e7in g\u00fcvenilir, verimli ve g\u00fcvenli bir \u00e7\u00f6z\u00fcm sunar.<\/p>","protected":false},"excerpt":{"rendered":"<p>G\u00fcvenlik Kabinli Otomatik Y\u00fczey Ta\u015flama Makinesi, maksimum operat\u00f6r g\u00fcvenli\u011fi sa\u011flarken beton ve kaya numunelerini d\u00fcz, p\u00fcr\u00fczs\u00fcz ve paralel u\u00e7 y\u00fczeylere ta\u015flamak i\u00e7in tasarlanm\u0131\u015f tam otomatik, y\u00fcksek hassasiyetli bir sistemdir.<\/p>","protected":false},"featured_media":0,"template":"","meta":{"_acf_changed":false},"product_brand":[],"product_cat":[142,155],"product_tag":[],"class_list":{"0":"post-11546","1":"product","2":"type-product","3":"status-publish","5":"product_cat-concrete","6":"product_cat-coring-cutting-and-grinding-machines","9":"instock","10":"shipping-taxable","11":"product-type-simple"},"acf":[],"yoast_head":"<!-- This site is optimized with the Yoast SEO Premium plugin v26.5 (Yoast SEO v26.5) - https:\/\/yoast.com\/wordpress\/plugins\/seo\/ -->\n<title>Automatic Grinding Machine with Safety Cabinet - YKM TEST<\/title>\n<meta name=\"description\" content=\"Automatic surface grinding machine with safety cabinet for concrete and rock specimens, providing flat, parallel surfaces with maximum operator safety.\" \/>\n<meta name=\"robots\" content=\"index, follow, max-snippet:-1, max-image-preview:large, max-video-preview:-1\" \/>\n<link rel=\"canonical\" href=\"https:\/\/ykmtest.com\/tr\/urun\/automatic-grinding-machine-with-safety-cabinet\/\" \/>\n<meta property=\"og:locale\" content=\"tr_TR\" \/>\n<meta property=\"og:type\" content=\"article\" \/>\n<meta property=\"og:title\" content=\"Automatic Grinding Machine with Safety Cabinet\" \/>\n<meta property=\"og:description\" content=\"Automatic surface grinding machine with safety cabinet for concrete and rock specimens, providing flat, parallel surfaces with maximum operator safety.\" \/>\n<meta property=\"og:url\" content=\"https:\/\/ykmtest.com\/tr\/urun\/automatic-grinding-machine-with-safety-cabinet\/\" \/>\n<meta property=\"og:site_name\" content=\"YKM TEST\" \/>\n<meta property=\"article:modified_time\" content=\"2025-12-26T10:52:24+00:00\" \/>\n<meta name=\"twitter:card\" content=\"summary_large_image\" \/>\n<meta name=\"twitter:label1\" content=\"Price\" \/>\n\t<meta name=\"twitter:data1\" content=\"\" \/>\n\t<meta name=\"twitter:label2\" content=\"Availability\" \/>\n\t<meta name=\"twitter:data2\" content=\"In stock\" \/>\n<script type=\"application\/ld+json\" class=\"yoast-schema-graph\">{\"@context\":\"https:\/\/schema.org\",\"@graph\":[{\"@type\":\"WebPage\",\"@id\":\"https:\/\/ykmtest.com\/product\/automatic-grinding-machine-with-safety-cabinet\/\",\"url\":\"https:\/\/ykmtest.com\/product\/automatic-grinding-machine-with-safety-cabinet\/\",\"name\":\"Automatic Grinding Machine with Safety Cabinet - YKM TEST\",\"isPartOf\":{\"@id\":\"https:\/\/ykmtest.com\/#website\"},\"datePublished\":\"2025-12-26T10:52:23+00:00\",\"dateModified\":\"2025-12-26T10:52:24+00:00\",\"description\":\"Automatic surface grinding machine with safety cabinet for concrete and rock specimens, providing flat, parallel surfaces with maximum operator safety.\",\"breadcrumb\":{\"@id\":\"https:\/\/ykmtest.com\/product\/automatic-grinding-machine-with-safety-cabinet\/#breadcrumb\"},\"inLanguage\":\"tr\",\"potentialAction\":[{\"@type\":\"ReadAction\",\"target\":[\"https:\/\/ykmtest.com\/product\/automatic-grinding-machine-with-safety-cabinet\/\"]}]},{\"@type\":\"BreadcrumbList\",\"@id\":\"https:\/\/ykmtest.com\/product\/automatic-grinding-machine-with-safety-cabinet\/#breadcrumb\",\"itemListElement\":[{\"@type\":\"ListItem\",\"position\":1,\"name\":\"Home\",\"item\":\"https:\/\/ykmtest.com\/\"},{\"@type\":\"ListItem\",\"position\":2,\"name\":\"Products\",\"item\":\"https:\/\/ykmtest.com\/shop\/\"},{\"@type\":\"ListItem\",\"position\":3,\"name\":\"Automatic Grinding Machine with Safety Cabinet\"}]},{\"@type\":\"WebSite\",\"@id\":\"https:\/\/ykmtest.com\/#website\",\"url\":\"https:\/\/ykmtest.com\/\",\"name\":\"YKM TEST\",\"description\":\"\",\"publisher\":{\"@id\":\"https:\/\/ykmtest.com\/#organization\"},\"potentialAction\":[{\"@type\":\"SearchAction\",\"target\":{\"@type\":\"EntryPoint\",\"urlTemplate\":\"https:\/\/ykmtest.com\/?s={search_term_string}\"},\"query-input\":{\"@type\":\"PropertyValueSpecification\",\"valueRequired\":true,\"valueName\":\"search_term_string\"}}],\"inLanguage\":\"tr\"},{\"@type\":[\"Organization\",\"Place\"],\"@id\":\"https:\/\/ykmtest.com\/#organization\",\"name\":\"YKM TEST\",\"url\":\"https:\/\/ykmtest.com\/\",\"logo\":{\"@id\":\"https:\/\/ykmtest.com\/product\/automatic-grinding-machine-with-safety-cabinet\/#local-main-organization-logo\"},\"image\":{\"@id\":\"https:\/\/ykmtest.com\/product\/automatic-grinding-machine-with-safety-cabinet\/#local-main-organization-logo\"},\"telephone\":[],\"openingHoursSpecification\":[{\"@type\":\"OpeningHoursSpecification\",\"dayOfWeek\":[\"Monday\",\"Tuesday\",\"Wednesday\",\"Thursday\",\"Friday\",\"Saturday\",\"Sunday\"],\"opens\":\"09:00\",\"closes\":\"17:00\"}]},{\"@type\":\"ImageObject\",\"inLanguage\":\"tr\",\"@id\":\"https:\/\/ykmtest.com\/product\/automatic-grinding-machine-with-safety-cabinet\/#local-main-organization-logo\",\"url\":\"https:\/\/ykmtest.com\/wp-content\/uploads\/2025\/10\/Asset-2@2x-8.png\",\"contentUrl\":\"https:\/\/ykmtest.com\/wp-content\/uploads\/2025\/10\/Asset-2@2x-8.png\",\"width\":1550,\"height\":323,\"caption\":\"YKM TEST\"}]}<\/script>\n<meta property=\"product:price:currency\" content=\"USD\" \/>\n<meta property=\"og:availability\" content=\"instock\" \/>\n<meta property=\"product:availability\" content=\"instock\" \/>\n<meta property=\"product:condition\" content=\"new\" \/>\n<!-- \/ Yoast SEO Premium plugin. -->","yoast_head_json":{"title":"Automatic Grinding Machine with Safety Cabinet - YKM TEST","description":"Automatic surface grinding machine with safety cabinet for concrete and rock specimens, providing flat, parallel surfaces with maximum operator safety.","robots":{"index":"index","follow":"follow","max-snippet":"max-snippet:-1","max-image-preview":"max-image-preview:large","max-video-preview":"max-video-preview:-1"},"canonical":"https:\/\/ykmtest.com\/tr\/urun\/automatic-grinding-machine-with-safety-cabinet\/","og_locale":"tr_TR","og_type":"article","og_title":"Automatic Grinding Machine with Safety Cabinet","og_description":"Automatic surface grinding machine with safety cabinet for concrete and rock specimens, providing flat, parallel surfaces with maximum operator safety.","og_url":"https:\/\/ykmtest.com\/tr\/urun\/automatic-grinding-machine-with-safety-cabinet\/","og_site_name":"YKM TEST","article_modified_time":"2025-12-26T10:52:24+00:00","twitter_card":"summary_large_image","twitter_misc":{"Price":"","Availability":"In stock"},"schema":{"@context":"https:\/\/schema.org","@graph":[{"@type":"WebPage","@id":"https:\/\/ykmtest.com\/product\/automatic-grinding-machine-with-safety-cabinet\/","url":"https:\/\/ykmtest.com\/product\/automatic-grinding-machine-with-safety-cabinet\/","name":"Automatic Grinding Machine with Safety Cabinet - YKM TEST","isPartOf":{"@id":"https:\/\/ykmtest.com\/#website"},"datePublished":"2025-12-26T10:52:23+00:00","dateModified":"2025-12-26T10:52:24+00:00","description":"Automatic surface grinding machine with safety cabinet for concrete and rock specimens, providing flat, parallel surfaces with maximum operator safety.","breadcrumb":{"@id":"https:\/\/ykmtest.com\/product\/automatic-grinding-machine-with-safety-cabinet\/#breadcrumb"},"inLanguage":"tr","potentialAction":[{"@type":"ReadAction","target":["https:\/\/ykmtest.com\/product\/automatic-grinding-machine-with-safety-cabinet\/"]}]},{"@type":"BreadcrumbList","@id":"https:\/\/ykmtest.com\/product\/automatic-grinding-machine-with-safety-cabinet\/#breadcrumb","itemListElement":[{"@type":"ListItem","position":1,"name":"Home","item":"https:\/\/ykmtest.com\/"},{"@type":"ListItem","position":2,"name":"Products","item":"https:\/\/ykmtest.com\/shop\/"},{"@type":"ListItem","position":3,"name":"Automatic Grinding Machine with Safety Cabinet"}]},{"@type":"WebSite","@id":"https:\/\/ykmtest.com\/#website","url":"https:\/\/ykmtest.com\/","name":"YKM TEST\u0130","description":"","publisher":{"@id":"https:\/\/ykmtest.com\/#organization"},"potentialAction":[{"@type":"SearchAction","target":{"@type":"EntryPoint","urlTemplate":"https:\/\/ykmtest.com\/?s={search_term_string}"},"query-input":{"@type":"PropertyValueSpecification","valueRequired":true,"valueName":"search_term_string"}}],"inLanguage":"tr"},{"@type":["Organization","Place"],"@id":"https:\/\/ykmtest.com\/#organization","name":"YKM TEST\u0130","url":"https:\/\/ykmtest.com\/","logo":{"@id":"https:\/\/ykmtest.com\/product\/automatic-grinding-machine-with-safety-cabinet\/#local-main-organization-logo"},"image":{"@id":"https:\/\/ykmtest.com\/product\/automatic-grinding-machine-with-safety-cabinet\/#local-main-organization-logo"},"telephone":[],"openingHoursSpecification":[{"@type":"OpeningHoursSpecification","dayOfWeek":["Monday","Tuesday","Wednesday","Thursday","Friday","Saturday","Sunday"],"opens":"09:00","closes":"17:00"}]},{"@type":"ImageObject","inLanguage":"tr","@id":"https:\/\/ykmtest.com\/product\/automatic-grinding-machine-with-safety-cabinet\/#local-main-organization-logo","url":"https:\/\/ykmtest.com\/wp-content\/uploads\/2025\/10\/Asset-2@2x-8.png","contentUrl":"https:\/\/ykmtest.com\/wp-content\/uploads\/2025\/10\/Asset-2@2x-8.png","width":1550,"height":323,"caption":"YKM TEST"}]},"product_price_currency":"USD","og_availability":"instock","product_availability":"instock","product_condition":"new"},"_links":{"self":[{"href":"https:\/\/ykmtest.com\/tr\/wp-json\/wp\/v2\/product\/11546","targetHints":{"allow":["GET"]}}],"collection":[{"href":"https:\/\/ykmtest.com\/tr\/wp-json\/wp\/v2\/product"}],"about":[{"href":"https:\/\/ykmtest.com\/tr\/wp-json\/wp\/v2\/types\/product"}],"version-history":[{"count":1,"href":"https:\/\/ykmtest.com\/tr\/wp-json\/wp\/v2\/product\/11546\/revisions"}],"predecessor-version":[{"id":11547,"href":"https:\/\/ykmtest.com\/tr\/wp-json\/wp\/v2\/product\/11546\/revisions\/11547"}],"wp:attachment":[{"href":"https:\/\/ykmtest.com\/tr\/wp-json\/wp\/v2\/media?parent=11546"}],"wp:term":[{"taxonomy":"product_brand","embeddable":true,"href":"https:\/\/ykmtest.com\/tr\/wp-json\/wp\/v2\/product_brand?post=11546"},{"taxonomy":"product_cat","embeddable":true,"href":"https:\/\/ykmtest.com\/tr\/wp-json\/wp\/v2\/product_cat?post=11546"},{"taxonomy":"product_tag","embeddable":true,"href":"https:\/\/ykmtest.com\/tr\/wp-json\/wp\/v2\/product_tag?post=11546"}],"curies":[{"name":"wp","href":"https:\/\/api.w.org\/{rel}","templated":true}]}}