{"id":11549,"date":"2025-12-26T12:19:39","date_gmt":"2025-12-26T12:19:39","guid":{"rendered":"https:\/\/ykmtest.com\/?post_type=product&#038;p=11549"},"modified":"2025-12-26T12:19:40","modified_gmt":"2025-12-26T12:19:40","slug":"capping-set-for-concrete-cylinders","status":"publish","type":"product","link":"https:\/\/ykmtest.com\/tr\/urun\/capping-set-for-concrete-cylinders\/","title":{"rendered":"Beton Silindirler i\u00e7in Kapak Seti"},"content":{"rendered":"<p class=\"p2\"><span lang=\"TR\">Beton Silindirler i\u00e7in Kapaklama Seti, silindir numune u\u00e7 y\u00fczeylerini p\u00fcr\u00fczs\u00fcz, dik ve bas\u0131n\u00e7l\u0131 y\u00fckleme i\u00e7in uygun \u015fekilde ko\u015fulland\u0131r\u0131lm\u0131\u015f olacak \u015fekilde haz\u0131rlamak i\u00e7in tasarlanm\u0131\u015ft\u0131r. Sistem, s\u00fclf\u00fcr bazl\u0131 kapaklama i\u015flemleri i\u00e7in gerekli t\u00fcm bile\u015fenleri sa\u011flar. \u0130\u015flenmi\u015f \u00e7elik tabana ve rijit k\u0131lavuz kolonlara sahip dikey bir hizalama \u00e7er\u00e7evesi, kapak plakalar\u0131n\u0131n numune ekseni ile m\u00fckemmel bir \u015fekilde hizalanmas\u0131n\u0131 sa\u011flar. Kapatma plakalar\u0131, standart silindir \u00e7aplar\u0131na (\u00d875, \u00d8100 ve \u00d8150 mm) uyacak \u015fekilde hassas bir \u015fekilde i\u015flenmi\u015ftir; ek boyutlar i\u00e7in iste\u011fe ba\u011fl\u0131 plakalar mevcuttur. S\u00fclf\u00fcr bile\u015fi\u011fini sabit, homojen bir s\u0131cakl\u0131\u011fa \u0131s\u0131tmak i\u00e7in termostat kontroll\u00fc bir eritme kab\u0131 dahildir. Tavsiye edilen \u00e7al\u0131\u015fma s\u0131cakl\u0131\u011f\u0131 yakla\u015f\u0131k 130 \u00b0C'dir ve plaka ile numune aras\u0131nda iyi bir y\u00fczey \u0131slatma ve yap\u0131\u015fma i\u00e7in uygun ak\u0131\u015fkanl\u0131\u011f\u0131 sa\u011flar. S\u00fclf\u00fcr bile\u015fi\u011finin h\u0131zl\u0131 ayarlanmas\u0131, numune haz\u0131rlama s\u00fcresini k\u0131salt\u0131r. \u0130\u015flem basittir: silindir hizalama \u00e7er\u00e7evesine yerle\u015ftirilir, erimi\u015f s\u00fclf\u00fcr d\u00f6k\u00fcl\u00fcr ve kapatma plakas\u0131 y\u00fczeyi d\u00fczle\u015ftirmek i\u00e7in konumland\u0131r\u0131l\u0131r. Bu i\u015flem, teknisyenlerin numuneleri minimum \u00e7abayla h\u0131zl\u0131 bir \u015fekilde haz\u0131rlamas\u0131n\u0131 sa\u011flar. Kapatma Seti, dikey hizalama \u00e7er\u00e7evesi, eritme potas\u0131, uygun boyutta plakalar ve temel el aletleriyle birlikte verilir. Farkl\u0131 \u00e7ap ve y\u00fckseklikleri kar\u015f\u0131lamak i\u00e7in ilave plakalar temin edilebilir, b\u00f6ylece laboratuvarlar temel sistemi de\u011fi\u015ftirmeden kapasitelerini art\u0131rabilirler.<\/span><\/p>","protected":false},"excerpt":{"rendered":"<p>Beton Silindirler i\u00e7in Kapaklama Seti, silindir numune u\u00e7 y\u00fczeylerini bas\u0131n\u00e7 testi i\u00e7in p\u00fcr\u00fczs\u00fcz, dik ve uygun \u015fekilde ko\u015fulland\u0131r\u0131lm\u0131\u015f olacak \u015fekilde haz\u0131rlamak i\u00e7in tasarlanm\u0131\u015f, dikey bir hizalama \u00e7er\u00e7evesi, hassas i\u015flenmi\u015f kapaklama plakalar\u0131, k\u00fck\u00fcrt \u0131s\u0131tmas\u0131 i\u00e7in termostat kontroll\u00fc bir eritme potas\u0131 ve h\u0131zl\u0131 ve verimli numune haz\u0131rlama i\u00e7in kolay kullan\u0131m sunan kapsaml\u0131 bir sistemdir.<\/p>","protected":false},"featured_media":0,"template":"","meta":{"_acf_changed":false},"product_brand":[],"product_cat":[142,156],"product_tag":[],"class_list":{"0":"post-11549","1":"product","2":"type-product","3":"status-publish","5":"product_cat-concrete","6":"product_cat-cylinder-capping-equipment","9":"instock","10":"shipping-taxable","11":"product-type-simple"},"acf":[],"yoast_head":"<!-- This site is optimized with the Yoast SEO Premium plugin v26.5 (Yoast SEO v27.5) - https:\/\/yoast.com\/product\/yoast-seo-premium-wordpress\/ -->\n<title>Capping Set for Concrete Cylinders - YKM TEST<\/title>\n<meta name=\"description\" content=\"Capping Set for Concrete Cylinders for smooth, perpendicular end surfaces using sulfur capping, ensuring accurate compressive strength testing.\" \/>\n<meta name=\"robots\" content=\"index, follow, max-snippet:-1, max-image-preview:large, max-video-preview:-1\" \/>\n<link rel=\"canonical\" href=\"https:\/\/darkorchid-cheetah-525435.hostingersite.com\/product\/capping-set-for-concrete-cylinders\/\" \/>\n<meta property=\"og:locale\" content=\"tr_TR\" \/>\n<meta property=\"og:type\" content=\"article\" \/>\n<meta property=\"og:title\" content=\"Capping Set for Concrete Cylinders\" \/>\n<meta property=\"og:description\" content=\"Capping Set for Concrete Cylinders for smooth, perpendicular end surfaces using sulfur capping, ensuring accurate compressive strength testing.\" \/>\n<meta property=\"og:url\" content=\"https:\/\/darkorchid-cheetah-525435.hostingersite.com\/product\/capping-set-for-concrete-cylinders\/\" \/>\n<meta property=\"og:site_name\" content=\"YKM TEST\" \/>\n<meta property=\"article:modified_time\" content=\"2025-12-26T12:19:40+00:00\" \/>\n<meta name=\"twitter:card\" content=\"summary_large_image\" \/>\n<meta name=\"twitter:label1\" content=\"Fiyat\" \/>\n\t<meta name=\"twitter:data1\" content=\"\" \/>\n\t<meta name=\"twitter:label2\" content=\"Durumu\" \/>\n\t<meta name=\"twitter:data2\" content=\"Stokta var\" \/>\n<script type=\"application\/ld+json\" class=\"yoast-schema-graph\">{\"@context\":\"https:\\\/\\\/schema.org\",\"@graph\":[{\"@type\":\"WebPage\",\"@id\":\"https:\\\/\\\/darkorchid-cheetah-525435.hostingersite.com\\\/product\\\/capping-set-for-concrete-cylinders\\\/\",\"url\":\"https:\\\/\\\/darkorchid-cheetah-525435.hostingersite.com\\\/product\\\/capping-set-for-concrete-cylinders\\\/\",\"name\":\"Capping Set for Concrete Cylinders - YKM TEST\",\"isPartOf\":{\"@id\":\"https:\\\/\\\/darkorchid-cheetah-525435.hostingersite.com\\\/#website\"},\"datePublished\":\"2025-12-26T12:19:39+00:00\",\"dateModified\":\"2025-12-26T12:19:40+00:00\",\"description\":\"Capping Set for Concrete Cylinders for smooth, perpendicular end surfaces using sulfur capping, ensuring accurate compressive strength testing.\",\"breadcrumb\":{\"@id\":\"https:\\\/\\\/darkorchid-cheetah-525435.hostingersite.com\\\/product\\\/capping-set-for-concrete-cylinders\\\/#breadcrumb\"},\"inLanguage\":\"tr\",\"potentialAction\":[{\"@type\":\"ReadAction\",\"target\":[\"https:\\\/\\\/darkorchid-cheetah-525435.hostingersite.com\\\/product\\\/capping-set-for-concrete-cylinders\\\/\"]}]},{\"@type\":\"BreadcrumbList\",\"@id\":\"https:\\\/\\\/darkorchid-cheetah-525435.hostingersite.com\\\/product\\\/capping-set-for-concrete-cylinders\\\/#breadcrumb\",\"itemListElement\":[{\"@type\":\"ListItem\",\"position\":1,\"name\":\"Home\",\"item\":\"https:\\\/\\\/darkorchid-cheetah-525435.hostingersite.com\\\/\"},{\"@type\":\"ListItem\",\"position\":2,\"name\":\"\u0422\u043e\u0432\u0430\u0440\u044b\",\"item\":\"https:\\\/\\\/ykmtest.com\\\/ru\\\/shop\\\/\"},{\"@type\":\"ListItem\",\"position\":3,\"name\":\"Capping Set for Concrete Cylinders\"}]},{\"@type\":\"WebSite\",\"@id\":\"https:\\\/\\\/darkorchid-cheetah-525435.hostingersite.com\\\/#website\",\"url\":\"https:\\\/\\\/darkorchid-cheetah-525435.hostingersite.com\\\/\",\"name\":\"YKM TEST\",\"description\":\"\",\"publisher\":{\"@id\":\"https:\\\/\\\/darkorchid-cheetah-525435.hostingersite.com\\\/#organization\"},\"potentialAction\":[{\"@type\":\"SearchAction\",\"target\":{\"@type\":\"EntryPoint\",\"urlTemplate\":\"https:\\\/\\\/darkorchid-cheetah-525435.hostingersite.com\\\/?s={search_term_string}\"},\"query-input\":{\"@type\":\"PropertyValueSpecification\",\"valueRequired\":true,\"valueName\":\"search_term_string\"}}],\"inLanguage\":\"tr\"},{\"@type\":[\"Organization\",\"Place\"],\"@id\":\"https:\\\/\\\/darkorchid-cheetah-525435.hostingersite.com\\\/#organization\",\"name\":\"YKM TEST\",\"url\":\"https:\\\/\\\/darkorchid-cheetah-525435.hostingersite.com\\\/\",\"logo\":{\"@id\":\"https:\\\/\\\/darkorchid-cheetah-525435.hostingersite.com\\\/product\\\/capping-set-for-concrete-cylinders\\\/#local-main-organization-logo\"},\"image\":{\"@id\":\"https:\\\/\\\/darkorchid-cheetah-525435.hostingersite.com\\\/product\\\/capping-set-for-concrete-cylinders\\\/#local-main-organization-logo\"},\"telephone\":[],\"openingHoursSpecification\":[{\"@type\":\"OpeningHoursSpecification\",\"dayOfWeek\":[\"Monday\",\"Tuesday\",\"Wednesday\",\"Thursday\",\"Friday\",\"Saturday\",\"Sunday\"],\"opens\":\"09:00\",\"closes\":\"17:00\"}]},{\"@type\":\"ImageObject\",\"inLanguage\":\"tr\",\"@id\":\"https:\\\/\\\/darkorchid-cheetah-525435.hostingersite.com\\\/product\\\/capping-set-for-concrete-cylinders\\\/#local-main-organization-logo\",\"url\":\"https:\\\/\\\/ykmtest.com\\\/wp-content\\\/uploads\\\/2025\\\/10\\\/Asset-2@2x-8.png\",\"contentUrl\":\"https:\\\/\\\/ykmtest.com\\\/wp-content\\\/uploads\\\/2025\\\/10\\\/Asset-2@2x-8.png\",\"width\":1550,\"height\":323,\"caption\":\"YKM TEST\"}]}<\/script>\n<meta property=\"product:price:currency\" content=\"USD\" \/>\n<meta property=\"og:availability\" content=\"instock\" \/>\n<meta property=\"product:availability\" content=\"instock\" \/>\n<meta property=\"product:condition\" content=\"new\" \/>\n<!-- \/ Yoast SEO Premium plugin. -->","yoast_head_json":{"title":"Capping Set for Concrete Cylinders - YKM TEST","description":"Capping Set for Concrete Cylinders for smooth, perpendicular end surfaces using sulfur capping, ensuring accurate compressive strength testing.","robots":{"index":"index","follow":"follow","max-snippet":"max-snippet:-1","max-image-preview":"max-image-preview:large","max-video-preview":"max-video-preview:-1"},"canonical":"https:\/\/darkorchid-cheetah-525435.hostingersite.com\/product\/capping-set-for-concrete-cylinders\/","og_locale":"tr_TR","og_type":"article","og_title":"Capping Set for Concrete Cylinders","og_description":"Capping Set for Concrete Cylinders for smooth, perpendicular end surfaces using sulfur capping, ensuring accurate compressive strength testing.","og_url":"https:\/\/darkorchid-cheetah-525435.hostingersite.com\/product\/capping-set-for-concrete-cylinders\/","og_site_name":"YKM TEST","article_modified_time":"2025-12-26T12:19:40+00:00","twitter_card":"summary_large_image","twitter_misc":{"Fiyat":"","Durumu":"Stokta var"},"schema":{"@context":"https:\/\/schema.org","@graph":[{"@type":"WebPage","@id":"https:\/\/darkorchid-cheetah-525435.hostingersite.com\/product\/capping-set-for-concrete-cylinders\/","url":"https:\/\/darkorchid-cheetah-525435.hostingersite.com\/product\/capping-set-for-concrete-cylinders\/","name":"Capping Set for Concrete Cylinders - YKM TEST","isPartOf":{"@id":"https:\/\/darkorchid-cheetah-525435.hostingersite.com\/#website"},"datePublished":"2025-12-26T12:19:39+00:00","dateModified":"2025-12-26T12:19:40+00:00","description":"Capping Set for Concrete Cylinders for smooth, perpendicular end surfaces using sulfur capping, ensuring accurate compressive strength testing.","breadcrumb":{"@id":"https:\/\/darkorchid-cheetah-525435.hostingersite.com\/product\/capping-set-for-concrete-cylinders\/#breadcrumb"},"inLanguage":"tr","potentialAction":[{"@type":"ReadAction","target":["https:\/\/darkorchid-cheetah-525435.hostingersite.com\/product\/capping-set-for-concrete-cylinders\/"]}]},{"@type":"BreadcrumbList","@id":"https:\/\/darkorchid-cheetah-525435.hostingersite.com\/product\/capping-set-for-concrete-cylinders\/#breadcrumb","itemListElement":[{"@type":"ListItem","position":1,"name":"Home","item":"https:\/\/darkorchid-cheetah-525435.hostingersite.com\/"},{"@type":"ListItem","position":2,"name":"\u0422\u043e\u0432\u0430\u0440\u044b","item":"https:\/\/ykmtest.com\/ru\/shop\/"},{"@type":"ListItem","position":3,"name":"Capping Set for Concrete Cylinders"}]},{"@type":"WebSite","@id":"https:\/\/darkorchid-cheetah-525435.hostingersite.com\/#website","url":"https:\/\/darkorchid-cheetah-525435.hostingersite.com\/","name":"YKM TEST\u0130","description":"","publisher":{"@id":"https:\/\/darkorchid-cheetah-525435.hostingersite.com\/#organization"},"potentialAction":[{"@type":"SearchAction","target":{"@type":"EntryPoint","urlTemplate":"https:\/\/darkorchid-cheetah-525435.hostingersite.com\/?s={search_term_string}"},"query-input":{"@type":"PropertyValueSpecification","valueRequired":true,"valueName":"search_term_string"}}],"inLanguage":"tr"},{"@type":["Organization","Place"],"@id":"https:\/\/darkorchid-cheetah-525435.hostingersite.com\/#organization","name":"YKM TEST\u0130","url":"https:\/\/darkorchid-cheetah-525435.hostingersite.com\/","logo":{"@id":"https:\/\/darkorchid-cheetah-525435.hostingersite.com\/product\/capping-set-for-concrete-cylinders\/#local-main-organization-logo"},"image":{"@id":"https:\/\/darkorchid-cheetah-525435.hostingersite.com\/product\/capping-set-for-concrete-cylinders\/#local-main-organization-logo"},"telephone":[],"openingHoursSpecification":[{"@type":"OpeningHoursSpecification","dayOfWeek":["Monday","Tuesday","Wednesday","Thursday","Friday","Saturday","Sunday"],"opens":"09:00","closes":"17:00"}]},{"@type":"ImageObject","inLanguage":"tr","@id":"https:\/\/darkorchid-cheetah-525435.hostingersite.com\/product\/capping-set-for-concrete-cylinders\/#local-main-organization-logo","url":"https:\/\/ykmtest.com\/wp-content\/uploads\/2025\/10\/Asset-2@2x-8.png","contentUrl":"https:\/\/ykmtest.com\/wp-content\/uploads\/2025\/10\/Asset-2@2x-8.png","width":1550,"height":323,"caption":"YKM TEST"}]},"product_price_currency":"USD","og_availability":"instock","product_availability":"instock","product_condition":"new"},"_links":{"self":[{"href":"https:\/\/ykmtest.com\/tr\/wp-json\/wp\/v2\/product\/11549","targetHints":{"allow":["GET"]}}],"collection":[{"href":"https:\/\/ykmtest.com\/tr\/wp-json\/wp\/v2\/product"}],"about":[{"href":"https:\/\/ykmtest.com\/tr\/wp-json\/wp\/v2\/types\/product"}],"version-history":[{"count":1,"href":"https:\/\/ykmtest.com\/tr\/wp-json\/wp\/v2\/product\/11549\/revisions"}],"predecessor-version":[{"id":11550,"href":"https:\/\/ykmtest.com\/tr\/wp-json\/wp\/v2\/product\/11549\/revisions\/11550"}],"wp:attachment":[{"href":"https:\/\/ykmtest.com\/tr\/wp-json\/wp\/v2\/media?parent=11549"}],"wp:term":[{"taxonomy":"product_brand","embeddable":true,"href":"https:\/\/ykmtest.com\/tr\/wp-json\/wp\/v2\/product_brand?post=11549"},{"taxonomy":"product_cat","embeddable":true,"href":"https:\/\/ykmtest.com\/tr\/wp-json\/wp\/v2\/product_cat?post=11549"},{"taxonomy":"product_tag","embeddable":true,"href":"https:\/\/ykmtest.com\/tr\/wp-json\/wp\/v2\/product_tag?post=11549"}],"curies":[{"name":"wp","href":"https:\/\/api.w.org\/{rel}","templated":true}]}}