{"id":11628,"date":"2025-12-29T08:58:36","date_gmt":"2025-12-29T08:58:36","guid":{"rendered":"https:\/\/ykmtest.com\/?post_type=product&#038;p=11628"},"modified":"2025-12-29T09:14:45","modified_gmt":"2025-12-29T09:14:45","slug":"centrifuge-extractor-2","status":"publish","type":"product","link":"https:\/\/ykmtest.com\/tr\/urun\/centrifuge-extractor-2\/","title":{"rendered":"Santrif\u00fcj Ekstrakt\u00f6r\u00fc"},"content":{"rendered":"<p class=\"p3\"><span lang=\"TR\">Santrif\u00fcj Ekstrakt\u00f6r, bit\u00fcml\u00fc kar\u0131\u015f\u0131mlardaki ba\u011flay\u0131c\u0131 (bit\u00fcm) i\u00e7eri\u011fini h\u0131zl\u0131, g\u00fcvenilir ve y\u00fcksek tekrarlanabilirlikle belirlemek i\u00e7in kullan\u0131lan santrif\u00fcj tabanl\u0131 bir ekstraksiyon cihaz\u0131d\u0131r. Cihaz, \u00e7\u00f6z\u00fcc\u00fcde \u00e7\u00f6z\u00fcnm\u00fc\u015f bit\u00fcm\u00fcn santrif\u00fcj kuvvetiyle kar\u0131\u015f\u0131mdan ayr\u0131lmas\u0131 prensibiyle \u00e7al\u0131\u015f\u0131r. Bu y\u00f6ntem, hem saha hem de laboratuvar uygulamalar\u0131nda ba\u011flay\u0131c\u0131 i\u00e7eri\u011finin h\u0131zl\u0131, g\u00fcvenli ve tekrarlanabilir bir \u015fekilde belirlenmesini sa\u011flar. G\u00f6vde a\u011f\u0131r hizmet tipi d\u00f6kme al\u00fcminyumdan \u00fcretilmi\u015ftir. S\u0131zd\u0131rmaz kapak sistemi solvent buhar\u0131n\u0131n \u00e7evreye ka\u00e7mas\u0131n\u0131 \u00f6nler ve g\u00fcvenli \u00e7al\u0131\u015fma sa\u011flar. Numune solvent ile kar\u0131\u015ft\u0131r\u0131l\u0131r ve cihaz\u0131n i\u00e7ine yerle\u015ftirilir. Rotor haznesindeki y\u00fcksek h\u0131zl\u0131 d\u00f6n\u00fc\u015f s\u0131ras\u0131nda, daha y\u00fcksek \u00f6zg\u00fcl k\u00fctleye sahip agregalar d\u0131\u015far\u0131 do\u011fru hareket ederken, solvent-bit\u00fcm \u00e7\u00f6zeltisi \u00fcst b\u00f6l\u00fcmden toplan\u0131r. Ekstraksiyondan sonra, \u00e7\u00f6z\u00fcc\u00fc buharla\u015ft\u0131r\u0131l\u0131r ve kalan bit\u00fcm i\u00e7eri\u011fi ba\u011flay\u0131c\u0131 y\u00fczdesini hesaplamak i\u00e7in kullan\u0131l\u0131r. Santrif\u00fcj Ekstrakt\u00f6r, standart laboratuvar test gereksinimlerini kar\u015f\u0131lamak i\u00e7in \u00e7oklu kapasite se\u00e7eneklerinde (1500 g ve 3000 g s\u0131n\u0131f\u0131) sunulmaktad\u0131r. Asfalt kar\u0131\u015f\u0131mlar\u0131nda g\u00fcvenli, h\u0131zl\u0131 ve tekrarlanabilir bit\u00fcm i\u00e7eri\u011fi analizi sa\u011flar ve \u00f6zellikle geri kazan\u0131lm\u0131\u015f asfalt kaplama (RAP), modifiye bit\u00fcml\u00fc kar\u0131\u015f\u0131mlar ve s\u0131cak kar\u0131\u015f\u0131m asfalt numuneleri i\u00e7in uygundur. Kompakt g\u00f6vdesi, g\u00fcvenli kapak sistemi ve bak\u0131m gerektirmeyen motor yap\u0131s\u0131, asfalt kar\u0131\u015f\u0131m test laboratuvarlar\u0131nda y\u00fcksek do\u011fruluk, kullan\u0131m kolayl\u0131\u011f\u0131 ve uzun s\u00fcreli dayan\u0131kl\u0131l\u0131k sa\u011flar.<\/span><\/p>","protected":false},"excerpt":{"rendered":"<p>Santrif\u00fcj Ekstrakt\u00f6r, bit\u00fcm\u00fc kar\u0131\u015f\u0131mdan ay\u0131rmak i\u00e7in santrif\u00fcj kuvveti kullanarak bit\u00fcml\u00fc kar\u0131\u015f\u0131mlardaki ba\u011flay\u0131c\u0131 (bit\u00fcm) i\u00e7eri\u011fini belirlemek i\u00e7in tasarlanm\u0131\u015f, hem saha hem de laboratuvar uygulamalar\u0131nda h\u0131zl\u0131, g\u00fcvenilir ve tekrarlanabilir sonu\u00e7lar sunan, \u00e7oklu kapasite se\u00e7enekleri ve uzun s\u00fcreli dayan\u0131kl\u0131l\u0131k i\u00e7in g\u00fcvenli, bak\u0131m gerektirmeyen bir tasar\u0131ma sahip y\u00fcksek h\u0131zl\u0131 bir ekstraksiyon cihaz\u0131d\u0131r.<\/p>","protected":false},"featured_media":0,"template":"","meta":{"_acf_changed":false},"product_brand":[],"product_cat":[172,174],"product_tag":[],"class_list":{"0":"post-11628","1":"product","2":"type-product","3":"status-publish","5":"product_cat-asphalt","6":"product_cat-solvent-extraction","9":"instock","10":"shipping-taxable","11":"product-type-simple"},"acf":[],"yoast_head":"<!-- This site is optimized with the Yoast SEO Premium plugin v26.5 (Yoast SEO v27.5) - https:\/\/yoast.com\/product\/yoast-seo-premium-wordpress\/ -->\n<title>Centrifuge Extractor - YKM TEST<\/title>\n<meta name=\"description\" content=\"Centrifuge extractor for fast and repeatable determination of bitumen binder content in asphalt mixtures for laboratory and field testing.\" \/>\n<meta name=\"robots\" content=\"index, follow, max-snippet:-1, max-image-preview:large, max-video-preview:-1\" \/>\n<link rel=\"canonical\" href=\"https:\/\/darkorchid-cheetah-525435.hostingersite.com\/product\/centrifuge-extractor-2\/\" \/>\n<meta property=\"og:locale\" content=\"tr_TR\" \/>\n<meta property=\"og:type\" content=\"article\" \/>\n<meta property=\"og:title\" content=\"Centrifuge Extractor\" \/>\n<meta property=\"og:description\" content=\"Centrifuge extractor for fast and repeatable determination of bitumen binder content in asphalt mixtures for laboratory and field testing.\" \/>\n<meta property=\"og:url\" content=\"https:\/\/darkorchid-cheetah-525435.hostingersite.com\/product\/centrifuge-extractor-2\/\" \/>\n<meta property=\"og:site_name\" content=\"YKM TEST\" \/>\n<meta property=\"article:modified_time\" content=\"2025-12-29T09:14:45+00:00\" \/>\n<meta name=\"twitter:card\" content=\"summary_large_image\" \/>\n<meta name=\"twitter:label1\" content=\"Fiyat\" \/>\n\t<meta name=\"twitter:data1\" content=\"\" \/>\n\t<meta name=\"twitter:label2\" content=\"Durumu\" \/>\n\t<meta name=\"twitter:data2\" content=\"Stokta var\" \/>\n<script type=\"application\/ld+json\" class=\"yoast-schema-graph\">{\"@context\":\"https:\\\/\\\/schema.org\",\"@graph\":[{\"@type\":\"WebPage\",\"@id\":\"https:\\\/\\\/darkorchid-cheetah-525435.hostingersite.com\\\/product\\\/centrifuge-extractor-2\\\/\",\"url\":\"https:\\\/\\\/darkorchid-cheetah-525435.hostingersite.com\\\/product\\\/centrifuge-extractor-2\\\/\",\"name\":\"Centrifuge Extractor - YKM TEST\",\"isPartOf\":{\"@id\":\"https:\\\/\\\/darkorchid-cheetah-525435.hostingersite.com\\\/#website\"},\"datePublished\":\"2025-12-29T08:58:36+00:00\",\"dateModified\":\"2025-12-29T09:14:45+00:00\",\"description\":\"Centrifuge extractor for fast and repeatable determination of bitumen binder content in asphalt mixtures for laboratory and field testing.\",\"breadcrumb\":{\"@id\":\"https:\\\/\\\/darkorchid-cheetah-525435.hostingersite.com\\\/product\\\/centrifuge-extractor-2\\\/#breadcrumb\"},\"inLanguage\":\"tr\",\"potentialAction\":[{\"@type\":\"ReadAction\",\"target\":[\"https:\\\/\\\/darkorchid-cheetah-525435.hostingersite.com\\\/product\\\/centrifuge-extractor-2\\\/\"]}]},{\"@type\":\"BreadcrumbList\",\"@id\":\"https:\\\/\\\/darkorchid-cheetah-525435.hostingersite.com\\\/product\\\/centrifuge-extractor-2\\\/#breadcrumb\",\"itemListElement\":[{\"@type\":\"ListItem\",\"position\":1,\"name\":\"Home\",\"item\":\"https:\\\/\\\/darkorchid-cheetah-525435.hostingersite.com\\\/\"},{\"@type\":\"ListItem\",\"position\":2,\"name\":\"\u0422\u043e\u0432\u0430\u0440\u044b\",\"item\":\"https:\\\/\\\/ykmtest.com\\\/ru\\\/shop\\\/\"},{\"@type\":\"ListItem\",\"position\":3,\"name\":\"Centrifuge Extractor\"}]},{\"@type\":\"WebSite\",\"@id\":\"https:\\\/\\\/darkorchid-cheetah-525435.hostingersite.com\\\/#website\",\"url\":\"https:\\\/\\\/darkorchid-cheetah-525435.hostingersite.com\\\/\",\"name\":\"YKM TEST\",\"description\":\"\",\"publisher\":{\"@id\":\"https:\\\/\\\/darkorchid-cheetah-525435.hostingersite.com\\\/#organization\"},\"potentialAction\":[{\"@type\":\"SearchAction\",\"target\":{\"@type\":\"EntryPoint\",\"urlTemplate\":\"https:\\\/\\\/darkorchid-cheetah-525435.hostingersite.com\\\/?s={search_term_string}\"},\"query-input\":{\"@type\":\"PropertyValueSpecification\",\"valueRequired\":true,\"valueName\":\"search_term_string\"}}],\"inLanguage\":\"tr\"},{\"@type\":[\"Organization\",\"Place\"],\"@id\":\"https:\\\/\\\/darkorchid-cheetah-525435.hostingersite.com\\\/#organization\",\"name\":\"YKM TEST\",\"url\":\"https:\\\/\\\/darkorchid-cheetah-525435.hostingersite.com\\\/\",\"logo\":{\"@id\":\"https:\\\/\\\/darkorchid-cheetah-525435.hostingersite.com\\\/product\\\/centrifuge-extractor-2\\\/#local-main-organization-logo\"},\"image\":{\"@id\":\"https:\\\/\\\/darkorchid-cheetah-525435.hostingersite.com\\\/product\\\/centrifuge-extractor-2\\\/#local-main-organization-logo\"},\"telephone\":[],\"openingHoursSpecification\":[{\"@type\":\"OpeningHoursSpecification\",\"dayOfWeek\":[\"Monday\",\"Tuesday\",\"Wednesday\",\"Thursday\",\"Friday\",\"Saturday\",\"Sunday\"],\"opens\":\"09:00\",\"closes\":\"17:00\"}]},{\"@type\":\"ImageObject\",\"inLanguage\":\"tr\",\"@id\":\"https:\\\/\\\/darkorchid-cheetah-525435.hostingersite.com\\\/product\\\/centrifuge-extractor-2\\\/#local-main-organization-logo\",\"url\":\"https:\\\/\\\/ykmtest.com\\\/wp-content\\\/uploads\\\/2025\\\/10\\\/Asset-2@2x-8.png\",\"contentUrl\":\"https:\\\/\\\/ykmtest.com\\\/wp-content\\\/uploads\\\/2025\\\/10\\\/Asset-2@2x-8.png\",\"width\":1550,\"height\":323,\"caption\":\"YKM TEST\"}]}<\/script>\n<meta property=\"product:price:currency\" content=\"USD\" \/>\n<meta property=\"og:availability\" content=\"instock\" \/>\n<meta property=\"product:availability\" content=\"instock\" \/>\n<meta property=\"product:condition\" content=\"new\" \/>\n<!-- \/ Yoast SEO Premium plugin. -->","yoast_head_json":{"title":"Centrifuge Extractor - YKM TEST","description":"Centrifuge extractor for fast and repeatable determination of bitumen binder content in asphalt mixtures for laboratory and field testing.","robots":{"index":"index","follow":"follow","max-snippet":"max-snippet:-1","max-image-preview":"max-image-preview:large","max-video-preview":"max-video-preview:-1"},"canonical":"https:\/\/darkorchid-cheetah-525435.hostingersite.com\/product\/centrifuge-extractor-2\/","og_locale":"tr_TR","og_type":"article","og_title":"Centrifuge Extractor","og_description":"Centrifuge extractor for fast and repeatable determination of bitumen binder content in asphalt mixtures for laboratory and field testing.","og_url":"https:\/\/darkorchid-cheetah-525435.hostingersite.com\/product\/centrifuge-extractor-2\/","og_site_name":"YKM TEST","article_modified_time":"2025-12-29T09:14:45+00:00","twitter_card":"summary_large_image","twitter_misc":{"Fiyat":"","Durumu":"Stokta var"},"schema":{"@context":"https:\/\/schema.org","@graph":[{"@type":"WebPage","@id":"https:\/\/darkorchid-cheetah-525435.hostingersite.com\/product\/centrifuge-extractor-2\/","url":"https:\/\/darkorchid-cheetah-525435.hostingersite.com\/product\/centrifuge-extractor-2\/","name":"Centrifuge Extractor - YKM TEST","isPartOf":{"@id":"https:\/\/darkorchid-cheetah-525435.hostingersite.com\/#website"},"datePublished":"2025-12-29T08:58:36+00:00","dateModified":"2025-12-29T09:14:45+00:00","description":"Centrifuge extractor for fast and repeatable determination of bitumen binder content in asphalt mixtures for laboratory and field testing.","breadcrumb":{"@id":"https:\/\/darkorchid-cheetah-525435.hostingersite.com\/product\/centrifuge-extractor-2\/#breadcrumb"},"inLanguage":"tr","potentialAction":[{"@type":"ReadAction","target":["https:\/\/darkorchid-cheetah-525435.hostingersite.com\/product\/centrifuge-extractor-2\/"]}]},{"@type":"BreadcrumbList","@id":"https:\/\/darkorchid-cheetah-525435.hostingersite.com\/product\/centrifuge-extractor-2\/#breadcrumb","itemListElement":[{"@type":"ListItem","position":1,"name":"Home","item":"https:\/\/darkorchid-cheetah-525435.hostingersite.com\/"},{"@type":"ListItem","position":2,"name":"\u0422\u043e\u0432\u0430\u0440\u044b","item":"https:\/\/ykmtest.com\/ru\/shop\/"},{"@type":"ListItem","position":3,"name":"Centrifuge Extractor"}]},{"@type":"WebSite","@id":"https:\/\/darkorchid-cheetah-525435.hostingersite.com\/#website","url":"https:\/\/darkorchid-cheetah-525435.hostingersite.com\/","name":"YKM TEST\u0130","description":"","publisher":{"@id":"https:\/\/darkorchid-cheetah-525435.hostingersite.com\/#organization"},"potentialAction":[{"@type":"SearchAction","target":{"@type":"EntryPoint","urlTemplate":"https:\/\/darkorchid-cheetah-525435.hostingersite.com\/?s={search_term_string}"},"query-input":{"@type":"PropertyValueSpecification","valueRequired":true,"valueName":"search_term_string"}}],"inLanguage":"tr"},{"@type":["Organization","Place"],"@id":"https:\/\/darkorchid-cheetah-525435.hostingersite.com\/#organization","name":"YKM TEST\u0130","url":"https:\/\/darkorchid-cheetah-525435.hostingersite.com\/","logo":{"@id":"https:\/\/darkorchid-cheetah-525435.hostingersite.com\/product\/centrifuge-extractor-2\/#local-main-organization-logo"},"image":{"@id":"https:\/\/darkorchid-cheetah-525435.hostingersite.com\/product\/centrifuge-extractor-2\/#local-main-organization-logo"},"telephone":[],"openingHoursSpecification":[{"@type":"OpeningHoursSpecification","dayOfWeek":["Monday","Tuesday","Wednesday","Thursday","Friday","Saturday","Sunday"],"opens":"09:00","closes":"17:00"}]},{"@type":"ImageObject","inLanguage":"tr","@id":"https:\/\/darkorchid-cheetah-525435.hostingersite.com\/product\/centrifuge-extractor-2\/#local-main-organization-logo","url":"https:\/\/ykmtest.com\/wp-content\/uploads\/2025\/10\/Asset-2@2x-8.png","contentUrl":"https:\/\/ykmtest.com\/wp-content\/uploads\/2025\/10\/Asset-2@2x-8.png","width":1550,"height":323,"caption":"YKM TEST"}]},"product_price_currency":"USD","og_availability":"instock","product_availability":"instock","product_condition":"new"},"_links":{"self":[{"href":"https:\/\/ykmtest.com\/tr\/wp-json\/wp\/v2\/product\/11628","targetHints":{"allow":["GET"]}}],"collection":[{"href":"https:\/\/ykmtest.com\/tr\/wp-json\/wp\/v2\/product"}],"about":[{"href":"https:\/\/ykmtest.com\/tr\/wp-json\/wp\/v2\/types\/product"}],"version-history":[{"count":2,"href":"https:\/\/ykmtest.com\/tr\/wp-json\/wp\/v2\/product\/11628\/revisions"}],"predecessor-version":[{"id":11632,"href":"https:\/\/ykmtest.com\/tr\/wp-json\/wp\/v2\/product\/11628\/revisions\/11632"}],"wp:attachment":[{"href":"https:\/\/ykmtest.com\/tr\/wp-json\/wp\/v2\/media?parent=11628"}],"wp:term":[{"taxonomy":"product_brand","embeddable":true,"href":"https:\/\/ykmtest.com\/tr\/wp-json\/wp\/v2\/product_brand?post=11628"},{"taxonomy":"product_cat","embeddable":true,"href":"https:\/\/ykmtest.com\/tr\/wp-json\/wp\/v2\/product_cat?post=11628"},{"taxonomy":"product_tag","embeddable":true,"href":"https:\/\/ykmtest.com\/tr\/wp-json\/wp\/v2\/product_tag?post=11628"}],"curies":[{"name":"wp","href":"https:\/\/api.w.org\/{rel}","templated":true}]}}