{"id":11642,"date":"2025-12-29T11:41:34","date_gmt":"2025-12-29T11:41:34","guid":{"rendered":"https:\/\/ykmtest.com\/?post_type=product&#038;p=11642"},"modified":"2025-12-29T11:43:07","modified_gmt":"2025-12-29T11:43:07","slug":"automatic-marshall-impact-compactor-en","status":"publish","type":"product","link":"https:\/\/ykmtest.com\/tr\/urun\/automatic-marshall-impact-compactor-en\/","title":{"rendered":"Otomatik Marshall Darbeli Kompakt\u00f6r, TR"},"content":{"rendered":"<p class=\"p3\"><span lang=\"TR\">Otomatik Marshall Darbeli Kompakt\u00f6r, EN, standart boyutlara ve yo\u011funlu\u011fa sahip numuneler \u00fcretmek i\u00e7in Marshall darbe y\u00f6ntemini kullanarak asfalt kar\u0131\u015f\u0131mlar\u0131n\u0131 otomatik olarak s\u0131k\u0131\u015ft\u0131r\u0131r ve y\u00fcksek tekrarlanabilirlik sunar. Sert \u00e7elik g\u00f6vde ve a\u011f\u0131r hizmet tipi kolon yap\u0131s\u0131, darbe s\u0131ras\u0131nda titre\u015fimi s\u00f6n\u00fcmleyerek kal\u0131p ekseni boyunca e\u015fit enerji aktar\u0131m\u0131 sa\u011flar. K\u0131lavuz sistemi, her \u00e7eki\u00e7 darbesi i\u00e7in sabit bir d\u00fc\u015fme y\u00fcksekli\u011fi sa\u011flar. Programlanabilir bir kontrol \u00fcnitesi, kullan\u0131c\u0131 dostu bir aray\u00fcz arac\u0131l\u0131\u011f\u0131yla darbe say\u0131s\u0131n\u0131 ve katman ayarlar\u0131n\u0131 y\u00f6netir; dijital bir saya\u00e7 ve d\u00f6ng\u00fc tamamland\u0131\u011f\u0131nda otomatik durdurma hatalar\u0131 azalt\u0131r ve numune tutarl\u0131l\u0131\u011f\u0131n\u0131 art\u0131r\u0131r. Bir g\u00fcvenlik kilidi, kapak a\u00e7\u0131kken \u00e7al\u0131\u015fmay\u0131 devre d\u0131\u015f\u0131 b\u0131rak\u0131rken, acil durdurma d\u00fc\u011fmesi ve darbeye dayan\u0131kl\u0131 muhafaza operat\u00f6r g\u00fcvenli\u011fine \u00f6ncelik verir. \u0130ste\u011fe ba\u011fl\u0131 ses yal\u0131t\u0131ml\u0131 kabin, y\u00fcksek verimli laboratuvarlarda g\u00fcr\u00fclt\u00fcy\u00fc \u00f6nemli \u00f6l\u00e7\u00fcde azalt\u0131r. 4 in\u00e7 (\u2248101,6 mm) ve 6 in\u00e7 (\u2248152,4 mm) Marshall kal\u0131plar\u0131yla uyumludur; kal\u0131p s\u0131k\u0131\u015ft\u0131rma fikst\u00fcrleri ve hizalama pimleri darbe s\u0131ras\u0131nda yanl\u0131\u015f hizalamay\u0131 \u00f6nler. Sistem mimarisi, Marshall darbeli s\u0131k\u0131\u015ft\u0131rma prensiplerini tan\u0131mlayan EN 12697-30 \/ EN 12697-10 standartlar\u0131na uygun olarak tasarlanm\u0131\u015ft\u0131r. Bu, kar\u0131\u015f\u0131m tasar\u0131m\u0131 do\u011frulamas\u0131, \u00fcretim kalite kontrol\u00fc ve kar\u015f\u0131la\u015ft\u0131rmal\u0131 performans \u00e7al\u0131\u015fmalar\u0131 i\u00e7in uyumlu, g\u00fcvenilir ve raporlanabilir numune haz\u0131rlanmas\u0131n\u0131 sa\u011flar.<\/span><\/p>","protected":false},"excerpt":{"rendered":"<p>Otomatik Marshall Darbeli Kompakt\u00f6r, EN, Marshall darbe y\u00f6ntemini kullanarak asfalt kar\u0131\u015f\u0131mlar\u0131n\u0131 standart boyutlara ve yo\u011funlu\u011fa s\u0131k\u0131\u015ft\u0131ran, sert bir \u00e7elik \u00e7er\u00e7eve, kontroll\u00fc d\u00fc\u015fme y\u00fcksekli\u011fine sahip k\u0131lavuzlu \u00e7eki\u00e7, programlanabilir darbe say\u0131s\u0131 ve g\u00fcvenlik kilitlerine sahip, y\u00fcksek tekrarlanabilirlik, operat\u00f6r g\u00fcvenli\u011fi ve asfalt kar\u0131\u015f\u0131m\u0131 tasar\u0131m\u0131 ve kalite kontrol\u00fc i\u00e7in EN uyumlu numune haz\u0131rlama sa\u011flayan tam otomatik bir sistemdir.<\/p>","protected":false},"featured_media":0,"template":"","meta":{"_acf_changed":false},"product_brand":[],"product_cat":[172,176],"product_tag":[],"class_list":{"0":"post-11642","1":"product","2":"type-product","3":"status-publish","5":"product_cat-asphalt","6":"product_cat-marshall-stability-bmd-and-indirect-tensile","9":"instock","10":"shipping-taxable","11":"product-type-simple"},"acf":[],"yoast_head":"<!-- This site is optimized with the Yoast SEO Premium plugin v26.5 (Yoast SEO v26.5) - https:\/\/yoast.com\/wordpress\/plugins\/seo\/ -->\n<title>Automatic Marshall Impact Compactor, EN - YKM TEST<\/title>\n<meta name=\"description\" content=\"Automatic Marshall Impact Compactor, EN, for EN-compliant, repeatable asphalt specimen compaction with programmable hammer blows and full operator safety.\" \/>\n<meta name=\"robots\" content=\"index, follow, max-snippet:-1, max-image-preview:large, max-video-preview:-1\" \/>\n<link rel=\"canonical\" href=\"https:\/\/ykmtest.com\/tr\/urun\/automatic-marshall-impact-compactor-en\/\" \/>\n<meta property=\"og:locale\" content=\"tr_TR\" \/>\n<meta property=\"og:type\" content=\"article\" \/>\n<meta property=\"og:title\" content=\"Automatic Marshall Impact Compactor, EN\" \/>\n<meta property=\"og:description\" content=\"Automatic Marshall Impact Compactor, EN, for EN-compliant, repeatable asphalt specimen compaction with programmable hammer blows and full operator safety.\" \/>\n<meta property=\"og:url\" content=\"https:\/\/ykmtest.com\/tr\/urun\/automatic-marshall-impact-compactor-en\/\" \/>\n<meta property=\"og:site_name\" content=\"YKM TEST\" \/>\n<meta property=\"article:modified_time\" content=\"2025-12-29T11:43:07+00:00\" \/>\n<meta name=\"twitter:card\" content=\"summary_large_image\" \/>\n<meta name=\"twitter:label1\" content=\"Price\" \/>\n\t<meta name=\"twitter:data1\" content=\"\" \/>\n\t<meta name=\"twitter:label2\" content=\"Availability\" \/>\n\t<meta name=\"twitter:data2\" content=\"In stock\" \/>\n<script type=\"application\/ld+json\" class=\"yoast-schema-graph\">{\"@context\":\"https:\/\/schema.org\",\"@graph\":[{\"@type\":\"WebPage\",\"@id\":\"https:\/\/ykmtest.com\/product\/automatic-marshall-impact-compactor-en\/\",\"url\":\"https:\/\/ykmtest.com\/product\/automatic-marshall-impact-compactor-en\/\",\"name\":\"Automatic Marshall Impact Compactor, EN - YKM TEST\",\"isPartOf\":{\"@id\":\"https:\/\/ykmtest.com\/#website\"},\"datePublished\":\"2025-12-29T11:41:34+00:00\",\"dateModified\":\"2025-12-29T11:43:07+00:00\",\"description\":\"Automatic Marshall Impact Compactor, EN, for EN-compliant, repeatable asphalt specimen compaction with programmable hammer blows and full operator safety.\",\"breadcrumb\":{\"@id\":\"https:\/\/ykmtest.com\/product\/automatic-marshall-impact-compactor-en\/#breadcrumb\"},\"inLanguage\":\"tr\",\"potentialAction\":[{\"@type\":\"ReadAction\",\"target\":[\"https:\/\/ykmtest.com\/product\/automatic-marshall-impact-compactor-en\/\"]}]},{\"@type\":\"BreadcrumbList\",\"@id\":\"https:\/\/ykmtest.com\/product\/automatic-marshall-impact-compactor-en\/#breadcrumb\",\"itemListElement\":[{\"@type\":\"ListItem\",\"position\":1,\"name\":\"Home\",\"item\":\"https:\/\/ykmtest.com\/\"},{\"@type\":\"ListItem\",\"position\":2,\"name\":\"Products\",\"item\":\"https:\/\/ykmtest.com\/shop\/\"},{\"@type\":\"ListItem\",\"position\":3,\"name\":\"Automatic Marshall Impact Compactor, EN\"}]},{\"@type\":\"WebSite\",\"@id\":\"https:\/\/ykmtest.com\/#website\",\"url\":\"https:\/\/ykmtest.com\/\",\"name\":\"YKM TEST\",\"description\":\"\",\"publisher\":{\"@id\":\"https:\/\/ykmtest.com\/#organization\"},\"potentialAction\":[{\"@type\":\"SearchAction\",\"target\":{\"@type\":\"EntryPoint\",\"urlTemplate\":\"https:\/\/ykmtest.com\/?s={search_term_string}\"},\"query-input\":{\"@type\":\"PropertyValueSpecification\",\"valueRequired\":true,\"valueName\":\"search_term_string\"}}],\"inLanguage\":\"tr\"},{\"@type\":[\"Organization\",\"Place\"],\"@id\":\"https:\/\/ykmtest.com\/#organization\",\"name\":\"YKM TEST\",\"url\":\"https:\/\/ykmtest.com\/\",\"logo\":{\"@id\":\"https:\/\/ykmtest.com\/product\/automatic-marshall-impact-compactor-en\/#local-main-organization-logo\"},\"image\":{\"@id\":\"https:\/\/ykmtest.com\/product\/automatic-marshall-impact-compactor-en\/#local-main-organization-logo\"},\"telephone\":[],\"openingHoursSpecification\":[{\"@type\":\"OpeningHoursSpecification\",\"dayOfWeek\":[\"Monday\",\"Tuesday\",\"Wednesday\",\"Thursday\",\"Friday\",\"Saturday\",\"Sunday\"],\"opens\":\"09:00\",\"closes\":\"17:00\"}]},{\"@type\":\"ImageObject\",\"inLanguage\":\"tr\",\"@id\":\"https:\/\/ykmtest.com\/product\/automatic-marshall-impact-compactor-en\/#local-main-organization-logo\",\"url\":\"https:\/\/ykmtest.com\/wp-content\/uploads\/2025\/10\/Asset-2@2x-8.png\",\"contentUrl\":\"https:\/\/ykmtest.com\/wp-content\/uploads\/2025\/10\/Asset-2@2x-8.png\",\"width\":1550,\"height\":323,\"caption\":\"YKM TEST\"}]}<\/script>\n<meta property=\"product:price:currency\" content=\"USD\" \/>\n<meta property=\"og:availability\" content=\"instock\" \/>\n<meta property=\"product:availability\" content=\"instock\" \/>\n<meta property=\"product:condition\" content=\"new\" \/>\n<!-- \/ Yoast SEO Premium plugin. -->","yoast_head_json":{"title":"Automatic Marshall Impact Compactor, EN - YKM TEST","description":"Automatic Marshall Impact Compactor, EN, for EN-compliant, repeatable asphalt specimen compaction with programmable hammer blows and full operator safety.","robots":{"index":"index","follow":"follow","max-snippet":"max-snippet:-1","max-image-preview":"max-image-preview:large","max-video-preview":"max-video-preview:-1"},"canonical":"https:\/\/ykmtest.com\/tr\/urun\/automatic-marshall-impact-compactor-en\/","og_locale":"tr_TR","og_type":"article","og_title":"Automatic Marshall Impact Compactor, EN","og_description":"Automatic Marshall Impact Compactor, EN, for EN-compliant, repeatable asphalt specimen compaction with programmable hammer blows and full operator safety.","og_url":"https:\/\/ykmtest.com\/tr\/urun\/automatic-marshall-impact-compactor-en\/","og_site_name":"YKM TEST","article_modified_time":"2025-12-29T11:43:07+00:00","twitter_card":"summary_large_image","twitter_misc":{"Price":"","Availability":"In stock"},"schema":{"@context":"https:\/\/schema.org","@graph":[{"@type":"WebPage","@id":"https:\/\/ykmtest.com\/product\/automatic-marshall-impact-compactor-en\/","url":"https:\/\/ykmtest.com\/product\/automatic-marshall-impact-compactor-en\/","name":"Automatic Marshall Impact Compactor, EN - YKM TEST","isPartOf":{"@id":"https:\/\/ykmtest.com\/#website"},"datePublished":"2025-12-29T11:41:34+00:00","dateModified":"2025-12-29T11:43:07+00:00","description":"Automatic Marshall Impact Compactor, EN, for EN-compliant, repeatable asphalt specimen compaction with programmable hammer blows and full operator safety.","breadcrumb":{"@id":"https:\/\/ykmtest.com\/product\/automatic-marshall-impact-compactor-en\/#breadcrumb"},"inLanguage":"tr","potentialAction":[{"@type":"ReadAction","target":["https:\/\/ykmtest.com\/product\/automatic-marshall-impact-compactor-en\/"]}]},{"@type":"BreadcrumbList","@id":"https:\/\/ykmtest.com\/product\/automatic-marshall-impact-compactor-en\/#breadcrumb","itemListElement":[{"@type":"ListItem","position":1,"name":"Home","item":"https:\/\/ykmtest.com\/"},{"@type":"ListItem","position":2,"name":"Products","item":"https:\/\/ykmtest.com\/shop\/"},{"@type":"ListItem","position":3,"name":"Automatic Marshall Impact Compactor, EN"}]},{"@type":"WebSite","@id":"https:\/\/ykmtest.com\/#website","url":"https:\/\/ykmtest.com\/","name":"YKM TEST\u0130","description":"","publisher":{"@id":"https:\/\/ykmtest.com\/#organization"},"potentialAction":[{"@type":"SearchAction","target":{"@type":"EntryPoint","urlTemplate":"https:\/\/ykmtest.com\/?s={search_term_string}"},"query-input":{"@type":"PropertyValueSpecification","valueRequired":true,"valueName":"search_term_string"}}],"inLanguage":"tr"},{"@type":["Organization","Place"],"@id":"https:\/\/ykmtest.com\/#organization","name":"YKM TEST\u0130","url":"https:\/\/ykmtest.com\/","logo":{"@id":"https:\/\/ykmtest.com\/product\/automatic-marshall-impact-compactor-en\/#local-main-organization-logo"},"image":{"@id":"https:\/\/ykmtest.com\/product\/automatic-marshall-impact-compactor-en\/#local-main-organization-logo"},"telephone":[],"openingHoursSpecification":[{"@type":"OpeningHoursSpecification","dayOfWeek":["Monday","Tuesday","Wednesday","Thursday","Friday","Saturday","Sunday"],"opens":"09:00","closes":"17:00"}]},{"@type":"ImageObject","inLanguage":"tr","@id":"https:\/\/ykmtest.com\/product\/automatic-marshall-impact-compactor-en\/#local-main-organization-logo","url":"https:\/\/ykmtest.com\/wp-content\/uploads\/2025\/10\/Asset-2@2x-8.png","contentUrl":"https:\/\/ykmtest.com\/wp-content\/uploads\/2025\/10\/Asset-2@2x-8.png","width":1550,"height":323,"caption":"YKM TEST"}]},"product_price_currency":"USD","og_availability":"instock","product_availability":"instock","product_condition":"new"},"_links":{"self":[{"href":"https:\/\/ykmtest.com\/tr\/wp-json\/wp\/v2\/product\/11642","targetHints":{"allow":["GET"]}}],"collection":[{"href":"https:\/\/ykmtest.com\/tr\/wp-json\/wp\/v2\/product"}],"about":[{"href":"https:\/\/ykmtest.com\/tr\/wp-json\/wp\/v2\/types\/product"}],"version-history":[{"count":1,"href":"https:\/\/ykmtest.com\/tr\/wp-json\/wp\/v2\/product\/11642\/revisions"}],"predecessor-version":[{"id":11643,"href":"https:\/\/ykmtest.com\/tr\/wp-json\/wp\/v2\/product\/11642\/revisions\/11643"}],"wp:attachment":[{"href":"https:\/\/ykmtest.com\/tr\/wp-json\/wp\/v2\/media?parent=11642"}],"wp:term":[{"taxonomy":"product_brand","embeddable":true,"href":"https:\/\/ykmtest.com\/tr\/wp-json\/wp\/v2\/product_brand?post=11642"},{"taxonomy":"product_cat","embeddable":true,"href":"https:\/\/ykmtest.com\/tr\/wp-json\/wp\/v2\/product_cat?post=11642"},{"taxonomy":"product_tag","embeddable":true,"href":"https:\/\/ykmtest.com\/tr\/wp-json\/wp\/v2\/product_tag?post=11642"}],"curies":[{"name":"wp","href":"https:\/\/api.w.org\/{rel}","templated":true}]}}