{"id":11646,"date":"2025-12-29T12:03:29","date_gmt":"2025-12-29T12:03:29","guid":{"rendered":"https:\/\/ykmtest.com\/?post_type=product&#038;p=11646"},"modified":"2025-12-29T12:03:30","modified_gmt":"2025-12-29T12:03:30","slug":"automatic-marshall-impact-compactor-for-4-and-6-astm","status":"publish","type":"product","link":"https:\/\/ykmtest.com\/tr\/urun\/automatic-marshall-impact-compactor-for-4-and-6-astm\/","title":{"rendered":"4\u201d ve 6\u201d i\u00e7in Otomatik Marshall Darbeli Kompakt\u00f6r, ASTM"},"content":{"rendered":"<p class=\"p3\"><span lang=\"TR\">Otomatik Marshall Darbeli S\u0131k\u0131\u015ft\u0131r\u0131c\u0131, ASTM, Marshall y\u00f6ntemiyle asfalt kar\u0131\u015f\u0131mlar\u0131n\u0131n darbeli s\u0131k\u0131\u015ft\u0131rmas\u0131n\u0131 y\u00fcksek tekrarlanabilirlikle tam otomatik olarak ger\u00e7ekle\u015ftirmek \u00fczere tasarlanm\u0131\u015ft\u0131r. Sert \u00e7elik \u015fasi ve a\u011f\u0131r hizmet tipi kolon k\u0131lavuz yap\u0131s\u0131, darbe s\u0131ras\u0131nda titre\u015fimi s\u00f6n\u00fcmleyerek kal\u0131p ekseni boyunca kay\u0131ps\u0131z enerji aktar\u0131m\u0131 sa\u011flar ve seri \u00fcretimde tutarl\u0131 hedef yo\u011funluk ve numune y\u00fcksekli\u011fi sunar. Programlanabilir kontrol \u00fcnitesi sayesinde, darbe say\u0131s\u0131 ve katman say\u0131s\u0131 kolayca ayarlanabilir; dijital saya\u00e7 ve otomatik d\u00f6ng\u00fc sonu durdurma i\u015flevleri operat\u00f6re ba\u011f\u0131ml\u0131l\u0131\u011f\u0131 azalt\u0131r. Kapak a\u00e7\u0131kken \u00e7al\u0131\u015fmay\u0131 devre d\u0131\u015f\u0131 b\u0131rakan bir g\u00fcvenlik kilidi, bir acil durdurma d\u00fc\u011fmesi ve darbe s\u00f6n\u00fcmleyici bir taban plakas\u0131, g\u00fcvenlik odakl\u0131 bir \u00e7al\u0131\u015fma ortam\u0131 olu\u015fturur. Sistem hem 4 in\u00e7 (\u2248101,6 mm) hem de 6 in\u00e7 (\u2248152,4 mm) Marshall kal\u0131plar\u0131yla uyumludur; hizalama pimleri ve sa\u011flam kilitleme kelep\u00e7eleri darbe s\u0131ras\u0131nda yanl\u0131\u015f hizalamay\u0131 ve s\u0131z\u0131nt\u0131y\u0131 \u00f6nlerken, h\u0131zl\u0131 de\u011fi\u015ftirme konsepti dakikalar i\u00e7inde boyut ge\u00e7i\u015flerine olanak tan\u0131r.<\/span><\/p>","protected":false},"excerpt":{"rendered":"<p>4\u201d ve 6\u201d ASTM i\u00e7in Otomatik Marshall Darbeli Kompakt\u00f6r, sert \u00e7elik \u00e7er\u00e7eve, programlanabilir darbe ve katman kontrol\u00fc, kal\u0131p hizalama ve s\u0131k\u0131\u015ft\u0131rma ve g\u00fcvenlik kilitlerine sahip tam otomatik bir asfalt numune s\u0131k\u0131\u015ft\u0131rma sistemidir ve tutarl\u0131 yo\u011funluk ve y\u00fcksekli\u011fe sahip 4 ve 6 in\u00e7 Marshall numunelerinin ASTM uyumlu, tekrarlanabilir \u015fekilde haz\u0131rlanmas\u0131n\u0131 sa\u011flar.<\/p>","protected":false},"featured_media":0,"template":"","meta":{"_acf_changed":false},"product_brand":[],"product_cat":[172,176],"product_tag":[],"class_list":{"0":"post-11646","1":"product","2":"type-product","3":"status-publish","5":"product_cat-asphalt","6":"product_cat-marshall-stability-bmd-and-indirect-tensile","9":"instock","10":"shipping-taxable","11":"product-type-simple"},"acf":[],"yoast_head":"<!-- This site is optimized with the Yoast SEO Premium plugin v26.5 (Yoast SEO v26.5) - https:\/\/yoast.com\/wordpress\/plugins\/seo\/ -->\n<title>Automatic Marshall Impact Compactor for 4\u201d and 6\u201d, ASTM - YKM TEST<\/title>\n<meta name=\"description\" content=\"Automatic Marshall Impact Compactor for 4\u201d and 6\u201d ASTM for repeatable, fully automated asphalt specimen preparation with programmable blows and ASTM compliance.\" \/>\n<meta name=\"robots\" content=\"index, follow, max-snippet:-1, max-image-preview:large, max-video-preview:-1\" \/>\n<link rel=\"canonical\" href=\"https:\/\/ykmtest.com\/tr\/urun\/automatic-marshall-impact-compactor-for-4-and-6-astm\/\" \/>\n<meta property=\"og:locale\" content=\"tr_TR\" \/>\n<meta property=\"og:type\" content=\"article\" \/>\n<meta property=\"og:title\" content=\"Automatic Marshall Impact Compactor for 4\u201d and 6\u201d, ASTM\" \/>\n<meta property=\"og:description\" content=\"Automatic Marshall Impact Compactor for 4\u201d and 6\u201d ASTM for repeatable, fully automated asphalt specimen preparation with programmable blows and ASTM compliance.\" \/>\n<meta property=\"og:url\" content=\"https:\/\/ykmtest.com\/tr\/urun\/automatic-marshall-impact-compactor-for-4-and-6-astm\/\" \/>\n<meta property=\"og:site_name\" content=\"YKM TEST\" \/>\n<meta property=\"article:modified_time\" content=\"2025-12-29T12:03:30+00:00\" \/>\n<meta name=\"twitter:card\" content=\"summary_large_image\" \/>\n<meta name=\"twitter:label1\" content=\"Price\" \/>\n\t<meta name=\"twitter:data1\" content=\"\" \/>\n\t<meta name=\"twitter:label2\" content=\"Availability\" \/>\n\t<meta name=\"twitter:data2\" content=\"In stock\" \/>\n<script type=\"application\/ld+json\" class=\"yoast-schema-graph\">{\"@context\":\"https:\/\/schema.org\",\"@graph\":[{\"@type\":\"WebPage\",\"@id\":\"https:\/\/ykmtest.com\/product\/automatic-marshall-impact-compactor-for-4-and-6-astm\/\",\"url\":\"https:\/\/ykmtest.com\/product\/automatic-marshall-impact-compactor-for-4-and-6-astm\/\",\"name\":\"Automatic Marshall Impact Compactor for 4\u201d and 6\u201d, ASTM - YKM TEST\",\"isPartOf\":{\"@id\":\"https:\/\/ykmtest.com\/#website\"},\"datePublished\":\"2025-12-29T12:03:29+00:00\",\"dateModified\":\"2025-12-29T12:03:30+00:00\",\"description\":\"Automatic Marshall Impact Compactor for 4\u201d and 6\u201d ASTM for repeatable, fully automated asphalt specimen preparation with programmable blows and ASTM compliance.\",\"breadcrumb\":{\"@id\":\"https:\/\/ykmtest.com\/product\/automatic-marshall-impact-compactor-for-4-and-6-astm\/#breadcrumb\"},\"inLanguage\":\"tr\",\"potentialAction\":[{\"@type\":\"ReadAction\",\"target\":[\"https:\/\/ykmtest.com\/product\/automatic-marshall-impact-compactor-for-4-and-6-astm\/\"]}]},{\"@type\":\"BreadcrumbList\",\"@id\":\"https:\/\/ykmtest.com\/product\/automatic-marshall-impact-compactor-for-4-and-6-astm\/#breadcrumb\",\"itemListElement\":[{\"@type\":\"ListItem\",\"position\":1,\"name\":\"Home\",\"item\":\"https:\/\/ykmtest.com\/\"},{\"@type\":\"ListItem\",\"position\":2,\"name\":\"Products\",\"item\":\"https:\/\/ykmtest.com\/shop\/\"},{\"@type\":\"ListItem\",\"position\":3,\"name\":\"Automatic Marshall Impact Compactor for 4\u201d and 6\u201d, ASTM\"}]},{\"@type\":\"WebSite\",\"@id\":\"https:\/\/ykmtest.com\/#website\",\"url\":\"https:\/\/ykmtest.com\/\",\"name\":\"YKM TEST\",\"description\":\"\",\"publisher\":{\"@id\":\"https:\/\/ykmtest.com\/#organization\"},\"potentialAction\":[{\"@type\":\"SearchAction\",\"target\":{\"@type\":\"EntryPoint\",\"urlTemplate\":\"https:\/\/ykmtest.com\/?s={search_term_string}\"},\"query-input\":{\"@type\":\"PropertyValueSpecification\",\"valueRequired\":true,\"valueName\":\"search_term_string\"}}],\"inLanguage\":\"tr\"},{\"@type\":[\"Organization\",\"Place\"],\"@id\":\"https:\/\/ykmtest.com\/#organization\",\"name\":\"YKM TEST\",\"url\":\"https:\/\/ykmtest.com\/\",\"logo\":{\"@id\":\"https:\/\/ykmtest.com\/product\/automatic-marshall-impact-compactor-for-4-and-6-astm\/#local-main-organization-logo\"},\"image\":{\"@id\":\"https:\/\/ykmtest.com\/product\/automatic-marshall-impact-compactor-for-4-and-6-astm\/#local-main-organization-logo\"},\"telephone\":[],\"openingHoursSpecification\":[{\"@type\":\"OpeningHoursSpecification\",\"dayOfWeek\":[\"Monday\",\"Tuesday\",\"Wednesday\",\"Thursday\",\"Friday\",\"Saturday\",\"Sunday\"],\"opens\":\"09:00\",\"closes\":\"17:00\"}]},{\"@type\":\"ImageObject\",\"inLanguage\":\"tr\",\"@id\":\"https:\/\/ykmtest.com\/product\/automatic-marshall-impact-compactor-for-4-and-6-astm\/#local-main-organization-logo\",\"url\":\"https:\/\/ykmtest.com\/wp-content\/uploads\/2025\/10\/Asset-2@2x-8.png\",\"contentUrl\":\"https:\/\/ykmtest.com\/wp-content\/uploads\/2025\/10\/Asset-2@2x-8.png\",\"width\":1550,\"height\":323,\"caption\":\"YKM TEST\"}]}<\/script>\n<meta property=\"product:price:currency\" content=\"USD\" \/>\n<meta property=\"og:availability\" content=\"instock\" \/>\n<meta property=\"product:availability\" content=\"instock\" \/>\n<meta property=\"product:condition\" content=\"new\" \/>\n<!-- \/ Yoast SEO Premium plugin. -->","yoast_head_json":{"title":"Automatic Marshall Impact Compactor for 4\u201d and 6\u201d, ASTM - YKM TEST","description":"Automatic Marshall Impact Compactor for 4\u201d and 6\u201d ASTM for repeatable, fully automated asphalt specimen preparation with programmable blows and ASTM compliance.","robots":{"index":"index","follow":"follow","max-snippet":"max-snippet:-1","max-image-preview":"max-image-preview:large","max-video-preview":"max-video-preview:-1"},"canonical":"https:\/\/ykmtest.com\/tr\/urun\/automatic-marshall-impact-compactor-for-4-and-6-astm\/","og_locale":"tr_TR","og_type":"article","og_title":"Automatic Marshall Impact Compactor for 4\u201d and 6\u201d, ASTM","og_description":"Automatic Marshall Impact Compactor for 4\u201d and 6\u201d ASTM for repeatable, fully automated asphalt specimen preparation with programmable blows and ASTM compliance.","og_url":"https:\/\/ykmtest.com\/tr\/urun\/automatic-marshall-impact-compactor-for-4-and-6-astm\/","og_site_name":"YKM TEST","article_modified_time":"2025-12-29T12:03:30+00:00","twitter_card":"summary_large_image","twitter_misc":{"Price":"","Availability":"In stock"},"schema":{"@context":"https:\/\/schema.org","@graph":[{"@type":"WebPage","@id":"https:\/\/ykmtest.com\/product\/automatic-marshall-impact-compactor-for-4-and-6-astm\/","url":"https:\/\/ykmtest.com\/product\/automatic-marshall-impact-compactor-for-4-and-6-astm\/","name":"Automatic Marshall Impact Compactor for 4\u201d and 6\u201d, ASTM - YKM TEST","isPartOf":{"@id":"https:\/\/ykmtest.com\/#website"},"datePublished":"2025-12-29T12:03:29+00:00","dateModified":"2025-12-29T12:03:30+00:00","description":"Automatic Marshall Impact Compactor for 4\u201d and 6\u201d ASTM for repeatable, fully automated asphalt specimen preparation with programmable blows and ASTM compliance.","breadcrumb":{"@id":"https:\/\/ykmtest.com\/product\/automatic-marshall-impact-compactor-for-4-and-6-astm\/#breadcrumb"},"inLanguage":"tr","potentialAction":[{"@type":"ReadAction","target":["https:\/\/ykmtest.com\/product\/automatic-marshall-impact-compactor-for-4-and-6-astm\/"]}]},{"@type":"BreadcrumbList","@id":"https:\/\/ykmtest.com\/product\/automatic-marshall-impact-compactor-for-4-and-6-astm\/#breadcrumb","itemListElement":[{"@type":"ListItem","position":1,"name":"Home","item":"https:\/\/ykmtest.com\/"},{"@type":"ListItem","position":2,"name":"Products","item":"https:\/\/ykmtest.com\/shop\/"},{"@type":"ListItem","position":3,"name":"Automatic Marshall Impact Compactor for 4\u201d and 6\u201d, ASTM"}]},{"@type":"WebSite","@id":"https:\/\/ykmtest.com\/#website","url":"https:\/\/ykmtest.com\/","name":"YKM TEST\u0130","description":"","publisher":{"@id":"https:\/\/ykmtest.com\/#organization"},"potentialAction":[{"@type":"SearchAction","target":{"@type":"EntryPoint","urlTemplate":"https:\/\/ykmtest.com\/?s={search_term_string}"},"query-input":{"@type":"PropertyValueSpecification","valueRequired":true,"valueName":"search_term_string"}}],"inLanguage":"tr"},{"@type":["Organization","Place"],"@id":"https:\/\/ykmtest.com\/#organization","name":"YKM TEST\u0130","url":"https:\/\/ykmtest.com\/","logo":{"@id":"https:\/\/ykmtest.com\/product\/automatic-marshall-impact-compactor-for-4-and-6-astm\/#local-main-organization-logo"},"image":{"@id":"https:\/\/ykmtest.com\/product\/automatic-marshall-impact-compactor-for-4-and-6-astm\/#local-main-organization-logo"},"telephone":[],"openingHoursSpecification":[{"@type":"OpeningHoursSpecification","dayOfWeek":["Monday","Tuesday","Wednesday","Thursday","Friday","Saturday","Sunday"],"opens":"09:00","closes":"17:00"}]},{"@type":"ImageObject","inLanguage":"tr","@id":"https:\/\/ykmtest.com\/product\/automatic-marshall-impact-compactor-for-4-and-6-astm\/#local-main-organization-logo","url":"https:\/\/ykmtest.com\/wp-content\/uploads\/2025\/10\/Asset-2@2x-8.png","contentUrl":"https:\/\/ykmtest.com\/wp-content\/uploads\/2025\/10\/Asset-2@2x-8.png","width":1550,"height":323,"caption":"YKM TEST"}]},"product_price_currency":"USD","og_availability":"instock","product_availability":"instock","product_condition":"new"},"_links":{"self":[{"href":"https:\/\/ykmtest.com\/tr\/wp-json\/wp\/v2\/product\/11646","targetHints":{"allow":["GET"]}}],"collection":[{"href":"https:\/\/ykmtest.com\/tr\/wp-json\/wp\/v2\/product"}],"about":[{"href":"https:\/\/ykmtest.com\/tr\/wp-json\/wp\/v2\/types\/product"}],"version-history":[{"count":1,"href":"https:\/\/ykmtest.com\/tr\/wp-json\/wp\/v2\/product\/11646\/revisions"}],"predecessor-version":[{"id":11647,"href":"https:\/\/ykmtest.com\/tr\/wp-json\/wp\/v2\/product\/11646\/revisions\/11647"}],"wp:attachment":[{"href":"https:\/\/ykmtest.com\/tr\/wp-json\/wp\/v2\/media?parent=11646"}],"wp:term":[{"taxonomy":"product_brand","embeddable":true,"href":"https:\/\/ykmtest.com\/tr\/wp-json\/wp\/v2\/product_brand?post=11646"},{"taxonomy":"product_cat","embeddable":true,"href":"https:\/\/ykmtest.com\/tr\/wp-json\/wp\/v2\/product_cat?post=11646"},{"taxonomy":"product_tag","embeddable":true,"href":"https:\/\/ykmtest.com\/tr\/wp-json\/wp\/v2\/product_tag?post=11646"}],"curies":[{"name":"wp","href":"https:\/\/api.w.org\/{rel}","templated":true}]}}