{"id":11654,"date":"2025-12-29T13:27:19","date_gmt":"2025-12-29T13:27:19","guid":{"rendered":"https:\/\/ykmtest.com\/?post_type=product&#038;p=11654"},"modified":"2025-12-29T13:27:20","modified_gmt":"2025-12-29T13:27:20","slug":"vibratory-hammer-for-compaction-of-bituminous-mixtures-and-soil","status":"publish","type":"product","link":"https:\/\/ykmtest.com\/tr\/urun\/vibratory-hammer-for-compaction-of-bituminous-mixtures-and-soil\/","title":{"rendered":"Bit\u00fcml\u00fc Kar\u0131\u015f\u0131mlar\u0131n ve Topra\u011f\u0131n S\u0131k\u0131\u015ft\u0131r\u0131lmas\u0131 i\u00e7in Vibrasyonlu \u00c7eki\u00e7"},"content":{"rendered":"<p class=\"p3\"><span lang=\"TR\">Titre\u015fimli \u00c7eki\u00e7 Seti, bit\u00fcml\u00fc kar\u0131\u015f\u0131mlar\u0131n ve toprak numunelerinin titre\u015fim enerjisi kullan\u0131larak h\u0131zl\u0131, standartla\u015ft\u0131r\u0131lm\u0131\u015f \u015fekilde s\u0131k\u0131\u015ft\u0131r\u0131lmas\u0131 i\u00e7in tasarlanm\u0131\u015ft\u0131r. Y\u00fcksek frekansl\u0131 bir elektrik motoru ve kar\u015f\u0131 a\u011f\u0131rl\u0131k sistemi \u00fcniteyi \u00e7al\u0131\u015ft\u0131r\u0131r. Motor \u015faft\u0131na monte edilen eksantrik a\u011f\u0131rl\u0131klar, g\u00f6vdeye iletilen g\u00fc\u00e7l\u00fc titre\u015fim olu\u015fturarak bit\u00fcml\u00fc kar\u0131\u015f\u0131mlar\u0131n ve toprak numunelerinin h\u0131zl\u0131 ve homojen bir \u015fekilde s\u0131k\u0131\u015ft\u0131r\u0131lmas\u0131n\u0131 sa\u011flar. Bu hareket s\u0131k\u0131\u015fan havay\u0131 azalt\u0131r, stabiliteyi art\u0131r\u0131r ve standart numune yo\u011funlu\u011fu sa\u011flar. Y\u00fcksek verimli elektrik motoru ve dengeli eksantrik mekanizma, farkl\u0131 malzeme sertlik seviyelerine uygun ayarlanabilir bir frekans aral\u0131\u011f\u0131 sa\u011flar; rijit \u00e7er\u00e7eve ve titre\u015fim s\u00f6n\u00fcml\u00fc rulmanlar, enerjinin kal\u0131ba verimli bir \u015fekilde aktar\u0131lmas\u0131n\u0131 destekler. Kal\u0131p sabitleme \u00e7er\u00e7evesi, merkezleme adapt\u00f6rleri ve g\u00fcvenli sabitleme, 4\u201d ve 6\u201d standart kal\u0131plarla \u00e7al\u0131\u015f\u0131rken yanl\u0131\u015f hizalamay\u0131 \u00f6nler. YKMTEST Titre\u015fimli \u00c7eki\u00e7, dayan\u0131kl\u0131 bir motor, istikrarl\u0131 titre\u015fim \u00e7\u0131k\u0131\u015f\u0131 ve kolay kullan\u0131m ile g\u00fcvenilir s\u0131k\u0131\u015ft\u0131rma performans\u0131 sunar. Sa\u011flam g\u00f6vdesi, y\u00fcksek performansl\u0131 titre\u015fim \u00fcretimi ve uzun \u00f6m\u00fcrl\u00fc mekanik bile\u015fenleri, onu modern test laboratuvarlar\u0131 i\u00e7in etkili, pratik ve profesyonel bir s\u0131k\u0131\u015ft\u0131rma cihaz\u0131 haline getirir.<\/span><\/p>","protected":false},"excerpt":{"rendered":"<p><span lang=\"TR\">Vibrasyonlu \u00c7eki\u00e7 Seti, tutarl\u0131 yo\u011funluk ve stabilite i\u00e7in bit\u00fcml\u00fc kar\u0131\u015f\u0131mlar\u0131 ve toprak numunelerini 4\" ve 6\" standart kal\u0131plarda h\u0131zl\u0131 ve d\u00fczg\u00fcn bir \u015fekilde s\u0131k\u0131\u015ft\u0131rmak \u00fczere tasarlanm\u0131\u015f, sert bir \u00e7er\u00e7eveye ve g\u00fcvenli kal\u0131p sabitleme sistemine sahip, y\u00fcksek frekansl\u0131, ayarlanabilir bir vibrasyonlu s\u0131k\u0131\u015ft\u0131rma cihaz\u0131d\u0131r.<\/span><\/p>","protected":false},"featured_media":0,"template":"","meta":{"_acf_changed":false},"product_brand":[],"product_cat":[172,176],"product_tag":[],"class_list":{"0":"post-11654","1":"product","2":"type-product","3":"status-publish","5":"product_cat-asphalt","6":"product_cat-marshall-stability-bmd-and-indirect-tensile","9":"instock","10":"shipping-taxable","11":"product-type-simple"},"acf":[],"yoast_head":"<!-- This site is optimized with the Yoast SEO Premium plugin v26.5 (Yoast SEO v27.5) - https:\/\/yoast.com\/product\/yoast-seo-premium-wordpress\/ -->\n<title>Vibratory Hammer for Compaction of Bituminous Mixtures and Soil - YKM TEST<\/title>\n<meta name=\"description\" content=\"Vibratory hammer set for rapid and uniform compaction of bituminous mixtures and soil specimens in 4\u2033 and 6\u2033 molds with adjustable vibration frequency.\" \/>\n<meta name=\"robots\" content=\"index, follow, max-snippet:-1, max-image-preview:large, max-video-preview:-1\" \/>\n<link rel=\"canonical\" href=\"https:\/\/darkorchid-cheetah-525435.hostingersite.com\/product\/vibratory-hammer-for-compaction-of-bituminous-mixtures-and-soil\/\" \/>\n<meta property=\"og:locale\" content=\"tr_TR\" \/>\n<meta property=\"og:type\" content=\"article\" \/>\n<meta property=\"og:title\" content=\"Vibratory Hammer for Compaction of Bituminous Mixtures and Soil\" \/>\n<meta property=\"og:description\" content=\"Vibratory hammer set for rapid and uniform compaction of bituminous mixtures and soil specimens in 4\u2033 and 6\u2033 molds with adjustable vibration frequency.\" \/>\n<meta property=\"og:url\" content=\"https:\/\/darkorchid-cheetah-525435.hostingersite.com\/product\/vibratory-hammer-for-compaction-of-bituminous-mixtures-and-soil\/\" \/>\n<meta property=\"og:site_name\" content=\"YKM TEST\" \/>\n<meta property=\"article:modified_time\" content=\"2025-12-29T13:27:20+00:00\" \/>\n<meta name=\"twitter:card\" content=\"summary_large_image\" \/>\n<meta name=\"twitter:label1\" content=\"Fiyat\" \/>\n\t<meta name=\"twitter:data1\" content=\"\" \/>\n\t<meta name=\"twitter:label2\" content=\"Durumu\" \/>\n\t<meta name=\"twitter:data2\" content=\"Stokta var\" \/>\n<script type=\"application\/ld+json\" class=\"yoast-schema-graph\">{\"@context\":\"https:\\\/\\\/schema.org\",\"@graph\":[{\"@type\":\"WebPage\",\"@id\":\"https:\\\/\\\/darkorchid-cheetah-525435.hostingersite.com\\\/product\\\/vibratory-hammer-for-compaction-of-bituminous-mixtures-and-soil\\\/\",\"url\":\"https:\\\/\\\/darkorchid-cheetah-525435.hostingersite.com\\\/product\\\/vibratory-hammer-for-compaction-of-bituminous-mixtures-and-soil\\\/\",\"name\":\"Vibratory Hammer for Compaction of Bituminous Mixtures and Soil - YKM TEST\",\"isPartOf\":{\"@id\":\"https:\\\/\\\/darkorchid-cheetah-525435.hostingersite.com\\\/#website\"},\"datePublished\":\"2025-12-29T13:27:19+00:00\",\"dateModified\":\"2025-12-29T13:27:20+00:00\",\"description\":\"Vibratory hammer set for rapid and uniform compaction of bituminous mixtures and soil specimens in 4\u2033 and 6\u2033 molds with adjustable vibration frequency.\",\"breadcrumb\":{\"@id\":\"https:\\\/\\\/darkorchid-cheetah-525435.hostingersite.com\\\/product\\\/vibratory-hammer-for-compaction-of-bituminous-mixtures-and-soil\\\/#breadcrumb\"},\"inLanguage\":\"tr\",\"potentialAction\":[{\"@type\":\"ReadAction\",\"target\":[\"https:\\\/\\\/darkorchid-cheetah-525435.hostingersite.com\\\/product\\\/vibratory-hammer-for-compaction-of-bituminous-mixtures-and-soil\\\/\"]}]},{\"@type\":\"BreadcrumbList\",\"@id\":\"https:\\\/\\\/darkorchid-cheetah-525435.hostingersite.com\\\/product\\\/vibratory-hammer-for-compaction-of-bituminous-mixtures-and-soil\\\/#breadcrumb\",\"itemListElement\":[{\"@type\":\"ListItem\",\"position\":1,\"name\":\"Home\",\"item\":\"https:\\\/\\\/darkorchid-cheetah-525435.hostingersite.com\\\/\"},{\"@type\":\"ListItem\",\"position\":2,\"name\":\"\u0422\u043e\u0432\u0430\u0440\u044b\",\"item\":\"https:\\\/\\\/ykmtest.com\\\/ru\\\/shop\\\/\"},{\"@type\":\"ListItem\",\"position\":3,\"name\":\"Vibratory Hammer for Compaction of Bituminous Mixtures and Soil\"}]},{\"@type\":\"WebSite\",\"@id\":\"https:\\\/\\\/darkorchid-cheetah-525435.hostingersite.com\\\/#website\",\"url\":\"https:\\\/\\\/darkorchid-cheetah-525435.hostingersite.com\\\/\",\"name\":\"YKM TEST\",\"description\":\"\",\"publisher\":{\"@id\":\"https:\\\/\\\/darkorchid-cheetah-525435.hostingersite.com\\\/#organization\"},\"potentialAction\":[{\"@type\":\"SearchAction\",\"target\":{\"@type\":\"EntryPoint\",\"urlTemplate\":\"https:\\\/\\\/darkorchid-cheetah-525435.hostingersite.com\\\/?s={search_term_string}\"},\"query-input\":{\"@type\":\"PropertyValueSpecification\",\"valueRequired\":true,\"valueName\":\"search_term_string\"}}],\"inLanguage\":\"tr\"},{\"@type\":[\"Organization\",\"Place\"],\"@id\":\"https:\\\/\\\/darkorchid-cheetah-525435.hostingersite.com\\\/#organization\",\"name\":\"YKM TEST\",\"url\":\"https:\\\/\\\/darkorchid-cheetah-525435.hostingersite.com\\\/\",\"logo\":{\"@id\":\"https:\\\/\\\/darkorchid-cheetah-525435.hostingersite.com\\\/product\\\/vibratory-hammer-for-compaction-of-bituminous-mixtures-and-soil\\\/#local-main-organization-logo\"},\"image\":{\"@id\":\"https:\\\/\\\/darkorchid-cheetah-525435.hostingersite.com\\\/product\\\/vibratory-hammer-for-compaction-of-bituminous-mixtures-and-soil\\\/#local-main-organization-logo\"},\"telephone\":[],\"openingHoursSpecification\":[{\"@type\":\"OpeningHoursSpecification\",\"dayOfWeek\":[\"Monday\",\"Tuesday\",\"Wednesday\",\"Thursday\",\"Friday\",\"Saturday\",\"Sunday\"],\"opens\":\"09:00\",\"closes\":\"17:00\"}]},{\"@type\":\"ImageObject\",\"inLanguage\":\"tr\",\"@id\":\"https:\\\/\\\/darkorchid-cheetah-525435.hostingersite.com\\\/product\\\/vibratory-hammer-for-compaction-of-bituminous-mixtures-and-soil\\\/#local-main-organization-logo\",\"url\":\"https:\\\/\\\/ykmtest.com\\\/wp-content\\\/uploads\\\/2025\\\/10\\\/Asset-2@2x-8.png\",\"contentUrl\":\"https:\\\/\\\/ykmtest.com\\\/wp-content\\\/uploads\\\/2025\\\/10\\\/Asset-2@2x-8.png\",\"width\":1550,\"height\":323,\"caption\":\"YKM TEST\"}]}<\/script>\n<meta property=\"product:price:currency\" content=\"USD\" \/>\n<meta property=\"og:availability\" content=\"instock\" \/>\n<meta property=\"product:availability\" content=\"instock\" \/>\n<meta property=\"product:condition\" content=\"new\" \/>\n<!-- \/ Yoast SEO Premium plugin. -->","yoast_head_json":{"title":"Vibratory Hammer for Compaction of Bituminous Mixtures and Soil - YKM TEST","description":"Vibratory hammer set for rapid and uniform compaction of bituminous mixtures and soil specimens in 4\u2033 and 6\u2033 molds with adjustable vibration frequency.","robots":{"index":"index","follow":"follow","max-snippet":"max-snippet:-1","max-image-preview":"max-image-preview:large","max-video-preview":"max-video-preview:-1"},"canonical":"https:\/\/darkorchid-cheetah-525435.hostingersite.com\/product\/vibratory-hammer-for-compaction-of-bituminous-mixtures-and-soil\/","og_locale":"tr_TR","og_type":"article","og_title":"Vibratory Hammer for Compaction of Bituminous Mixtures and Soil","og_description":"Vibratory hammer set for rapid and uniform compaction of bituminous mixtures and soil specimens in 4\u2033 and 6\u2033 molds with adjustable vibration frequency.","og_url":"https:\/\/darkorchid-cheetah-525435.hostingersite.com\/product\/vibratory-hammer-for-compaction-of-bituminous-mixtures-and-soil\/","og_site_name":"YKM TEST","article_modified_time":"2025-12-29T13:27:20+00:00","twitter_card":"summary_large_image","twitter_misc":{"Fiyat":"","Durumu":"Stokta var"},"schema":{"@context":"https:\/\/schema.org","@graph":[{"@type":"WebPage","@id":"https:\/\/darkorchid-cheetah-525435.hostingersite.com\/product\/vibratory-hammer-for-compaction-of-bituminous-mixtures-and-soil\/","url":"https:\/\/darkorchid-cheetah-525435.hostingersite.com\/product\/vibratory-hammer-for-compaction-of-bituminous-mixtures-and-soil\/","name":"Vibratory Hammer for Compaction of Bituminous Mixtures and Soil - YKM TEST","isPartOf":{"@id":"https:\/\/darkorchid-cheetah-525435.hostingersite.com\/#website"},"datePublished":"2025-12-29T13:27:19+00:00","dateModified":"2025-12-29T13:27:20+00:00","description":"Vibratory hammer set for rapid and uniform compaction of bituminous mixtures and soil specimens in 4\u2033 and 6\u2033 molds with adjustable vibration frequency.","breadcrumb":{"@id":"https:\/\/darkorchid-cheetah-525435.hostingersite.com\/product\/vibratory-hammer-for-compaction-of-bituminous-mixtures-and-soil\/#breadcrumb"},"inLanguage":"tr","potentialAction":[{"@type":"ReadAction","target":["https:\/\/darkorchid-cheetah-525435.hostingersite.com\/product\/vibratory-hammer-for-compaction-of-bituminous-mixtures-and-soil\/"]}]},{"@type":"BreadcrumbList","@id":"https:\/\/darkorchid-cheetah-525435.hostingersite.com\/product\/vibratory-hammer-for-compaction-of-bituminous-mixtures-and-soil\/#breadcrumb","itemListElement":[{"@type":"ListItem","position":1,"name":"Home","item":"https:\/\/darkorchid-cheetah-525435.hostingersite.com\/"},{"@type":"ListItem","position":2,"name":"\u0422\u043e\u0432\u0430\u0440\u044b","item":"https:\/\/ykmtest.com\/ru\/shop\/"},{"@type":"ListItem","position":3,"name":"Vibratory Hammer for Compaction of Bituminous Mixtures and Soil"}]},{"@type":"WebSite","@id":"https:\/\/darkorchid-cheetah-525435.hostingersite.com\/#website","url":"https:\/\/darkorchid-cheetah-525435.hostingersite.com\/","name":"YKM TEST\u0130","description":"","publisher":{"@id":"https:\/\/darkorchid-cheetah-525435.hostingersite.com\/#organization"},"potentialAction":[{"@type":"SearchAction","target":{"@type":"EntryPoint","urlTemplate":"https:\/\/darkorchid-cheetah-525435.hostingersite.com\/?s={search_term_string}"},"query-input":{"@type":"PropertyValueSpecification","valueRequired":true,"valueName":"search_term_string"}}],"inLanguage":"tr"},{"@type":["Organization","Place"],"@id":"https:\/\/darkorchid-cheetah-525435.hostingersite.com\/#organization","name":"YKM TEST\u0130","url":"https:\/\/darkorchid-cheetah-525435.hostingersite.com\/","logo":{"@id":"https:\/\/darkorchid-cheetah-525435.hostingersite.com\/product\/vibratory-hammer-for-compaction-of-bituminous-mixtures-and-soil\/#local-main-organization-logo"},"image":{"@id":"https:\/\/darkorchid-cheetah-525435.hostingersite.com\/product\/vibratory-hammer-for-compaction-of-bituminous-mixtures-and-soil\/#local-main-organization-logo"},"telephone":[],"openingHoursSpecification":[{"@type":"OpeningHoursSpecification","dayOfWeek":["Monday","Tuesday","Wednesday","Thursday","Friday","Saturday","Sunday"],"opens":"09:00","closes":"17:00"}]},{"@type":"ImageObject","inLanguage":"tr","@id":"https:\/\/darkorchid-cheetah-525435.hostingersite.com\/product\/vibratory-hammer-for-compaction-of-bituminous-mixtures-and-soil\/#local-main-organization-logo","url":"https:\/\/ykmtest.com\/wp-content\/uploads\/2025\/10\/Asset-2@2x-8.png","contentUrl":"https:\/\/ykmtest.com\/wp-content\/uploads\/2025\/10\/Asset-2@2x-8.png","width":1550,"height":323,"caption":"YKM TEST"}]},"product_price_currency":"USD","og_availability":"instock","product_availability":"instock","product_condition":"new"},"_links":{"self":[{"href":"https:\/\/ykmtest.com\/tr\/wp-json\/wp\/v2\/product\/11654","targetHints":{"allow":["GET"]}}],"collection":[{"href":"https:\/\/ykmtest.com\/tr\/wp-json\/wp\/v2\/product"}],"about":[{"href":"https:\/\/ykmtest.com\/tr\/wp-json\/wp\/v2\/types\/product"}],"version-history":[{"count":1,"href":"https:\/\/ykmtest.com\/tr\/wp-json\/wp\/v2\/product\/11654\/revisions"}],"predecessor-version":[{"id":11655,"href":"https:\/\/ykmtest.com\/tr\/wp-json\/wp\/v2\/product\/11654\/revisions\/11655"}],"wp:attachment":[{"href":"https:\/\/ykmtest.com\/tr\/wp-json\/wp\/v2\/media?parent=11654"}],"wp:term":[{"taxonomy":"product_brand","embeddable":true,"href":"https:\/\/ykmtest.com\/tr\/wp-json\/wp\/v2\/product_brand?post=11654"},{"taxonomy":"product_cat","embeddable":true,"href":"https:\/\/ykmtest.com\/tr\/wp-json\/wp\/v2\/product_cat?post=11654"},{"taxonomy":"product_tag","embeddable":true,"href":"https:\/\/ykmtest.com\/tr\/wp-json\/wp\/v2\/product_tag?post=11654"}],"curies":[{"name":"wp","href":"https:\/\/api.w.org\/{rel}","templated":true}]}}