{"id":11656,"date":"2025-12-29T13:40:51","date_gmt":"2025-12-29T13:40:51","guid":{"rendered":"https:\/\/ykmtest.com\/?post_type=product&#038;p=11656"},"modified":"2025-12-29T13:40:52","modified_gmt":"2025-12-29T13:40:52","slug":"marshall-stability-test-machine-with-proving-ring","status":"publish","type":"product","link":"https:\/\/ykmtest.com\/tr\/urun\/marshall-stability-test-machine-with-proving-ring\/","title":{"rendered":"Kan\u0131tlama Halkal\u0131 Marshall Stabilite Test Cihaz\u0131"},"content":{"rendered":"<p>Analog Marshall Stabilite Test Cihaz\u0131, bit\u00fcml\u00fc kar\u0131\u015f\u0131mlar\u0131n stabilite (maksimum y\u00fck ta\u015f\u0131ma kapasitesi) ve ak\u0131\u015f (bozulma an\u0131ndaki deformasyon) de\u011ferlerini belirlemek i\u00e7in tasarlanm\u0131\u015ft\u0131r. Asfalt kar\u0131\u015f\u0131m performans\u0131n\u0131 de\u011ferlendirmek ve kar\u0131\u015f\u0131m tasar\u0131m\u0131 ve kalite kontrol\u00fc s\u0131ras\u0131nda saha davran\u0131\u015f\u0131n\u0131 tahmin etmek i\u00e7in kullan\u0131l\u0131r. YKMTEST'in analog Marshall stabilite sistemi, y\u00fcksek mukavemetli \u00e7ift kolonlu \u00e7elik \u00e7er\u00e7eve, mekanik y\u00fckleme \u00fcnitesi, kan\u0131tlama halkas\u0131 ve deformasyon kadranl\u0131 g\u00f6stergeden olu\u015fur. Y\u00fckleme, sabit bir h\u0131zda hareket eden bir plaka arac\u0131l\u0131\u011f\u0131yla uygulan\u0131r. Uygulanan y\u00fck do\u011frudan kalibre edilmi\u015f bir kan\u0131tlama halkas\u0131ndan okunur; numune ar\u0131zas\u0131ndaki maksimum y\u00fck stabilite de\u011feri olarak kaydedilir. E\u015f zamanl\u0131 olarak, ak\u0131\u015f de\u011ferini belirlemek i\u00e7in dikey deformasyon \u00f6l\u00e7\u00fcl\u00fcr. Elle tahrik edilen bir di\u015fli mekanizmas\u0131, y\u00fckleme plakas\u0131n\u0131 50,8 mm \/ dak'l\u0131k standart test h\u0131z\u0131nda \u00e7al\u0131\u015ft\u0131r\u0131r. Bu sabit y\u00fckleme h\u0131z\u0131, numuneler aras\u0131nda tutarl\u0131 test ko\u015fullar\u0131 sa\u011flar. Hassas yay \u00e7eli\u011finden \u00fcretilen kan\u0131tlama halkas\u0131, elektrik sens\u00f6rlerine ihtiya\u00e7 duymadan ger\u00e7ek uygulanan y\u00fck\u00fc g\u00f6r\u00fcnt\u00fclemek i\u00e7in sapmay\u0131 y\u00fcksek \u00e7\u00f6z\u00fcn\u00fcrl\u00fckle \u00f6l\u00e7er. Sistem \u00e7e\u015fitli numune boyutlar\u0131n\u0131 bar\u0131nd\u0131r\u0131r. Standart \u00f8101,6 mm Marshall numuneleri desteklenir ve \u00f8152,4 mm numuneler de iste\u011fe ba\u011fl\u0131 adapt\u00f6r plakalar\u0131 kullan\u0131larak test edilebilir. \u00c7aprazkafa y\u00fcksekli\u011fi, farkl\u0131 y\u00fckseklikteki kal\u0131plar\u0131 g\u00fcvenli bir \u015fekilde konumland\u0131rmak i\u00e7in ayarlanabilir. Bu analog Marshall Stabilite Test Cihaz\u0131, asfalt kar\u0131\u015f\u0131m tasar\u0131m\u0131, performans de\u011ferlendirmesi ve rutin kalite kontrol\u00fc i\u00e7in g\u00fcvenilir, do\u011fru ve uygun maliyetli bir \u00e7\u00f6z\u00fcm sunar. Test sonu\u00e7lar\u0131 hassas ve tekrarlanabilir olup, hizmet i\u00e7i kaplama performans\u0131n\u0131n ger\u00e7ek\u00e7i tahminini destekler.<\/p>","protected":false},"excerpt":{"rendered":"<p>Kan\u0131tlama halkal\u0131 Analog Marshall Stabilite Test Cihaz\u0131, standart Marshall numunelerine sabit oranl\u0131 bir y\u00fck uygulayarak bit\u00fcml\u00fc kar\u0131\u015f\u0131mlar\u0131n stabilitesini ve ak\u0131\u015f\u0131n\u0131 \u00f6l\u00e7en, do\u011fru, tekrarlanabilir ve uygun maliyetli asfalt performans de\u011ferlendirmesi sa\u011flayan y\u00fcksek mukavemetli, elle tahrik edilen bir sistemdir.<\/p>","protected":false},"featured_media":0,"template":"","meta":{"_acf_changed":false},"product_brand":[],"product_cat":[172,176],"product_tag":[],"class_list":{"0":"post-11656","1":"product","2":"type-product","3":"status-publish","5":"product_cat-asphalt","6":"product_cat-marshall-stability-bmd-and-indirect-tensile","9":"instock","10":"shipping-taxable","11":"product-type-simple"},"acf":[],"yoast_head":"<!-- This site is optimized with the Yoast SEO Premium plugin v26.5 (Yoast SEO v27.5) - https:\/\/yoast.com\/product\/yoast-seo-premium-wordpress\/ -->\n<title>Marshall Stability Test Machine with Proving Ring - YKM TEST<\/title>\n<meta name=\"description\" content=\"Analog Marshall Stability Test Machine with proving ring for accurate determination of stability and flow values of asphalt mixtures in quality control labs.\" \/>\n<meta name=\"robots\" content=\"index, follow, max-snippet:-1, max-image-preview:large, max-video-preview:-1\" \/>\n<link rel=\"canonical\" href=\"https:\/\/darkorchid-cheetah-525435.hostingersite.com\/product\/marshall-stability-test-machine-with-proving-ring\/\" \/>\n<meta property=\"og:locale\" content=\"tr_TR\" \/>\n<meta property=\"og:type\" content=\"article\" \/>\n<meta property=\"og:title\" content=\"Marshall Stability Test Machine with Proving Ring\" \/>\n<meta property=\"og:description\" content=\"Analog Marshall Stability Test Machine with proving ring for accurate determination of stability and flow values of asphalt mixtures in quality control labs.\" \/>\n<meta property=\"og:url\" content=\"https:\/\/darkorchid-cheetah-525435.hostingersite.com\/product\/marshall-stability-test-machine-with-proving-ring\/\" \/>\n<meta property=\"og:site_name\" content=\"YKM TEST\" \/>\n<meta property=\"article:modified_time\" content=\"2025-12-29T13:40:52+00:00\" \/>\n<meta name=\"twitter:card\" content=\"summary_large_image\" \/>\n<meta name=\"twitter:label1\" content=\"Fiyat\" \/>\n\t<meta name=\"twitter:data1\" content=\"\" \/>\n\t<meta name=\"twitter:label2\" content=\"Durumu\" \/>\n\t<meta name=\"twitter:data2\" content=\"Stokta var\" \/>\n<script type=\"application\/ld+json\" class=\"yoast-schema-graph\">{\"@context\":\"https:\\\/\\\/schema.org\",\"@graph\":[{\"@type\":\"WebPage\",\"@id\":\"https:\\\/\\\/darkorchid-cheetah-525435.hostingersite.com\\\/product\\\/marshall-stability-test-machine-with-proving-ring\\\/\",\"url\":\"https:\\\/\\\/darkorchid-cheetah-525435.hostingersite.com\\\/product\\\/marshall-stability-test-machine-with-proving-ring\\\/\",\"name\":\"Marshall Stability Test Machine with Proving Ring - YKM TEST\",\"isPartOf\":{\"@id\":\"https:\\\/\\\/darkorchid-cheetah-525435.hostingersite.com\\\/#website\"},\"datePublished\":\"2025-12-29T13:40:51+00:00\",\"dateModified\":\"2025-12-29T13:40:52+00:00\",\"description\":\"Analog Marshall Stability Test Machine with proving ring for accurate determination of stability and flow values of asphalt mixtures in quality control labs.\",\"breadcrumb\":{\"@id\":\"https:\\\/\\\/darkorchid-cheetah-525435.hostingersite.com\\\/product\\\/marshall-stability-test-machine-with-proving-ring\\\/#breadcrumb\"},\"inLanguage\":\"tr\",\"potentialAction\":[{\"@type\":\"ReadAction\",\"target\":[\"https:\\\/\\\/darkorchid-cheetah-525435.hostingersite.com\\\/product\\\/marshall-stability-test-machine-with-proving-ring\\\/\"]}]},{\"@type\":\"BreadcrumbList\",\"@id\":\"https:\\\/\\\/darkorchid-cheetah-525435.hostingersite.com\\\/product\\\/marshall-stability-test-machine-with-proving-ring\\\/#breadcrumb\",\"itemListElement\":[{\"@type\":\"ListItem\",\"position\":1,\"name\":\"Home\",\"item\":\"https:\\\/\\\/darkorchid-cheetah-525435.hostingersite.com\\\/\"},{\"@type\":\"ListItem\",\"position\":2,\"name\":\"\u0422\u043e\u0432\u0430\u0440\u044b\",\"item\":\"https:\\\/\\\/ykmtest.com\\\/ru\\\/shop\\\/\"},{\"@type\":\"ListItem\",\"position\":3,\"name\":\"Marshall Stability Test Machine with Proving Ring\"}]},{\"@type\":\"WebSite\",\"@id\":\"https:\\\/\\\/darkorchid-cheetah-525435.hostingersite.com\\\/#website\",\"url\":\"https:\\\/\\\/darkorchid-cheetah-525435.hostingersite.com\\\/\",\"name\":\"YKM TEST\",\"description\":\"\",\"publisher\":{\"@id\":\"https:\\\/\\\/darkorchid-cheetah-525435.hostingersite.com\\\/#organization\"},\"potentialAction\":[{\"@type\":\"SearchAction\",\"target\":{\"@type\":\"EntryPoint\",\"urlTemplate\":\"https:\\\/\\\/darkorchid-cheetah-525435.hostingersite.com\\\/?s={search_term_string}\"},\"query-input\":{\"@type\":\"PropertyValueSpecification\",\"valueRequired\":true,\"valueName\":\"search_term_string\"}}],\"inLanguage\":\"tr\"},{\"@type\":[\"Organization\",\"Place\"],\"@id\":\"https:\\\/\\\/darkorchid-cheetah-525435.hostingersite.com\\\/#organization\",\"name\":\"YKM TEST\",\"url\":\"https:\\\/\\\/darkorchid-cheetah-525435.hostingersite.com\\\/\",\"logo\":{\"@id\":\"https:\\\/\\\/darkorchid-cheetah-525435.hostingersite.com\\\/product\\\/marshall-stability-test-machine-with-proving-ring\\\/#local-main-organization-logo\"},\"image\":{\"@id\":\"https:\\\/\\\/darkorchid-cheetah-525435.hostingersite.com\\\/product\\\/marshall-stability-test-machine-with-proving-ring\\\/#local-main-organization-logo\"},\"telephone\":[],\"openingHoursSpecification\":[{\"@type\":\"OpeningHoursSpecification\",\"dayOfWeek\":[\"Monday\",\"Tuesday\",\"Wednesday\",\"Thursday\",\"Friday\",\"Saturday\",\"Sunday\"],\"opens\":\"09:00\",\"closes\":\"17:00\"}]},{\"@type\":\"ImageObject\",\"inLanguage\":\"tr\",\"@id\":\"https:\\\/\\\/darkorchid-cheetah-525435.hostingersite.com\\\/product\\\/marshall-stability-test-machine-with-proving-ring\\\/#local-main-organization-logo\",\"url\":\"https:\\\/\\\/ykmtest.com\\\/wp-content\\\/uploads\\\/2025\\\/10\\\/Asset-2@2x-8.png\",\"contentUrl\":\"https:\\\/\\\/ykmtest.com\\\/wp-content\\\/uploads\\\/2025\\\/10\\\/Asset-2@2x-8.png\",\"width\":1550,\"height\":323,\"caption\":\"YKM TEST\"}]}<\/script>\n<meta property=\"product:price:currency\" content=\"USD\" \/>\n<meta property=\"og:availability\" content=\"instock\" \/>\n<meta property=\"product:availability\" content=\"instock\" \/>\n<meta property=\"product:condition\" content=\"new\" \/>\n<!-- \/ Yoast SEO Premium plugin. -->","yoast_head_json":{"title":"Marshall Stability Test Machine with Proving Ring - YKM TEST","description":"Analog Marshall Stability Test Machine with proving ring for accurate determination of stability and flow values of asphalt mixtures in quality control labs.","robots":{"index":"index","follow":"follow","max-snippet":"max-snippet:-1","max-image-preview":"max-image-preview:large","max-video-preview":"max-video-preview:-1"},"canonical":"https:\/\/darkorchid-cheetah-525435.hostingersite.com\/product\/marshall-stability-test-machine-with-proving-ring\/","og_locale":"tr_TR","og_type":"article","og_title":"Marshall Stability Test Machine with Proving Ring","og_description":"Analog Marshall Stability Test Machine with proving ring for accurate determination of stability and flow values of asphalt mixtures in quality control labs.","og_url":"https:\/\/darkorchid-cheetah-525435.hostingersite.com\/product\/marshall-stability-test-machine-with-proving-ring\/","og_site_name":"YKM TEST","article_modified_time":"2025-12-29T13:40:52+00:00","twitter_card":"summary_large_image","twitter_misc":{"Fiyat":"","Durumu":"Stokta var"},"schema":{"@context":"https:\/\/schema.org","@graph":[{"@type":"WebPage","@id":"https:\/\/darkorchid-cheetah-525435.hostingersite.com\/product\/marshall-stability-test-machine-with-proving-ring\/","url":"https:\/\/darkorchid-cheetah-525435.hostingersite.com\/product\/marshall-stability-test-machine-with-proving-ring\/","name":"Marshall Stability Test Machine with Proving Ring - YKM TEST","isPartOf":{"@id":"https:\/\/darkorchid-cheetah-525435.hostingersite.com\/#website"},"datePublished":"2025-12-29T13:40:51+00:00","dateModified":"2025-12-29T13:40:52+00:00","description":"Analog Marshall Stability Test Machine with proving ring for accurate determination of stability and flow values of asphalt mixtures in quality control labs.","breadcrumb":{"@id":"https:\/\/darkorchid-cheetah-525435.hostingersite.com\/product\/marshall-stability-test-machine-with-proving-ring\/#breadcrumb"},"inLanguage":"tr","potentialAction":[{"@type":"ReadAction","target":["https:\/\/darkorchid-cheetah-525435.hostingersite.com\/product\/marshall-stability-test-machine-with-proving-ring\/"]}]},{"@type":"BreadcrumbList","@id":"https:\/\/darkorchid-cheetah-525435.hostingersite.com\/product\/marshall-stability-test-machine-with-proving-ring\/#breadcrumb","itemListElement":[{"@type":"ListItem","position":1,"name":"Home","item":"https:\/\/darkorchid-cheetah-525435.hostingersite.com\/"},{"@type":"ListItem","position":2,"name":"\u0422\u043e\u0432\u0430\u0440\u044b","item":"https:\/\/ykmtest.com\/ru\/shop\/"},{"@type":"ListItem","position":3,"name":"Marshall Stability Test Machine with Proving Ring"}]},{"@type":"WebSite","@id":"https:\/\/darkorchid-cheetah-525435.hostingersite.com\/#website","url":"https:\/\/darkorchid-cheetah-525435.hostingersite.com\/","name":"YKM TEST\u0130","description":"","publisher":{"@id":"https:\/\/darkorchid-cheetah-525435.hostingersite.com\/#organization"},"potentialAction":[{"@type":"SearchAction","target":{"@type":"EntryPoint","urlTemplate":"https:\/\/darkorchid-cheetah-525435.hostingersite.com\/?s={search_term_string}"},"query-input":{"@type":"PropertyValueSpecification","valueRequired":true,"valueName":"search_term_string"}}],"inLanguage":"tr"},{"@type":["Organization","Place"],"@id":"https:\/\/darkorchid-cheetah-525435.hostingersite.com\/#organization","name":"YKM TEST\u0130","url":"https:\/\/darkorchid-cheetah-525435.hostingersite.com\/","logo":{"@id":"https:\/\/darkorchid-cheetah-525435.hostingersite.com\/product\/marshall-stability-test-machine-with-proving-ring\/#local-main-organization-logo"},"image":{"@id":"https:\/\/darkorchid-cheetah-525435.hostingersite.com\/product\/marshall-stability-test-machine-with-proving-ring\/#local-main-organization-logo"},"telephone":[],"openingHoursSpecification":[{"@type":"OpeningHoursSpecification","dayOfWeek":["Monday","Tuesday","Wednesday","Thursday","Friday","Saturday","Sunday"],"opens":"09:00","closes":"17:00"}]},{"@type":"ImageObject","inLanguage":"tr","@id":"https:\/\/darkorchid-cheetah-525435.hostingersite.com\/product\/marshall-stability-test-machine-with-proving-ring\/#local-main-organization-logo","url":"https:\/\/ykmtest.com\/wp-content\/uploads\/2025\/10\/Asset-2@2x-8.png","contentUrl":"https:\/\/ykmtest.com\/wp-content\/uploads\/2025\/10\/Asset-2@2x-8.png","width":1550,"height":323,"caption":"YKM TEST"}]},"product_price_currency":"USD","og_availability":"instock","product_availability":"instock","product_condition":"new"},"_links":{"self":[{"href":"https:\/\/ykmtest.com\/tr\/wp-json\/wp\/v2\/product\/11656","targetHints":{"allow":["GET"]}}],"collection":[{"href":"https:\/\/ykmtest.com\/tr\/wp-json\/wp\/v2\/product"}],"about":[{"href":"https:\/\/ykmtest.com\/tr\/wp-json\/wp\/v2\/types\/product"}],"version-history":[{"count":1,"href":"https:\/\/ykmtest.com\/tr\/wp-json\/wp\/v2\/product\/11656\/revisions"}],"predecessor-version":[{"id":11657,"href":"https:\/\/ykmtest.com\/tr\/wp-json\/wp\/v2\/product\/11656\/revisions\/11657"}],"wp:attachment":[{"href":"https:\/\/ykmtest.com\/tr\/wp-json\/wp\/v2\/media?parent=11656"}],"wp:term":[{"taxonomy":"product_brand","embeddable":true,"href":"https:\/\/ykmtest.com\/tr\/wp-json\/wp\/v2\/product_brand?post=11656"},{"taxonomy":"product_cat","embeddable":true,"href":"https:\/\/ykmtest.com\/tr\/wp-json\/wp\/v2\/product_cat?post=11656"},{"taxonomy":"product_tag","embeddable":true,"href":"https:\/\/ykmtest.com\/tr\/wp-json\/wp\/v2\/product_tag?post=11656"}],"curies":[{"name":"wp","href":"https:\/\/api.w.org\/{rel}","templated":true}]}}