{"id":11661,"date":"2025-12-30T07:31:13","date_gmt":"2025-12-30T07:31:13","guid":{"rendered":"https:\/\/ykmtest.com\/?post_type=product&#038;p=11661"},"modified":"2025-12-30T07:31:14","modified_gmt":"2025-12-30T07:31:14","slug":"vialit-plate-adhesion-test-apparatus","status":"publish","type":"product","link":"https:\/\/ykmtest.com\/tr\/urun\/vialit-plate-adhesion-test-apparatus\/","title":{"rendered":"Vialit Plaka Yap\u0131\u015fma Test Aparat\u0131"},"content":{"rendered":"<p class=\"p3\"><span lang=\"TR\">Vialit Plate Adhesion Test Apparatus is designed to evaluate the adhesion performance between aggregates and bitumen in asphalt production and quality control laboratories. In this method, a standardized steel plate is coated with bitumen, surface \u201cchippings\u201d are spread over it, and a 512 g steel ball is dropped onto the plate to assess adhesion capability. The apparatus supports the test plate on three vertical studs mounted on a rigid metal base. After impact, the number of detached chippings is counted to determine the adhesion performance between the aggregate and the bitumen.<\/span><\/p>","protected":false},"excerpt":{"rendered":"<p class=\"p1\"><span lang=\"TR\">Vialit Plate Adhesion Test Apparatus is a laboratory device that evaluates the adhesion between aggregates and bitumen by dropping a standard steel ball onto a bitumen-coated plate with surface chippings and measuring the number of detached particles.<\/span><\/p>","protected":false},"featured_media":0,"template":"","meta":{"_acf_changed":false},"product_brand":[],"product_cat":[172,177],"product_tag":[],"class_list":{"0":"post-11661","1":"product","2":"type-product","3":"status-publish","5":"product_cat-asphalt","6":"product_cat-road-quality-testing","9":"instock","10":"shipping-taxable","11":"product-type-simple"},"acf":[],"yoast_head":"<!-- This site is optimized with the Yoast SEO Premium plugin v26.5 (Yoast SEO v26.5) - https:\/\/yoast.com\/wordpress\/plugins\/seo\/ -->\n<title>Vialit Plate Adhesion Test Apparatus - YKM TEST<\/title>\n<meta name=\"description\" content=\"Vialit Plate Adhesion Test Apparatus for evaluating aggregate\u2013bitumen adhesion by impact method in asphalt quality control laboratories.\" \/>\n<meta name=\"robots\" content=\"index, follow, max-snippet:-1, max-image-preview:large, max-video-preview:-1\" \/>\n<link rel=\"canonical\" href=\"https:\/\/darkorchid-cheetah-525435.hostingersite.com\/product\/vialit-plate-adhesion-test-apparatus\/\" \/>\n<meta property=\"og:locale\" content=\"tr_TR\" \/>\n<meta property=\"og:type\" content=\"article\" \/>\n<meta property=\"og:title\" content=\"Vialit Plate Adhesion Test Apparatus\" \/>\n<meta property=\"og:description\" content=\"Vialit Plate Adhesion Test Apparatus for evaluating aggregate\u2013bitumen adhesion by impact method in asphalt quality control laboratories.\" \/>\n<meta property=\"og:url\" content=\"https:\/\/darkorchid-cheetah-525435.hostingersite.com\/product\/vialit-plate-adhesion-test-apparatus\/\" \/>\n<meta property=\"og:site_name\" content=\"YKM TEST\" \/>\n<meta property=\"article:modified_time\" content=\"2025-12-30T07:31:14+00:00\" \/>\n<meta name=\"twitter:card\" content=\"summary_large_image\" \/>\n<meta name=\"twitter:label1\" content=\"Fiyat\" \/>\n\t<meta name=\"twitter:data1\" content=\"\" \/>\n\t<meta name=\"twitter:label2\" content=\"Durumu\" \/>\n\t<meta name=\"twitter:data2\" content=\"Stokta var\" \/>\n<script type=\"application\/ld+json\" class=\"yoast-schema-graph\">{\"@context\":\"https:\/\/schema.org\",\"@graph\":[{\"@type\":\"WebPage\",\"@id\":\"https:\/\/darkorchid-cheetah-525435.hostingersite.com\/product\/vialit-plate-adhesion-test-apparatus\/\",\"url\":\"https:\/\/darkorchid-cheetah-525435.hostingersite.com\/product\/vialit-plate-adhesion-test-apparatus\/\",\"name\":\"Vialit Plate Adhesion Test Apparatus - YKM TEST\",\"isPartOf\":{\"@id\":\"https:\/\/darkorchid-cheetah-525435.hostingersite.com\/#website\"},\"datePublished\":\"2025-12-30T07:31:13+00:00\",\"dateModified\":\"2025-12-30T07:31:14+00:00\",\"description\":\"Vialit Plate Adhesion Test Apparatus for evaluating aggregate\u2013bitumen adhesion by impact method in asphalt quality control laboratories.\",\"breadcrumb\":{\"@id\":\"https:\/\/darkorchid-cheetah-525435.hostingersite.com\/product\/vialit-plate-adhesion-test-apparatus\/#breadcrumb\"},\"inLanguage\":\"tr\",\"potentialAction\":[{\"@type\":\"ReadAction\",\"target\":[\"https:\/\/darkorchid-cheetah-525435.hostingersite.com\/product\/vialit-plate-adhesion-test-apparatus\/\"]}]},{\"@type\":\"BreadcrumbList\",\"@id\":\"https:\/\/darkorchid-cheetah-525435.hostingersite.com\/product\/vialit-plate-adhesion-test-apparatus\/#breadcrumb\",\"itemListElement\":[{\"@type\":\"ListItem\",\"position\":1,\"name\":\"Home\",\"item\":\"https:\/\/darkorchid-cheetah-525435.hostingersite.com\/\"},{\"@type\":\"ListItem\",\"position\":2,\"name\":\"\u0422\u043e\u0432\u0430\u0440\u044b\",\"item\":\"https:\/\/ykmtest.com\/ru\/shop\/\"},{\"@type\":\"ListItem\",\"position\":3,\"name\":\"Vialit Plate Adhesion Test Apparatus\"}]},{\"@type\":\"WebSite\",\"@id\":\"https:\/\/darkorchid-cheetah-525435.hostingersite.com\/#website\",\"url\":\"https:\/\/darkorchid-cheetah-525435.hostingersite.com\/\",\"name\":\"YKM TEST\",\"description\":\"\",\"publisher\":{\"@id\":\"https:\/\/darkorchid-cheetah-525435.hostingersite.com\/#organization\"},\"potentialAction\":[{\"@type\":\"SearchAction\",\"target\":{\"@type\":\"EntryPoint\",\"urlTemplate\":\"https:\/\/darkorchid-cheetah-525435.hostingersite.com\/?s={search_term_string}\"},\"query-input\":{\"@type\":\"PropertyValueSpecification\",\"valueRequired\":true,\"valueName\":\"search_term_string\"}}],\"inLanguage\":\"tr\"},{\"@type\":[\"Organization\",\"Place\"],\"@id\":\"https:\/\/darkorchid-cheetah-525435.hostingersite.com\/#organization\",\"name\":\"YKM TEST\",\"url\":\"https:\/\/darkorchid-cheetah-525435.hostingersite.com\/\",\"logo\":{\"@id\":\"https:\/\/darkorchid-cheetah-525435.hostingersite.com\/product\/vialit-plate-adhesion-test-apparatus\/#local-main-organization-logo\"},\"image\":{\"@id\":\"https:\/\/darkorchid-cheetah-525435.hostingersite.com\/product\/vialit-plate-adhesion-test-apparatus\/#local-main-organization-logo\"},\"telephone\":[],\"openingHoursSpecification\":[{\"@type\":\"OpeningHoursSpecification\",\"dayOfWeek\":[\"Monday\",\"Tuesday\",\"Wednesday\",\"Thursday\",\"Friday\",\"Saturday\",\"Sunday\"],\"opens\":\"09:00\",\"closes\":\"17:00\"}]},{\"@type\":\"ImageObject\",\"inLanguage\":\"tr\",\"@id\":\"https:\/\/darkorchid-cheetah-525435.hostingersite.com\/product\/vialit-plate-adhesion-test-apparatus\/#local-main-organization-logo\",\"url\":\"https:\/\/ykmtest.com\/wp-content\/uploads\/2025\/10\/Asset-2@2x-8.png\",\"contentUrl\":\"https:\/\/ykmtest.com\/wp-content\/uploads\/2025\/10\/Asset-2@2x-8.png\",\"width\":1550,\"height\":323,\"caption\":\"YKM TEST\"}]}<\/script>\n<meta property=\"product:price:currency\" content=\"USD\" \/>\n<meta property=\"og:availability\" content=\"instock\" \/>\n<meta property=\"product:availability\" content=\"instock\" \/>\n<meta property=\"product:condition\" content=\"new\" \/>\n<!-- \/ Yoast SEO Premium plugin. -->","yoast_head_json":{"title":"Vialit Plate Adhesion Test Apparatus - YKM TEST","description":"Vialit Plate Adhesion Test Apparatus for evaluating aggregate\u2013bitumen adhesion by impact method in asphalt quality control laboratories.","robots":{"index":"index","follow":"follow","max-snippet":"max-snippet:-1","max-image-preview":"max-image-preview:large","max-video-preview":"max-video-preview:-1"},"canonical":"https:\/\/darkorchid-cheetah-525435.hostingersite.com\/product\/vialit-plate-adhesion-test-apparatus\/","og_locale":"tr_TR","og_type":"article","og_title":"Vialit Plate Adhesion Test Apparatus","og_description":"Vialit Plate Adhesion Test Apparatus for evaluating aggregate\u2013bitumen adhesion by impact method in asphalt quality control laboratories.","og_url":"https:\/\/darkorchid-cheetah-525435.hostingersite.com\/product\/vialit-plate-adhesion-test-apparatus\/","og_site_name":"YKM TEST","article_modified_time":"2025-12-30T07:31:14+00:00","twitter_card":"summary_large_image","twitter_misc":{"Fiyat":"","Durumu":"Stokta var"},"schema":{"@context":"https:\/\/schema.org","@graph":[{"@type":"WebPage","@id":"https:\/\/darkorchid-cheetah-525435.hostingersite.com\/product\/vialit-plate-adhesion-test-apparatus\/","url":"https:\/\/darkorchid-cheetah-525435.hostingersite.com\/product\/vialit-plate-adhesion-test-apparatus\/","name":"Vialit Plate Adhesion Test Apparatus - YKM TEST","isPartOf":{"@id":"https:\/\/darkorchid-cheetah-525435.hostingersite.com\/#website"},"datePublished":"2025-12-30T07:31:13+00:00","dateModified":"2025-12-30T07:31:14+00:00","description":"Vialit Plate Adhesion Test Apparatus for evaluating aggregate\u2013bitumen adhesion by impact method in asphalt quality control laboratories.","breadcrumb":{"@id":"https:\/\/darkorchid-cheetah-525435.hostingersite.com\/product\/vialit-plate-adhesion-test-apparatus\/#breadcrumb"},"inLanguage":"tr","potentialAction":[{"@type":"ReadAction","target":["https:\/\/darkorchid-cheetah-525435.hostingersite.com\/product\/vialit-plate-adhesion-test-apparatus\/"]}]},{"@type":"BreadcrumbList","@id":"https:\/\/darkorchid-cheetah-525435.hostingersite.com\/product\/vialit-plate-adhesion-test-apparatus\/#breadcrumb","itemListElement":[{"@type":"ListItem","position":1,"name":"Home","item":"https:\/\/darkorchid-cheetah-525435.hostingersite.com\/"},{"@type":"ListItem","position":2,"name":"\u0422\u043e\u0432\u0430\u0440\u044b","item":"https:\/\/ykmtest.com\/ru\/shop\/"},{"@type":"ListItem","position":3,"name":"Vialit Plate Adhesion Test Apparatus"}]},{"@type":"WebSite","@id":"https:\/\/darkorchid-cheetah-525435.hostingersite.com\/#website","url":"https:\/\/darkorchid-cheetah-525435.hostingersite.com\/","name":"YKM TEST\u0130","description":"","publisher":{"@id":"https:\/\/darkorchid-cheetah-525435.hostingersite.com\/#organization"},"potentialAction":[{"@type":"SearchAction","target":{"@type":"EntryPoint","urlTemplate":"https:\/\/darkorchid-cheetah-525435.hostingersite.com\/?s={search_term_string}"},"query-input":{"@type":"PropertyValueSpecification","valueRequired":true,"valueName":"search_term_string"}}],"inLanguage":"tr"},{"@type":["Organization","Place"],"@id":"https:\/\/darkorchid-cheetah-525435.hostingersite.com\/#organization","name":"YKM TEST\u0130","url":"https:\/\/darkorchid-cheetah-525435.hostingersite.com\/","logo":{"@id":"https:\/\/darkorchid-cheetah-525435.hostingersite.com\/product\/vialit-plate-adhesion-test-apparatus\/#local-main-organization-logo"},"image":{"@id":"https:\/\/darkorchid-cheetah-525435.hostingersite.com\/product\/vialit-plate-adhesion-test-apparatus\/#local-main-organization-logo"},"telephone":[],"openingHoursSpecification":[{"@type":"OpeningHoursSpecification","dayOfWeek":["Monday","Tuesday","Wednesday","Thursday","Friday","Saturday","Sunday"],"opens":"09:00","closes":"17:00"}]},{"@type":"ImageObject","inLanguage":"tr","@id":"https:\/\/darkorchid-cheetah-525435.hostingersite.com\/product\/vialit-plate-adhesion-test-apparatus\/#local-main-organization-logo","url":"https:\/\/ykmtest.com\/wp-content\/uploads\/2025\/10\/Asset-2@2x-8.png","contentUrl":"https:\/\/ykmtest.com\/wp-content\/uploads\/2025\/10\/Asset-2@2x-8.png","width":1550,"height":323,"caption":"YKM TEST"}]},"product_price_currency":"USD","og_availability":"instock","product_availability":"instock","product_condition":"new"},"_links":{"self":[{"href":"https:\/\/ykmtest.com\/tr\/wp-json\/wp\/v2\/product\/11661","targetHints":{"allow":["GET"]}}],"collection":[{"href":"https:\/\/ykmtest.com\/tr\/wp-json\/wp\/v2\/product"}],"about":[{"href":"https:\/\/ykmtest.com\/tr\/wp-json\/wp\/v2\/types\/product"}],"version-history":[{"count":1,"href":"https:\/\/ykmtest.com\/tr\/wp-json\/wp\/v2\/product\/11661\/revisions"}],"predecessor-version":[{"id":11662,"href":"https:\/\/ykmtest.com\/tr\/wp-json\/wp\/v2\/product\/11661\/revisions\/11662"}],"wp:attachment":[{"href":"https:\/\/ykmtest.com\/tr\/wp-json\/wp\/v2\/media?parent=11661"}],"wp:term":[{"taxonomy":"product_brand","embeddable":true,"href":"https:\/\/ykmtest.com\/tr\/wp-json\/wp\/v2\/product_brand?post=11661"},{"taxonomy":"product_cat","embeddable":true,"href":"https:\/\/ykmtest.com\/tr\/wp-json\/wp\/v2\/product_cat?post=11661"},{"taxonomy":"product_tag","embeddable":true,"href":"https:\/\/ykmtest.com\/tr\/wp-json\/wp\/v2\/product_tag?post=11661"}],"curies":[{"name":"wp","href":"https:\/\/api.w.org\/{rel}","templated":true}]}}