{"id":11673,"date":"2025-12-30T08:29:13","date_gmt":"2025-12-30T08:29:13","guid":{"rendered":"https:\/\/ykmtest.com\/?post_type=product&#038;p=11673"},"modified":"2025-12-30T08:29:14","modified_gmt":"2025-12-30T08:29:14","slug":"hand-operated-rock-uniaxial-and-triaxial-compression-test-system-manual-confining-pressure","status":"publish","type":"product","link":"https:\/\/ykmtest.com\/tr\/urun\/hand-operated-rock-uniaxial-and-triaxial-compression-test-system-manual-confining-pressure\/","title":{"rendered":"Elle \u00c7al\u0131\u015ft\u0131r\u0131lan Kaya Tek Eksenli ve \u00dc\u00e7 Eksenli S\u0131k\u0131\u015ft\u0131rma Test Sistemi (Manuel S\u0131n\u0131rlama Bas\u0131nc\u0131)"},"content":{"rendered":"<p>Manuel s\u0131n\u0131rlama bas\u0131nc\u0131 sistemi ile \u00e7al\u0131\u015fan cihaz, yar\u0131 otomatik y\u00fckleme sistemi sayesinde hem tek eksenli hem de \u00fc\u00e7 eksenli testlerin y\u00fcksek do\u011frulukla ger\u00e7ekle\u015ftirilmesini sa\u011flar. Test s\u0131ras\u0131nda eksenel y\u00fck, standart bir y\u00fckleme \u00e7er\u00e7evesi ve dokunmatik operat\u00f6r paneli taraf\u0131ndan kontrol edilen bir hidrolik sistem arac\u0131l\u0131\u011f\u0131yla numuneye uygulan\u0131rken, s\u0131n\u0131rlama bas\u0131nc\u0131 bir hidrolik el pompas\u0131 kullan\u0131larak manuel olarak ayarlan\u0131r. \u00dc\u00e7 eksenli testte kullan\u0131lan \u00fc\u00e7 eksenli bas\u0131n\u00e7 h\u00fccresi, numune etraf\u0131nda e\u015fit bir s\u0131n\u0131rlama bas\u0131nc\u0131 sa\u011flar. S\u0131n\u0131rlama bas\u0131nc\u0131 sabit bir seviyede tutulurken, eksenel y\u00fck ba\u015far\u0131s\u0131z olana kadar kademeli olarak art\u0131r\u0131l\u0131r ve kohezyon, i\u00e7 s\u00fcrt\u00fcnme a\u00e7\u0131s\u0131, ba\u015far\u0131s\u0131zl\u0131k zarf\u0131 ve elastik parametrelerin g\u00fcvenilir bir \u015fekilde belirlenmesini sa\u011flar. Tek eksenli s\u0131k\u0131\u015ft\u0131rma testlerinde, bas\u0131n\u00e7 dayan\u0131m\u0131, elastik mod\u00fcl ve Poisson oran\u0131 gibi temel parametreler belirlenir. Sistem, y\u00fckleme s\u0131ras\u0131nda gerilme-gerinim e\u011frilerinin do\u011fru bir \u015fekilde kaydedilmesini sa\u011flayan y\u00fcksek hassasiyetli bas\u0131n\u00e7 g\u00f6stergeleri ve sens\u00f6rlerle donat\u0131lm\u0131\u015ft\u0131r. Manuel \u00e7al\u0131\u015fma \u00f6zelli\u011fi sayesinde sistem, \u00f6zellikle e\u011fitim ve ara\u015ft\u0131rma laboratuvarlar\u0131 i\u00e7in pratik, g\u00fcvenilir ve kullan\u0131c\u0131 dostu bir \u00e7\u00f6z\u00fcm sunar. Basitle\u015ftirilmi\u015f kontrol yap\u0131s\u0131 bak\u0131m\u0131 kolayla\u015ft\u0131r\u0131r ve \u00e7e\u015fitli test senaryolar\u0131na uyum sa\u011flamak i\u00e7in esneklik sa\u011flar.<\/p>","protected":false},"excerpt":{"rendered":"<p>Elle \u00e7al\u0131\u015ft\u0131r\u0131lan kaya tek eksenli ve \u00fc\u00e7 eksenli s\u0131k\u0131\u015ft\u0131rma test sistemi, jeomekanik laboratuvarlar\u0131nda kaya numunelerinin mekanik \u00f6zelliklerini belirlemek i\u00e7in tasarlanm\u0131\u015f g\u00fcvenilir bir test cihaz\u0131d\u0131r.<\/p>","protected":false},"featured_media":0,"template":"","meta":{"_acf_changed":false},"product_brand":[],"product_cat":[201,203],"product_tag":[],"class_list":{"0":"post-11673","1":"product","2":"type-product","3":"status-publish","5":"product_cat-rock","6":"product_cat-uniaxial-and-triaxial-testing-systems-on-rocks","9":"instock","10":"shipping-taxable","11":"product-type-simple"},"acf":[],"yoast_head":"<!-- This site is optimized with the Yoast SEO Premium plugin v26.5 (Yoast SEO v27.5) - https:\/\/yoast.com\/product\/yoast-seo-premium-wordpress\/ -->\n<title>Hand-Operated Rock Uniaxial and Triaxial Compression Test System (Manual Confining Pressure) - YKM TEST<\/title>\n<meta name=\"description\" content=\"Hand-operated rock uniaxial and triaxial compression test system with manual confining pressure for accurate geomechanics laboratory testing.\" \/>\n<meta name=\"robots\" content=\"index, follow, max-snippet:-1, max-image-preview:large, max-video-preview:-1\" \/>\n<link rel=\"canonical\" href=\"https:\/\/darkorchid-cheetah-525435.hostingersite.com\/product\/hand-operated-rock-uniaxial-and-triaxial-compression-test-system-manual-confining-pressure\/\" \/>\n<meta property=\"og:locale\" content=\"tr_TR\" \/>\n<meta property=\"og:type\" content=\"article\" \/>\n<meta property=\"og:title\" content=\"Hand-Operated Rock Uniaxial and Triaxial Compression Test System (Manual Confining Pressure)\" \/>\n<meta property=\"og:description\" content=\"Hand-operated rock uniaxial and triaxial compression test system with manual confining pressure for accurate geomechanics laboratory testing.\" \/>\n<meta property=\"og:url\" content=\"https:\/\/darkorchid-cheetah-525435.hostingersite.com\/product\/hand-operated-rock-uniaxial-and-triaxial-compression-test-system-manual-confining-pressure\/\" \/>\n<meta property=\"og:site_name\" content=\"YKM TEST\" \/>\n<meta property=\"article:modified_time\" content=\"2025-12-30T08:29:14+00:00\" \/>\n<meta name=\"twitter:card\" content=\"summary_large_image\" \/>\n<meta name=\"twitter:label1\" content=\"Fiyat\" \/>\n\t<meta name=\"twitter:data1\" content=\"\" \/>\n\t<meta name=\"twitter:label2\" content=\"Durumu\" \/>\n\t<meta name=\"twitter:data2\" content=\"Stokta var\" \/>\n<script type=\"application\/ld+json\" class=\"yoast-schema-graph\">{\"@context\":\"https:\\\/\\\/schema.org\",\"@graph\":[{\"@type\":\"WebPage\",\"@id\":\"https:\\\/\\\/darkorchid-cheetah-525435.hostingersite.com\\\/product\\\/hand-operated-rock-uniaxial-and-triaxial-compression-test-system-manual-confining-pressure\\\/\",\"url\":\"https:\\\/\\\/darkorchid-cheetah-525435.hostingersite.com\\\/product\\\/hand-operated-rock-uniaxial-and-triaxial-compression-test-system-manual-confining-pressure\\\/\",\"name\":\"Hand-Operated Rock Uniaxial and Triaxial Compression Test System (Manual Confining Pressure) - YKM TEST\",\"isPartOf\":{\"@id\":\"https:\\\/\\\/darkorchid-cheetah-525435.hostingersite.com\\\/#website\"},\"datePublished\":\"2025-12-30T08:29:13+00:00\",\"dateModified\":\"2025-12-30T08:29:14+00:00\",\"description\":\"Hand-operated rock uniaxial and triaxial compression test system with manual confining pressure for accurate geomechanics laboratory testing.\",\"breadcrumb\":{\"@id\":\"https:\\\/\\\/darkorchid-cheetah-525435.hostingersite.com\\\/product\\\/hand-operated-rock-uniaxial-and-triaxial-compression-test-system-manual-confining-pressure\\\/#breadcrumb\"},\"inLanguage\":\"tr\",\"potentialAction\":[{\"@type\":\"ReadAction\",\"target\":[\"https:\\\/\\\/darkorchid-cheetah-525435.hostingersite.com\\\/product\\\/hand-operated-rock-uniaxial-and-triaxial-compression-test-system-manual-confining-pressure\\\/\"]}]},{\"@type\":\"BreadcrumbList\",\"@id\":\"https:\\\/\\\/darkorchid-cheetah-525435.hostingersite.com\\\/product\\\/hand-operated-rock-uniaxial-and-triaxial-compression-test-system-manual-confining-pressure\\\/#breadcrumb\",\"itemListElement\":[{\"@type\":\"ListItem\",\"position\":1,\"name\":\"Home\",\"item\":\"https:\\\/\\\/darkorchid-cheetah-525435.hostingersite.com\\\/\"},{\"@type\":\"ListItem\",\"position\":2,\"name\":\"\u0422\u043e\u0432\u0430\u0440\u044b\",\"item\":\"https:\\\/\\\/ykmtest.com\\\/ru\\\/shop\\\/\"},{\"@type\":\"ListItem\",\"position\":3,\"name\":\"Hand-Operated Rock Uniaxial and Triaxial Compression Test System (Manual Confining Pressure)\"}]},{\"@type\":\"WebSite\",\"@id\":\"https:\\\/\\\/darkorchid-cheetah-525435.hostingersite.com\\\/#website\",\"url\":\"https:\\\/\\\/darkorchid-cheetah-525435.hostingersite.com\\\/\",\"name\":\"YKM TEST\",\"description\":\"\",\"publisher\":{\"@id\":\"https:\\\/\\\/darkorchid-cheetah-525435.hostingersite.com\\\/#organization\"},\"potentialAction\":[{\"@type\":\"SearchAction\",\"target\":{\"@type\":\"EntryPoint\",\"urlTemplate\":\"https:\\\/\\\/darkorchid-cheetah-525435.hostingersite.com\\\/?s={search_term_string}\"},\"query-input\":{\"@type\":\"PropertyValueSpecification\",\"valueRequired\":true,\"valueName\":\"search_term_string\"}}],\"inLanguage\":\"tr\"},{\"@type\":[\"Organization\",\"Place\"],\"@id\":\"https:\\\/\\\/darkorchid-cheetah-525435.hostingersite.com\\\/#organization\",\"name\":\"YKM TEST\",\"url\":\"https:\\\/\\\/darkorchid-cheetah-525435.hostingersite.com\\\/\",\"logo\":{\"@id\":\"https:\\\/\\\/darkorchid-cheetah-525435.hostingersite.com\\\/product\\\/hand-operated-rock-uniaxial-and-triaxial-compression-test-system-manual-confining-pressure\\\/#local-main-organization-logo\"},\"image\":{\"@id\":\"https:\\\/\\\/darkorchid-cheetah-525435.hostingersite.com\\\/product\\\/hand-operated-rock-uniaxial-and-triaxial-compression-test-system-manual-confining-pressure\\\/#local-main-organization-logo\"},\"telephone\":[],\"openingHoursSpecification\":[{\"@type\":\"OpeningHoursSpecification\",\"dayOfWeek\":[\"Monday\",\"Tuesday\",\"Wednesday\",\"Thursday\",\"Friday\",\"Saturday\",\"Sunday\"],\"opens\":\"09:00\",\"closes\":\"17:00\"}]},{\"@type\":\"ImageObject\",\"inLanguage\":\"tr\",\"@id\":\"https:\\\/\\\/darkorchid-cheetah-525435.hostingersite.com\\\/product\\\/hand-operated-rock-uniaxial-and-triaxial-compression-test-system-manual-confining-pressure\\\/#local-main-organization-logo\",\"url\":\"https:\\\/\\\/ykmtest.com\\\/wp-content\\\/uploads\\\/2025\\\/10\\\/Asset-2@2x-8.png\",\"contentUrl\":\"https:\\\/\\\/ykmtest.com\\\/wp-content\\\/uploads\\\/2025\\\/10\\\/Asset-2@2x-8.png\",\"width\":1550,\"height\":323,\"caption\":\"YKM TEST\"}]}<\/script>\n<meta property=\"product:price:currency\" content=\"USD\" \/>\n<meta property=\"og:availability\" content=\"instock\" \/>\n<meta property=\"product:availability\" content=\"instock\" \/>\n<meta property=\"product:condition\" content=\"new\" \/>\n<!-- \/ Yoast SEO Premium plugin. -->","yoast_head_json":{"title":"Hand-Operated Rock Uniaxial and Triaxial Compression Test System (Manual Confining Pressure) - YKM TEST","description":"Hand-operated rock uniaxial and triaxial compression test system with manual confining pressure for accurate geomechanics laboratory testing.","robots":{"index":"index","follow":"follow","max-snippet":"max-snippet:-1","max-image-preview":"max-image-preview:large","max-video-preview":"max-video-preview:-1"},"canonical":"https:\/\/darkorchid-cheetah-525435.hostingersite.com\/product\/hand-operated-rock-uniaxial-and-triaxial-compression-test-system-manual-confining-pressure\/","og_locale":"tr_TR","og_type":"article","og_title":"Hand-Operated Rock Uniaxial and Triaxial Compression Test System (Manual Confining Pressure)","og_description":"Hand-operated rock uniaxial and triaxial compression test system with manual confining pressure for accurate geomechanics laboratory testing.","og_url":"https:\/\/darkorchid-cheetah-525435.hostingersite.com\/product\/hand-operated-rock-uniaxial-and-triaxial-compression-test-system-manual-confining-pressure\/","og_site_name":"YKM TEST","article_modified_time":"2025-12-30T08:29:14+00:00","twitter_card":"summary_large_image","twitter_misc":{"Fiyat":"","Durumu":"Stokta var"},"schema":{"@context":"https:\/\/schema.org","@graph":[{"@type":"WebPage","@id":"https:\/\/darkorchid-cheetah-525435.hostingersite.com\/product\/hand-operated-rock-uniaxial-and-triaxial-compression-test-system-manual-confining-pressure\/","url":"https:\/\/darkorchid-cheetah-525435.hostingersite.com\/product\/hand-operated-rock-uniaxial-and-triaxial-compression-test-system-manual-confining-pressure\/","name":"Hand-Operated Rock Uniaxial and Triaxial Compression Test System (Manual Confining Pressure) - YKM TEST","isPartOf":{"@id":"https:\/\/darkorchid-cheetah-525435.hostingersite.com\/#website"},"datePublished":"2025-12-30T08:29:13+00:00","dateModified":"2025-12-30T08:29:14+00:00","description":"Hand-operated rock uniaxial and triaxial compression test system with manual confining pressure for accurate geomechanics laboratory testing.","breadcrumb":{"@id":"https:\/\/darkorchid-cheetah-525435.hostingersite.com\/product\/hand-operated-rock-uniaxial-and-triaxial-compression-test-system-manual-confining-pressure\/#breadcrumb"},"inLanguage":"tr","potentialAction":[{"@type":"ReadAction","target":["https:\/\/darkorchid-cheetah-525435.hostingersite.com\/product\/hand-operated-rock-uniaxial-and-triaxial-compression-test-system-manual-confining-pressure\/"]}]},{"@type":"BreadcrumbList","@id":"https:\/\/darkorchid-cheetah-525435.hostingersite.com\/product\/hand-operated-rock-uniaxial-and-triaxial-compression-test-system-manual-confining-pressure\/#breadcrumb","itemListElement":[{"@type":"ListItem","position":1,"name":"Home","item":"https:\/\/darkorchid-cheetah-525435.hostingersite.com\/"},{"@type":"ListItem","position":2,"name":"\u0422\u043e\u0432\u0430\u0440\u044b","item":"https:\/\/ykmtest.com\/ru\/shop\/"},{"@type":"ListItem","position":3,"name":"Hand-Operated Rock Uniaxial and Triaxial Compression Test System (Manual Confining Pressure)"}]},{"@type":"WebSite","@id":"https:\/\/darkorchid-cheetah-525435.hostingersite.com\/#website","url":"https:\/\/darkorchid-cheetah-525435.hostingersite.com\/","name":"YKM TEST\u0130","description":"","publisher":{"@id":"https:\/\/darkorchid-cheetah-525435.hostingersite.com\/#organization"},"potentialAction":[{"@type":"SearchAction","target":{"@type":"EntryPoint","urlTemplate":"https:\/\/darkorchid-cheetah-525435.hostingersite.com\/?s={search_term_string}"},"query-input":{"@type":"PropertyValueSpecification","valueRequired":true,"valueName":"search_term_string"}}],"inLanguage":"tr"},{"@type":["Organization","Place"],"@id":"https:\/\/darkorchid-cheetah-525435.hostingersite.com\/#organization","name":"YKM TEST\u0130","url":"https:\/\/darkorchid-cheetah-525435.hostingersite.com\/","logo":{"@id":"https:\/\/darkorchid-cheetah-525435.hostingersite.com\/product\/hand-operated-rock-uniaxial-and-triaxial-compression-test-system-manual-confining-pressure\/#local-main-organization-logo"},"image":{"@id":"https:\/\/darkorchid-cheetah-525435.hostingersite.com\/product\/hand-operated-rock-uniaxial-and-triaxial-compression-test-system-manual-confining-pressure\/#local-main-organization-logo"},"telephone":[],"openingHoursSpecification":[{"@type":"OpeningHoursSpecification","dayOfWeek":["Monday","Tuesday","Wednesday","Thursday","Friday","Saturday","Sunday"],"opens":"09:00","closes":"17:00"}]},{"@type":"ImageObject","inLanguage":"tr","@id":"https:\/\/darkorchid-cheetah-525435.hostingersite.com\/product\/hand-operated-rock-uniaxial-and-triaxial-compression-test-system-manual-confining-pressure\/#local-main-organization-logo","url":"https:\/\/ykmtest.com\/wp-content\/uploads\/2025\/10\/Asset-2@2x-8.png","contentUrl":"https:\/\/ykmtest.com\/wp-content\/uploads\/2025\/10\/Asset-2@2x-8.png","width":1550,"height":323,"caption":"YKM TEST"}]},"product_price_currency":"USD","og_availability":"instock","product_availability":"instock","product_condition":"new"},"_links":{"self":[{"href":"https:\/\/ykmtest.com\/tr\/wp-json\/wp\/v2\/product\/11673","targetHints":{"allow":["GET"]}}],"collection":[{"href":"https:\/\/ykmtest.com\/tr\/wp-json\/wp\/v2\/product"}],"about":[{"href":"https:\/\/ykmtest.com\/tr\/wp-json\/wp\/v2\/types\/product"}],"version-history":[{"count":1,"href":"https:\/\/ykmtest.com\/tr\/wp-json\/wp\/v2\/product\/11673\/revisions"}],"predecessor-version":[{"id":11674,"href":"https:\/\/ykmtest.com\/tr\/wp-json\/wp\/v2\/product\/11673\/revisions\/11674"}],"wp:attachment":[{"href":"https:\/\/ykmtest.com\/tr\/wp-json\/wp\/v2\/media?parent=11673"}],"wp:term":[{"taxonomy":"product_brand","embeddable":true,"href":"https:\/\/ykmtest.com\/tr\/wp-json\/wp\/v2\/product_brand?post=11673"},{"taxonomy":"product_cat","embeddable":true,"href":"https:\/\/ykmtest.com\/tr\/wp-json\/wp\/v2\/product_cat?post=11673"},{"taxonomy":"product_tag","embeddable":true,"href":"https:\/\/ykmtest.com\/tr\/wp-json\/wp\/v2\/product_tag?post=11673"}],"curies":[{"name":"wp","href":"https:\/\/api.w.org\/{rel}","templated":true}]}}