{"id":11675,"date":"2025-12-30T08:37:00","date_gmt":"2025-12-30T08:37:00","guid":{"rendered":"https:\/\/ykmtest.com\/?post_type=product&#038;p=11675"},"modified":"2025-12-30T08:51:59","modified_gmt":"2025-12-30T08:51:59","slug":"hoek-cell","status":"publish","type":"product","link":"https:\/\/ykmtest.com\/tr\/urun\/hoek-cell\/","title":{"rendered":"Hoek H\u00fccresi"},"content":{"rendered":"<p>Silindirik g\u00f6vdenin i\u00e7ine yerle\u015ftirilen kaya numunesi esnek bir membranla sar\u0131l\u0131r ve oda i\u00e7indeki hidrolik s\u0131v\u0131 arac\u0131l\u0131\u011f\u0131yla e\u015fit olarak da\u011f\u0131t\u0131lm\u0131\u015f s\u0131n\u0131rlama bas\u0131nc\u0131na maruz b\u0131rak\u0131l\u0131r. E\u015f zamanl\u0131 olarak, eksenel y\u00fck bir y\u00fckleme \u00e7er\u00e7evesi arac\u0131l\u0131\u011f\u0131yla art\u0131r\u0131l\u0131r ve numunenin deformasyonu ve k\u0131r\u0131lma davran\u0131\u015f\u0131 izlenir. Bu s\u00fcre\u00e7 boyunca, kohezyon, i\u00e7 s\u00fcrt\u00fcnme a\u00e7\u0131s\u0131, k\u0131r\u0131lma zarf\u0131 ve elastik \u00f6zellikler gibi parametreler g\u00fcvenilir bir \u015fekilde belirlenebilir. Tasar\u0131m, \u00e7\u0131kar\u0131labilir bir kal\u0131p, sa\u011flam silindirik g\u00f6vde ve uzun hizmet \u00f6mr\u00fc sa\u011flayan y\u00fcksek performansl\u0131 s\u0131zd\u0131rmazl\u0131k bile\u015fenlerine sahiptir. \u0130\u015flenmi\u015f ve sertle\u015ftirilmi\u015f oturma y\u00fczeyleri, numuneye homojen y\u00fck aktar\u0131m\u0131 sa\u011flar ve hizalama hatalar\u0131n\u0131 en aza indirir. Kullan\u0131c\u0131 dostu yap\u0131s\u0131, h\u0131zl\u0131 ve pratik numune kurulumu ve de\u011fi\u015fimi sa\u011flar. Cihaz, farkl\u0131 \u00e7aplardaki numunelerin test edilmesine olanak tan\u0131yan adapt\u00f6rlerle uyumludur. Cihaz, 70 MPa bas\u0131n\u00e7 kapasitesi ile kaya mekani\u011fi uygulamalar\u0131 i\u00e7in geni\u015f bir \u00e7al\u0131\u015fma aral\u0131\u011f\u0131 sunar.<\/p>","protected":false},"excerpt":{"rendered":"<p class=\"p3\"><span lang=\"TR\">Hoek H\u00fccresi, kaya numunelerinin s\u0131n\u0131rlay\u0131c\u0131 bas\u0131n\u00e7 ko\u015fullar\u0131 alt\u0131ndaki davran\u0131\u015f\u0131n\u0131 ara\u015ft\u0131rmak i\u00e7in tasarlanm\u0131\u015f \u00fc\u00e7 eksenli bir test odas\u0131d\u0131r. Kaya mekani\u011fi laboratuvarlar\u0131nda standart bir bile\u015fen olarak yayg\u0131n \u015fekilde kullan\u0131lan h\u00fccre, numuneye hem eksenel hem de yanal bas\u0131n\u00e7 uygulayarak ger\u00e7ek yerinde gerilme ko\u015fullar\u0131n\u0131 sim\u00fcle eder.<\/span><\/p>","protected":false},"featured_media":0,"template":"","meta":{"_acf_changed":false},"product_brand":[],"product_cat":[201,203],"product_tag":[],"class_list":{"0":"post-11675","1":"product","2":"type-product","3":"status-publish","5":"product_cat-rock","6":"product_cat-uniaxial-and-triaxial-testing-systems-on-rocks","9":"instock","10":"shipping-taxable","11":"product-type-simple"},"acf":[],"yoast_head":"<!-- This site is optimized with the Yoast SEO Premium plugin v26.5 (Yoast SEO v26.5) - https:\/\/yoast.com\/wordpress\/plugins\/seo\/ -->\n<title>Hoek Cell - YKM TEST<\/title>\n<meta name=\"description\" content=\"Hoek Cell for triaxial rock testing under confining pressure, enabling determination of strength, deformation, and failure parameters in laboratories.\" \/>\n<meta name=\"robots\" content=\"index, follow, max-snippet:-1, max-image-preview:large, max-video-preview:-1\" \/>\n<link rel=\"canonical\" href=\"https:\/\/ykmtest.com\/tr\/urun\/hoek-cell\/\" \/>\n<meta property=\"og:locale\" content=\"tr_TR\" \/>\n<meta property=\"og:type\" content=\"article\" \/>\n<meta property=\"og:title\" content=\"Hoek Cell\" \/>\n<meta property=\"og:description\" content=\"Hoek Cell for triaxial rock testing under confining pressure, enabling determination of strength, deformation, and failure parameters in laboratories.\" \/>\n<meta property=\"og:url\" content=\"https:\/\/ykmtest.com\/tr\/urun\/hoek-cell\/\" \/>\n<meta property=\"og:site_name\" content=\"YKM TEST\" \/>\n<meta property=\"article:modified_time\" content=\"2025-12-30T08:51:59+00:00\" \/>\n<meta name=\"twitter:card\" content=\"summary_large_image\" \/>\n<meta name=\"twitter:label1\" content=\"Price\" \/>\n\t<meta name=\"twitter:data1\" content=\"\" \/>\n\t<meta name=\"twitter:label2\" content=\"Availability\" \/>\n\t<meta name=\"twitter:data2\" content=\"In stock\" \/>\n<script type=\"application\/ld+json\" class=\"yoast-schema-graph\">{\"@context\":\"https:\/\/schema.org\",\"@graph\":[{\"@type\":\"WebPage\",\"@id\":\"https:\/\/ykmtest.com\/product\/hoek-cell\/\",\"url\":\"https:\/\/ykmtest.com\/product\/hoek-cell\/\",\"name\":\"Hoek Cell - YKM TEST\",\"isPartOf\":{\"@id\":\"https:\/\/ykmtest.com\/#website\"},\"datePublished\":\"2025-12-30T08:37:00+00:00\",\"dateModified\":\"2025-12-30T08:51:59+00:00\",\"description\":\"Hoek Cell for triaxial rock testing under confining pressure, enabling determination of strength, deformation, and failure parameters in laboratories.\",\"breadcrumb\":{\"@id\":\"https:\/\/ykmtest.com\/product\/hoek-cell\/#breadcrumb\"},\"inLanguage\":\"tr\",\"potentialAction\":[{\"@type\":\"ReadAction\",\"target\":[\"https:\/\/ykmtest.com\/product\/hoek-cell\/\"]}]},{\"@type\":\"BreadcrumbList\",\"@id\":\"https:\/\/ykmtest.com\/product\/hoek-cell\/#breadcrumb\",\"itemListElement\":[{\"@type\":\"ListItem\",\"position\":1,\"name\":\"Home\",\"item\":\"https:\/\/ykmtest.com\/\"},{\"@type\":\"ListItem\",\"position\":2,\"name\":\"Products\",\"item\":\"https:\/\/ykmtest.com\/shop\/\"},{\"@type\":\"ListItem\",\"position\":3,\"name\":\"Hoek Cell\"}]},{\"@type\":\"WebSite\",\"@id\":\"https:\/\/ykmtest.com\/#website\",\"url\":\"https:\/\/ykmtest.com\/\",\"name\":\"YKM TEST\",\"description\":\"\",\"publisher\":{\"@id\":\"https:\/\/ykmtest.com\/#organization\"},\"potentialAction\":[{\"@type\":\"SearchAction\",\"target\":{\"@type\":\"EntryPoint\",\"urlTemplate\":\"https:\/\/ykmtest.com\/?s={search_term_string}\"},\"query-input\":{\"@type\":\"PropertyValueSpecification\",\"valueRequired\":true,\"valueName\":\"search_term_string\"}}],\"inLanguage\":\"tr\"},{\"@type\":[\"Organization\",\"Place\"],\"@id\":\"https:\/\/ykmtest.com\/#organization\",\"name\":\"YKM TEST\",\"url\":\"https:\/\/ykmtest.com\/\",\"logo\":{\"@id\":\"https:\/\/ykmtest.com\/product\/hoek-cell\/#local-main-organization-logo\"},\"image\":{\"@id\":\"https:\/\/ykmtest.com\/product\/hoek-cell\/#local-main-organization-logo\"},\"telephone\":[],\"openingHoursSpecification\":[{\"@type\":\"OpeningHoursSpecification\",\"dayOfWeek\":[\"Monday\",\"Tuesday\",\"Wednesday\",\"Thursday\",\"Friday\",\"Saturday\",\"Sunday\"],\"opens\":\"09:00\",\"closes\":\"17:00\"}]},{\"@type\":\"ImageObject\",\"inLanguage\":\"tr\",\"@id\":\"https:\/\/ykmtest.com\/product\/hoek-cell\/#local-main-organization-logo\",\"url\":\"https:\/\/ykmtest.com\/wp-content\/uploads\/2025\/10\/Asset-2@2x-8.png\",\"contentUrl\":\"https:\/\/ykmtest.com\/wp-content\/uploads\/2025\/10\/Asset-2@2x-8.png\",\"width\":1550,\"height\":323,\"caption\":\"YKM TEST\"}]}<\/script>\n<meta property=\"product:price:currency\" content=\"USD\" \/>\n<meta property=\"og:availability\" content=\"instock\" \/>\n<meta property=\"product:availability\" content=\"instock\" \/>\n<meta property=\"product:condition\" content=\"new\" \/>\n<!-- \/ Yoast SEO Premium plugin. -->","yoast_head_json":{"title":"Hoek Cell - YKM TEST","description":"Hoek Cell for triaxial rock testing under confining pressure, enabling determination of strength, deformation, and failure parameters in laboratories.","robots":{"index":"index","follow":"follow","max-snippet":"max-snippet:-1","max-image-preview":"max-image-preview:large","max-video-preview":"max-video-preview:-1"},"canonical":"https:\/\/ykmtest.com\/tr\/urun\/hoek-cell\/","og_locale":"tr_TR","og_type":"article","og_title":"Hoek Cell","og_description":"Hoek Cell for triaxial rock testing under confining pressure, enabling determination of strength, deformation, and failure parameters in laboratories.","og_url":"https:\/\/ykmtest.com\/tr\/urun\/hoek-cell\/","og_site_name":"YKM TEST","article_modified_time":"2025-12-30T08:51:59+00:00","twitter_card":"summary_large_image","twitter_misc":{"Price":"","Availability":"In stock"},"schema":{"@context":"https:\/\/schema.org","@graph":[{"@type":"WebPage","@id":"https:\/\/ykmtest.com\/product\/hoek-cell\/","url":"https:\/\/ykmtest.com\/product\/hoek-cell\/","name":"Hoek Cell - YKM TEST","isPartOf":{"@id":"https:\/\/ykmtest.com\/#website"},"datePublished":"2025-12-30T08:37:00+00:00","dateModified":"2025-12-30T08:51:59+00:00","description":"Hoek Cell for triaxial rock testing under confining pressure, enabling determination of strength, deformation, and failure parameters in laboratories.","breadcrumb":{"@id":"https:\/\/ykmtest.com\/product\/hoek-cell\/#breadcrumb"},"inLanguage":"tr","potentialAction":[{"@type":"ReadAction","target":["https:\/\/ykmtest.com\/product\/hoek-cell\/"]}]},{"@type":"BreadcrumbList","@id":"https:\/\/ykmtest.com\/product\/hoek-cell\/#breadcrumb","itemListElement":[{"@type":"ListItem","position":1,"name":"Home","item":"https:\/\/ykmtest.com\/"},{"@type":"ListItem","position":2,"name":"Products","item":"https:\/\/ykmtest.com\/shop\/"},{"@type":"ListItem","position":3,"name":"Hoek Cell"}]},{"@type":"WebSite","@id":"https:\/\/ykmtest.com\/#website","url":"https:\/\/ykmtest.com\/","name":"YKM TEST\u0130","description":"","publisher":{"@id":"https:\/\/ykmtest.com\/#organization"},"potentialAction":[{"@type":"SearchAction","target":{"@type":"EntryPoint","urlTemplate":"https:\/\/ykmtest.com\/?s={search_term_string}"},"query-input":{"@type":"PropertyValueSpecification","valueRequired":true,"valueName":"search_term_string"}}],"inLanguage":"tr"},{"@type":["Organization","Place"],"@id":"https:\/\/ykmtest.com\/#organization","name":"YKM TEST\u0130","url":"https:\/\/ykmtest.com\/","logo":{"@id":"https:\/\/ykmtest.com\/product\/hoek-cell\/#local-main-organization-logo"},"image":{"@id":"https:\/\/ykmtest.com\/product\/hoek-cell\/#local-main-organization-logo"},"telephone":[],"openingHoursSpecification":[{"@type":"OpeningHoursSpecification","dayOfWeek":["Monday","Tuesday","Wednesday","Thursday","Friday","Saturday","Sunday"],"opens":"09:00","closes":"17:00"}]},{"@type":"ImageObject","inLanguage":"tr","@id":"https:\/\/ykmtest.com\/product\/hoek-cell\/#local-main-organization-logo","url":"https:\/\/ykmtest.com\/wp-content\/uploads\/2025\/10\/Asset-2@2x-8.png","contentUrl":"https:\/\/ykmtest.com\/wp-content\/uploads\/2025\/10\/Asset-2@2x-8.png","width":1550,"height":323,"caption":"YKM TEST"}]},"product_price_currency":"USD","og_availability":"instock","product_availability":"instock","product_condition":"new"},"_links":{"self":[{"href":"https:\/\/ykmtest.com\/tr\/wp-json\/wp\/v2\/product\/11675","targetHints":{"allow":["GET"]}}],"collection":[{"href":"https:\/\/ykmtest.com\/tr\/wp-json\/wp\/v2\/product"}],"about":[{"href":"https:\/\/ykmtest.com\/tr\/wp-json\/wp\/v2\/types\/product"}],"version-history":[{"count":1,"href":"https:\/\/ykmtest.com\/tr\/wp-json\/wp\/v2\/product\/11675\/revisions"}],"predecessor-version":[{"id":11676,"href":"https:\/\/ykmtest.com\/tr\/wp-json\/wp\/v2\/product\/11675\/revisions\/11676"}],"wp:attachment":[{"href":"https:\/\/ykmtest.com\/tr\/wp-json\/wp\/v2\/media?parent=11675"}],"wp:term":[{"taxonomy":"product_brand","embeddable":true,"href":"https:\/\/ykmtest.com\/tr\/wp-json\/wp\/v2\/product_brand?post=11675"},{"taxonomy":"product_cat","embeddable":true,"href":"https:\/\/ykmtest.com\/tr\/wp-json\/wp\/v2\/product_cat?post=11675"},{"taxonomy":"product_tag","embeddable":true,"href":"https:\/\/ykmtest.com\/tr\/wp-json\/wp\/v2\/product_tag?post=11675"}],"curies":[{"name":"wp","href":"https:\/\/api.w.org\/{rel}","templated":true}]}}