{"id":11684,"date":"2025-12-30T09:13:19","date_gmt":"2025-12-30T09:13:19","guid":{"rendered":"https:\/\/ykmtest.com\/?post_type=product&#038;p=11684"},"modified":"2025-12-30T09:13:20","modified_gmt":"2025-12-30T09:13:20","slug":"automatic-specimen-grinding-machine-2","status":"publish","type":"product","link":"https:\/\/ykmtest.com\/tr\/urun\/automatic-specimen-grinding-machine-2\/","title":{"rendered":"Otomatik Numune Ta\u015flama Makinesi"},"content":{"rendered":"<p>Makine, \u00f6zellikle mukavemet ve s\u0131k\u0131\u015ft\u0131rma testlerinden \u00f6nce numunelerin d\u00fcz, paralel ve p\u00fcr\u00fczs\u00fcz u\u00e7 y\u00fczeylere sahip olmas\u0131n\u0131 sa\u011flar. G\u00fc\u00e7l\u00fc motor sistemi ve tam otomatik kontrol mekanizmas\u0131 ile makine, operat\u00f6r m\u00fcdahalesi olmadan numune y\u00fczeylerini ta\u015flar. Numune \u00e7ap\u0131na ba\u011fl\u0131 olarak, ayn\u0131 anda \u00fc\u00e7 adede kadar silindirik numune i\u015flenebilir. \u00d838 mm ile \u00d8200 mm aras\u0131nda de\u011fi\u015fen standart numune boyutlar\u0131 ile uyumludur. Ta\u015flama s\u0131ras\u0131nda kullan\u0131lan su so\u011futma sistemi a\u015f\u0131r\u0131 \u0131s\u0131nmay\u0131 \u00f6nler, y\u00fczey kalitesini korur ve ta\u015flama diskinin hizmet \u00f6mr\u00fcn\u00fc uzat\u0131r. Numuneler, \u00e7al\u0131\u015fma s\u0131ras\u0131nda titre\u015fimi ortadan kald\u0131ran ve optimum y\u00fczey paralelli\u011fi sa\u011flayan \u00f6zel bir ba\u011flama sistemi kullan\u0131larak sabitlenir. Cihaz, farkl\u0131 malzeme t\u00fcrleri i\u00e7in en uygun y\u00fczey kalitesini elde etmek \u00fczere kullan\u0131c\u0131 dostu bir kontrol paneli arac\u0131l\u0131\u011f\u0131yla programlanabilir. Tam otomasyon sayesinde, parametreler ayarland\u0131ktan sonra t\u00fcm ta\u015flama s\u00fcreci otomatik olarak y\u00f6netilir. Rijit \u00e7elik g\u00f6vdesi y\u00fcksek dayan\u0131kl\u0131l\u0131k ve uzun servis \u00f6mr\u00fc sa\u011flar. Otomatik Numune Ta\u015flama Makinesi, h\u0131zl\u0131, g\u00fcvenilir ve standartlara uygun y\u00fczey haz\u0131rl\u0131\u011f\u0131 sunarak laboratuvar ortamlar\u0131nda test \u00f6ncesi prosed\u00fcrleri optimize eder.<\/p>","protected":false},"excerpt":{"rendered":"<p class=\"p3\"><span lang=\"TR\">Otomatik Numune Y\u00fczey Ta\u015flama Makinesi, beton, kaya, do\u011fal ta\u015f ve benzeri malzemelerden elde edilen numunelerin u\u00e7 y\u00fczeylerini ilgili test standartlar\u0131na uygun olarak haz\u0131rlamak i\u00e7in tasarlanm\u0131\u015f y\u00fcksek hassasiyetli bir cihazd\u0131r.<\/span><\/p>","protected":false},"featured_media":0,"template":"","meta":{"_acf_changed":false},"product_brand":[],"product_cat":[205,201],"product_tag":[],"class_list":{"0":"post-11684","1":"product","2":"type-product","3":"status-publish","5":"product_cat-coring-cutting-and-grinding-machines-rock","6":"product_cat-rock","9":"instock","10":"shipping-taxable","11":"product-type-simple"},"acf":[],"yoast_head":"<!-- This site is optimized with the Yoast SEO Premium plugin v26.5 (Yoast SEO v27.5) - https:\/\/yoast.com\/product\/yoast-seo-premium-wordpress\/ -->\n<title>Automatic Specimen Grinding Machine - YKM TEST<\/title>\n<meta name=\"description\" content=\"Automatic Specimen Surface Grinding Machine ensures flat, smooth, and parallel end surfaces of concrete, rock, and stone specimens with full automation and water cooling.\" \/>\n<meta name=\"robots\" content=\"index, follow, max-snippet:-1, max-image-preview:large, max-video-preview:-1\" \/>\n<link rel=\"canonical\" href=\"https:\/\/darkorchid-cheetah-525435.hostingersite.com\/product\/automatic-specimen-grinding-machine-2\/\" \/>\n<meta property=\"og:locale\" content=\"tr_TR\" \/>\n<meta property=\"og:type\" content=\"article\" \/>\n<meta property=\"og:title\" content=\"Automatic Specimen Grinding Machine\" \/>\n<meta property=\"og:description\" content=\"Automatic Specimen Surface Grinding Machine ensures flat, smooth, and parallel end surfaces of concrete, rock, and stone specimens with full automation and water cooling.\" \/>\n<meta property=\"og:url\" content=\"https:\/\/darkorchid-cheetah-525435.hostingersite.com\/product\/automatic-specimen-grinding-machine-2\/\" \/>\n<meta property=\"og:site_name\" content=\"YKM TEST\" \/>\n<meta property=\"article:modified_time\" content=\"2025-12-30T09:13:20+00:00\" \/>\n<meta name=\"twitter:card\" content=\"summary_large_image\" \/>\n<meta name=\"twitter:label1\" content=\"Fiyat\" \/>\n\t<meta name=\"twitter:data1\" content=\"\" \/>\n\t<meta name=\"twitter:label2\" content=\"Durumu\" \/>\n\t<meta name=\"twitter:data2\" content=\"Stokta var\" \/>\n<script type=\"application\/ld+json\" class=\"yoast-schema-graph\">{\"@context\":\"https:\\\/\\\/schema.org\",\"@graph\":[{\"@type\":\"WebPage\",\"@id\":\"https:\\\/\\\/darkorchid-cheetah-525435.hostingersite.com\\\/product\\\/automatic-specimen-grinding-machine-2\\\/\",\"url\":\"https:\\\/\\\/darkorchid-cheetah-525435.hostingersite.com\\\/product\\\/automatic-specimen-grinding-machine-2\\\/\",\"name\":\"Automatic Specimen Grinding Machine - YKM TEST\",\"isPartOf\":{\"@id\":\"https:\\\/\\\/darkorchid-cheetah-525435.hostingersite.com\\\/#website\"},\"datePublished\":\"2025-12-30T09:13:19+00:00\",\"dateModified\":\"2025-12-30T09:13:20+00:00\",\"description\":\"Automatic Specimen Surface Grinding Machine ensures flat, smooth, and parallel end surfaces of concrete, rock, and stone specimens with full automation and water cooling.\",\"breadcrumb\":{\"@id\":\"https:\\\/\\\/darkorchid-cheetah-525435.hostingersite.com\\\/product\\\/automatic-specimen-grinding-machine-2\\\/#breadcrumb\"},\"inLanguage\":\"tr\",\"potentialAction\":[{\"@type\":\"ReadAction\",\"target\":[\"https:\\\/\\\/darkorchid-cheetah-525435.hostingersite.com\\\/product\\\/automatic-specimen-grinding-machine-2\\\/\"]}]},{\"@type\":\"BreadcrumbList\",\"@id\":\"https:\\\/\\\/darkorchid-cheetah-525435.hostingersite.com\\\/product\\\/automatic-specimen-grinding-machine-2\\\/#breadcrumb\",\"itemListElement\":[{\"@type\":\"ListItem\",\"position\":1,\"name\":\"Home\",\"item\":\"https:\\\/\\\/darkorchid-cheetah-525435.hostingersite.com\\\/\"},{\"@type\":\"ListItem\",\"position\":2,\"name\":\"\u0422\u043e\u0432\u0430\u0440\u044b\",\"item\":\"https:\\\/\\\/ykmtest.com\\\/ru\\\/shop\\\/\"},{\"@type\":\"ListItem\",\"position\":3,\"name\":\"Automatic Specimen Grinding Machine\"}]},{\"@type\":\"WebSite\",\"@id\":\"https:\\\/\\\/darkorchid-cheetah-525435.hostingersite.com\\\/#website\",\"url\":\"https:\\\/\\\/darkorchid-cheetah-525435.hostingersite.com\\\/\",\"name\":\"YKM TEST\",\"description\":\"\",\"publisher\":{\"@id\":\"https:\\\/\\\/darkorchid-cheetah-525435.hostingersite.com\\\/#organization\"},\"potentialAction\":[{\"@type\":\"SearchAction\",\"target\":{\"@type\":\"EntryPoint\",\"urlTemplate\":\"https:\\\/\\\/darkorchid-cheetah-525435.hostingersite.com\\\/?s={search_term_string}\"},\"query-input\":{\"@type\":\"PropertyValueSpecification\",\"valueRequired\":true,\"valueName\":\"search_term_string\"}}],\"inLanguage\":\"tr\"},{\"@type\":[\"Organization\",\"Place\"],\"@id\":\"https:\\\/\\\/darkorchid-cheetah-525435.hostingersite.com\\\/#organization\",\"name\":\"YKM TEST\",\"url\":\"https:\\\/\\\/darkorchid-cheetah-525435.hostingersite.com\\\/\",\"logo\":{\"@id\":\"https:\\\/\\\/darkorchid-cheetah-525435.hostingersite.com\\\/product\\\/automatic-specimen-grinding-machine-2\\\/#local-main-organization-logo\"},\"image\":{\"@id\":\"https:\\\/\\\/darkorchid-cheetah-525435.hostingersite.com\\\/product\\\/automatic-specimen-grinding-machine-2\\\/#local-main-organization-logo\"},\"telephone\":[],\"openingHoursSpecification\":[{\"@type\":\"OpeningHoursSpecification\",\"dayOfWeek\":[\"Monday\",\"Tuesday\",\"Wednesday\",\"Thursday\",\"Friday\",\"Saturday\",\"Sunday\"],\"opens\":\"09:00\",\"closes\":\"17:00\"}]},{\"@type\":\"ImageObject\",\"inLanguage\":\"tr\",\"@id\":\"https:\\\/\\\/darkorchid-cheetah-525435.hostingersite.com\\\/product\\\/automatic-specimen-grinding-machine-2\\\/#local-main-organization-logo\",\"url\":\"https:\\\/\\\/ykmtest.com\\\/wp-content\\\/uploads\\\/2025\\\/10\\\/Asset-2@2x-8.png\",\"contentUrl\":\"https:\\\/\\\/ykmtest.com\\\/wp-content\\\/uploads\\\/2025\\\/10\\\/Asset-2@2x-8.png\",\"width\":1550,\"height\":323,\"caption\":\"YKM TEST\"}]}<\/script>\n<meta property=\"product:price:currency\" content=\"USD\" \/>\n<meta property=\"og:availability\" content=\"instock\" \/>\n<meta property=\"product:availability\" content=\"instock\" \/>\n<meta property=\"product:condition\" content=\"new\" \/>\n<!-- \/ Yoast SEO Premium plugin. -->","yoast_head_json":{"title":"Automatic Specimen Grinding Machine - YKM TEST","description":"Automatic Specimen Surface Grinding Machine ensures flat, smooth, and parallel end surfaces of concrete, rock, and stone specimens with full automation and water cooling.","robots":{"index":"index","follow":"follow","max-snippet":"max-snippet:-1","max-image-preview":"max-image-preview:large","max-video-preview":"max-video-preview:-1"},"canonical":"https:\/\/darkorchid-cheetah-525435.hostingersite.com\/product\/automatic-specimen-grinding-machine-2\/","og_locale":"tr_TR","og_type":"article","og_title":"Automatic Specimen Grinding Machine","og_description":"Automatic Specimen Surface Grinding Machine ensures flat, smooth, and parallel end surfaces of concrete, rock, and stone specimens with full automation and water cooling.","og_url":"https:\/\/darkorchid-cheetah-525435.hostingersite.com\/product\/automatic-specimen-grinding-machine-2\/","og_site_name":"YKM TEST","article_modified_time":"2025-12-30T09:13:20+00:00","twitter_card":"summary_large_image","twitter_misc":{"Fiyat":"","Durumu":"Stokta var"},"schema":{"@context":"https:\/\/schema.org","@graph":[{"@type":"WebPage","@id":"https:\/\/darkorchid-cheetah-525435.hostingersite.com\/product\/automatic-specimen-grinding-machine-2\/","url":"https:\/\/darkorchid-cheetah-525435.hostingersite.com\/product\/automatic-specimen-grinding-machine-2\/","name":"Automatic Specimen Grinding Machine - YKM TEST","isPartOf":{"@id":"https:\/\/darkorchid-cheetah-525435.hostingersite.com\/#website"},"datePublished":"2025-12-30T09:13:19+00:00","dateModified":"2025-12-30T09:13:20+00:00","description":"Automatic Specimen Surface Grinding Machine ensures flat, smooth, and parallel end surfaces of concrete, rock, and stone specimens with full automation and water cooling.","breadcrumb":{"@id":"https:\/\/darkorchid-cheetah-525435.hostingersite.com\/product\/automatic-specimen-grinding-machine-2\/#breadcrumb"},"inLanguage":"tr","potentialAction":[{"@type":"ReadAction","target":["https:\/\/darkorchid-cheetah-525435.hostingersite.com\/product\/automatic-specimen-grinding-machine-2\/"]}]},{"@type":"BreadcrumbList","@id":"https:\/\/darkorchid-cheetah-525435.hostingersite.com\/product\/automatic-specimen-grinding-machine-2\/#breadcrumb","itemListElement":[{"@type":"ListItem","position":1,"name":"Home","item":"https:\/\/darkorchid-cheetah-525435.hostingersite.com\/"},{"@type":"ListItem","position":2,"name":"\u0422\u043e\u0432\u0430\u0440\u044b","item":"https:\/\/ykmtest.com\/ru\/shop\/"},{"@type":"ListItem","position":3,"name":"Automatic Specimen Grinding Machine"}]},{"@type":"WebSite","@id":"https:\/\/darkorchid-cheetah-525435.hostingersite.com\/#website","url":"https:\/\/darkorchid-cheetah-525435.hostingersite.com\/","name":"YKM TEST\u0130","description":"","publisher":{"@id":"https:\/\/darkorchid-cheetah-525435.hostingersite.com\/#organization"},"potentialAction":[{"@type":"SearchAction","target":{"@type":"EntryPoint","urlTemplate":"https:\/\/darkorchid-cheetah-525435.hostingersite.com\/?s={search_term_string}"},"query-input":{"@type":"PropertyValueSpecification","valueRequired":true,"valueName":"search_term_string"}}],"inLanguage":"tr"},{"@type":["Organization","Place"],"@id":"https:\/\/darkorchid-cheetah-525435.hostingersite.com\/#organization","name":"YKM TEST\u0130","url":"https:\/\/darkorchid-cheetah-525435.hostingersite.com\/","logo":{"@id":"https:\/\/darkorchid-cheetah-525435.hostingersite.com\/product\/automatic-specimen-grinding-machine-2\/#local-main-organization-logo"},"image":{"@id":"https:\/\/darkorchid-cheetah-525435.hostingersite.com\/product\/automatic-specimen-grinding-machine-2\/#local-main-organization-logo"},"telephone":[],"openingHoursSpecification":[{"@type":"OpeningHoursSpecification","dayOfWeek":["Monday","Tuesday","Wednesday","Thursday","Friday","Saturday","Sunday"],"opens":"09:00","closes":"17:00"}]},{"@type":"ImageObject","inLanguage":"tr","@id":"https:\/\/darkorchid-cheetah-525435.hostingersite.com\/product\/automatic-specimen-grinding-machine-2\/#local-main-organization-logo","url":"https:\/\/ykmtest.com\/wp-content\/uploads\/2025\/10\/Asset-2@2x-8.png","contentUrl":"https:\/\/ykmtest.com\/wp-content\/uploads\/2025\/10\/Asset-2@2x-8.png","width":1550,"height":323,"caption":"YKM TEST"}]},"product_price_currency":"USD","og_availability":"instock","product_availability":"instock","product_condition":"new"},"_links":{"self":[{"href":"https:\/\/ykmtest.com\/tr\/wp-json\/wp\/v2\/product\/11684","targetHints":{"allow":["GET"]}}],"collection":[{"href":"https:\/\/ykmtest.com\/tr\/wp-json\/wp\/v2\/product"}],"about":[{"href":"https:\/\/ykmtest.com\/tr\/wp-json\/wp\/v2\/types\/product"}],"version-history":[{"count":1,"href":"https:\/\/ykmtest.com\/tr\/wp-json\/wp\/v2\/product\/11684\/revisions"}],"predecessor-version":[{"id":11685,"href":"https:\/\/ykmtest.com\/tr\/wp-json\/wp\/v2\/product\/11684\/revisions\/11685"}],"wp:attachment":[{"href":"https:\/\/ykmtest.com\/tr\/wp-json\/wp\/v2\/media?parent=11684"}],"wp:term":[{"taxonomy":"product_brand","embeddable":true,"href":"https:\/\/ykmtest.com\/tr\/wp-json\/wp\/v2\/product_brand?post=11684"},{"taxonomy":"product_cat","embeddable":true,"href":"https:\/\/ykmtest.com\/tr\/wp-json\/wp\/v2\/product_cat?post=11684"},{"taxonomy":"product_tag","embeddable":true,"href":"https:\/\/ykmtest.com\/tr\/wp-json\/wp\/v2\/product_tag?post=11684"}],"curies":[{"name":"wp","href":"https:\/\/api.w.org\/{rel}","templated":true}]}}