{"id":11686,"date":"2025-12-30T09:19:34","date_gmt":"2025-12-30T09:19:34","guid":{"rendered":"https:\/\/ykmtest.com\/?post_type=product&#038;p=11686"},"modified":"2025-12-30T09:19:35","modified_gmt":"2025-12-30T09:19:35","slug":"automatic-grinding-machine-with-safety-cabinet-2","status":"publish","type":"product","link":"https:\/\/ykmtest.com\/tr\/urun\/automatic-grinding-machine-with-safety-cabinet-2\/","title":{"rendered":"G\u00fcvenlik Kabinli Otomatik Ta\u015flama Makinesi"},"content":{"rendered":"<p>Otomatik Y\u00fczey Ta\u015flama Makinesi, numune \u00e7ap\u0131na ba\u011fl\u0131 olarak ayn\u0131 anda \u00fc\u00e7 silindirik numuneye kadar i\u015fleme kapasitesine sahiptir ve yakla\u015f\u0131k \u00d838 mm ila \u00d8200 mm aras\u0131nda de\u011fi\u015fen numune boyutlar\u0131yla tamamen uyumludur. Ta\u015flama s\u0131ras\u0131nda kullan\u0131lan su so\u011futma sistemi a\u015f\u0131r\u0131 \u0131s\u0131nmay\u0131 \u00f6nler, y\u00fczey kalitesini korur ve ta\u015flama diskinin hizmet \u00f6mr\u00fcn\u00fc uzat\u0131r. \u00dcnitenin en \u00f6nemli \u00f6zelliklerinden biri de entegre g\u00fcvenlik kabinidir. Kapal\u0131 kabin tasar\u0131m\u0131, ta\u015flama s\u0131ras\u0131nda olu\u015fan partik\u00fcllerin ve s\u0131\u00e7ramalar\u0131n laboratuvar ortam\u0131na yay\u0131lmas\u0131n\u0131 \u00f6nler. Bu \u00f6zellik hem operat\u00f6r g\u00fcvenli\u011fini hem de laboratuvar temizli\u011fini sa\u011flar. \u015eeffaf \u00f6n panel, i\u015flemin g\u00f6rsel olarak g\u00fcvenli bir \u015fekilde izlenmesini sa\u011flar. Numuneler, ta\u015flama s\u0131ras\u0131nda titre\u015fim kaynakl\u0131 y\u00fczey kusurlar\u0131n\u0131 ortadan kald\u0131ran ve numune u\u00e7lar\u0131n\u0131n paralel kalmas\u0131n\u0131 sa\u011flayan g\u00fc\u00e7l\u00fc bir kelep\u00e7e sistemi kullan\u0131larak sabitlenir. kelep\u00e7eler mod\u00fcler bir yap\u0131 ile tasarlanm\u0131\u015ft\u0131r ve farkl\u0131 numune \u00e7aplar\u0131na uyacak \u015fekilde de\u011fi\u015ftirilebilir. Kullan\u0131c\u0131 dostu kontrol paneli, ta\u015flama s\u00fcresinin ve disk h\u0131z\u0131n\u0131n programlanmas\u0131na izin verir. Ayarlar yap\u0131land\u0131r\u0131ld\u0131ktan sonra, t\u00fcm ta\u015flama i\u015flemi otomatik olarak ger\u00e7ekle\u015ftirilir. Cihaz\u0131n sa\u011flam \u00e7elik konstr\u00fcksiyonu uzun s\u00fcreli dayan\u0131kl\u0131l\u0131\u011f\u0131 garanti eder. G\u00fcvenlik kabini ve otomatik kontrol \u00f6zellikleri ile sistem, y\u00fcksek hassasiyet ve maksimum g\u00fcvenlik sa\u011flayarak laboratuvar verimlili\u011fini art\u0131r\u0131r.<\/p>","protected":false},"excerpt":{"rendered":"<p>G\u00fcvenlik Kabinli Otomatik Y\u00fczey Ta\u015flama Makinesi, beton, kaya ve benzeri sert malzemelerden yap\u0131lan numunelerin u\u00e7 y\u00fczeylerini ilgili test standartlar\u0131na uygun olarak haz\u0131rlamak i\u00e7in tasarlanm\u0131\u015f tam otomatik bir ta\u015flama sistemidir. G\u00fc\u00e7l\u00fc motor yap\u0131s\u0131 ve geli\u015fmi\u015f kontrol mekanizmas\u0131 ile d\u00fcz, paralel ve p\u00fcr\u00fczs\u00fcz numune u\u00e7 y\u00fczeyleri \u00fcretir.<\/p>","protected":false},"featured_media":0,"template":"","meta":{"_acf_changed":false},"product_brand":[],"product_cat":[205,201],"product_tag":[],"class_list":{"0":"post-11686","1":"product","2":"type-product","3":"status-publish","5":"product_cat-coring-cutting-and-grinding-machines-rock","6":"product_cat-rock","9":"instock","10":"shipping-taxable","11":"product-type-simple"},"acf":[],"yoast_head":"<!-- This site is optimized with the Yoast SEO Premium plugin v26.5 (Yoast SEO v27.5) - https:\/\/yoast.com\/product\/yoast-seo-premium-wordpress\/ -->\n<title>Automatic Grinding Machine with Safety Cabinet - YKM TEST<\/title>\n<meta name=\"description\" content=\"Automatic Surface Grinding Machine with Safety Cabinet prepares flat, smooth, and parallel specimen end surfaces safely and automatically, with water cooling and robust clamping.\" \/>\n<meta name=\"robots\" content=\"index, follow, max-snippet:-1, max-image-preview:large, max-video-preview:-1\" \/>\n<link rel=\"canonical\" href=\"https:\/\/darkorchid-cheetah-525435.hostingersite.com\/product\/automatic-grinding-machine-with-safety-cabinet-2\/\" \/>\n<meta property=\"og:locale\" content=\"tr_TR\" \/>\n<meta property=\"og:type\" content=\"article\" \/>\n<meta property=\"og:title\" content=\"Automatic Grinding Machine with Safety Cabinet\" \/>\n<meta property=\"og:description\" content=\"Automatic Surface Grinding Machine with Safety Cabinet prepares flat, smooth, and parallel specimen end surfaces safely and automatically, with water cooling and robust clamping.\" \/>\n<meta property=\"og:url\" content=\"https:\/\/darkorchid-cheetah-525435.hostingersite.com\/product\/automatic-grinding-machine-with-safety-cabinet-2\/\" \/>\n<meta property=\"og:site_name\" content=\"YKM TEST\" \/>\n<meta property=\"article:modified_time\" content=\"2025-12-30T09:19:35+00:00\" \/>\n<meta name=\"twitter:card\" content=\"summary_large_image\" \/>\n<meta name=\"twitter:label1\" content=\"Fiyat\" \/>\n\t<meta name=\"twitter:data1\" content=\"\" \/>\n\t<meta name=\"twitter:label2\" content=\"Durumu\" \/>\n\t<meta name=\"twitter:data2\" content=\"Stokta var\" \/>\n<script type=\"application\/ld+json\" class=\"yoast-schema-graph\">{\"@context\":\"https:\\\/\\\/schema.org\",\"@graph\":[{\"@type\":\"WebPage\",\"@id\":\"https:\\\/\\\/darkorchid-cheetah-525435.hostingersite.com\\\/product\\\/automatic-grinding-machine-with-safety-cabinet-2\\\/\",\"url\":\"https:\\\/\\\/darkorchid-cheetah-525435.hostingersite.com\\\/product\\\/automatic-grinding-machine-with-safety-cabinet-2\\\/\",\"name\":\"Automatic Grinding Machine with Safety Cabinet - YKM TEST\",\"isPartOf\":{\"@id\":\"https:\\\/\\\/darkorchid-cheetah-525435.hostingersite.com\\\/#website\"},\"datePublished\":\"2025-12-30T09:19:34+00:00\",\"dateModified\":\"2025-12-30T09:19:35+00:00\",\"description\":\"Automatic Surface Grinding Machine with Safety Cabinet prepares flat, smooth, and parallel specimen end surfaces safely and automatically, with water cooling and robust clamping.\",\"breadcrumb\":{\"@id\":\"https:\\\/\\\/darkorchid-cheetah-525435.hostingersite.com\\\/product\\\/automatic-grinding-machine-with-safety-cabinet-2\\\/#breadcrumb\"},\"inLanguage\":\"tr\",\"potentialAction\":[{\"@type\":\"ReadAction\",\"target\":[\"https:\\\/\\\/darkorchid-cheetah-525435.hostingersite.com\\\/product\\\/automatic-grinding-machine-with-safety-cabinet-2\\\/\"]}]},{\"@type\":\"BreadcrumbList\",\"@id\":\"https:\\\/\\\/darkorchid-cheetah-525435.hostingersite.com\\\/product\\\/automatic-grinding-machine-with-safety-cabinet-2\\\/#breadcrumb\",\"itemListElement\":[{\"@type\":\"ListItem\",\"position\":1,\"name\":\"Home\",\"item\":\"https:\\\/\\\/darkorchid-cheetah-525435.hostingersite.com\\\/\"},{\"@type\":\"ListItem\",\"position\":2,\"name\":\"\u0422\u043e\u0432\u0430\u0440\u044b\",\"item\":\"https:\\\/\\\/ykmtest.com\\\/ru\\\/shop\\\/\"},{\"@type\":\"ListItem\",\"position\":3,\"name\":\"Automatic Grinding Machine with Safety Cabinet\"}]},{\"@type\":\"WebSite\",\"@id\":\"https:\\\/\\\/darkorchid-cheetah-525435.hostingersite.com\\\/#website\",\"url\":\"https:\\\/\\\/darkorchid-cheetah-525435.hostingersite.com\\\/\",\"name\":\"YKM TEST\",\"description\":\"\",\"publisher\":{\"@id\":\"https:\\\/\\\/darkorchid-cheetah-525435.hostingersite.com\\\/#organization\"},\"potentialAction\":[{\"@type\":\"SearchAction\",\"target\":{\"@type\":\"EntryPoint\",\"urlTemplate\":\"https:\\\/\\\/darkorchid-cheetah-525435.hostingersite.com\\\/?s={search_term_string}\"},\"query-input\":{\"@type\":\"PropertyValueSpecification\",\"valueRequired\":true,\"valueName\":\"search_term_string\"}}],\"inLanguage\":\"tr\"},{\"@type\":[\"Organization\",\"Place\"],\"@id\":\"https:\\\/\\\/darkorchid-cheetah-525435.hostingersite.com\\\/#organization\",\"name\":\"YKM TEST\",\"url\":\"https:\\\/\\\/darkorchid-cheetah-525435.hostingersite.com\\\/\",\"logo\":{\"@id\":\"https:\\\/\\\/darkorchid-cheetah-525435.hostingersite.com\\\/product\\\/automatic-grinding-machine-with-safety-cabinet-2\\\/#local-main-organization-logo\"},\"image\":{\"@id\":\"https:\\\/\\\/darkorchid-cheetah-525435.hostingersite.com\\\/product\\\/automatic-grinding-machine-with-safety-cabinet-2\\\/#local-main-organization-logo\"},\"telephone\":[],\"openingHoursSpecification\":[{\"@type\":\"OpeningHoursSpecification\",\"dayOfWeek\":[\"Monday\",\"Tuesday\",\"Wednesday\",\"Thursday\",\"Friday\",\"Saturday\",\"Sunday\"],\"opens\":\"09:00\",\"closes\":\"17:00\"}]},{\"@type\":\"ImageObject\",\"inLanguage\":\"tr\",\"@id\":\"https:\\\/\\\/darkorchid-cheetah-525435.hostingersite.com\\\/product\\\/automatic-grinding-machine-with-safety-cabinet-2\\\/#local-main-organization-logo\",\"url\":\"https:\\\/\\\/ykmtest.com\\\/wp-content\\\/uploads\\\/2025\\\/10\\\/Asset-2@2x-8.png\",\"contentUrl\":\"https:\\\/\\\/ykmtest.com\\\/wp-content\\\/uploads\\\/2025\\\/10\\\/Asset-2@2x-8.png\",\"width\":1550,\"height\":323,\"caption\":\"YKM TEST\"}]}<\/script>\n<meta property=\"product:price:currency\" content=\"USD\" \/>\n<meta property=\"og:availability\" content=\"instock\" \/>\n<meta property=\"product:availability\" content=\"instock\" \/>\n<meta property=\"product:condition\" content=\"new\" \/>\n<!-- \/ Yoast SEO Premium plugin. -->","yoast_head_json":{"title":"Automatic Grinding Machine with Safety Cabinet - YKM TEST","description":"Automatic Surface Grinding Machine with Safety Cabinet prepares flat, smooth, and parallel specimen end surfaces safely and automatically, with water cooling and robust clamping.","robots":{"index":"index","follow":"follow","max-snippet":"max-snippet:-1","max-image-preview":"max-image-preview:large","max-video-preview":"max-video-preview:-1"},"canonical":"https:\/\/darkorchid-cheetah-525435.hostingersite.com\/product\/automatic-grinding-machine-with-safety-cabinet-2\/","og_locale":"tr_TR","og_type":"article","og_title":"Automatic Grinding Machine with Safety Cabinet","og_description":"Automatic Surface Grinding Machine with Safety Cabinet prepares flat, smooth, and parallel specimen end surfaces safely and automatically, with water cooling and robust clamping.","og_url":"https:\/\/darkorchid-cheetah-525435.hostingersite.com\/product\/automatic-grinding-machine-with-safety-cabinet-2\/","og_site_name":"YKM TEST","article_modified_time":"2025-12-30T09:19:35+00:00","twitter_card":"summary_large_image","twitter_misc":{"Fiyat":"","Durumu":"Stokta var"},"schema":{"@context":"https:\/\/schema.org","@graph":[{"@type":"WebPage","@id":"https:\/\/darkorchid-cheetah-525435.hostingersite.com\/product\/automatic-grinding-machine-with-safety-cabinet-2\/","url":"https:\/\/darkorchid-cheetah-525435.hostingersite.com\/product\/automatic-grinding-machine-with-safety-cabinet-2\/","name":"Automatic Grinding Machine with Safety Cabinet - YKM TEST","isPartOf":{"@id":"https:\/\/darkorchid-cheetah-525435.hostingersite.com\/#website"},"datePublished":"2025-12-30T09:19:34+00:00","dateModified":"2025-12-30T09:19:35+00:00","description":"Automatic Surface Grinding Machine with Safety Cabinet prepares flat, smooth, and parallel specimen end surfaces safely and automatically, with water cooling and robust clamping.","breadcrumb":{"@id":"https:\/\/darkorchid-cheetah-525435.hostingersite.com\/product\/automatic-grinding-machine-with-safety-cabinet-2\/#breadcrumb"},"inLanguage":"tr","potentialAction":[{"@type":"ReadAction","target":["https:\/\/darkorchid-cheetah-525435.hostingersite.com\/product\/automatic-grinding-machine-with-safety-cabinet-2\/"]}]},{"@type":"BreadcrumbList","@id":"https:\/\/darkorchid-cheetah-525435.hostingersite.com\/product\/automatic-grinding-machine-with-safety-cabinet-2\/#breadcrumb","itemListElement":[{"@type":"ListItem","position":1,"name":"Home","item":"https:\/\/darkorchid-cheetah-525435.hostingersite.com\/"},{"@type":"ListItem","position":2,"name":"\u0422\u043e\u0432\u0430\u0440\u044b","item":"https:\/\/ykmtest.com\/ru\/shop\/"},{"@type":"ListItem","position":3,"name":"Automatic Grinding Machine with Safety Cabinet"}]},{"@type":"WebSite","@id":"https:\/\/darkorchid-cheetah-525435.hostingersite.com\/#website","url":"https:\/\/darkorchid-cheetah-525435.hostingersite.com\/","name":"YKM TEST\u0130","description":"","publisher":{"@id":"https:\/\/darkorchid-cheetah-525435.hostingersite.com\/#organization"},"potentialAction":[{"@type":"SearchAction","target":{"@type":"EntryPoint","urlTemplate":"https:\/\/darkorchid-cheetah-525435.hostingersite.com\/?s={search_term_string}"},"query-input":{"@type":"PropertyValueSpecification","valueRequired":true,"valueName":"search_term_string"}}],"inLanguage":"tr"},{"@type":["Organization","Place"],"@id":"https:\/\/darkorchid-cheetah-525435.hostingersite.com\/#organization","name":"YKM TEST\u0130","url":"https:\/\/darkorchid-cheetah-525435.hostingersite.com\/","logo":{"@id":"https:\/\/darkorchid-cheetah-525435.hostingersite.com\/product\/automatic-grinding-machine-with-safety-cabinet-2\/#local-main-organization-logo"},"image":{"@id":"https:\/\/darkorchid-cheetah-525435.hostingersite.com\/product\/automatic-grinding-machine-with-safety-cabinet-2\/#local-main-organization-logo"},"telephone":[],"openingHoursSpecification":[{"@type":"OpeningHoursSpecification","dayOfWeek":["Monday","Tuesday","Wednesday","Thursday","Friday","Saturday","Sunday"],"opens":"09:00","closes":"17:00"}]},{"@type":"ImageObject","inLanguage":"tr","@id":"https:\/\/darkorchid-cheetah-525435.hostingersite.com\/product\/automatic-grinding-machine-with-safety-cabinet-2\/#local-main-organization-logo","url":"https:\/\/ykmtest.com\/wp-content\/uploads\/2025\/10\/Asset-2@2x-8.png","contentUrl":"https:\/\/ykmtest.com\/wp-content\/uploads\/2025\/10\/Asset-2@2x-8.png","width":1550,"height":323,"caption":"YKM TEST"}]},"product_price_currency":"USD","og_availability":"instock","product_availability":"instock","product_condition":"new"},"_links":{"self":[{"href":"https:\/\/ykmtest.com\/tr\/wp-json\/wp\/v2\/product\/11686","targetHints":{"allow":["GET"]}}],"collection":[{"href":"https:\/\/ykmtest.com\/tr\/wp-json\/wp\/v2\/product"}],"about":[{"href":"https:\/\/ykmtest.com\/tr\/wp-json\/wp\/v2\/types\/product"}],"version-history":[{"count":1,"href":"https:\/\/ykmtest.com\/tr\/wp-json\/wp\/v2\/product\/11686\/revisions"}],"predecessor-version":[{"id":11687,"href":"https:\/\/ykmtest.com\/tr\/wp-json\/wp\/v2\/product\/11686\/revisions\/11687"}],"wp:attachment":[{"href":"https:\/\/ykmtest.com\/tr\/wp-json\/wp\/v2\/media?parent=11686"}],"wp:term":[{"taxonomy":"product_brand","embeddable":true,"href":"https:\/\/ykmtest.com\/tr\/wp-json\/wp\/v2\/product_brand?post=11686"},{"taxonomy":"product_cat","embeddable":true,"href":"https:\/\/ykmtest.com\/tr\/wp-json\/wp\/v2\/product_cat?post=11686"},{"taxonomy":"product_tag","embeddable":true,"href":"https:\/\/ykmtest.com\/tr\/wp-json\/wp\/v2\/product_tag?post=11686"}],"curies":[{"name":"wp","href":"https:\/\/api.w.org\/{rel}","templated":true}]}}