{"id":11692,"date":"2025-12-30T10:57:56","date_gmt":"2025-12-30T10:57:56","guid":{"rendered":"https:\/\/ykmtest.com\/?post_type=product&#038;p=11692"},"modified":"2025-12-30T10:57:57","modified_gmt":"2025-12-30T10:57:57","slug":"indirect-tensile-test-apparatus-brazilian-test","status":"publish","type":"product","link":"https:\/\/ykmtest.com\/tr\/urun\/indirect-tensile-test-apparatus-brazilian-test\/","title":{"rendered":"Dolayl\u0131 \u00c7ekme Test Cihaz\u0131 (Brezilya Testi)"},"content":{"rendered":"<p>Brezilya Dolayl\u0131 \u00c7ekme Deneyi, do\u011frudan tek eksenli \u00e7ekme deneyi gerektirmeden kaya malzemesinin uygulanan gerilme alt\u0131ndaki \u00e7ekme davran\u0131\u015f\u0131n\u0131n incelenmesini sa\u011flar. Y\u00f6ntemde, silindirik bir kaya numunesi iki paralel y\u00fckleme plakas\u0131 aras\u0131na yerle\u015ftirilir ve dikey y\u00f6nde bas\u0131n\u00e7 kuvvetine maruz b\u0131rak\u0131l\u0131r. Uygulanan y\u00fck, numune i\u00e7inde \u00e7ekme gerilmeleri olu\u015fturarak numunenin \u00e7ap\u0131 boyunca ikiye ayr\u0131lmas\u0131na neden olur. K\u0131r\u0131lma y\u00fck\u00fc daha sonra kaya malzemesinin dolayl\u0131 \u00e7ekme dayan\u0131m\u0131n\u0131 (\u03c3t) hesaplamak i\u00e7in kullan\u0131l\u0131r. Cihaz, y\u00fcksek kaliteli metalden \u00fcretilmi\u015ftir ve test s\u0131ras\u0131nda merkezlenmi\u015f, p\u00fcr\u00fczs\u00fcz ve simetrik y\u00fck aktar\u0131m\u0131 sa\u011flamak i\u00e7in hassas bir \u015fekilde i\u015flenmi\u015ftir.<\/p>\n<p>Sistem \u015funlardan olu\u015fmaktad\u0131r:<\/p>\n<ul>\n<li>\u0130ki adet kavisli \u00e7elik y\u00fckleme \u00e7enesi<\/li>\n<li>Bir numune merkezleme mekanizmas\u0131<\/li>\n<li>Hassas hizalama pimleri<\/li>\n<li>Bir y\u00fck h\u00fccresi ve bir LVDT yer de\u011fi\u015ftirme sens\u00f6r\u00fc i\u00e7in iste\u011fe ba\u011fl\u0131 ba\u011flant\u0131 aray\u00fczleri<\/li>\n<\/ul>","protected":false},"excerpt":{"rendered":"<p class=\"p3\"><span lang=\"TR\">Brezilya Dolayl\u0131 \u00c7ekme Testi, kaya numunelerinin \u00e7ekme mukavemetini dolayl\u0131 olarak belirlemek i\u00e7in kullan\u0131lan bir test y\u00f6ntemidir.<\/span><\/p>","protected":false},"featured_media":0,"template":"","meta":{"_acf_changed":false},"product_brand":[],"product_cat":[204,201],"product_tag":[],"class_list":{"0":"post-11692","1":"product","2":"type-product","3":"status-publish","5":"product_cat-accessories-for-uniaxial-and-triaxial-testing","6":"product_cat-rock","9":"instock","10":"shipping-taxable","11":"product-type-simple"},"acf":[],"yoast_head":"<!-- This site is optimized with the Yoast SEO Premium plugin v26.5 (Yoast SEO v27.5) - https:\/\/yoast.com\/product\/yoast-seo-premium-wordpress\/ -->\n<title>Indirect Tensile Test Apparatus (Brazilian Test) - YKM TEST<\/title>\n<meta name=\"description\" content=\"Brazilian Indirect Tensile Test measures the tensile strength of rock specimens indirectly, providing accurate and repeatable results for laboratory rock mechanics studies.\" \/>\n<meta name=\"robots\" content=\"index, follow, max-snippet:-1, max-image-preview:large, max-video-preview:-1\" \/>\n<link rel=\"canonical\" href=\"https:\/\/darkorchid-cheetah-525435.hostingersite.com\/product\/indirect-tensile-test-apparatus-brazilian-test\/\" \/>\n<meta property=\"og:locale\" content=\"tr_TR\" \/>\n<meta property=\"og:type\" content=\"article\" \/>\n<meta property=\"og:title\" content=\"Indirect Tensile Test Apparatus (Brazilian Test)\" \/>\n<meta property=\"og:description\" content=\"Brazilian Indirect Tensile Test measures the tensile strength of rock specimens indirectly, providing accurate and repeatable results for laboratory rock mechanics studies.\" \/>\n<meta property=\"og:url\" content=\"https:\/\/darkorchid-cheetah-525435.hostingersite.com\/product\/indirect-tensile-test-apparatus-brazilian-test\/\" \/>\n<meta property=\"og:site_name\" content=\"YKM TEST\" \/>\n<meta property=\"article:modified_time\" content=\"2025-12-30T10:57:57+00:00\" \/>\n<meta name=\"twitter:card\" content=\"summary_large_image\" \/>\n<meta name=\"twitter:label1\" content=\"Fiyat\" \/>\n\t<meta name=\"twitter:data1\" content=\"\" \/>\n\t<meta name=\"twitter:label2\" content=\"Durumu\" \/>\n\t<meta name=\"twitter:data2\" content=\"Stokta var\" \/>\n<script type=\"application\/ld+json\" class=\"yoast-schema-graph\">{\"@context\":\"https:\\\/\\\/schema.org\",\"@graph\":[{\"@type\":\"WebPage\",\"@id\":\"https:\\\/\\\/darkorchid-cheetah-525435.hostingersite.com\\\/product\\\/indirect-tensile-test-apparatus-brazilian-test\\\/\",\"url\":\"https:\\\/\\\/darkorchid-cheetah-525435.hostingersite.com\\\/product\\\/indirect-tensile-test-apparatus-brazilian-test\\\/\",\"name\":\"Indirect Tensile Test Apparatus (Brazilian Test) - YKM TEST\",\"isPartOf\":{\"@id\":\"https:\\\/\\\/darkorchid-cheetah-525435.hostingersite.com\\\/#website\"},\"datePublished\":\"2025-12-30T10:57:56+00:00\",\"dateModified\":\"2025-12-30T10:57:57+00:00\",\"description\":\"Brazilian Indirect Tensile Test measures the tensile strength of rock specimens indirectly, providing accurate and repeatable results for laboratory rock mechanics studies.\",\"breadcrumb\":{\"@id\":\"https:\\\/\\\/darkorchid-cheetah-525435.hostingersite.com\\\/product\\\/indirect-tensile-test-apparatus-brazilian-test\\\/#breadcrumb\"},\"inLanguage\":\"tr\",\"potentialAction\":[{\"@type\":\"ReadAction\",\"target\":[\"https:\\\/\\\/darkorchid-cheetah-525435.hostingersite.com\\\/product\\\/indirect-tensile-test-apparatus-brazilian-test\\\/\"]}]},{\"@type\":\"BreadcrumbList\",\"@id\":\"https:\\\/\\\/darkorchid-cheetah-525435.hostingersite.com\\\/product\\\/indirect-tensile-test-apparatus-brazilian-test\\\/#breadcrumb\",\"itemListElement\":[{\"@type\":\"ListItem\",\"position\":1,\"name\":\"Home\",\"item\":\"https:\\\/\\\/darkorchid-cheetah-525435.hostingersite.com\\\/\"},{\"@type\":\"ListItem\",\"position\":2,\"name\":\"\u0422\u043e\u0432\u0430\u0440\u044b\",\"item\":\"https:\\\/\\\/ykmtest.com\\\/ru\\\/shop\\\/\"},{\"@type\":\"ListItem\",\"position\":3,\"name\":\"Indirect Tensile Test Apparatus (Brazilian Test)\"}]},{\"@type\":\"WebSite\",\"@id\":\"https:\\\/\\\/darkorchid-cheetah-525435.hostingersite.com\\\/#website\",\"url\":\"https:\\\/\\\/darkorchid-cheetah-525435.hostingersite.com\\\/\",\"name\":\"YKM TEST\",\"description\":\"\",\"publisher\":{\"@id\":\"https:\\\/\\\/darkorchid-cheetah-525435.hostingersite.com\\\/#organization\"},\"potentialAction\":[{\"@type\":\"SearchAction\",\"target\":{\"@type\":\"EntryPoint\",\"urlTemplate\":\"https:\\\/\\\/darkorchid-cheetah-525435.hostingersite.com\\\/?s={search_term_string}\"},\"query-input\":{\"@type\":\"PropertyValueSpecification\",\"valueRequired\":true,\"valueName\":\"search_term_string\"}}],\"inLanguage\":\"tr\"},{\"@type\":[\"Organization\",\"Place\"],\"@id\":\"https:\\\/\\\/darkorchid-cheetah-525435.hostingersite.com\\\/#organization\",\"name\":\"YKM TEST\",\"url\":\"https:\\\/\\\/darkorchid-cheetah-525435.hostingersite.com\\\/\",\"logo\":{\"@id\":\"https:\\\/\\\/darkorchid-cheetah-525435.hostingersite.com\\\/product\\\/indirect-tensile-test-apparatus-brazilian-test\\\/#local-main-organization-logo\"},\"image\":{\"@id\":\"https:\\\/\\\/darkorchid-cheetah-525435.hostingersite.com\\\/product\\\/indirect-tensile-test-apparatus-brazilian-test\\\/#local-main-organization-logo\"},\"telephone\":[],\"openingHoursSpecification\":[{\"@type\":\"OpeningHoursSpecification\",\"dayOfWeek\":[\"Monday\",\"Tuesday\",\"Wednesday\",\"Thursday\",\"Friday\",\"Saturday\",\"Sunday\"],\"opens\":\"09:00\",\"closes\":\"17:00\"}]},{\"@type\":\"ImageObject\",\"inLanguage\":\"tr\",\"@id\":\"https:\\\/\\\/darkorchid-cheetah-525435.hostingersite.com\\\/product\\\/indirect-tensile-test-apparatus-brazilian-test\\\/#local-main-organization-logo\",\"url\":\"https:\\\/\\\/ykmtest.com\\\/wp-content\\\/uploads\\\/2025\\\/10\\\/Asset-2@2x-8.png\",\"contentUrl\":\"https:\\\/\\\/ykmtest.com\\\/wp-content\\\/uploads\\\/2025\\\/10\\\/Asset-2@2x-8.png\",\"width\":1550,\"height\":323,\"caption\":\"YKM TEST\"}]}<\/script>\n<meta property=\"product:price:currency\" content=\"USD\" \/>\n<meta property=\"og:availability\" content=\"instock\" \/>\n<meta property=\"product:availability\" content=\"instock\" \/>\n<meta property=\"product:condition\" content=\"new\" \/>\n<!-- \/ Yoast SEO Premium plugin. -->","yoast_head_json":{"title":"Indirect Tensile Test Apparatus (Brazilian Test) - YKM TEST","description":"Brazilian Indirect Tensile Test measures the tensile strength of rock specimens indirectly, providing accurate and repeatable results for laboratory rock mechanics studies.","robots":{"index":"index","follow":"follow","max-snippet":"max-snippet:-1","max-image-preview":"max-image-preview:large","max-video-preview":"max-video-preview:-1"},"canonical":"https:\/\/darkorchid-cheetah-525435.hostingersite.com\/product\/indirect-tensile-test-apparatus-brazilian-test\/","og_locale":"tr_TR","og_type":"article","og_title":"Indirect Tensile Test Apparatus (Brazilian Test)","og_description":"Brazilian Indirect Tensile Test measures the tensile strength of rock specimens indirectly, providing accurate and repeatable results for laboratory rock mechanics studies.","og_url":"https:\/\/darkorchid-cheetah-525435.hostingersite.com\/product\/indirect-tensile-test-apparatus-brazilian-test\/","og_site_name":"YKM TEST","article_modified_time":"2025-12-30T10:57:57+00:00","twitter_card":"summary_large_image","twitter_misc":{"Fiyat":"","Durumu":"Stokta var"},"schema":{"@context":"https:\/\/schema.org","@graph":[{"@type":"WebPage","@id":"https:\/\/darkorchid-cheetah-525435.hostingersite.com\/product\/indirect-tensile-test-apparatus-brazilian-test\/","url":"https:\/\/darkorchid-cheetah-525435.hostingersite.com\/product\/indirect-tensile-test-apparatus-brazilian-test\/","name":"Indirect Tensile Test Apparatus (Brazilian Test) - YKM TEST","isPartOf":{"@id":"https:\/\/darkorchid-cheetah-525435.hostingersite.com\/#website"},"datePublished":"2025-12-30T10:57:56+00:00","dateModified":"2025-12-30T10:57:57+00:00","description":"Brazilian Indirect Tensile Test measures the tensile strength of rock specimens indirectly, providing accurate and repeatable results for laboratory rock mechanics studies.","breadcrumb":{"@id":"https:\/\/darkorchid-cheetah-525435.hostingersite.com\/product\/indirect-tensile-test-apparatus-brazilian-test\/#breadcrumb"},"inLanguage":"tr","potentialAction":[{"@type":"ReadAction","target":["https:\/\/darkorchid-cheetah-525435.hostingersite.com\/product\/indirect-tensile-test-apparatus-brazilian-test\/"]}]},{"@type":"BreadcrumbList","@id":"https:\/\/darkorchid-cheetah-525435.hostingersite.com\/product\/indirect-tensile-test-apparatus-brazilian-test\/#breadcrumb","itemListElement":[{"@type":"ListItem","position":1,"name":"Home","item":"https:\/\/darkorchid-cheetah-525435.hostingersite.com\/"},{"@type":"ListItem","position":2,"name":"\u0422\u043e\u0432\u0430\u0440\u044b","item":"https:\/\/ykmtest.com\/ru\/shop\/"},{"@type":"ListItem","position":3,"name":"Indirect Tensile Test Apparatus (Brazilian Test)"}]},{"@type":"WebSite","@id":"https:\/\/darkorchid-cheetah-525435.hostingersite.com\/#website","url":"https:\/\/darkorchid-cheetah-525435.hostingersite.com\/","name":"YKM TEST\u0130","description":"","publisher":{"@id":"https:\/\/darkorchid-cheetah-525435.hostingersite.com\/#organization"},"potentialAction":[{"@type":"SearchAction","target":{"@type":"EntryPoint","urlTemplate":"https:\/\/darkorchid-cheetah-525435.hostingersite.com\/?s={search_term_string}"},"query-input":{"@type":"PropertyValueSpecification","valueRequired":true,"valueName":"search_term_string"}}],"inLanguage":"tr"},{"@type":["Organization","Place"],"@id":"https:\/\/darkorchid-cheetah-525435.hostingersite.com\/#organization","name":"YKM TEST\u0130","url":"https:\/\/darkorchid-cheetah-525435.hostingersite.com\/","logo":{"@id":"https:\/\/darkorchid-cheetah-525435.hostingersite.com\/product\/indirect-tensile-test-apparatus-brazilian-test\/#local-main-organization-logo"},"image":{"@id":"https:\/\/darkorchid-cheetah-525435.hostingersite.com\/product\/indirect-tensile-test-apparatus-brazilian-test\/#local-main-organization-logo"},"telephone":[],"openingHoursSpecification":[{"@type":"OpeningHoursSpecification","dayOfWeek":["Monday","Tuesday","Wednesday","Thursday","Friday","Saturday","Sunday"],"opens":"09:00","closes":"17:00"}]},{"@type":"ImageObject","inLanguage":"tr","@id":"https:\/\/darkorchid-cheetah-525435.hostingersite.com\/product\/indirect-tensile-test-apparatus-brazilian-test\/#local-main-organization-logo","url":"https:\/\/ykmtest.com\/wp-content\/uploads\/2025\/10\/Asset-2@2x-8.png","contentUrl":"https:\/\/ykmtest.com\/wp-content\/uploads\/2025\/10\/Asset-2@2x-8.png","width":1550,"height":323,"caption":"YKM TEST"}]},"product_price_currency":"USD","og_availability":"instock","product_availability":"instock","product_condition":"new"},"_links":{"self":[{"href":"https:\/\/ykmtest.com\/tr\/wp-json\/wp\/v2\/product\/11692","targetHints":{"allow":["GET"]}}],"collection":[{"href":"https:\/\/ykmtest.com\/tr\/wp-json\/wp\/v2\/product"}],"about":[{"href":"https:\/\/ykmtest.com\/tr\/wp-json\/wp\/v2\/types\/product"}],"version-history":[{"count":1,"href":"https:\/\/ykmtest.com\/tr\/wp-json\/wp\/v2\/product\/11692\/revisions"}],"predecessor-version":[{"id":11693,"href":"https:\/\/ykmtest.com\/tr\/wp-json\/wp\/v2\/product\/11692\/revisions\/11693"}],"wp:attachment":[{"href":"https:\/\/ykmtest.com\/tr\/wp-json\/wp\/v2\/media?parent=11692"}],"wp:term":[{"taxonomy":"product_brand","embeddable":true,"href":"https:\/\/ykmtest.com\/tr\/wp-json\/wp\/v2\/product_brand?post=11692"},{"taxonomy":"product_cat","embeddable":true,"href":"https:\/\/ykmtest.com\/tr\/wp-json\/wp\/v2\/product_cat?post=11692"},{"taxonomy":"product_tag","embeddable":true,"href":"https:\/\/ykmtest.com\/tr\/wp-json\/wp\/v2\/product_tag?post=11692"}],"curies":[{"name":"wp","href":"https:\/\/api.w.org\/{rel}","templated":true}]}}