{"id":11696,"date":"2025-12-30T11:08:42","date_gmt":"2025-12-30T11:08:42","guid":{"rendered":"https:\/\/ykmtest.com\/?post_type=product&#038;p=11696"},"modified":"2025-12-30T11:08:43","modified_gmt":"2025-12-30T11:08:43","slug":"digital-point-load-test-apparatus","status":"publish","type":"product","link":"https:\/\/ykmtest.com\/tr\/urun\/digital-point-load-test-apparatus\/","title":{"rendered":"Dijital Nokta Y\u00fck Test Cihaz\u0131"},"content":{"rendered":"<p data-start=\"85\" data-end=\"1039\">Dijital Nokta Y\u00fck Test Cihaz\u0131, konsantre nokta y\u00fcklemesi alt\u0131nda kaya numunelerinin mukavemetini belirlemek i\u00e7in kullan\u0131lan bir laboratuvar cihaz\u0131d\u0131r. Test prensibi, numuneye iki y\u00fckleme noktas\u0131 aras\u0131nda lokalize bir y\u00fck uygulanmas\u0131na dayan\u0131r. Numune, \u00f6zel olarak tasarlanm\u0131\u015f y\u00fcksek sertlikteki y\u00fckleme konileri aras\u0131na yerle\u015ftirilir ve y\u00fck, hidrolik bir kriko kullan\u0131larak kontroll\u00fc bir \u015fekilde kademeli olarak art\u0131r\u0131l\u0131r. Ar\u0131zada kaydedilen maksimum y\u00fck, Nokta Y\u00fck \u0130ndeksini (Is) hesaplamak i\u00e7in kullan\u0131l\u0131r. Bu cihaz, \u00e7e\u015fitli boyut ve \u015fekillerdeki numuneleri bar\u0131nd\u0131racak \u015fekilde tasarlanm\u0131\u015ft\u0131r. Silindirik kaya \u00e7ekirdekleri, k\u00fcbik bloklar ve d\u00fczensiz par\u00e7alar bu cihazla kolayca test edilebilir. Dijital \u00f6l\u00e7\u00fcm \u00fcnitesi uygulanan y\u00fck\u00fc ger\u00e7ek zamanl\u0131 olarak g\u00f6sterir ve tepe-tutma ve dara fonksiyonlar\u0131 test sonu\u00e7lar\u0131n\u0131n hassas bir \u015fekilde de\u011ferlendirilmesini sa\u011flar. Sa\u011flam \u00e7elik \u00e7er\u00e7evesi, dayan\u0131kl\u0131 y\u00fckleme mekanizmas\u0131 ve kompakt yap\u0131s\u0131, laboratuvar ortamlar\u0131nda g\u00fcvenilir ve uzun s\u00fcreli kullan\u0131m sa\u011flar.<\/p>","protected":false},"excerpt":{"rendered":"<p class=\"p3\"><span lang=\"TR\">Dijital Noktasal Y\u00fck Test Cihaz\u0131, kaya numunelerinin konsantre noktasal y\u00fckleme alt\u0131nda dayan\u0131m\u0131n\u0131 belirlemek i\u00e7in kullan\u0131lan bir laboratuvar cihaz\u0131d\u0131r.<\/span><\/p>","protected":false},"featured_media":0,"template":"","meta":{"_acf_changed":false},"product_brand":[],"product_cat":[202,201],"product_tag":[],"class_list":{"0":"post-11696","1":"product","2":"type-product","3":"status-publish","5":"product_cat-classification-tests","6":"product_cat-rock","9":"instock","10":"shipping-taxable","11":"product-type-simple"},"acf":[],"yoast_head":"<!-- This site is optimized with the Yoast SEO Premium plugin v26.5 (Yoast SEO v26.5) - https:\/\/yoast.com\/wordpress\/plugins\/seo\/ -->\n<title>Digital Point Load Test Apparatus - YKM TEST<\/title>\n<meta name=\"description\" content=\"Digital Point Load Test Apparatus determines rock specimen strength under concentrated point loading, offering accurate, repeatable, and easy-to-read digital measurements.\" \/>\n<meta name=\"robots\" content=\"index, follow, max-snippet:-1, max-image-preview:large, max-video-preview:-1\" \/>\n<link rel=\"canonical\" href=\"https:\/\/ykmtest.com\/tr\/urun\/digital-point-load-test-apparatus\/\" \/>\n<meta property=\"og:locale\" content=\"tr_TR\" \/>\n<meta property=\"og:type\" content=\"article\" \/>\n<meta property=\"og:title\" content=\"Digital Point Load Test Apparatus\" \/>\n<meta property=\"og:description\" content=\"Digital Point Load Test Apparatus determines rock specimen strength under concentrated point loading, offering accurate, repeatable, and easy-to-read digital measurements.\" \/>\n<meta property=\"og:url\" content=\"https:\/\/ykmtest.com\/tr\/urun\/digital-point-load-test-apparatus\/\" \/>\n<meta property=\"og:site_name\" content=\"YKM TEST\" \/>\n<meta property=\"article:modified_time\" content=\"2025-12-30T11:08:43+00:00\" \/>\n<meta name=\"twitter:card\" content=\"summary_large_image\" \/>\n<meta name=\"twitter:label1\" content=\"Price\" \/>\n\t<meta name=\"twitter:data1\" content=\"\" \/>\n\t<meta name=\"twitter:label2\" content=\"Availability\" \/>\n\t<meta name=\"twitter:data2\" content=\"In stock\" \/>\n<script type=\"application\/ld+json\" class=\"yoast-schema-graph\">{\"@context\":\"https:\/\/schema.org\",\"@graph\":[{\"@type\":\"WebPage\",\"@id\":\"https:\/\/ykmtest.com\/product\/digital-point-load-test-apparatus\/\",\"url\":\"https:\/\/ykmtest.com\/product\/digital-point-load-test-apparatus\/\",\"name\":\"Digital Point Load Test Apparatus - YKM TEST\",\"isPartOf\":{\"@id\":\"https:\/\/ykmtest.com\/#website\"},\"datePublished\":\"2025-12-30T11:08:42+00:00\",\"dateModified\":\"2025-12-30T11:08:43+00:00\",\"description\":\"Digital Point Load Test Apparatus determines rock specimen strength under concentrated point loading, offering accurate, repeatable, and easy-to-read digital measurements.\",\"breadcrumb\":{\"@id\":\"https:\/\/ykmtest.com\/product\/digital-point-load-test-apparatus\/#breadcrumb\"},\"inLanguage\":\"tr\",\"potentialAction\":[{\"@type\":\"ReadAction\",\"target\":[\"https:\/\/ykmtest.com\/product\/digital-point-load-test-apparatus\/\"]}]},{\"@type\":\"BreadcrumbList\",\"@id\":\"https:\/\/ykmtest.com\/product\/digital-point-load-test-apparatus\/#breadcrumb\",\"itemListElement\":[{\"@type\":\"ListItem\",\"position\":1,\"name\":\"Home\",\"item\":\"https:\/\/ykmtest.com\/\"},{\"@type\":\"ListItem\",\"position\":2,\"name\":\"Products\",\"item\":\"https:\/\/ykmtest.com\/shop\/\"},{\"@type\":\"ListItem\",\"position\":3,\"name\":\"Digital Point Load Test Apparatus\"}]},{\"@type\":\"WebSite\",\"@id\":\"https:\/\/ykmtest.com\/#website\",\"url\":\"https:\/\/ykmtest.com\/\",\"name\":\"YKM TEST\",\"description\":\"\",\"publisher\":{\"@id\":\"https:\/\/ykmtest.com\/#organization\"},\"potentialAction\":[{\"@type\":\"SearchAction\",\"target\":{\"@type\":\"EntryPoint\",\"urlTemplate\":\"https:\/\/ykmtest.com\/?s={search_term_string}\"},\"query-input\":{\"@type\":\"PropertyValueSpecification\",\"valueRequired\":true,\"valueName\":\"search_term_string\"}}],\"inLanguage\":\"tr\"},{\"@type\":[\"Organization\",\"Place\"],\"@id\":\"https:\/\/ykmtest.com\/#organization\",\"name\":\"YKM TEST\",\"url\":\"https:\/\/ykmtest.com\/\",\"logo\":{\"@id\":\"https:\/\/ykmtest.com\/product\/digital-point-load-test-apparatus\/#local-main-organization-logo\"},\"image\":{\"@id\":\"https:\/\/ykmtest.com\/product\/digital-point-load-test-apparatus\/#local-main-organization-logo\"},\"telephone\":[],\"openingHoursSpecification\":[{\"@type\":\"OpeningHoursSpecification\",\"dayOfWeek\":[\"Monday\",\"Tuesday\",\"Wednesday\",\"Thursday\",\"Friday\",\"Saturday\",\"Sunday\"],\"opens\":\"09:00\",\"closes\":\"17:00\"}]},{\"@type\":\"ImageObject\",\"inLanguage\":\"tr\",\"@id\":\"https:\/\/ykmtest.com\/product\/digital-point-load-test-apparatus\/#local-main-organization-logo\",\"url\":\"https:\/\/ykmtest.com\/wp-content\/uploads\/2025\/10\/Asset-2@2x-8.png\",\"contentUrl\":\"https:\/\/ykmtest.com\/wp-content\/uploads\/2025\/10\/Asset-2@2x-8.png\",\"width\":1550,\"height\":323,\"caption\":\"YKM TEST\"}]}<\/script>\n<meta property=\"product:price:currency\" content=\"USD\" \/>\n<meta property=\"og:availability\" content=\"instock\" \/>\n<meta property=\"product:availability\" content=\"instock\" \/>\n<meta property=\"product:condition\" content=\"new\" \/>\n<!-- \/ Yoast SEO Premium plugin. -->","yoast_head_json":{"title":"Digital Point Load Test Apparatus - YKM TEST","description":"Digital Point Load Test Apparatus determines rock specimen strength under concentrated point loading, offering accurate, repeatable, and easy-to-read digital measurements.","robots":{"index":"index","follow":"follow","max-snippet":"max-snippet:-1","max-image-preview":"max-image-preview:large","max-video-preview":"max-video-preview:-1"},"canonical":"https:\/\/ykmtest.com\/tr\/urun\/digital-point-load-test-apparatus\/","og_locale":"tr_TR","og_type":"article","og_title":"Digital Point Load Test Apparatus","og_description":"Digital Point Load Test Apparatus determines rock specimen strength under concentrated point loading, offering accurate, repeatable, and easy-to-read digital measurements.","og_url":"https:\/\/ykmtest.com\/tr\/urun\/digital-point-load-test-apparatus\/","og_site_name":"YKM TEST","article_modified_time":"2025-12-30T11:08:43+00:00","twitter_card":"summary_large_image","twitter_misc":{"Price":"","Availability":"In stock"},"schema":{"@context":"https:\/\/schema.org","@graph":[{"@type":"WebPage","@id":"https:\/\/ykmtest.com\/product\/digital-point-load-test-apparatus\/","url":"https:\/\/ykmtest.com\/product\/digital-point-load-test-apparatus\/","name":"Digital Point Load Test Apparatus - YKM TEST","isPartOf":{"@id":"https:\/\/ykmtest.com\/#website"},"datePublished":"2025-12-30T11:08:42+00:00","dateModified":"2025-12-30T11:08:43+00:00","description":"Digital Point Load Test Apparatus determines rock specimen strength under concentrated point loading, offering accurate, repeatable, and easy-to-read digital measurements.","breadcrumb":{"@id":"https:\/\/ykmtest.com\/product\/digital-point-load-test-apparatus\/#breadcrumb"},"inLanguage":"tr","potentialAction":[{"@type":"ReadAction","target":["https:\/\/ykmtest.com\/product\/digital-point-load-test-apparatus\/"]}]},{"@type":"BreadcrumbList","@id":"https:\/\/ykmtest.com\/product\/digital-point-load-test-apparatus\/#breadcrumb","itemListElement":[{"@type":"ListItem","position":1,"name":"Home","item":"https:\/\/ykmtest.com\/"},{"@type":"ListItem","position":2,"name":"Products","item":"https:\/\/ykmtest.com\/shop\/"},{"@type":"ListItem","position":3,"name":"Digital Point Load Test Apparatus"}]},{"@type":"WebSite","@id":"https:\/\/ykmtest.com\/#website","url":"https:\/\/ykmtest.com\/","name":"YKM TEST\u0130","description":"","publisher":{"@id":"https:\/\/ykmtest.com\/#organization"},"potentialAction":[{"@type":"SearchAction","target":{"@type":"EntryPoint","urlTemplate":"https:\/\/ykmtest.com\/?s={search_term_string}"},"query-input":{"@type":"PropertyValueSpecification","valueRequired":true,"valueName":"search_term_string"}}],"inLanguage":"tr"},{"@type":["Organization","Place"],"@id":"https:\/\/ykmtest.com\/#organization","name":"YKM TEST\u0130","url":"https:\/\/ykmtest.com\/","logo":{"@id":"https:\/\/ykmtest.com\/product\/digital-point-load-test-apparatus\/#local-main-organization-logo"},"image":{"@id":"https:\/\/ykmtest.com\/product\/digital-point-load-test-apparatus\/#local-main-organization-logo"},"telephone":[],"openingHoursSpecification":[{"@type":"OpeningHoursSpecification","dayOfWeek":["Monday","Tuesday","Wednesday","Thursday","Friday","Saturday","Sunday"],"opens":"09:00","closes":"17:00"}]},{"@type":"ImageObject","inLanguage":"tr","@id":"https:\/\/ykmtest.com\/product\/digital-point-load-test-apparatus\/#local-main-organization-logo","url":"https:\/\/ykmtest.com\/wp-content\/uploads\/2025\/10\/Asset-2@2x-8.png","contentUrl":"https:\/\/ykmtest.com\/wp-content\/uploads\/2025\/10\/Asset-2@2x-8.png","width":1550,"height":323,"caption":"YKM TEST"}]},"product_price_currency":"USD","og_availability":"instock","product_availability":"instock","product_condition":"new"},"_links":{"self":[{"href":"https:\/\/ykmtest.com\/tr\/wp-json\/wp\/v2\/product\/11696","targetHints":{"allow":["GET"]}}],"collection":[{"href":"https:\/\/ykmtest.com\/tr\/wp-json\/wp\/v2\/product"}],"about":[{"href":"https:\/\/ykmtest.com\/tr\/wp-json\/wp\/v2\/types\/product"}],"version-history":[{"count":1,"href":"https:\/\/ykmtest.com\/tr\/wp-json\/wp\/v2\/product\/11696\/revisions"}],"predecessor-version":[{"id":11697,"href":"https:\/\/ykmtest.com\/tr\/wp-json\/wp\/v2\/product\/11696\/revisions\/11697"}],"wp:attachment":[{"href":"https:\/\/ykmtest.com\/tr\/wp-json\/wp\/v2\/media?parent=11696"}],"wp:term":[{"taxonomy":"product_brand","embeddable":true,"href":"https:\/\/ykmtest.com\/tr\/wp-json\/wp\/v2\/product_brand?post=11696"},{"taxonomy":"product_cat","embeddable":true,"href":"https:\/\/ykmtest.com\/tr\/wp-json\/wp\/v2\/product_cat?post=11696"},{"taxonomy":"product_tag","embeddable":true,"href":"https:\/\/ykmtest.com\/tr\/wp-json\/wp\/v2\/product_tag?post=11696"}],"curies":[{"name":"wp","href":"https:\/\/api.w.org\/{rel}","templated":true}]}}