{"id":11711,"date":"2025-12-30T13:16:43","date_gmt":"2025-12-30T13:16:43","guid":{"rendered":"https:\/\/ykmtest.com\/?post_type=product&#038;p=11711"},"modified":"2025-12-30T13:29:22","modified_gmt":"2025-12-30T13:29:22","slug":"multi-length-comparator-with-datalogger","status":"publish","type":"product","link":"https:\/\/ykmtest.com\/tr\/urun\/multi-length-comparator-with-datalogger\/","title":{"rendered":"Dataloggerl\u0131 \u00c7ok Uzunluklu Kar\u015f\u0131la\u015ft\u0131r\u0131c\u0131"},"content":{"rendered":"<p class=\"p3\"><span lang=\"TR\">Dataloggerl\u0131 \u00c7oklu Uzunluk Kar\u015f\u0131la\u015ft\u0131r\u0131c\u0131, \u00e7imento, har\u00e7 ve beton prizmalar\u0131n zamana ba\u011fl\u0131 uzunluk de\u011fi\u015fimini (b\u00fcz\u00fclme\/genle\u015fme) hassas bir \u015fekilde izlemek i\u00e7in tasarlanm\u0131\u015f \u00e7ok istasyonlu bir dijital kar\u015f\u0131la\u015ft\u0131r\u0131c\u0131 sistemidir. 0,001 mm \u00e7\u00f6z\u00fcn\u00fcrl\u00fckl\u00fc dijital sens\u00f6r, mikrometrik d\u00fczeydeki deformasyonu y\u00fcksek g\u00fcvenilirlikle yakalar. \u00c7ok istasyonlu mimari, birden fazla numunenin h\u0131zl\u0131 bir \u015fekilde \u00f6l\u00e7\u00fclmesini sa\u011flar; de\u011fi\u015ftirilebilir temas u\u00e7lar\u0131, 25\u00d725\u00d7285 mm har\u00e7 \u00e7ubuklar\u0131ndan 75\u00d775\u00d7285 mm beton prizmalara kadar yayg\u0131n numune boyutlar\u0131yla uyumluluk sa\u011flar. Harici bir veri kaydedici, her \u00f6l\u00e7\u00fcm\u00fc tarih-saat damgas\u0131, operat\u00f6r ve numune kimli\u011fi ile kaydeder; USB\/CSV aktar\u0131m\u0131 ve do\u011frudan yaz\u0131l\u0131m \u00e7\u0131k\u0131\u015f\u0131, neredeyse an\u0131nda kalite kontrol raporlamas\u0131 sa\u011flar. Opsiyonel s\u0131cakl\u0131k probu ile kullan\u0131ld\u0131\u011f\u0131nda, s\u0131cakl\u0131k etkilerinin geli\u015fmi\u015f analizlerini desteklemek i\u00e7in ortam ko\u015fullar\u0131 kaydedilir.<\/span><\/p>","protected":false},"excerpt":{"rendered":"<p>Dataloggerl\u0131 \u00c7ok Uzunluklu Kar\u015f\u0131la\u015ft\u0131r\u0131c\u0131, \u00e7imento, har\u00e7 ve beton prizmalar\u0131ndaki b\u00fcz\u00fclme veya genle\u015fmeyi \u00f6l\u00e7en, ayn\u0131 anda birden fazla numuneyi kaydeden ve kalite kontrol analizi i\u00e7in verileri g\u00fcnl\u00fc\u011fe kaydeden y\u00fcksek hassasiyetli bir dijital sistemdir.<\/p>","protected":false},"featured_media":0,"template":"","meta":{"_acf_changed":false},"product_brand":[],"product_cat":[159,165],"product_tag":[],"class_list":{"0":"post-11711","1":"product","2":"type-product","3":"status-publish","5":"product_cat-cement-mortar","6":"product_cat-shrinkage-and-expansion","9":"instock","10":"shipping-taxable","11":"product-type-simple"},"acf":[],"yoast_head":"<!-- This site is optimized with the Yoast SEO Premium plugin v26.5 (Yoast SEO v27.5) - https:\/\/yoast.com\/product\/yoast-seo-premium-wordpress\/ -->\n<title>Multi - Length Comparator with Datalogger - YKM TEST<\/title>\n<meta name=\"description\" content=\"Precision expansion and shrinkage moulds with coaxial gauge studs for accurate measurement of length change in cement, mortar, and concrete specimens in laboratory testing.\" \/>\n<meta name=\"robots\" content=\"index, follow, max-snippet:-1, max-image-preview:large, max-video-preview:-1\" \/>\n<link rel=\"canonical\" href=\"https:\/\/darkorchid-cheetah-525435.hostingersite.com\/product\/multi-length-comparator-with-datalogger\/\" \/>\n<meta property=\"og:locale\" content=\"tr_TR\" \/>\n<meta property=\"og:type\" content=\"article\" \/>\n<meta property=\"og:title\" content=\"Multi - Length Comparator with Datalogger\" \/>\n<meta property=\"og:description\" content=\"Precision expansion and shrinkage moulds with coaxial gauge studs for accurate measurement of length change in cement, mortar, and concrete specimens in laboratory testing.\" \/>\n<meta property=\"og:url\" content=\"https:\/\/darkorchid-cheetah-525435.hostingersite.com\/product\/multi-length-comparator-with-datalogger\/\" \/>\n<meta property=\"og:site_name\" content=\"YKM TEST\" \/>\n<meta property=\"article:modified_time\" content=\"2025-12-30T13:29:22+00:00\" \/>\n<meta name=\"twitter:card\" content=\"summary_large_image\" \/>\n<meta name=\"twitter:label1\" content=\"Fiyat\" \/>\n\t<meta name=\"twitter:data1\" content=\"\" \/>\n\t<meta name=\"twitter:label2\" content=\"Durumu\" \/>\n\t<meta name=\"twitter:data2\" content=\"Stokta var\" \/>\n<script type=\"application\/ld+json\" class=\"yoast-schema-graph\">{\"@context\":\"https:\\\/\\\/schema.org\",\"@graph\":[{\"@type\":\"WebPage\",\"@id\":\"https:\\\/\\\/darkorchid-cheetah-525435.hostingersite.com\\\/product\\\/multi-length-comparator-with-datalogger\\\/\",\"url\":\"https:\\\/\\\/darkorchid-cheetah-525435.hostingersite.com\\\/product\\\/multi-length-comparator-with-datalogger\\\/\",\"name\":\"Multi - Length Comparator with Datalogger - YKM TEST\",\"isPartOf\":{\"@id\":\"https:\\\/\\\/darkorchid-cheetah-525435.hostingersite.com\\\/#website\"},\"datePublished\":\"2025-12-30T13:16:43+00:00\",\"dateModified\":\"2025-12-30T13:29:22+00:00\",\"description\":\"Precision expansion and shrinkage moulds with coaxial gauge studs for accurate measurement of length change in cement, mortar, and concrete specimens in laboratory testing.\",\"breadcrumb\":{\"@id\":\"https:\\\/\\\/darkorchid-cheetah-525435.hostingersite.com\\\/product\\\/multi-length-comparator-with-datalogger\\\/#breadcrumb\"},\"inLanguage\":\"tr\",\"potentialAction\":[{\"@type\":\"ReadAction\",\"target\":[\"https:\\\/\\\/darkorchid-cheetah-525435.hostingersite.com\\\/product\\\/multi-length-comparator-with-datalogger\\\/\"]}]},{\"@type\":\"BreadcrumbList\",\"@id\":\"https:\\\/\\\/darkorchid-cheetah-525435.hostingersite.com\\\/product\\\/multi-length-comparator-with-datalogger\\\/#breadcrumb\",\"itemListElement\":[{\"@type\":\"ListItem\",\"position\":1,\"name\":\"Home\",\"item\":\"https:\\\/\\\/darkorchid-cheetah-525435.hostingersite.com\\\/\"},{\"@type\":\"ListItem\",\"position\":2,\"name\":\"\u0422\u043e\u0432\u0430\u0440\u044b\",\"item\":\"https:\\\/\\\/ykmtest.com\\\/ru\\\/shop\\\/\"},{\"@type\":\"ListItem\",\"position\":3,\"name\":\"Multi &#8211; Length Comparator with Datalogger\"}]},{\"@type\":\"WebSite\",\"@id\":\"https:\\\/\\\/darkorchid-cheetah-525435.hostingersite.com\\\/#website\",\"url\":\"https:\\\/\\\/darkorchid-cheetah-525435.hostingersite.com\\\/\",\"name\":\"YKM TEST\",\"description\":\"\",\"publisher\":{\"@id\":\"https:\\\/\\\/darkorchid-cheetah-525435.hostingersite.com\\\/#organization\"},\"potentialAction\":[{\"@type\":\"SearchAction\",\"target\":{\"@type\":\"EntryPoint\",\"urlTemplate\":\"https:\\\/\\\/darkorchid-cheetah-525435.hostingersite.com\\\/?s={search_term_string}\"},\"query-input\":{\"@type\":\"PropertyValueSpecification\",\"valueRequired\":true,\"valueName\":\"search_term_string\"}}],\"inLanguage\":\"tr\"},{\"@type\":[\"Organization\",\"Place\"],\"@id\":\"https:\\\/\\\/darkorchid-cheetah-525435.hostingersite.com\\\/#organization\",\"name\":\"YKM TEST\",\"url\":\"https:\\\/\\\/darkorchid-cheetah-525435.hostingersite.com\\\/\",\"logo\":{\"@id\":\"https:\\\/\\\/darkorchid-cheetah-525435.hostingersite.com\\\/product\\\/multi-length-comparator-with-datalogger\\\/#local-main-organization-logo\"},\"image\":{\"@id\":\"https:\\\/\\\/darkorchid-cheetah-525435.hostingersite.com\\\/product\\\/multi-length-comparator-with-datalogger\\\/#local-main-organization-logo\"},\"telephone\":[],\"openingHoursSpecification\":[{\"@type\":\"OpeningHoursSpecification\",\"dayOfWeek\":[\"Monday\",\"Tuesday\",\"Wednesday\",\"Thursday\",\"Friday\",\"Saturday\",\"Sunday\"],\"opens\":\"09:00\",\"closes\":\"17:00\"}]},{\"@type\":\"ImageObject\",\"inLanguage\":\"tr\",\"@id\":\"https:\\\/\\\/darkorchid-cheetah-525435.hostingersite.com\\\/product\\\/multi-length-comparator-with-datalogger\\\/#local-main-organization-logo\",\"url\":\"https:\\\/\\\/ykmtest.com\\\/wp-content\\\/uploads\\\/2025\\\/10\\\/Asset-2@2x-8.png\",\"contentUrl\":\"https:\\\/\\\/ykmtest.com\\\/wp-content\\\/uploads\\\/2025\\\/10\\\/Asset-2@2x-8.png\",\"width\":1550,\"height\":323,\"caption\":\"YKM TEST\"}]}<\/script>\n<meta property=\"product:price:currency\" content=\"USD\" \/>\n<meta property=\"og:availability\" content=\"instock\" \/>\n<meta property=\"product:availability\" content=\"instock\" \/>\n<meta property=\"product:condition\" content=\"new\" \/>\n<!-- \/ Yoast SEO Premium plugin. -->","yoast_head_json":{"title":"Multi - Length Comparator with Datalogger - YKM TEST","description":"Precision expansion and shrinkage moulds with coaxial gauge studs for accurate measurement of length change in cement, mortar, and concrete specimens in laboratory testing.","robots":{"index":"index","follow":"follow","max-snippet":"max-snippet:-1","max-image-preview":"max-image-preview:large","max-video-preview":"max-video-preview:-1"},"canonical":"https:\/\/darkorchid-cheetah-525435.hostingersite.com\/product\/multi-length-comparator-with-datalogger\/","og_locale":"tr_TR","og_type":"article","og_title":"Multi - Length Comparator with Datalogger","og_description":"Precision expansion and shrinkage moulds with coaxial gauge studs for accurate measurement of length change in cement, mortar, and concrete specimens in laboratory testing.","og_url":"https:\/\/darkorchid-cheetah-525435.hostingersite.com\/product\/multi-length-comparator-with-datalogger\/","og_site_name":"YKM TEST","article_modified_time":"2025-12-30T13:29:22+00:00","twitter_card":"summary_large_image","twitter_misc":{"Fiyat":"","Durumu":"Stokta var"},"schema":{"@context":"https:\/\/schema.org","@graph":[{"@type":"WebPage","@id":"https:\/\/darkorchid-cheetah-525435.hostingersite.com\/product\/multi-length-comparator-with-datalogger\/","url":"https:\/\/darkorchid-cheetah-525435.hostingersite.com\/product\/multi-length-comparator-with-datalogger\/","name":"Multi - Length Comparator with Datalogger - YKM TEST","isPartOf":{"@id":"https:\/\/darkorchid-cheetah-525435.hostingersite.com\/#website"},"datePublished":"2025-12-30T13:16:43+00:00","dateModified":"2025-12-30T13:29:22+00:00","description":"Precision expansion and shrinkage moulds with coaxial gauge studs for accurate measurement of length change in cement, mortar, and concrete specimens in laboratory testing.","breadcrumb":{"@id":"https:\/\/darkorchid-cheetah-525435.hostingersite.com\/product\/multi-length-comparator-with-datalogger\/#breadcrumb"},"inLanguage":"tr","potentialAction":[{"@type":"ReadAction","target":["https:\/\/darkorchid-cheetah-525435.hostingersite.com\/product\/multi-length-comparator-with-datalogger\/"]}]},{"@type":"BreadcrumbList","@id":"https:\/\/darkorchid-cheetah-525435.hostingersite.com\/product\/multi-length-comparator-with-datalogger\/#breadcrumb","itemListElement":[{"@type":"ListItem","position":1,"name":"Home","item":"https:\/\/darkorchid-cheetah-525435.hostingersite.com\/"},{"@type":"ListItem","position":2,"name":"\u0422\u043e\u0432\u0430\u0440\u044b","item":"https:\/\/ykmtest.com\/ru\/shop\/"},{"@type":"ListItem","position":3,"name":"Multi &#8211; Length Comparator with Datalogger"}]},{"@type":"WebSite","@id":"https:\/\/darkorchid-cheetah-525435.hostingersite.com\/#website","url":"https:\/\/darkorchid-cheetah-525435.hostingersite.com\/","name":"YKM TEST\u0130","description":"","publisher":{"@id":"https:\/\/darkorchid-cheetah-525435.hostingersite.com\/#organization"},"potentialAction":[{"@type":"SearchAction","target":{"@type":"EntryPoint","urlTemplate":"https:\/\/darkorchid-cheetah-525435.hostingersite.com\/?s={search_term_string}"},"query-input":{"@type":"PropertyValueSpecification","valueRequired":true,"valueName":"search_term_string"}}],"inLanguage":"tr"},{"@type":["Organization","Place"],"@id":"https:\/\/darkorchid-cheetah-525435.hostingersite.com\/#organization","name":"YKM TEST\u0130","url":"https:\/\/darkorchid-cheetah-525435.hostingersite.com\/","logo":{"@id":"https:\/\/darkorchid-cheetah-525435.hostingersite.com\/product\/multi-length-comparator-with-datalogger\/#local-main-organization-logo"},"image":{"@id":"https:\/\/darkorchid-cheetah-525435.hostingersite.com\/product\/multi-length-comparator-with-datalogger\/#local-main-organization-logo"},"telephone":[],"openingHoursSpecification":[{"@type":"OpeningHoursSpecification","dayOfWeek":["Monday","Tuesday","Wednesday","Thursday","Friday","Saturday","Sunday"],"opens":"09:00","closes":"17:00"}]},{"@type":"ImageObject","inLanguage":"tr","@id":"https:\/\/darkorchid-cheetah-525435.hostingersite.com\/product\/multi-length-comparator-with-datalogger\/#local-main-organization-logo","url":"https:\/\/ykmtest.com\/wp-content\/uploads\/2025\/10\/Asset-2@2x-8.png","contentUrl":"https:\/\/ykmtest.com\/wp-content\/uploads\/2025\/10\/Asset-2@2x-8.png","width":1550,"height":323,"caption":"YKM TEST"}]},"product_price_currency":"USD","og_availability":"instock","product_availability":"instock","product_condition":"new"},"_links":{"self":[{"href":"https:\/\/ykmtest.com\/tr\/wp-json\/wp\/v2\/product\/11711","targetHints":{"allow":["GET"]}}],"collection":[{"href":"https:\/\/ykmtest.com\/tr\/wp-json\/wp\/v2\/product"}],"about":[{"href":"https:\/\/ykmtest.com\/tr\/wp-json\/wp\/v2\/types\/product"}],"version-history":[{"count":1,"href":"https:\/\/ykmtest.com\/tr\/wp-json\/wp\/v2\/product\/11711\/revisions"}],"predecessor-version":[{"id":11712,"href":"https:\/\/ykmtest.com\/tr\/wp-json\/wp\/v2\/product\/11711\/revisions\/11712"}],"wp:attachment":[{"href":"https:\/\/ykmtest.com\/tr\/wp-json\/wp\/v2\/media?parent=11711"}],"wp:term":[{"taxonomy":"product_brand","embeddable":true,"href":"https:\/\/ykmtest.com\/tr\/wp-json\/wp\/v2\/product_brand?post=11711"},{"taxonomy":"product_cat","embeddable":true,"href":"https:\/\/ykmtest.com\/tr\/wp-json\/wp\/v2\/product_cat?post=11711"},{"taxonomy":"product_tag","embeddable":true,"href":"https:\/\/ykmtest.com\/tr\/wp-json\/wp\/v2\/product_tag?post=11711"}],"curies":[{"name":"wp","href":"https:\/\/api.w.org\/{rel}","templated":true}]}}