{"id":11747,"date":"2026-01-02T08:28:27","date_gmt":"2026-01-02T08:28:27","guid":{"rendered":"https:\/\/ykmtest.com\/?post_type=product&#038;p=11747"},"modified":"2026-01-02T08:28:28","modified_gmt":"2026-01-02T08:28:28","slug":"gillmore-apparatus","status":"publish","type":"product","link":"https:\/\/ykmtest.com\/tr\/urun\/gillmore-apparatus\/","title":{"rendered":"Gillmore Aparat\u0131"},"content":{"rendered":"<p class=\"p3\"><span lang=\"TR\">Gillmore aparat\u0131, hassas bir i\u011fne ve ta\u015f\u0131y\u0131c\u0131 mekanizmas\u0131 kullanarak hidrolik \u00e7imentonun ilk ve son priz s\u00fcrelerini tekrarlanabilir bir do\u011frulukla belirlemek i\u00e7in tasarlanm\u0131\u015ft\u0131r. Farkl\u0131 k\u00fctlelerde iki paslanmaz \u00e7elik i\u011fne, dengeli bir destek \u00e7er\u00e7evesi, cam plakalar ve y\u00fcksek stabiliteye sahip \u00e7elik bir tabandan olu\u015fur. Test prensibi, standartla\u015ft\u0131r\u0131lm\u0131\u015f boyutlara ve a\u011f\u0131rl\u0131klara sahip i\u011fneler taraf\u0131ndan temas ettirildi\u011finde taze \u00e7imento hamurunun penetrasyon veya y\u00fczey i\u015faretleme tepkisinin de\u011ferlendirilmesine dayanmaktad\u0131r. \u0130ki i\u011fne kullan\u0131l\u0131r: biri ilk priz i\u00e7in di\u011feri de son priz i\u00e7in. \u0130lk priz i\u011fnesi tipik olarak 2,12 mm u\u00e7 \u00e7ap\u0131na ve 113,4 g k\u00fctleye sahiptir. \u00c7imento hamuruna periyodik olarak uygulan\u0131r ve i\u011fne art\u0131k y\u00fczeyde g\u00f6r\u00fcn\u00fcr bir iz b\u0131rakmad\u0131\u011f\u0131nda ilk priz s\u00fcresi kaydedilir. Son ayar i\u011fnesinin u\u00e7 \u00e7ap\u0131 1,06 mm ve toplam k\u00fctlesi 453,6 g'd\u0131r. Bu daha a\u011f\u0131r i\u011fne de numune y\u00fczeyinde bir iz b\u0131rakmad\u0131\u011f\u0131nda son ayar s\u00fcresine ula\u015f\u0131l\u0131r.<\/span><\/p>","protected":false},"excerpt":{"rendered":"<p class=\"p1\"><span lang=\"TR\">Gillmore Aparat\u0131, macun y\u00fczeyine periyodik olarak uygulanan farkl\u0131 k\u00fctlelerde ve u\u00e7 \u00e7aplar\u0131nda iki standartla\u015ft\u0131r\u0131lm\u0131\u015f paslanmaz \u00e7elik i\u011fne kullanarak hidrolik \u00e7imentonun ilk ve son priz s\u00fcrelerini belirleyen hassas i\u011fne tabanl\u0131 bir test sistemidir.<\/span><\/p>","protected":false},"featured_media":0,"template":"","meta":{"_acf_changed":false},"product_brand":[],"product_cat":[159,168],"product_tag":[],"class_list":{"0":"post-11747","1":"product","2":"type-product","3":"status-publish","5":"product_cat-cement-mortar","6":"product_cat-setting-time-and-consistency","9":"instock","10":"shipping-taxable","11":"product-type-simple"},"acf":[],"yoast_head":"<!-- This site is optimized with the Yoast SEO Premium plugin v26.5 (Yoast SEO v27.5) - https:\/\/yoast.com\/product\/yoast-seo-premium-wordpress\/ -->\n<title>Gillmore Apparatus - YKM TEST<\/title>\n<meta name=\"description\" content=\"Gillmore Apparatus is a laboratory device used to determine the initial and final setting times of hydraulic cement using standardized needle penetration methods.\" \/>\n<meta name=\"robots\" content=\"index, follow, max-snippet:-1, max-image-preview:large, max-video-preview:-1\" \/>\n<link rel=\"canonical\" href=\"https:\/\/ykmtest.com\/tr\/urun\/gillmore-apparatus\/\" \/>\n<meta property=\"og:locale\" content=\"tr_TR\" \/>\n<meta property=\"og:type\" content=\"article\" \/>\n<meta property=\"og:title\" content=\"Gillmore Apparatus\" \/>\n<meta property=\"og:description\" content=\"Gillmore Apparatus is a laboratory device used to determine the initial and final setting times of hydraulic cement using standardized needle penetration methods.\" \/>\n<meta property=\"og:url\" content=\"https:\/\/ykmtest.com\/tr\/urun\/gillmore-apparatus\/\" \/>\n<meta property=\"og:site_name\" content=\"YKM TEST\" \/>\n<meta property=\"article:modified_time\" content=\"2026-01-02T08:28:28+00:00\" \/>\n<meta name=\"twitter:card\" content=\"summary_large_image\" \/>\n<meta name=\"twitter:label1\" content=\"Fiyat\" \/>\n\t<meta name=\"twitter:data1\" content=\"\" \/>\n\t<meta name=\"twitter:label2\" content=\"Durumu\" \/>\n\t<meta name=\"twitter:data2\" content=\"Stokta var\" \/>\n<script type=\"application\/ld+json\" class=\"yoast-schema-graph\">{\"@context\":\"https:\\\/\\\/schema.org\",\"@graph\":[{\"@type\":\"WebPage\",\"@id\":\"https:\\\/\\\/ykmtest.com\\\/product\\\/gillmore-apparatus\\\/\",\"url\":\"https:\\\/\\\/ykmtest.com\\\/product\\\/gillmore-apparatus\\\/\",\"name\":\"Gillmore Apparatus - YKM TEST\",\"isPartOf\":{\"@id\":\"https:\\\/\\\/darkorchid-cheetah-525435.hostingersite.com\\\/#website\"},\"datePublished\":\"2026-01-02T08:28:27+00:00\",\"dateModified\":\"2026-01-02T08:28:28+00:00\",\"description\":\"Gillmore Apparatus is a laboratory device used to determine the initial and final setting times of hydraulic cement using standardized needle penetration methods.\",\"breadcrumb\":{\"@id\":\"https:\\\/\\\/ykmtest.com\\\/product\\\/gillmore-apparatus\\\/#breadcrumb\"},\"inLanguage\":\"tr\",\"potentialAction\":[{\"@type\":\"ReadAction\",\"target\":[\"https:\\\/\\\/ykmtest.com\\\/product\\\/gillmore-apparatus\\\/\"]}]},{\"@type\":\"BreadcrumbList\",\"@id\":\"https:\\\/\\\/ykmtest.com\\\/product\\\/gillmore-apparatus\\\/#breadcrumb\",\"itemListElement\":[{\"@type\":\"ListItem\",\"position\":1,\"name\":\"Home\",\"item\":\"https:\\\/\\\/darkorchid-cheetah-525435.hostingersite.com\\\/\"},{\"@type\":\"ListItem\",\"position\":2,\"name\":\"\u0422\u043e\u0432\u0430\u0440\u044b\",\"item\":\"https:\\\/\\\/ykmtest.com\\\/ru\\\/shop\\\/\"},{\"@type\":\"ListItem\",\"position\":3,\"name\":\"Gillmore Apparatus\"}]},{\"@type\":\"WebSite\",\"@id\":\"https:\\\/\\\/darkorchid-cheetah-525435.hostingersite.com\\\/#website\",\"url\":\"https:\\\/\\\/darkorchid-cheetah-525435.hostingersite.com\\\/\",\"name\":\"YKM TEST\",\"description\":\"\",\"publisher\":{\"@id\":\"https:\\\/\\\/darkorchid-cheetah-525435.hostingersite.com\\\/#organization\"},\"potentialAction\":[{\"@type\":\"SearchAction\",\"target\":{\"@type\":\"EntryPoint\",\"urlTemplate\":\"https:\\\/\\\/darkorchid-cheetah-525435.hostingersite.com\\\/?s={search_term_string}\"},\"query-input\":{\"@type\":\"PropertyValueSpecification\",\"valueRequired\":true,\"valueName\":\"search_term_string\"}}],\"inLanguage\":\"tr\"},{\"@type\":[\"Organization\",\"Place\"],\"@id\":\"https:\\\/\\\/darkorchid-cheetah-525435.hostingersite.com\\\/#organization\",\"name\":\"YKM TEST\",\"url\":\"https:\\\/\\\/darkorchid-cheetah-525435.hostingersite.com\\\/\",\"logo\":{\"@id\":\"https:\\\/\\\/ykmtest.com\\\/product\\\/gillmore-apparatus\\\/#local-main-organization-logo\"},\"image\":{\"@id\":\"https:\\\/\\\/ykmtest.com\\\/product\\\/gillmore-apparatus\\\/#local-main-organization-logo\"},\"telephone\":[],\"openingHoursSpecification\":[{\"@type\":\"OpeningHoursSpecification\",\"dayOfWeek\":[\"Monday\",\"Tuesday\",\"Wednesday\",\"Thursday\",\"Friday\",\"Saturday\",\"Sunday\"],\"opens\":\"09:00\",\"closes\":\"17:00\"}]},{\"@type\":\"ImageObject\",\"inLanguage\":\"tr\",\"@id\":\"https:\\\/\\\/ykmtest.com\\\/product\\\/gillmore-apparatus\\\/#local-main-organization-logo\",\"url\":\"https:\\\/\\\/ykmtest.com\\\/wp-content\\\/uploads\\\/2025\\\/10\\\/Asset-2@2x-8.png\",\"contentUrl\":\"https:\\\/\\\/ykmtest.com\\\/wp-content\\\/uploads\\\/2025\\\/10\\\/Asset-2@2x-8.png\",\"width\":1550,\"height\":323,\"caption\":\"YKM TEST\"}]}<\/script>\n<meta property=\"product:price:currency\" content=\"USD\" \/>\n<meta property=\"og:availability\" content=\"instock\" \/>\n<meta property=\"product:availability\" content=\"instock\" \/>\n<meta property=\"product:condition\" content=\"new\" \/>\n<!-- \/ Yoast SEO Premium plugin. -->","yoast_head_json":{"title":"Gillmore Apparatus - YKM TEST","description":"Gillmore Apparatus is a laboratory device used to determine the initial and final setting times of hydraulic cement using standardized needle penetration methods.","robots":{"index":"index","follow":"follow","max-snippet":"max-snippet:-1","max-image-preview":"max-image-preview:large","max-video-preview":"max-video-preview:-1"},"canonical":"https:\/\/ykmtest.com\/tr\/urun\/gillmore-apparatus\/","og_locale":"tr_TR","og_type":"article","og_title":"Gillmore Apparatus","og_description":"Gillmore Apparatus is a laboratory device used to determine the initial and final setting times of hydraulic cement using standardized needle penetration methods.","og_url":"https:\/\/ykmtest.com\/tr\/urun\/gillmore-apparatus\/","og_site_name":"YKM TEST","article_modified_time":"2026-01-02T08:28:28+00:00","twitter_card":"summary_large_image","twitter_misc":{"Fiyat":"","Durumu":"Stokta var"},"schema":{"@context":"https:\/\/schema.org","@graph":[{"@type":"WebPage","@id":"https:\/\/ykmtest.com\/product\/gillmore-apparatus\/","url":"https:\/\/ykmtest.com\/product\/gillmore-apparatus\/","name":"Gillmore Apparatus - YKM TEST","isPartOf":{"@id":"https:\/\/darkorchid-cheetah-525435.hostingersite.com\/#website"},"datePublished":"2026-01-02T08:28:27+00:00","dateModified":"2026-01-02T08:28:28+00:00","description":"Gillmore Apparatus is a laboratory device used to determine the initial and final setting times of hydraulic cement using standardized needle penetration methods.","breadcrumb":{"@id":"https:\/\/ykmtest.com\/product\/gillmore-apparatus\/#breadcrumb"},"inLanguage":"tr","potentialAction":[{"@type":"ReadAction","target":["https:\/\/ykmtest.com\/product\/gillmore-apparatus\/"]}]},{"@type":"BreadcrumbList","@id":"https:\/\/ykmtest.com\/product\/gillmore-apparatus\/#breadcrumb","itemListElement":[{"@type":"ListItem","position":1,"name":"Home","item":"https:\/\/darkorchid-cheetah-525435.hostingersite.com\/"},{"@type":"ListItem","position":2,"name":"\u0422\u043e\u0432\u0430\u0440\u044b","item":"https:\/\/ykmtest.com\/ru\/shop\/"},{"@type":"ListItem","position":3,"name":"Gillmore Apparatus"}]},{"@type":"WebSite","@id":"https:\/\/darkorchid-cheetah-525435.hostingersite.com\/#website","url":"https:\/\/darkorchid-cheetah-525435.hostingersite.com\/","name":"YKM TEST\u0130","description":"","publisher":{"@id":"https:\/\/darkorchid-cheetah-525435.hostingersite.com\/#organization"},"potentialAction":[{"@type":"SearchAction","target":{"@type":"EntryPoint","urlTemplate":"https:\/\/darkorchid-cheetah-525435.hostingersite.com\/?s={search_term_string}"},"query-input":{"@type":"PropertyValueSpecification","valueRequired":true,"valueName":"search_term_string"}}],"inLanguage":"tr"},{"@type":["Organization","Place"],"@id":"https:\/\/darkorchid-cheetah-525435.hostingersite.com\/#organization","name":"YKM TEST\u0130","url":"https:\/\/darkorchid-cheetah-525435.hostingersite.com\/","logo":{"@id":"https:\/\/ykmtest.com\/product\/gillmore-apparatus\/#local-main-organization-logo"},"image":{"@id":"https:\/\/ykmtest.com\/product\/gillmore-apparatus\/#local-main-organization-logo"},"telephone":[],"openingHoursSpecification":[{"@type":"OpeningHoursSpecification","dayOfWeek":["Monday","Tuesday","Wednesday","Thursday","Friday","Saturday","Sunday"],"opens":"09:00","closes":"17:00"}]},{"@type":"ImageObject","inLanguage":"tr","@id":"https:\/\/ykmtest.com\/product\/gillmore-apparatus\/#local-main-organization-logo","url":"https:\/\/ykmtest.com\/wp-content\/uploads\/2025\/10\/Asset-2@2x-8.png","contentUrl":"https:\/\/ykmtest.com\/wp-content\/uploads\/2025\/10\/Asset-2@2x-8.png","width":1550,"height":323,"caption":"YKM TEST"}]},"product_price_currency":"USD","og_availability":"instock","product_availability":"instock","product_condition":"new"},"_links":{"self":[{"href":"https:\/\/ykmtest.com\/tr\/wp-json\/wp\/v2\/product\/11747","targetHints":{"allow":["GET"]}}],"collection":[{"href":"https:\/\/ykmtest.com\/tr\/wp-json\/wp\/v2\/product"}],"about":[{"href":"https:\/\/ykmtest.com\/tr\/wp-json\/wp\/v2\/types\/product"}],"version-history":[{"count":1,"href":"https:\/\/ykmtest.com\/tr\/wp-json\/wp\/v2\/product\/11747\/revisions"}],"predecessor-version":[{"id":11748,"href":"https:\/\/ykmtest.com\/tr\/wp-json\/wp\/v2\/product\/11747\/revisions\/11748"}],"wp:attachment":[{"href":"https:\/\/ykmtest.com\/tr\/wp-json\/wp\/v2\/media?parent=11747"}],"wp:term":[{"taxonomy":"product_brand","embeddable":true,"href":"https:\/\/ykmtest.com\/tr\/wp-json\/wp\/v2\/product_brand?post=11747"},{"taxonomy":"product_cat","embeddable":true,"href":"https:\/\/ykmtest.com\/tr\/wp-json\/wp\/v2\/product_cat?post=11747"},{"taxonomy":"product_tag","embeddable":true,"href":"https:\/\/ykmtest.com\/tr\/wp-json\/wp\/v2\/product_tag?post=11747"}],"curies":[{"name":"wp","href":"https:\/\/api.w.org\/{rel}","templated":true}]}}