{"id":11767,"date":"2026-01-02T13:09:53","date_gmt":"2026-01-02T13:09:53","guid":{"rendered":"https:\/\/ykmtest.com\/?post_type=product&#038;p=11767"},"modified":"2026-01-02T13:12:47","modified_gmt":"2026-01-02T13:12:47","slug":"manual-cement-compression-and-flexure-testing-machines","status":"publish","type":"product","link":"https:\/\/ykmtest.com\/tr\/urun\/manual-cement-compression-and-flexure-testing-machines\/","title":{"rendered":"Manuel \u00c7imento S\u0131k\u0131\u015ft\u0131rma ve E\u011fme Test Cihazlar\u0131"},"content":{"rendered":"<p>Manuel \u00e7imento s\u0131k\u0131\u015ft\u0131rma ve e\u011fme test cihazlar\u0131, \u00e7imento ve har\u00e7 numunelerinin bas\u0131n\u00e7 ve e\u011filme dayan\u0131m\u0131n\u0131 standartlara uygun ve tekrarlanabilir bir \u015fekilde \u00f6l\u00e7mek i\u00e7in tasarlanm\u0131\u015f profesyonel, el pompas\u0131yla \u00e7al\u0131\u015fan sistemlerdir. Sert, e\u011filmeye dayan\u0131kl\u0131 \u00e7elik \u00e7er\u00e7eve, k\u00fcresel oturakl\u0131 \u00fcst ba\u015fl\u0131k ve \u0131s\u0131l i\u015flem g\u00f6rm\u00fc\u015f, hassas ta\u015flanm\u0131\u015f y\u00fckleme plakalar\u0131 ile birlikte numune y\u00fczeyi boyunca e\u015fit y\u00fck aktar\u0131m\u0131 sa\u011flar. Elle \u00e7al\u0131\u015ft\u0131r\u0131lan hidrolik pompa ve ince ayarl\u0131 i\u011fne valfi, uygulanan y\u00fck\u00fcn analog bas\u0131n\u00e7 g\u00f6stergesi veya iste\u011fe ba\u011fl\u0131 dijital ekran arac\u0131l\u0131\u011f\u0131yla net bir \u015fekilde izlenmesiyle y\u00fck art\u0131\u015f h\u0131z\u0131n\u0131n (h\u0131z oran\u0131) hassas manuel kontrol\u00fcne izin verir. S\u0131k\u0131\u015ft\u0131rma kapasitesi se\u00e7enekleri 150 ila 300 kN aras\u0131nda de\u011fi\u015firken, e\u011fme testlerinde rulman destekli y\u00fckleme ba\u015fl\u0131klar\u0131 ile donat\u0131lm\u0131\u015f 10-15 kN kapasiteli \u00e7er\u00e7eveler kullan\u0131l\u0131r. \u00c7ift istasyonlu konfig\u00fcrasyonlarda, bir y\u00f6n valfi, s\u0131k\u0131\u015ft\u0131rma ve e\u011fme testi aras\u0131nda h\u0131zl\u0131 ge\u00e7i\u015f sa\u011flayarak tek bir g\u00fc\u00e7 \u00fcnitesi ile iki testin verimli bir \u015fekilde yap\u0131lmas\u0131na olanak tan\u0131r. E\u011fme ata\u015fman\u0131, \u00f6l\u00e7\u00fcm tekrarlanabilirli\u011fini art\u0131rmak i\u00e7in \u00fc\u00e7\u00fcnc\u00fc nokta y\u00fckleme sistemi, hizalama destekleri ve d\u00fc\u015f\u00fck s\u00fcrt\u00fcnmeli yataklara sahipken, s\u0131k\u0131\u015ft\u0131rma testi, k\u00fc\u00e7\u00fck har\u00e7 numunelerinde kenar ar\u0131zalar\u0131n\u0131 en aza indirmek i\u00e7in y\u00fcksek sertlikte \u00fcst ve alt plakalar kullan\u0131r. G\u00fcvenlik, \u015feffaf koruyucu kalkan\/kapak kilidi, bas\u0131n\u00e7 tahliye valfi ve acil durdurma mekanizmalar\u0131 ile sa\u011flan\u0131r. P\u00fcr\u00fczs\u00fcz, solvente dayan\u0131kl\u0131 boyal\u0131 y\u00fczeyler ve s\u0131zd\u0131rmaz hidrolik hatlar bak\u0131m maliyetlerini azalt\u0131rken, geni\u015f g\u00fcn \u0131\u015f\u0131\u011f\u0131 a\u00e7\u0131kl\u0131klar\u0131 ve h\u0131zl\u0131 ayarlanan mesafe par\u00e7alar\u0131 kal\u0131ptan numuneye de\u011fi\u015fiklikleri h\u0131zland\u0131r\u0131r. Makine mimarisi, 40\u00d740\u00d7160 mm prizmalar \u00fczerinde e\u011fme testleri ve yar\u0131m prizmalar \u00fczerinde s\u0131k\u0131\u015ft\u0131rma testleri i\u00e7in EN 196-1 \/ ISO 679'un yan\u0131 s\u0131ra ASTM C348 (e\u011fme), ASTM C349 (yar\u0131m prizmalar \u00fczerinde s\u0131k\u0131\u015ft\u0131rma) ve ASTM C109 (50 mm k\u00fcpler) uyar\u0131nca geli\u015ftirilmi\u015ftir. Manuel kontrol esnekli\u011fi, dayan\u0131kl\u0131 bir \u00e7er\u00e7eve ve hassas y\u00fckleme bile\u015fenlerinin kombinasyonu, kalite kontrol laboratuvarlar\u0131, e\u011fitim ve Ar-Ge uygulamalar\u0131 i\u00e7in g\u00fcvenilir, ekonomik ve uzun \u00f6m\u00fcrl\u00fc bir \u00e7\u00f6z\u00fcm sa\u011flar.<\/p>","protected":false},"excerpt":{"rendered":"<p>Manuel \u00c7imento S\u0131k\u0131\u015ft\u0131rma ve E\u011filme Test Cihazlar\u0131, \u00e7imento ve har\u00e7 numunelerinin bas\u0131n\u00e7 ve e\u011filme dayan\u0131m\u0131n\u0131n do\u011fru, standartlara uygun bir \u015fekilde belirlenmesi i\u00e7in tasarlanm\u0131\u015f elle \u00e7al\u0131\u015ft\u0131r\u0131lan hidrolik sistemlerdir.<\/p>","protected":false},"featured_media":0,"template":"","meta":{"_acf_changed":false},"product_brand":[],"product_cat":[159,164],"product_tag":[],"class_list":{"0":"post-11767","1":"product","2":"type-product","3":"status-publish","5":"product_cat-cement-mortar","6":"product_cat-compressive-strength-testing","9":"instock","10":"shipping-taxable","11":"product-type-simple"},"acf":[],"yoast_head":"<!-- This site is optimized with the Yoast SEO Premium plugin v26.5 (Yoast SEO v27.5) - https:\/\/yoast.com\/product\/yoast-seo-premium-wordpress\/ -->\n<title>Manual Cement Compression and Flexure Testing Machines - YKM TEST<\/title>\n<meta name=\"description\" content=\"Manual Cement Compression and Flexure Testing Machines provide accurate, hand-operated compressive and flexural strength testing of cement and mortar specimens in compliance with EN and ASTM standards.\" \/>\n<meta name=\"robots\" content=\"index, follow, max-snippet:-1, max-image-preview:large, max-video-preview:-1\" \/>\n<link rel=\"canonical\" href=\"https:\/\/darkorchid-cheetah-525435.hostingersite.com\/product\/manual-cement-compression-and-flexure-testing-machines\/\" \/>\n<meta property=\"og:locale\" content=\"tr_TR\" \/>\n<meta property=\"og:type\" content=\"article\" \/>\n<meta property=\"og:title\" content=\"Manual Cement Compression and Flexure Testing Machines\" \/>\n<meta property=\"og:description\" content=\"Manual Cement Compression and Flexure Testing Machines provide accurate, hand-operated compressive and flexural strength testing of cement and mortar specimens in compliance with EN and ASTM standards.\" \/>\n<meta property=\"og:url\" content=\"https:\/\/darkorchid-cheetah-525435.hostingersite.com\/product\/manual-cement-compression-and-flexure-testing-machines\/\" \/>\n<meta property=\"og:site_name\" content=\"YKM TEST\" \/>\n<meta property=\"article:modified_time\" content=\"2026-01-02T13:12:47+00:00\" \/>\n<meta name=\"twitter:card\" content=\"summary_large_image\" \/>\n<meta name=\"twitter:label1\" content=\"Fiyat\" \/>\n\t<meta name=\"twitter:data1\" content=\"\" \/>\n\t<meta name=\"twitter:label2\" content=\"Durumu\" \/>\n\t<meta name=\"twitter:data2\" content=\"Stokta var\" \/>\n<script type=\"application\/ld+json\" class=\"yoast-schema-graph\">{\"@context\":\"https:\\\/\\\/schema.org\",\"@graph\":[{\"@type\":\"WebPage\",\"@id\":\"https:\\\/\\\/darkorchid-cheetah-525435.hostingersite.com\\\/product\\\/manual-cement-compression-and-flexure-testing-machines\\\/\",\"url\":\"https:\\\/\\\/darkorchid-cheetah-525435.hostingersite.com\\\/product\\\/manual-cement-compression-and-flexure-testing-machines\\\/\",\"name\":\"Manual Cement Compression and Flexure Testing Machines - YKM TEST\",\"isPartOf\":{\"@id\":\"https:\\\/\\\/darkorchid-cheetah-525435.hostingersite.com\\\/#website\"},\"datePublished\":\"2026-01-02T13:09:53+00:00\",\"dateModified\":\"2026-01-02T13:12:47+00:00\",\"description\":\"Manual Cement Compression and Flexure Testing Machines provide accurate, hand-operated compressive and flexural strength testing of cement and mortar specimens in compliance with EN and ASTM standards.\",\"breadcrumb\":{\"@id\":\"https:\\\/\\\/darkorchid-cheetah-525435.hostingersite.com\\\/product\\\/manual-cement-compression-and-flexure-testing-machines\\\/#breadcrumb\"},\"inLanguage\":\"tr\",\"potentialAction\":[{\"@type\":\"ReadAction\",\"target\":[\"https:\\\/\\\/darkorchid-cheetah-525435.hostingersite.com\\\/product\\\/manual-cement-compression-and-flexure-testing-machines\\\/\"]}]},{\"@type\":\"BreadcrumbList\",\"@id\":\"https:\\\/\\\/darkorchid-cheetah-525435.hostingersite.com\\\/product\\\/manual-cement-compression-and-flexure-testing-machines\\\/#breadcrumb\",\"itemListElement\":[{\"@type\":\"ListItem\",\"position\":1,\"name\":\"Home\",\"item\":\"https:\\\/\\\/darkorchid-cheetah-525435.hostingersite.com\\\/\"},{\"@type\":\"ListItem\",\"position\":2,\"name\":\"\u0422\u043e\u0432\u0430\u0440\u044b\",\"item\":\"https:\\\/\\\/ykmtest.com\\\/ru\\\/shop\\\/\"},{\"@type\":\"ListItem\",\"position\":3,\"name\":\"Manual Cement Compression and Flexure Testing Machines\"}]},{\"@type\":\"WebSite\",\"@id\":\"https:\\\/\\\/darkorchid-cheetah-525435.hostingersite.com\\\/#website\",\"url\":\"https:\\\/\\\/darkorchid-cheetah-525435.hostingersite.com\\\/\",\"name\":\"YKM TEST\",\"description\":\"\",\"publisher\":{\"@id\":\"https:\\\/\\\/darkorchid-cheetah-525435.hostingersite.com\\\/#organization\"},\"potentialAction\":[{\"@type\":\"SearchAction\",\"target\":{\"@type\":\"EntryPoint\",\"urlTemplate\":\"https:\\\/\\\/darkorchid-cheetah-525435.hostingersite.com\\\/?s={search_term_string}\"},\"query-input\":{\"@type\":\"PropertyValueSpecification\",\"valueRequired\":true,\"valueName\":\"search_term_string\"}}],\"inLanguage\":\"tr\"},{\"@type\":[\"Organization\",\"Place\"],\"@id\":\"https:\\\/\\\/darkorchid-cheetah-525435.hostingersite.com\\\/#organization\",\"name\":\"YKM TEST\",\"url\":\"https:\\\/\\\/darkorchid-cheetah-525435.hostingersite.com\\\/\",\"logo\":{\"@id\":\"https:\\\/\\\/darkorchid-cheetah-525435.hostingersite.com\\\/product\\\/manual-cement-compression-and-flexure-testing-machines\\\/#local-main-organization-logo\"},\"image\":{\"@id\":\"https:\\\/\\\/darkorchid-cheetah-525435.hostingersite.com\\\/product\\\/manual-cement-compression-and-flexure-testing-machines\\\/#local-main-organization-logo\"},\"telephone\":[],\"openingHoursSpecification\":[{\"@type\":\"OpeningHoursSpecification\",\"dayOfWeek\":[\"Monday\",\"Tuesday\",\"Wednesday\",\"Thursday\",\"Friday\",\"Saturday\",\"Sunday\"],\"opens\":\"09:00\",\"closes\":\"17:00\"}]},{\"@type\":\"ImageObject\",\"inLanguage\":\"tr\",\"@id\":\"https:\\\/\\\/darkorchid-cheetah-525435.hostingersite.com\\\/product\\\/manual-cement-compression-and-flexure-testing-machines\\\/#local-main-organization-logo\",\"url\":\"https:\\\/\\\/ykmtest.com\\\/wp-content\\\/uploads\\\/2025\\\/10\\\/Asset-2@2x-8.png\",\"contentUrl\":\"https:\\\/\\\/ykmtest.com\\\/wp-content\\\/uploads\\\/2025\\\/10\\\/Asset-2@2x-8.png\",\"width\":1550,\"height\":323,\"caption\":\"YKM TEST\"}]}<\/script>\n<meta property=\"product:price:currency\" content=\"USD\" \/>\n<meta property=\"og:availability\" content=\"instock\" \/>\n<meta property=\"product:availability\" content=\"instock\" \/>\n<meta property=\"product:condition\" content=\"new\" \/>\n<!-- \/ Yoast SEO Premium plugin. -->","yoast_head_json":{"title":"Manual Cement Compression and Flexure Testing Machines - YKM TEST","description":"Manual Cement Compression and Flexure Testing Machines provide accurate, hand-operated compressive and flexural strength testing of cement and mortar specimens in compliance with EN and ASTM standards.","robots":{"index":"index","follow":"follow","max-snippet":"max-snippet:-1","max-image-preview":"max-image-preview:large","max-video-preview":"max-video-preview:-1"},"canonical":"https:\/\/darkorchid-cheetah-525435.hostingersite.com\/product\/manual-cement-compression-and-flexure-testing-machines\/","og_locale":"tr_TR","og_type":"article","og_title":"Manual Cement Compression and Flexure Testing Machines","og_description":"Manual Cement Compression and Flexure Testing Machines provide accurate, hand-operated compressive and flexural strength testing of cement and mortar specimens in compliance with EN and ASTM standards.","og_url":"https:\/\/darkorchid-cheetah-525435.hostingersite.com\/product\/manual-cement-compression-and-flexure-testing-machines\/","og_site_name":"YKM TEST","article_modified_time":"2026-01-02T13:12:47+00:00","twitter_card":"summary_large_image","twitter_misc":{"Fiyat":"","Durumu":"Stokta var"},"schema":{"@context":"https:\/\/schema.org","@graph":[{"@type":"WebPage","@id":"https:\/\/darkorchid-cheetah-525435.hostingersite.com\/product\/manual-cement-compression-and-flexure-testing-machines\/","url":"https:\/\/darkorchid-cheetah-525435.hostingersite.com\/product\/manual-cement-compression-and-flexure-testing-machines\/","name":"Manual Cement Compression and Flexure Testing Machines - YKM TEST","isPartOf":{"@id":"https:\/\/darkorchid-cheetah-525435.hostingersite.com\/#website"},"datePublished":"2026-01-02T13:09:53+00:00","dateModified":"2026-01-02T13:12:47+00:00","description":"Manual Cement Compression and Flexure Testing Machines provide accurate, hand-operated compressive and flexural strength testing of cement and mortar specimens in compliance with EN and ASTM standards.","breadcrumb":{"@id":"https:\/\/darkorchid-cheetah-525435.hostingersite.com\/product\/manual-cement-compression-and-flexure-testing-machines\/#breadcrumb"},"inLanguage":"tr","potentialAction":[{"@type":"ReadAction","target":["https:\/\/darkorchid-cheetah-525435.hostingersite.com\/product\/manual-cement-compression-and-flexure-testing-machines\/"]}]},{"@type":"BreadcrumbList","@id":"https:\/\/darkorchid-cheetah-525435.hostingersite.com\/product\/manual-cement-compression-and-flexure-testing-machines\/#breadcrumb","itemListElement":[{"@type":"ListItem","position":1,"name":"Home","item":"https:\/\/darkorchid-cheetah-525435.hostingersite.com\/"},{"@type":"ListItem","position":2,"name":"\u0422\u043e\u0432\u0430\u0440\u044b","item":"https:\/\/ykmtest.com\/ru\/shop\/"},{"@type":"ListItem","position":3,"name":"Manual Cement Compression and Flexure Testing Machines"}]},{"@type":"WebSite","@id":"https:\/\/darkorchid-cheetah-525435.hostingersite.com\/#website","url":"https:\/\/darkorchid-cheetah-525435.hostingersite.com\/","name":"YKM TEST\u0130","description":"","publisher":{"@id":"https:\/\/darkorchid-cheetah-525435.hostingersite.com\/#organization"},"potentialAction":[{"@type":"SearchAction","target":{"@type":"EntryPoint","urlTemplate":"https:\/\/darkorchid-cheetah-525435.hostingersite.com\/?s={search_term_string}"},"query-input":{"@type":"PropertyValueSpecification","valueRequired":true,"valueName":"search_term_string"}}],"inLanguage":"tr"},{"@type":["Organization","Place"],"@id":"https:\/\/darkorchid-cheetah-525435.hostingersite.com\/#organization","name":"YKM TEST\u0130","url":"https:\/\/darkorchid-cheetah-525435.hostingersite.com\/","logo":{"@id":"https:\/\/darkorchid-cheetah-525435.hostingersite.com\/product\/manual-cement-compression-and-flexure-testing-machines\/#local-main-organization-logo"},"image":{"@id":"https:\/\/darkorchid-cheetah-525435.hostingersite.com\/product\/manual-cement-compression-and-flexure-testing-machines\/#local-main-organization-logo"},"telephone":[],"openingHoursSpecification":[{"@type":"OpeningHoursSpecification","dayOfWeek":["Monday","Tuesday","Wednesday","Thursday","Friday","Saturday","Sunday"],"opens":"09:00","closes":"17:00"}]},{"@type":"ImageObject","inLanguage":"tr","@id":"https:\/\/darkorchid-cheetah-525435.hostingersite.com\/product\/manual-cement-compression-and-flexure-testing-machines\/#local-main-organization-logo","url":"https:\/\/ykmtest.com\/wp-content\/uploads\/2025\/10\/Asset-2@2x-8.png","contentUrl":"https:\/\/ykmtest.com\/wp-content\/uploads\/2025\/10\/Asset-2@2x-8.png","width":1550,"height":323,"caption":"YKM TEST"}]},"product_price_currency":"USD","og_availability":"instock","product_availability":"instock","product_condition":"new"},"_links":{"self":[{"href":"https:\/\/ykmtest.com\/tr\/wp-json\/wp\/v2\/product\/11767","targetHints":{"allow":["GET"]}}],"collection":[{"href":"https:\/\/ykmtest.com\/tr\/wp-json\/wp\/v2\/product"}],"about":[{"href":"https:\/\/ykmtest.com\/tr\/wp-json\/wp\/v2\/types\/product"}],"version-history":[{"count":2,"href":"https:\/\/ykmtest.com\/tr\/wp-json\/wp\/v2\/product\/11767\/revisions"}],"predecessor-version":[{"id":11769,"href":"https:\/\/ykmtest.com\/tr\/wp-json\/wp\/v2\/product\/11767\/revisions\/11769"}],"wp:attachment":[{"href":"https:\/\/ykmtest.com\/tr\/wp-json\/wp\/v2\/media?parent=11767"}],"wp:term":[{"taxonomy":"product_brand","embeddable":true,"href":"https:\/\/ykmtest.com\/tr\/wp-json\/wp\/v2\/product_brand?post=11767"},{"taxonomy":"product_cat","embeddable":true,"href":"https:\/\/ykmtest.com\/tr\/wp-json\/wp\/v2\/product_cat?post=11767"},{"taxonomy":"product_tag","embeddable":true,"href":"https:\/\/ykmtest.com\/tr\/wp-json\/wp\/v2\/product_tag?post=11767"}],"curies":[{"name":"wp","href":"https:\/\/api.w.org\/{rel}","templated":true}]}}