{"id":11794,"date":"2026-01-05T07:16:52","date_gmt":"2026-01-05T07:16:52","guid":{"rendered":"https:\/\/ykmtest.com\/?post_type=product&#038;p=11794"},"modified":"2026-01-05T07:16:53","modified_gmt":"2026-01-05T07:16:53","slug":"plunger-penetration-apparatus","status":"publish","type":"product","link":"https:\/\/ykmtest.com\/tr\/urun\/plunger-penetration-apparatus\/","title":{"rendered":"Pistonlu Penetrasyon Aparat\u0131"},"content":{"rendered":"<p>Pistonlu Penetrasyon Aparat\u0131, taze duvar har\u00e7lar\u0131n\u0131n k\u0131vam\u0131n\u0131 (i\u015flenebilirli\u011fini) h\u0131zl\u0131, g\u00fcvenilir ve tekrarlanabilir bir \u015fekilde belirlemek i\u00e7in tasarlanm\u0131\u015f profesyonel bir penetrasyon cihaz\u0131d\u0131r. Rijit \u015fasi ve d\u00fc\u015f\u00fck s\u00fcrt\u00fcnmeli dikey k\u0131lavuz, pistonun serbest hareketle m\u00fckemmel bir dikey yol boyunca ilerlemesini sa\u011flayarak operat\u00f6r kaynakl\u0131 hatalar\u0131 en aza indirir ve partiler aras\u0131nda tutarl\u0131 \u00f6l\u00e7\u00fcmler sa\u011flar. Y\u00fcksek kontrastl\u0131, milimetre \u00f6l\u00e7ekli g\u00f6sterge penetrasyon derinli\u011finin hassas bir \u015fekilde okunmas\u0131n\u0131 sa\u011flarken, kilitleme\/s\u0131f\u0131rlama mekanizmas\u0131 her testten \u00f6nce h\u0131zl\u0131 ilk konumland\u0131rmay\u0131 m\u00fcmk\u00fcn k\u0131lar. Standartlarda belirtilen geometri ve k\u00fctle ile \u00fcretilen ve p\u00fcr\u00fczs\u00fcz, i\u015flenmi\u015f bir y\u00fczeye sahip olan piston, numuneyi rahats\u0131z etmeden \u00f6l\u00e7\u00fcmleri ger\u00e7ekle\u015ftirir. Sa\u011flam numune kab\u0131 ve hizalama destekleri numuneyi merkezde tutarak e\u015fit temas sa\u011flar. Korozyona dayan\u0131kl\u0131 kaplamalar, p\u00fcr\u00fczs\u00fcz \u00e7izgiler ve kolayca s\u00f6k\u00fclebilen piston-kap bile\u015fenleri temizlik s\u00fcresini azalt\u0131r. Ayarlanabilir dengeleme ayaklar\u0131 ve geni\u015f taban, titre\u015fimlerin \u00f6l\u00e7\u00fcm \u00fczerindeki etkisini en aza indirir. Opsiyonel aksesuarlar aras\u0131nda bir numune haz\u0131rlama hunisi, y\u00fczey tesviye b\u0131\u00e7a\u011f\u0131, zamanlay\u0131c\u0131 ve s\u0131cakl\u0131k ve nem i\u00e7in \u00e7evresel izleme mod\u00fcl\u00fc yer al\u0131r ve tutarl\u0131l\u0131k \u00f6l\u00e7\u00fcmlerinin kalite y\u00f6netimi prosed\u00fcrlerine kolayca entegre edilmesini sa\u011flar. Cihaz mimarisi, EN 1015-4'e uygun olarak boyutsal do\u011fruluk, dikey k\u0131lavuzluk ve okuma hassasiyeti sa\u011flayarak piston penetrasyonu yoluyla taze har\u00e7 k\u0131vam\u0131n\u0131 belirleme gereksinimlerini kar\u015f\u0131lamak \u00fczere geli\u015ftirilmi\u015ftir. Piston Penetrasyon Aparat\u0131, \u00fcretim kalite kontrol\u00fc, kabul testleri ve katk\u0131 veya kar\u0131\u015f\u0131m kar\u015f\u0131la\u015ft\u0131rmalar\u0131 i\u00e7in standartlara uygun, kar\u015f\u0131la\u015ft\u0131r\u0131labilir ve raporlanabilir sonu\u00e7lar sunar.<\/p>","protected":false},"excerpt":{"rendered":"<p>Pistonlu Penetrasyon Aparat\u0131, d\u00fc\u015f\u00fck s\u00fcrt\u00fcnmeli dikey y\u00f6nlendirme sistemi ve y\u00fcksek kontrastl\u0131 penetrasyon \u00f6l\u00e7e\u011fi kullanarak taze harc\u0131n k\u0131vam\u0131n\u0131 (i\u015flenebilirli\u011fini) h\u0131zl\u0131, g\u00fcvenilir ve tekrarlanabilir bir \u015fekilde \u00f6l\u00e7mek i\u00e7in tasarlanm\u0131\u015f y\u00fcksek hassasiyetli, EN 1015-4 uyumlu bir cihazd\u0131r.<\/p>","protected":false},"featured_media":0,"template":"","meta":{"_acf_changed":false},"product_brand":[],"product_cat":[159,170],"product_tag":[],"class_list":{"0":"post-11794","1":"product","2":"type-product","3":"status-publish","5":"product_cat-cement-mortar","6":"product_cat-lime-and-grout-test","9":"instock","10":"shipping-taxable","11":"product-type-simple"},"acf":[],"yoast_head":"<!-- This site is optimized with the Yoast SEO Premium plugin v26.5 (Yoast SEO v27.5) - https:\/\/yoast.com\/product\/yoast-seo-premium-wordpress\/ -->\n<title>Plunger Penetration Apparatus - YKM TEST<\/title>\n<meta name=\"description\" content=\"High-precision Plunger Penetration Apparatus compliant with EN 1015-4 for fast, reliable, and repeatable fresh mortar consistence measurements.\" \/>\n<meta name=\"robots\" content=\"index, follow, max-snippet:-1, max-image-preview:large, max-video-preview:-1\" \/>\n<link rel=\"canonical\" href=\"https:\/\/darkorchid-cheetah-525435.hostingersite.com\/product\/plunger-penetration-apparatus\/\" \/>\n<meta property=\"og:locale\" content=\"tr_TR\" \/>\n<meta property=\"og:type\" content=\"article\" \/>\n<meta property=\"og:title\" content=\"Plunger Penetration Apparatus\" \/>\n<meta property=\"og:description\" content=\"High-precision Plunger Penetration Apparatus compliant with EN 1015-4 for fast, reliable, and repeatable fresh mortar consistence measurements.\" \/>\n<meta property=\"og:url\" content=\"https:\/\/darkorchid-cheetah-525435.hostingersite.com\/product\/plunger-penetration-apparatus\/\" \/>\n<meta property=\"og:site_name\" content=\"YKM TEST\" \/>\n<meta property=\"article:modified_time\" content=\"2026-01-05T07:16:53+00:00\" \/>\n<meta name=\"twitter:card\" content=\"summary_large_image\" \/>\n<meta name=\"twitter:label1\" content=\"Fiyat\" \/>\n\t<meta name=\"twitter:data1\" content=\"\" \/>\n\t<meta name=\"twitter:label2\" content=\"Durumu\" \/>\n\t<meta name=\"twitter:data2\" content=\"Stokta var\" \/>\n<script type=\"application\/ld+json\" class=\"yoast-schema-graph\">{\"@context\":\"https:\\\/\\\/schema.org\",\"@graph\":[{\"@type\":\"WebPage\",\"@id\":\"https:\\\/\\\/darkorchid-cheetah-525435.hostingersite.com\\\/product\\\/plunger-penetration-apparatus\\\/\",\"url\":\"https:\\\/\\\/darkorchid-cheetah-525435.hostingersite.com\\\/product\\\/plunger-penetration-apparatus\\\/\",\"name\":\"Plunger Penetration Apparatus - YKM TEST\",\"isPartOf\":{\"@id\":\"https:\\\/\\\/darkorchid-cheetah-525435.hostingersite.com\\\/#website\"},\"datePublished\":\"2026-01-05T07:16:52+00:00\",\"dateModified\":\"2026-01-05T07:16:53+00:00\",\"description\":\"High-precision Plunger Penetration Apparatus compliant with EN 1015-4 for fast, reliable, and repeatable fresh mortar consistence measurements.\",\"breadcrumb\":{\"@id\":\"https:\\\/\\\/darkorchid-cheetah-525435.hostingersite.com\\\/product\\\/plunger-penetration-apparatus\\\/#breadcrumb\"},\"inLanguage\":\"tr\",\"potentialAction\":[{\"@type\":\"ReadAction\",\"target\":[\"https:\\\/\\\/darkorchid-cheetah-525435.hostingersite.com\\\/product\\\/plunger-penetration-apparatus\\\/\"]}]},{\"@type\":\"BreadcrumbList\",\"@id\":\"https:\\\/\\\/darkorchid-cheetah-525435.hostingersite.com\\\/product\\\/plunger-penetration-apparatus\\\/#breadcrumb\",\"itemListElement\":[{\"@type\":\"ListItem\",\"position\":1,\"name\":\"Home\",\"item\":\"https:\\\/\\\/darkorchid-cheetah-525435.hostingersite.com\\\/\"},{\"@type\":\"ListItem\",\"position\":2,\"name\":\"\u0422\u043e\u0432\u0430\u0440\u044b\",\"item\":\"https:\\\/\\\/ykmtest.com\\\/ru\\\/shop\\\/\"},{\"@type\":\"ListItem\",\"position\":3,\"name\":\"Plunger Penetration Apparatus\"}]},{\"@type\":\"WebSite\",\"@id\":\"https:\\\/\\\/darkorchid-cheetah-525435.hostingersite.com\\\/#website\",\"url\":\"https:\\\/\\\/darkorchid-cheetah-525435.hostingersite.com\\\/\",\"name\":\"YKM TEST\",\"description\":\"\",\"publisher\":{\"@id\":\"https:\\\/\\\/darkorchid-cheetah-525435.hostingersite.com\\\/#organization\"},\"potentialAction\":[{\"@type\":\"SearchAction\",\"target\":{\"@type\":\"EntryPoint\",\"urlTemplate\":\"https:\\\/\\\/darkorchid-cheetah-525435.hostingersite.com\\\/?s={search_term_string}\"},\"query-input\":{\"@type\":\"PropertyValueSpecification\",\"valueRequired\":true,\"valueName\":\"search_term_string\"}}],\"inLanguage\":\"tr\"},{\"@type\":[\"Organization\",\"Place\"],\"@id\":\"https:\\\/\\\/darkorchid-cheetah-525435.hostingersite.com\\\/#organization\",\"name\":\"YKM TEST\",\"url\":\"https:\\\/\\\/darkorchid-cheetah-525435.hostingersite.com\\\/\",\"logo\":{\"@id\":\"https:\\\/\\\/darkorchid-cheetah-525435.hostingersite.com\\\/product\\\/plunger-penetration-apparatus\\\/#local-main-organization-logo\"},\"image\":{\"@id\":\"https:\\\/\\\/darkorchid-cheetah-525435.hostingersite.com\\\/product\\\/plunger-penetration-apparatus\\\/#local-main-organization-logo\"},\"telephone\":[],\"openingHoursSpecification\":[{\"@type\":\"OpeningHoursSpecification\",\"dayOfWeek\":[\"Monday\",\"Tuesday\",\"Wednesday\",\"Thursday\",\"Friday\",\"Saturday\",\"Sunday\"],\"opens\":\"09:00\",\"closes\":\"17:00\"}]},{\"@type\":\"ImageObject\",\"inLanguage\":\"tr\",\"@id\":\"https:\\\/\\\/darkorchid-cheetah-525435.hostingersite.com\\\/product\\\/plunger-penetration-apparatus\\\/#local-main-organization-logo\",\"url\":\"https:\\\/\\\/ykmtest.com\\\/wp-content\\\/uploads\\\/2025\\\/10\\\/Asset-2@2x-8.png\",\"contentUrl\":\"https:\\\/\\\/ykmtest.com\\\/wp-content\\\/uploads\\\/2025\\\/10\\\/Asset-2@2x-8.png\",\"width\":1550,\"height\":323,\"caption\":\"YKM TEST\"}]}<\/script>\n<meta property=\"product:price:currency\" content=\"USD\" \/>\n<meta property=\"og:availability\" content=\"instock\" \/>\n<meta property=\"product:availability\" content=\"instock\" \/>\n<meta property=\"product:condition\" content=\"new\" \/>\n<!-- \/ Yoast SEO Premium plugin. -->","yoast_head_json":{"title":"Plunger Penetration Apparatus - YKM TEST","description":"High-precision Plunger Penetration Apparatus compliant with EN 1015-4 for fast, reliable, and repeatable fresh mortar consistence measurements.","robots":{"index":"index","follow":"follow","max-snippet":"max-snippet:-1","max-image-preview":"max-image-preview:large","max-video-preview":"max-video-preview:-1"},"canonical":"https:\/\/darkorchid-cheetah-525435.hostingersite.com\/product\/plunger-penetration-apparatus\/","og_locale":"tr_TR","og_type":"article","og_title":"Plunger Penetration Apparatus","og_description":"High-precision Plunger Penetration Apparatus compliant with EN 1015-4 for fast, reliable, and repeatable fresh mortar consistence measurements.","og_url":"https:\/\/darkorchid-cheetah-525435.hostingersite.com\/product\/plunger-penetration-apparatus\/","og_site_name":"YKM TEST","article_modified_time":"2026-01-05T07:16:53+00:00","twitter_card":"summary_large_image","twitter_misc":{"Fiyat":"","Durumu":"Stokta var"},"schema":{"@context":"https:\/\/schema.org","@graph":[{"@type":"WebPage","@id":"https:\/\/darkorchid-cheetah-525435.hostingersite.com\/product\/plunger-penetration-apparatus\/","url":"https:\/\/darkorchid-cheetah-525435.hostingersite.com\/product\/plunger-penetration-apparatus\/","name":"Plunger Penetration Apparatus - YKM TEST","isPartOf":{"@id":"https:\/\/darkorchid-cheetah-525435.hostingersite.com\/#website"},"datePublished":"2026-01-05T07:16:52+00:00","dateModified":"2026-01-05T07:16:53+00:00","description":"High-precision Plunger Penetration Apparatus compliant with EN 1015-4 for fast, reliable, and repeatable fresh mortar consistence measurements.","breadcrumb":{"@id":"https:\/\/darkorchid-cheetah-525435.hostingersite.com\/product\/plunger-penetration-apparatus\/#breadcrumb"},"inLanguage":"tr","potentialAction":[{"@type":"ReadAction","target":["https:\/\/darkorchid-cheetah-525435.hostingersite.com\/product\/plunger-penetration-apparatus\/"]}]},{"@type":"BreadcrumbList","@id":"https:\/\/darkorchid-cheetah-525435.hostingersite.com\/product\/plunger-penetration-apparatus\/#breadcrumb","itemListElement":[{"@type":"ListItem","position":1,"name":"Home","item":"https:\/\/darkorchid-cheetah-525435.hostingersite.com\/"},{"@type":"ListItem","position":2,"name":"\u0422\u043e\u0432\u0430\u0440\u044b","item":"https:\/\/ykmtest.com\/ru\/shop\/"},{"@type":"ListItem","position":3,"name":"Plunger Penetration Apparatus"}]},{"@type":"WebSite","@id":"https:\/\/darkorchid-cheetah-525435.hostingersite.com\/#website","url":"https:\/\/darkorchid-cheetah-525435.hostingersite.com\/","name":"YKM TEST\u0130","description":"","publisher":{"@id":"https:\/\/darkorchid-cheetah-525435.hostingersite.com\/#organization"},"potentialAction":[{"@type":"SearchAction","target":{"@type":"EntryPoint","urlTemplate":"https:\/\/darkorchid-cheetah-525435.hostingersite.com\/?s={search_term_string}"},"query-input":{"@type":"PropertyValueSpecification","valueRequired":true,"valueName":"search_term_string"}}],"inLanguage":"tr"},{"@type":["Organization","Place"],"@id":"https:\/\/darkorchid-cheetah-525435.hostingersite.com\/#organization","name":"YKM TEST\u0130","url":"https:\/\/darkorchid-cheetah-525435.hostingersite.com\/","logo":{"@id":"https:\/\/darkorchid-cheetah-525435.hostingersite.com\/product\/plunger-penetration-apparatus\/#local-main-organization-logo"},"image":{"@id":"https:\/\/darkorchid-cheetah-525435.hostingersite.com\/product\/plunger-penetration-apparatus\/#local-main-organization-logo"},"telephone":[],"openingHoursSpecification":[{"@type":"OpeningHoursSpecification","dayOfWeek":["Monday","Tuesday","Wednesday","Thursday","Friday","Saturday","Sunday"],"opens":"09:00","closes":"17:00"}]},{"@type":"ImageObject","inLanguage":"tr","@id":"https:\/\/darkorchid-cheetah-525435.hostingersite.com\/product\/plunger-penetration-apparatus\/#local-main-organization-logo","url":"https:\/\/ykmtest.com\/wp-content\/uploads\/2025\/10\/Asset-2@2x-8.png","contentUrl":"https:\/\/ykmtest.com\/wp-content\/uploads\/2025\/10\/Asset-2@2x-8.png","width":1550,"height":323,"caption":"YKM TEST"}]},"product_price_currency":"USD","og_availability":"instock","product_availability":"instock","product_condition":"new"},"_links":{"self":[{"href":"https:\/\/ykmtest.com\/tr\/wp-json\/wp\/v2\/product\/11794","targetHints":{"allow":["GET"]}}],"collection":[{"href":"https:\/\/ykmtest.com\/tr\/wp-json\/wp\/v2\/product"}],"about":[{"href":"https:\/\/ykmtest.com\/tr\/wp-json\/wp\/v2\/types\/product"}],"version-history":[{"count":1,"href":"https:\/\/ykmtest.com\/tr\/wp-json\/wp\/v2\/product\/11794\/revisions"}],"predecessor-version":[{"id":11795,"href":"https:\/\/ykmtest.com\/tr\/wp-json\/wp\/v2\/product\/11794\/revisions\/11795"}],"wp:attachment":[{"href":"https:\/\/ykmtest.com\/tr\/wp-json\/wp\/v2\/media?parent=11794"}],"wp:term":[{"taxonomy":"product_brand","embeddable":true,"href":"https:\/\/ykmtest.com\/tr\/wp-json\/wp\/v2\/product_brand?post=11794"},{"taxonomy":"product_cat","embeddable":true,"href":"https:\/\/ykmtest.com\/tr\/wp-json\/wp\/v2\/product_cat?post=11794"},{"taxonomy":"product_tag","embeddable":true,"href":"https:\/\/ykmtest.com\/tr\/wp-json\/wp\/v2\/product_tag?post=11794"}],"curies":[{"name":"wp","href":"https:\/\/api.w.org\/{rel}","templated":true}]}}