{"id":11796,"date":"2026-01-05T07:21:53","date_gmt":"2026-01-05T07:21:53","guid":{"rendered":"https:\/\/ykmtest.com\/?post_type=product&#038;p=11796"},"modified":"2026-01-05T07:21:54","modified_gmt":"2026-01-05T07:21:54","slug":"air-entrainment-meter-for-mortar","status":"publish","type":"product","link":"https:\/\/ykmtest.com\/tr\/urun\/air-entrainment-meter-for-mortar\/","title":{"rendered":"Har\u00e7 i\u00e7in Hava S\u00fcr\u00fckleme \u00d6l\u00e7er"},"content":{"rendered":"<p>Har\u00e7 i\u00e7in Hava S\u00fczme \u00d6l\u00e7er, taze har\u00e7taki hava i\u00e7eri\u011fini h\u0131zl\u0131, g\u00fcvenilir ve tekrarlanabilir bir \u015fekilde belirlemek i\u00e7in tasarlanm\u0131\u015f profesyonel bir bas\u0131n\u00e7 tipi \u00f6l\u00e7\u00fcm cihaz\u0131d\u0131r. Sert bas\u0131n\u00e7 haznesi ve hassas ta\u015flanm\u0131\u015f s\u0131zd\u0131rmazl\u0131k y\u00fczeyleri, kal\u0131n contalarla birlikte s\u0131zd\u0131rmazl\u0131\u011f\u0131 sa\u011flayarak bas\u0131n\u00e7 e\u015fitleme s\u0131ras\u0131nda hava kayb\u0131ndan kaynaklanan \u00f6l\u00e7\u00fcm hatalar\u0131n\u0131 \u00f6nler. Entegre el pompas\u0131, hava giri\u015f-e\u015fitleme-serbest b\u0131rakma valfleri ve s\u0131f\u0131r ayarl\u0131 \u00e7ift \u00f6l\u00e7ekli manometre (y\u00fczde\/bas\u0131n\u00e7), hedef bas\u0131nca h\u0131zl\u0131 bir \u015fekilde ula\u015f\u0131lmas\u0131n\u0131 ve tekrarlanabilir \u00f6l\u00e7\u00fcmlerin s\u00fcrd\u00fcr\u00fclmesini sa\u011flar. Standart hacimli numune kab\u0131, darbeye dayan\u0131kl\u0131, h\u0131zl\u0131 kilitlenen kelep\u00e7elerle bas\u0131nca kar\u015f\u0131 g\u00fcvenli bir \u015fekilde tutulur. P\u00fcr\u00fczs\u00fcz i\u00e7 y\u00fczeyler ve korozyona dayan\u0131kl\u0131 kaplamalar temizlik s\u00fcresini k\u0131salt\u0131r. Geni\u015f bir tabana ve kaymaz ayaklara sahip kompakt ve dengeli tasar\u0131m, yo\u011fun saha kullan\u0131m\u0131 s\u0131ras\u0131nda titre\u015fimlerin okumalar \u00fczerindeki etkisini en aza indirir. Teslimat, d\u00fczeltme tablolar\u0131, standart kapak tertibat\u0131, doldurma hunisi, vuru\u015f plakas\u0131\/\u00e7ubu\u011fu, s\u0131k\u0131\u015ft\u0131rma \u00e7ubu\u011fu, temizleme f\u0131r\u00e7as\u0131 ve hacim do\u011frulama t\u00fcp\u00fc ile kalibre edilmi\u015f bir manometre i\u00e7erir. Bu, agrega derecelendirmesi, k\u0131vam\u0131 ve s\u0131cakl\u0131\u011f\u0131ndaki de\u011fi\u015fikliklere ra\u011fmen operat\u00f6r etkisini en aza indiren pratik bir i\u015f ak\u0131\u015f\u0131 sa\u011flar. Alkali ve ince ba\u011flay\u0131c\u0131lara dayan\u0131kl\u0131 s\u0131zd\u0131rmazl\u0131k elemanlar\u0131 uzun s\u00fcreli laboratuvar ve saha kullan\u0131m\u0131 s\u0131ras\u0131nda performans\u0131 korurken, manometre cam\u0131 ve valf tertibat\u0131 sahada kolay bak\u0131m sa\u011flar. Dayan\u0131kl\u0131 yap\u0131 ve h\u0131zl\u0131 kurulum, \u00fcretim kalite kontrol\u00fc, kabul testleri ve katk\u0131 optimizasyon \u00e7al\u0131\u015fmalar\u0131nda verimlili\u011fi art\u0131r\u0131r. Cihaz mimarisi, har\u00e7taki hava i\u00e7eri\u011fini \u00f6l\u00e7mek i\u00e7in uluslararas\u0131 y\u00f6ntemlerin gerektirdi\u011fi boyutsal do\u011fruluk ve bas\u0131n\u00e7 e\u015fitleme ilkelerini kar\u015f\u0131layacak \u015fekilde geli\u015ftirilmi\u015ftir. ASTM C185, ASTM C780 ve EN 1015-7 prosed\u00fcrleri ile tamamen uyumludur. Har\u00e7 i\u00e7in Hava S\u00fcr\u00fckleme \u00d6l\u00e7er, standartlara uygun, izlenebilir ve raporlanabilir \u00f6l\u00e7\u00fcmler i\u00e7in g\u00fcvenilir, dayan\u0131kl\u0131 ve kullan\u0131c\u0131 dostu bir \u00e7\u00f6z\u00fcm sunar.<\/p>","protected":false},"excerpt":{"rendered":"<p><span lang=\"TR\">Har\u00e7 i\u00e7in Hava S\u00fczme \u00d6l\u00e7er, taze harc\u0131n hava i\u00e7eri\u011fini h\u0131zl\u0131, g\u00fcvenilir ve tekrarlanabilir bir \u015fekilde \u00f6l\u00e7mek i\u00e7in tasarlanm\u0131\u015f dayan\u0131kl\u0131, kullan\u0131c\u0131 dostu ve standartlara uygun bas\u0131n\u00e7 tipi bir cihazd\u0131r ve s\u0131zd\u0131rmaz \u00e7al\u0131\u015fma, istikrarl\u0131 okumalar ve verimli kalite kontrol i\u015f ak\u0131\u015flar\u0131 sa\u011flar.<\/span><\/p>","protected":false},"featured_media":0,"template":"","meta":{"_acf_changed":false},"product_brand":[],"product_cat":[159,170],"product_tag":[],"class_list":{"0":"post-11796","1":"product","2":"type-product","3":"status-publish","5":"product_cat-cement-mortar","6":"product_cat-lime-and-grout-test","9":"instock","10":"shipping-taxable","11":"product-type-simple"},"acf":[],"yoast_head":"<!-- This site is optimized with the Yoast SEO Premium plugin v26.5 (Yoast SEO v26.5) - https:\/\/yoast.com\/wordpress\/plugins\/seo\/ -->\n<title>Air Entrainment Meter for Mortar - YKM TEST<\/title>\n<meta name=\"description\" content=\"Pressure-type Air Entrainment Meter for Mortar compliant with ASTM C185, ASTM C780, and EN 1015-7 for fast and reliable air content measurement.\" \/>\n<meta name=\"robots\" content=\"index, follow, max-snippet:-1, max-image-preview:large, max-video-preview:-1\" \/>\n<link rel=\"canonical\" href=\"https:\/\/ykmtest.com\/tr\/urun\/air-entrainment-meter-for-mortar\/\" \/>\n<meta property=\"og:locale\" content=\"tr_TR\" \/>\n<meta property=\"og:type\" content=\"article\" \/>\n<meta property=\"og:title\" content=\"Air Entrainment Meter for Mortar\" \/>\n<meta property=\"og:description\" content=\"Pressure-type Air Entrainment Meter for Mortar compliant with ASTM C185, ASTM C780, and EN 1015-7 for fast and reliable air content measurement.\" \/>\n<meta property=\"og:url\" content=\"https:\/\/ykmtest.com\/tr\/urun\/air-entrainment-meter-for-mortar\/\" \/>\n<meta property=\"og:site_name\" content=\"YKM TEST\" \/>\n<meta property=\"article:modified_time\" content=\"2026-01-05T07:21:54+00:00\" \/>\n<meta name=\"twitter:card\" content=\"summary_large_image\" \/>\n<meta name=\"twitter:label1\" content=\"Price\" \/>\n\t<meta name=\"twitter:data1\" content=\"\" \/>\n\t<meta name=\"twitter:label2\" content=\"Availability\" \/>\n\t<meta name=\"twitter:data2\" content=\"In stock\" \/>\n<script type=\"application\/ld+json\" class=\"yoast-schema-graph\">{\"@context\":\"https:\/\/schema.org\",\"@graph\":[{\"@type\":\"WebPage\",\"@id\":\"https:\/\/ykmtest.com\/product\/air-entrainment-meter-for-mortar\/\",\"url\":\"https:\/\/ykmtest.com\/product\/air-entrainment-meter-for-mortar\/\",\"name\":\"Air Entrainment Meter for Mortar - YKM TEST\",\"isPartOf\":{\"@id\":\"https:\/\/ykmtest.com\/#website\"},\"datePublished\":\"2026-01-05T07:21:53+00:00\",\"dateModified\":\"2026-01-05T07:21:54+00:00\",\"description\":\"Pressure-type Air Entrainment Meter for Mortar compliant with ASTM C185, ASTM C780, and EN 1015-7 for fast and reliable air content measurement.\",\"breadcrumb\":{\"@id\":\"https:\/\/ykmtest.com\/product\/air-entrainment-meter-for-mortar\/#breadcrumb\"},\"inLanguage\":\"tr\",\"potentialAction\":[{\"@type\":\"ReadAction\",\"target\":[\"https:\/\/ykmtest.com\/product\/air-entrainment-meter-for-mortar\/\"]}]},{\"@type\":\"BreadcrumbList\",\"@id\":\"https:\/\/ykmtest.com\/product\/air-entrainment-meter-for-mortar\/#breadcrumb\",\"itemListElement\":[{\"@type\":\"ListItem\",\"position\":1,\"name\":\"Home\",\"item\":\"https:\/\/ykmtest.com\/\"},{\"@type\":\"ListItem\",\"position\":2,\"name\":\"Products\",\"item\":\"https:\/\/ykmtest.com\/shop\/\"},{\"@type\":\"ListItem\",\"position\":3,\"name\":\"Air Entrainment Meter for Mortar\"}]},{\"@type\":\"WebSite\",\"@id\":\"https:\/\/ykmtest.com\/#website\",\"url\":\"https:\/\/ykmtest.com\/\",\"name\":\"YKM TEST\",\"description\":\"\",\"publisher\":{\"@id\":\"https:\/\/ykmtest.com\/#organization\"},\"potentialAction\":[{\"@type\":\"SearchAction\",\"target\":{\"@type\":\"EntryPoint\",\"urlTemplate\":\"https:\/\/ykmtest.com\/?s={search_term_string}\"},\"query-input\":{\"@type\":\"PropertyValueSpecification\",\"valueRequired\":true,\"valueName\":\"search_term_string\"}}],\"inLanguage\":\"tr\"},{\"@type\":[\"Organization\",\"Place\"],\"@id\":\"https:\/\/ykmtest.com\/#organization\",\"name\":\"YKM TEST\",\"url\":\"https:\/\/ykmtest.com\/\",\"logo\":{\"@id\":\"https:\/\/ykmtest.com\/product\/air-entrainment-meter-for-mortar\/#local-main-organization-logo\"},\"image\":{\"@id\":\"https:\/\/ykmtest.com\/product\/air-entrainment-meter-for-mortar\/#local-main-organization-logo\"},\"telephone\":[],\"openingHoursSpecification\":[{\"@type\":\"OpeningHoursSpecification\",\"dayOfWeek\":[\"Monday\",\"Tuesday\",\"Wednesday\",\"Thursday\",\"Friday\",\"Saturday\",\"Sunday\"],\"opens\":\"09:00\",\"closes\":\"17:00\"}]},{\"@type\":\"ImageObject\",\"inLanguage\":\"tr\",\"@id\":\"https:\/\/ykmtest.com\/product\/air-entrainment-meter-for-mortar\/#local-main-organization-logo\",\"url\":\"https:\/\/ykmtest.com\/wp-content\/uploads\/2025\/10\/Asset-2@2x-8.png\",\"contentUrl\":\"https:\/\/ykmtest.com\/wp-content\/uploads\/2025\/10\/Asset-2@2x-8.png\",\"width\":1550,\"height\":323,\"caption\":\"YKM TEST\"}]}<\/script>\n<meta property=\"product:price:currency\" content=\"USD\" \/>\n<meta property=\"og:availability\" content=\"instock\" \/>\n<meta property=\"product:availability\" content=\"instock\" \/>\n<meta property=\"product:condition\" content=\"new\" \/>\n<!-- \/ Yoast SEO Premium plugin. -->","yoast_head_json":{"title":"Air Entrainment Meter for Mortar - YKM TEST","description":"Pressure-type Air Entrainment Meter for Mortar compliant with ASTM C185, ASTM C780, and EN 1015-7 for fast and reliable air content measurement.","robots":{"index":"index","follow":"follow","max-snippet":"max-snippet:-1","max-image-preview":"max-image-preview:large","max-video-preview":"max-video-preview:-1"},"canonical":"https:\/\/ykmtest.com\/tr\/urun\/air-entrainment-meter-for-mortar\/","og_locale":"tr_TR","og_type":"article","og_title":"Air Entrainment Meter for Mortar","og_description":"Pressure-type Air Entrainment Meter for Mortar compliant with ASTM C185, ASTM C780, and EN 1015-7 for fast and reliable air content measurement.","og_url":"https:\/\/ykmtest.com\/tr\/urun\/air-entrainment-meter-for-mortar\/","og_site_name":"YKM TEST","article_modified_time":"2026-01-05T07:21:54+00:00","twitter_card":"summary_large_image","twitter_misc":{"Price":"","Availability":"In stock"},"schema":{"@context":"https:\/\/schema.org","@graph":[{"@type":"WebPage","@id":"https:\/\/ykmtest.com\/product\/air-entrainment-meter-for-mortar\/","url":"https:\/\/ykmtest.com\/product\/air-entrainment-meter-for-mortar\/","name":"Air Entrainment Meter for Mortar - YKM TEST","isPartOf":{"@id":"https:\/\/ykmtest.com\/#website"},"datePublished":"2026-01-05T07:21:53+00:00","dateModified":"2026-01-05T07:21:54+00:00","description":"Pressure-type Air Entrainment Meter for Mortar compliant with ASTM C185, ASTM C780, and EN 1015-7 for fast and reliable air content measurement.","breadcrumb":{"@id":"https:\/\/ykmtest.com\/product\/air-entrainment-meter-for-mortar\/#breadcrumb"},"inLanguage":"tr","potentialAction":[{"@type":"ReadAction","target":["https:\/\/ykmtest.com\/product\/air-entrainment-meter-for-mortar\/"]}]},{"@type":"BreadcrumbList","@id":"https:\/\/ykmtest.com\/product\/air-entrainment-meter-for-mortar\/#breadcrumb","itemListElement":[{"@type":"ListItem","position":1,"name":"Home","item":"https:\/\/ykmtest.com\/"},{"@type":"ListItem","position":2,"name":"Products","item":"https:\/\/ykmtest.com\/shop\/"},{"@type":"ListItem","position":3,"name":"Air Entrainment Meter for Mortar"}]},{"@type":"WebSite","@id":"https:\/\/ykmtest.com\/#website","url":"https:\/\/ykmtest.com\/","name":"YKM TEST\u0130","description":"","publisher":{"@id":"https:\/\/ykmtest.com\/#organization"},"potentialAction":[{"@type":"SearchAction","target":{"@type":"EntryPoint","urlTemplate":"https:\/\/ykmtest.com\/?s={search_term_string}"},"query-input":{"@type":"PropertyValueSpecification","valueRequired":true,"valueName":"search_term_string"}}],"inLanguage":"tr"},{"@type":["Organization","Place"],"@id":"https:\/\/ykmtest.com\/#organization","name":"YKM TEST\u0130","url":"https:\/\/ykmtest.com\/","logo":{"@id":"https:\/\/ykmtest.com\/product\/air-entrainment-meter-for-mortar\/#local-main-organization-logo"},"image":{"@id":"https:\/\/ykmtest.com\/product\/air-entrainment-meter-for-mortar\/#local-main-organization-logo"},"telephone":[],"openingHoursSpecification":[{"@type":"OpeningHoursSpecification","dayOfWeek":["Monday","Tuesday","Wednesday","Thursday","Friday","Saturday","Sunday"],"opens":"09:00","closes":"17:00"}]},{"@type":"ImageObject","inLanguage":"tr","@id":"https:\/\/ykmtest.com\/product\/air-entrainment-meter-for-mortar\/#local-main-organization-logo","url":"https:\/\/ykmtest.com\/wp-content\/uploads\/2025\/10\/Asset-2@2x-8.png","contentUrl":"https:\/\/ykmtest.com\/wp-content\/uploads\/2025\/10\/Asset-2@2x-8.png","width":1550,"height":323,"caption":"YKM TEST"}]},"product_price_currency":"USD","og_availability":"instock","product_availability":"instock","product_condition":"new"},"_links":{"self":[{"href":"https:\/\/ykmtest.com\/tr\/wp-json\/wp\/v2\/product\/11796","targetHints":{"allow":["GET"]}}],"collection":[{"href":"https:\/\/ykmtest.com\/tr\/wp-json\/wp\/v2\/product"}],"about":[{"href":"https:\/\/ykmtest.com\/tr\/wp-json\/wp\/v2\/types\/product"}],"version-history":[{"count":1,"href":"https:\/\/ykmtest.com\/tr\/wp-json\/wp\/v2\/product\/11796\/revisions"}],"predecessor-version":[{"id":11797,"href":"https:\/\/ykmtest.com\/tr\/wp-json\/wp\/v2\/product\/11796\/revisions\/11797"}],"wp:attachment":[{"href":"https:\/\/ykmtest.com\/tr\/wp-json\/wp\/v2\/media?parent=11796"}],"wp:term":[{"taxonomy":"product_brand","embeddable":true,"href":"https:\/\/ykmtest.com\/tr\/wp-json\/wp\/v2\/product_brand?post=11796"},{"taxonomy":"product_cat","embeddable":true,"href":"https:\/\/ykmtest.com\/tr\/wp-json\/wp\/v2\/product_cat?post=11796"},{"taxonomy":"product_tag","embeddable":true,"href":"https:\/\/ykmtest.com\/tr\/wp-json\/wp\/v2\/product_tag?post=11796"}],"curies":[{"name":"wp","href":"https:\/\/api.w.org\/{rel}","templated":true}]}}