{"id":11804,"date":"2026-01-05T07:45:26","date_gmt":"2026-01-05T07:45:26","guid":{"rendered":"https:\/\/ykmtest.com\/?post_type=product&#038;p=11804"},"modified":"2026-01-05T07:45:27","modified_gmt":"2026-01-05T07:45:27","slug":"marsh-funnel-viscometer","status":"publish","type":"product","link":"https:\/\/ykmtest.com\/tr\/urun\/marsh-funnel-viscometer\/","title":{"rendered":"Marsh Huni Viskozimetresi"},"content":{"rendered":"<p>Marsh Huni Viskozimetre, \u00e7imento bazl\u0131 har\u00e7lar\u0131n, zemin iyile\u015ftirme \u00e7amurlar\u0131n\u0131n ve sondaj s\u0131v\u0131lar\u0131n\u0131n ak\u0131\u015f s\u00fcresi boyunca h\u0131zl\u0131 ve tekrarlanabilir viskozite de\u011ferlendirmesi i\u00e7in tasarlanm\u0131\u015f profesyonel bir \u00f6l\u00e7\u00fcm hunisidir. Parlat\u0131lm\u0131\u015f paslanmaz \u00e7elik (veya a\u011f\u0131r hizmet tipi polimer) g\u00f6vde, standart geometride kalibre edilmi\u015f orifis (\u22483\/16 in\u00e7 \u2248 4,7 mm) ve s\u0131zd\u0131rmaz valf laminer ak\u0131\u015f\u0131 korur. Kabarc\u0131k seviyesi \u015fi\u015fesine sahip \u00fc\u00e7 ayakl\u0131 sert bir stand, her kurulumda hassas seviyeleme sa\u011flar. Ba\u015flang\u0131\u00e7 seviyesini g\u00f6steren net dolum i\u015faretlerine sahip b\u00fcy\u00fck kapasiteli huni, numune haz\u0131rlamay\u0131 h\u0131zland\u0131r\u0131r. Y\u00fcksek \u00e7\u00f6z\u00fcn\u00fcrl\u00fckl\u00fc dijital veya analog kronometre ile birlikte 946 mL (1 qt) al\u0131c\u0131 kap, operat\u00f6re ba\u011f\u0131ml\u0131l\u0131\u011f\u0131 en aza indirir. Damlamay\u0131 \u00f6nleyen dudak, h\u0131zl\u0131 a\u00e7ma\/kapama kontrol\u00fc ve d\u00fc\u015f\u00fck s\u00fcrt\u00fcnmeli contalar ba\u015flatma gecikmesini ve s\u0131z\u0131nt\u0131 hatalar\u0131n\u0131 azalt\u0131r. P\u00fcr\u00fczs\u00fcz i\u00e7 y\u00fczeyler ve aletsiz \u00e7\u0131kar\u0131labilir orifis ve valf tertibatlar\u0131 temizlik s\u00fcresini k\u0131salt\u0131rken, korozyona dayan\u0131kl\u0131 malzemeler alkali ba\u011flay\u0131c\u0131lar ve saha ko\u015fullar\u0131 alt\u0131nda uzun hizmet \u00f6mr\u00fc sa\u011flar. \u0130ste\u011fe ba\u011fl\u0131 aksesuarlar aras\u0131nda ince g\u00f6zenekli adapt\u00f6r, s\u0131cakl\u0131k do\u011frulama termometresi ve yo\u011fun laboratuvar veya saha programlar\u0131nda verimlili\u011fi art\u0131rmak i\u00e7in ta\u015f\u0131ma \u00e7antas\u0131 bulunmaktad\u0131r. Cihaz tasar\u0131m\u0131, huni y\u00f6ntemi kullan\u0131larak ak\u0131\u015f tespiti i\u00e7in uluslararas\u0131 beklentilere uygun olarak geli\u015ftirilmi\u015ftir. Sondaj ve t\u00fcnel a\u00e7ma (\u00f6rne\u011fin API tarz\u0131 1 litre ak\u0131\u015f s\u00fcresi) ve kil bazl\u0131 in\u015faat \u00e7amurlar\u0131nda yayg\u0131n Marsh huni prosed\u00fcrleri i\u00e7in boyutsal do\u011fruluk ve tekrarlanabilir ak\u0131\u015f sa\u011flar. Sonu\u00e7 olarak, kar\u0131\u015f\u0131m tasar\u0131m\u0131 kar\u015f\u0131la\u015ft\u0131rmalar\u0131, \u00fcretim kalite kontrol\u00fc ve saha kabul testleri standartlara uygun, kar\u015f\u0131la\u015ft\u0131r\u0131labilir ve raporlanabilir sonu\u00e7lar verir. Dayan\u0131kl\u0131 g\u00f6vdesi, kullan\u0131c\u0131 dostu seviyeleme ve zamanlama mekanizmalar\u0131 ve d\u00fc\u015f\u00fck bak\u0131m gereksinimleri Marsh Huni Viskozimetreyi har\u00e7 ve bulama\u00e7 viskozitesini izlemek i\u00e7in h\u0131zl\u0131, ekonomik ve g\u00fcvenilir bir \u00e7\u00f6z\u00fcm haline getirir.<\/p>","protected":false},"excerpt":{"rendered":"<p>Marsh Huni Viskozimetre, tutarl\u0131 akma s\u00fcresi testi yoluyla har\u00e7lar\u0131n, bulama\u00e7lar\u0131n ve sondaj s\u0131v\u0131lar\u0131n\u0131n h\u0131zl\u0131, tekrarlanabilir ve do\u011fru viskozite \u00f6l\u00e7\u00fcmlerini sa\u011flamak i\u00e7in tasarlanm\u0131\u015f dayan\u0131kl\u0131, kullan\u0131m\u0131 kolay ve standartlara uygun bir cihazd\u0131r.<\/p>","protected":false},"featured_media":0,"template":"","meta":{"_acf_changed":false},"product_brand":[],"product_cat":[159,171],"product_tag":[],"class_list":{"0":"post-11804","1":"product","2":"type-product","3":"status-publish","5":"product_cat-cement-mortar","6":"product_cat-mud-flow-and-density","9":"instock","10":"shipping-taxable","11":"product-type-simple"},"acf":[],"yoast_head":"<!-- This site is optimized with the Yoast SEO Premium plugin v26.5 (Yoast SEO v27.5) - https:\/\/yoast.com\/product\/yoast-seo-premium-wordpress\/ -->\n<title>Marsh Funnel Viscometer - YKM TEST<\/title>\n<meta name=\"description\" content=\"Durable Marsh Funnel Viscometer designed for fast and repeatable viscosity testing of grouts, slurries, and drilling fluids by efflux time.\" \/>\n<meta name=\"robots\" content=\"index, follow, max-snippet:-1, max-image-preview:large, max-video-preview:-1\" \/>\n<link rel=\"canonical\" href=\"https:\/\/darkorchid-cheetah-525435.hostingersite.com\/product\/marsh-funnel-viscometer\/\" \/>\n<meta property=\"og:locale\" content=\"tr_TR\" \/>\n<meta property=\"og:type\" content=\"article\" \/>\n<meta property=\"og:title\" content=\"Marsh Funnel Viscometer\" \/>\n<meta property=\"og:description\" content=\"Durable Marsh Funnel Viscometer designed for fast and repeatable viscosity testing of grouts, slurries, and drilling fluids by efflux time.\" \/>\n<meta property=\"og:url\" content=\"https:\/\/darkorchid-cheetah-525435.hostingersite.com\/product\/marsh-funnel-viscometer\/\" \/>\n<meta property=\"og:site_name\" content=\"YKM TEST\" \/>\n<meta property=\"article:modified_time\" content=\"2026-01-05T07:45:27+00:00\" \/>\n<meta name=\"twitter:card\" content=\"summary_large_image\" \/>\n<meta name=\"twitter:label1\" content=\"Fiyat\" \/>\n\t<meta name=\"twitter:data1\" content=\"\" \/>\n\t<meta name=\"twitter:label2\" content=\"Durumu\" \/>\n\t<meta name=\"twitter:data2\" content=\"Stokta var\" \/>\n<script type=\"application\/ld+json\" class=\"yoast-schema-graph\">{\"@context\":\"https:\\\/\\\/schema.org\",\"@graph\":[{\"@type\":\"WebPage\",\"@id\":\"https:\\\/\\\/darkorchid-cheetah-525435.hostingersite.com\\\/product\\\/marsh-funnel-viscometer\\\/\",\"url\":\"https:\\\/\\\/darkorchid-cheetah-525435.hostingersite.com\\\/product\\\/marsh-funnel-viscometer\\\/\",\"name\":\"Marsh Funnel Viscometer - YKM TEST\",\"isPartOf\":{\"@id\":\"https:\\\/\\\/darkorchid-cheetah-525435.hostingersite.com\\\/#website\"},\"datePublished\":\"2026-01-05T07:45:26+00:00\",\"dateModified\":\"2026-01-05T07:45:27+00:00\",\"description\":\"Durable Marsh Funnel Viscometer designed for fast and repeatable viscosity testing of grouts, slurries, and drilling fluids by efflux time.\",\"breadcrumb\":{\"@id\":\"https:\\\/\\\/darkorchid-cheetah-525435.hostingersite.com\\\/product\\\/marsh-funnel-viscometer\\\/#breadcrumb\"},\"inLanguage\":\"tr\",\"potentialAction\":[{\"@type\":\"ReadAction\",\"target\":[\"https:\\\/\\\/darkorchid-cheetah-525435.hostingersite.com\\\/product\\\/marsh-funnel-viscometer\\\/\"]}]},{\"@type\":\"BreadcrumbList\",\"@id\":\"https:\\\/\\\/darkorchid-cheetah-525435.hostingersite.com\\\/product\\\/marsh-funnel-viscometer\\\/#breadcrumb\",\"itemListElement\":[{\"@type\":\"ListItem\",\"position\":1,\"name\":\"Home\",\"item\":\"https:\\\/\\\/darkorchid-cheetah-525435.hostingersite.com\\\/\"},{\"@type\":\"ListItem\",\"position\":2,\"name\":\"\u0422\u043e\u0432\u0430\u0440\u044b\",\"item\":\"https:\\\/\\\/ykmtest.com\\\/ru\\\/shop\\\/\"},{\"@type\":\"ListItem\",\"position\":3,\"name\":\"Marsh Funnel Viscometer\"}]},{\"@type\":\"WebSite\",\"@id\":\"https:\\\/\\\/darkorchid-cheetah-525435.hostingersite.com\\\/#website\",\"url\":\"https:\\\/\\\/darkorchid-cheetah-525435.hostingersite.com\\\/\",\"name\":\"YKM TEST\",\"description\":\"\",\"publisher\":{\"@id\":\"https:\\\/\\\/darkorchid-cheetah-525435.hostingersite.com\\\/#organization\"},\"potentialAction\":[{\"@type\":\"SearchAction\",\"target\":{\"@type\":\"EntryPoint\",\"urlTemplate\":\"https:\\\/\\\/darkorchid-cheetah-525435.hostingersite.com\\\/?s={search_term_string}\"},\"query-input\":{\"@type\":\"PropertyValueSpecification\",\"valueRequired\":true,\"valueName\":\"search_term_string\"}}],\"inLanguage\":\"tr\"},{\"@type\":[\"Organization\",\"Place\"],\"@id\":\"https:\\\/\\\/darkorchid-cheetah-525435.hostingersite.com\\\/#organization\",\"name\":\"YKM TEST\",\"url\":\"https:\\\/\\\/darkorchid-cheetah-525435.hostingersite.com\\\/\",\"logo\":{\"@id\":\"https:\\\/\\\/darkorchid-cheetah-525435.hostingersite.com\\\/product\\\/marsh-funnel-viscometer\\\/#local-main-organization-logo\"},\"image\":{\"@id\":\"https:\\\/\\\/darkorchid-cheetah-525435.hostingersite.com\\\/product\\\/marsh-funnel-viscometer\\\/#local-main-organization-logo\"},\"telephone\":[],\"openingHoursSpecification\":[{\"@type\":\"OpeningHoursSpecification\",\"dayOfWeek\":[\"Monday\",\"Tuesday\",\"Wednesday\",\"Thursday\",\"Friday\",\"Saturday\",\"Sunday\"],\"opens\":\"09:00\",\"closes\":\"17:00\"}]},{\"@type\":\"ImageObject\",\"inLanguage\":\"tr\",\"@id\":\"https:\\\/\\\/darkorchid-cheetah-525435.hostingersite.com\\\/product\\\/marsh-funnel-viscometer\\\/#local-main-organization-logo\",\"url\":\"https:\\\/\\\/ykmtest.com\\\/wp-content\\\/uploads\\\/2025\\\/10\\\/Asset-2@2x-8.png\",\"contentUrl\":\"https:\\\/\\\/ykmtest.com\\\/wp-content\\\/uploads\\\/2025\\\/10\\\/Asset-2@2x-8.png\",\"width\":1550,\"height\":323,\"caption\":\"YKM TEST\"}]}<\/script>\n<meta property=\"product:price:currency\" content=\"USD\" \/>\n<meta property=\"og:availability\" content=\"instock\" \/>\n<meta property=\"product:availability\" content=\"instock\" \/>\n<meta property=\"product:condition\" content=\"new\" \/>\n<!-- \/ Yoast SEO Premium plugin. -->","yoast_head_json":{"title":"Marsh Funnel Viscometer - YKM TEST","description":"Durable Marsh Funnel Viscometer designed for fast and repeatable viscosity testing of grouts, slurries, and drilling fluids by efflux time.","robots":{"index":"index","follow":"follow","max-snippet":"max-snippet:-1","max-image-preview":"max-image-preview:large","max-video-preview":"max-video-preview:-1"},"canonical":"https:\/\/darkorchid-cheetah-525435.hostingersite.com\/product\/marsh-funnel-viscometer\/","og_locale":"tr_TR","og_type":"article","og_title":"Marsh Funnel Viscometer","og_description":"Durable Marsh Funnel Viscometer designed for fast and repeatable viscosity testing of grouts, slurries, and drilling fluids by efflux time.","og_url":"https:\/\/darkorchid-cheetah-525435.hostingersite.com\/product\/marsh-funnel-viscometer\/","og_site_name":"YKM TEST","article_modified_time":"2026-01-05T07:45:27+00:00","twitter_card":"summary_large_image","twitter_misc":{"Fiyat":"","Durumu":"Stokta var"},"schema":{"@context":"https:\/\/schema.org","@graph":[{"@type":"WebPage","@id":"https:\/\/darkorchid-cheetah-525435.hostingersite.com\/product\/marsh-funnel-viscometer\/","url":"https:\/\/darkorchid-cheetah-525435.hostingersite.com\/product\/marsh-funnel-viscometer\/","name":"Marsh Funnel Viscometer - YKM TEST","isPartOf":{"@id":"https:\/\/darkorchid-cheetah-525435.hostingersite.com\/#website"},"datePublished":"2026-01-05T07:45:26+00:00","dateModified":"2026-01-05T07:45:27+00:00","description":"Durable Marsh Funnel Viscometer designed for fast and repeatable viscosity testing of grouts, slurries, and drilling fluids by efflux time.","breadcrumb":{"@id":"https:\/\/darkorchid-cheetah-525435.hostingersite.com\/product\/marsh-funnel-viscometer\/#breadcrumb"},"inLanguage":"tr","potentialAction":[{"@type":"ReadAction","target":["https:\/\/darkorchid-cheetah-525435.hostingersite.com\/product\/marsh-funnel-viscometer\/"]}]},{"@type":"BreadcrumbList","@id":"https:\/\/darkorchid-cheetah-525435.hostingersite.com\/product\/marsh-funnel-viscometer\/#breadcrumb","itemListElement":[{"@type":"ListItem","position":1,"name":"Home","item":"https:\/\/darkorchid-cheetah-525435.hostingersite.com\/"},{"@type":"ListItem","position":2,"name":"\u0422\u043e\u0432\u0430\u0440\u044b","item":"https:\/\/ykmtest.com\/ru\/shop\/"},{"@type":"ListItem","position":3,"name":"Marsh Funnel Viscometer"}]},{"@type":"WebSite","@id":"https:\/\/darkorchid-cheetah-525435.hostingersite.com\/#website","url":"https:\/\/darkorchid-cheetah-525435.hostingersite.com\/","name":"YKM TEST\u0130","description":"","publisher":{"@id":"https:\/\/darkorchid-cheetah-525435.hostingersite.com\/#organization"},"potentialAction":[{"@type":"SearchAction","target":{"@type":"EntryPoint","urlTemplate":"https:\/\/darkorchid-cheetah-525435.hostingersite.com\/?s={search_term_string}"},"query-input":{"@type":"PropertyValueSpecification","valueRequired":true,"valueName":"search_term_string"}}],"inLanguage":"tr"},{"@type":["Organization","Place"],"@id":"https:\/\/darkorchid-cheetah-525435.hostingersite.com\/#organization","name":"YKM TEST\u0130","url":"https:\/\/darkorchid-cheetah-525435.hostingersite.com\/","logo":{"@id":"https:\/\/darkorchid-cheetah-525435.hostingersite.com\/product\/marsh-funnel-viscometer\/#local-main-organization-logo"},"image":{"@id":"https:\/\/darkorchid-cheetah-525435.hostingersite.com\/product\/marsh-funnel-viscometer\/#local-main-organization-logo"},"telephone":[],"openingHoursSpecification":[{"@type":"OpeningHoursSpecification","dayOfWeek":["Monday","Tuesday","Wednesday","Thursday","Friday","Saturday","Sunday"],"opens":"09:00","closes":"17:00"}]},{"@type":"ImageObject","inLanguage":"tr","@id":"https:\/\/darkorchid-cheetah-525435.hostingersite.com\/product\/marsh-funnel-viscometer\/#local-main-organization-logo","url":"https:\/\/ykmtest.com\/wp-content\/uploads\/2025\/10\/Asset-2@2x-8.png","contentUrl":"https:\/\/ykmtest.com\/wp-content\/uploads\/2025\/10\/Asset-2@2x-8.png","width":1550,"height":323,"caption":"YKM TEST"}]},"product_price_currency":"USD","og_availability":"instock","product_availability":"instock","product_condition":"new"},"_links":{"self":[{"href":"https:\/\/ykmtest.com\/tr\/wp-json\/wp\/v2\/product\/11804","targetHints":{"allow":["GET"]}}],"collection":[{"href":"https:\/\/ykmtest.com\/tr\/wp-json\/wp\/v2\/product"}],"about":[{"href":"https:\/\/ykmtest.com\/tr\/wp-json\/wp\/v2\/types\/product"}],"version-history":[{"count":1,"href":"https:\/\/ykmtest.com\/tr\/wp-json\/wp\/v2\/product\/11804\/revisions"}],"predecessor-version":[{"id":11805,"href":"https:\/\/ykmtest.com\/tr\/wp-json\/wp\/v2\/product\/11804\/revisions\/11805"}],"wp:attachment":[{"href":"https:\/\/ykmtest.com\/tr\/wp-json\/wp\/v2\/media?parent=11804"}],"wp:term":[{"taxonomy":"product_brand","embeddable":true,"href":"https:\/\/ykmtest.com\/tr\/wp-json\/wp\/v2\/product_brand?post=11804"},{"taxonomy":"product_cat","embeddable":true,"href":"https:\/\/ykmtest.com\/tr\/wp-json\/wp\/v2\/product_cat?post=11804"},{"taxonomy":"product_tag","embeddable":true,"href":"https:\/\/ykmtest.com\/tr\/wp-json\/wp\/v2\/product_tag?post=11804"}],"curies":[{"name":"wp","href":"https:\/\/api.w.org\/{rel}","templated":true}]}}