{"id":6597,"date":"2025-10-08T16:14:12","date_gmt":"2025-10-08T16:14:12","guid":{"rendered":"https:\/\/ykmtest.com\/?post_type=product&#038;p=6597"},"modified":"2025-10-12T09:33:52","modified_gmt":"2025-10-12T09:33:52","slug":"emulsified-asphalt-distillation-apparatus","status":"publish","type":"product","link":"https:\/\/ykmtest.com\/tr\/urun\/emulsified-asphalt-distillation-apparatus\/","title":{"rendered":"Em\u00fclsifiye Asfalt Distilasyon Aparat\u0131"},"content":{"rendered":"","protected":false},"excerpt":{"rendered":"<p>Bu cihaz, esas olarak yar\u0131 kat\u0131 veya s\u0131v\u0131 asfalt baz, su ve em\u00fclsifiye edici maddelerden olu\u015fan asfalt em\u00fclsiyonlar\u0131n\u0131 analiz etmek i\u00e7in kullan\u0131l\u0131r. Asfalt\u0131n em\u00fclsifikasyon \u00f6zelliklerinin ve kar\u0131\u015f\u0131m i\u00e7indeki bile\u015fenlerin ayr\u0131lma noktalar\u0131n\u0131n incelenmesini sa\u011flar. Cihaz dayan\u0131kl\u0131 al\u00fcminyum ala\u015f\u0131mdan yap\u0131lm\u0131\u015ft\u0131r ve bir halka br\u00fcl\u00f6r ile donat\u0131lm\u0131\u015ft\u0131r. Em\u00fclsiyonlar\u0131n dam\u0131t\u0131lmas\u0131 ve i\u015flem s\u0131ras\u0131nda meydana gelen de\u011fi\u015fikliklerin g\u00f6zlemlenmesi i\u00e7in gerekli t\u00fcm temel bile\u015fenlerle tam donan\u0131ml\u0131 olarak gelir.<\/p>","protected":false},"featured_media":0,"template":"","meta":{"_acf_changed":false},"product_brand":[],"product_cat":[211],"product_tag":[],"class_list":{"0":"post-6597","1":"product","2":"type-product","3":"status-publish","5":"product_cat-asphalt-bitumen","8":"instock","9":"shipping-taxable","10":"product-type-simple"},"acf":[],"yoast_head":"<!-- This site is optimized with the Yoast SEO Premium plugin v26.5 (Yoast SEO v26.5) - https:\/\/yoast.com\/wordpress\/plugins\/seo\/ -->\n<title>Emulsified Asphalt Distillation Apparatus - YKM TEST<\/title>\n<meta name=\"robots\" content=\"index, follow, max-snippet:-1, max-image-preview:large, max-video-preview:-1\" \/>\n<link rel=\"canonical\" href=\"https:\/\/ykmtest.com\/tr\/urun\/emulsified-asphalt-distillation-apparatus\/\" \/>\n<meta property=\"og:locale\" content=\"tr_TR\" \/>\n<meta property=\"og:type\" content=\"article\" \/>\n<meta property=\"og:title\" content=\"Emulsified Asphalt Distillation Apparatus\" \/>\n<meta property=\"og:description\" content=\"This device is used to analyze asphalt emulsions, which primarily consist of a semi-solid or liquid asphaltic base, water, and emulsifying agents. It allows for the examination of the emulsification properties of asphalt and the separation points of the components within the mixture. The apparatus is made of durable aluminum alloy and is equipped with a ring burner. It comes fully equipped with all essential components required for the distillation of emulsions and for observing the changes that occur during the process.\" \/>\n<meta property=\"og:url\" content=\"https:\/\/ykmtest.com\/tr\/urun\/emulsified-asphalt-distillation-apparatus\/\" \/>\n<meta property=\"og:site_name\" content=\"YKM TEST\" \/>\n<meta property=\"article:modified_time\" content=\"2025-10-12T09:33:52+00:00\" \/>\n<meta name=\"twitter:card\" content=\"summary_large_image\" \/>\n<meta name=\"twitter:label1\" content=\"Fiyat\" \/>\n\t<meta name=\"twitter:data1\" content=\"\" \/>\n\t<meta name=\"twitter:label2\" content=\"Durumu\" \/>\n\t<meta name=\"twitter:data2\" content=\"Stokta var\" \/>\n<script type=\"application\/ld+json\" class=\"yoast-schema-graph\">{\"@context\":\"https:\/\/schema.org\",\"@graph\":[{\"@type\":\"WebPage\",\"@id\":\"https:\/\/ykmtest.com\/product\/emulsified-asphalt-distillation-apparatus\/\",\"url\":\"https:\/\/ykmtest.com\/product\/emulsified-asphalt-distillation-apparatus\/\",\"name\":\"Emulsified Asphalt Distillation Apparatus - YKM TEST\",\"isPartOf\":{\"@id\":\"https:\/\/darkorchid-cheetah-525435.hostingersite.com\/#website\"},\"datePublished\":\"2025-10-08T16:14:12+00:00\",\"dateModified\":\"2025-10-12T09:33:52+00:00\",\"breadcrumb\":{\"@id\":\"https:\/\/ykmtest.com\/product\/emulsified-asphalt-distillation-apparatus\/#breadcrumb\"},\"inLanguage\":\"tr\",\"potentialAction\":[{\"@type\":\"ReadAction\",\"target\":[\"https:\/\/ykmtest.com\/product\/emulsified-asphalt-distillation-apparatus\/\"]}]},{\"@type\":\"BreadcrumbList\",\"@id\":\"https:\/\/ykmtest.com\/product\/emulsified-asphalt-distillation-apparatus\/#breadcrumb\",\"itemListElement\":[{\"@type\":\"ListItem\",\"position\":1,\"name\":\"Home\",\"item\":\"https:\/\/darkorchid-cheetah-525435.hostingersite.com\/\"},{\"@type\":\"ListItem\",\"position\":2,\"name\":\"\u0422\u043e\u0432\u0430\u0440\u044b\",\"item\":\"https:\/\/ykmtest.com\/ru\/shop\/\"},{\"@type\":\"ListItem\",\"position\":3,\"name\":\"Emulsified Asphalt Distillation Apparatus\"}]},{\"@type\":\"WebSite\",\"@id\":\"https:\/\/darkorchid-cheetah-525435.hostingersite.com\/#website\",\"url\":\"https:\/\/darkorchid-cheetah-525435.hostingersite.com\/\",\"name\":\"YKM TEST\",\"description\":\"\",\"publisher\":{\"@id\":\"https:\/\/darkorchid-cheetah-525435.hostingersite.com\/#organization\"},\"potentialAction\":[{\"@type\":\"SearchAction\",\"target\":{\"@type\":\"EntryPoint\",\"urlTemplate\":\"https:\/\/darkorchid-cheetah-525435.hostingersite.com\/?s={search_term_string}\"},\"query-input\":{\"@type\":\"PropertyValueSpecification\",\"valueRequired\":true,\"valueName\":\"search_term_string\"}}],\"inLanguage\":\"tr\"},{\"@type\":[\"Organization\",\"Place\"],\"@id\":\"https:\/\/darkorchid-cheetah-525435.hostingersite.com\/#organization\",\"name\":\"YKM TEST\",\"url\":\"https:\/\/darkorchid-cheetah-525435.hostingersite.com\/\",\"logo\":{\"@id\":\"https:\/\/ykmtest.com\/product\/emulsified-asphalt-distillation-apparatus\/#local-main-organization-logo\"},\"image\":{\"@id\":\"https:\/\/ykmtest.com\/product\/emulsified-asphalt-distillation-apparatus\/#local-main-organization-logo\"},\"telephone\":[],\"openingHoursSpecification\":[{\"@type\":\"OpeningHoursSpecification\",\"dayOfWeek\":[\"Monday\",\"Tuesday\",\"Wednesday\",\"Thursday\",\"Friday\",\"Saturday\",\"Sunday\"],\"opens\":\"09:00\",\"closes\":\"17:00\"}]},{\"@type\":\"ImageObject\",\"inLanguage\":\"tr\",\"@id\":\"https:\/\/ykmtest.com\/product\/emulsified-asphalt-distillation-apparatus\/#local-main-organization-logo\",\"url\":\"https:\/\/ykmtest.com\/wp-content\/uploads\/2025\/10\/Asset-2@2x-8.png\",\"contentUrl\":\"https:\/\/ykmtest.com\/wp-content\/uploads\/2025\/10\/Asset-2@2x-8.png\",\"width\":1550,\"height\":323,\"caption\":\"YKM TEST\"}]}<\/script>\n<meta property=\"product:price:currency\" content=\"USD\" \/>\n<meta property=\"og:availability\" content=\"instock\" \/>\n<meta property=\"product:availability\" content=\"instock\" \/>\n<meta property=\"product:condition\" content=\"new\" \/>\n<!-- \/ Yoast SEO Premium plugin. -->","yoast_head_json":{"title":"Emulsified Asphalt Distillation Apparatus - YKM TEST","robots":{"index":"index","follow":"follow","max-snippet":"max-snippet:-1","max-image-preview":"max-image-preview:large","max-video-preview":"max-video-preview:-1"},"canonical":"https:\/\/ykmtest.com\/tr\/urun\/emulsified-asphalt-distillation-apparatus\/","og_locale":"tr_TR","og_type":"article","og_title":"Emulsified Asphalt Distillation Apparatus","og_description":"This device is used to analyze asphalt emulsions, which primarily consist of a semi-solid or liquid asphaltic base, water, and emulsifying agents. It allows for the examination of the emulsification properties of asphalt and the separation points of the components within the mixture. The apparatus is made of durable aluminum alloy and is equipped with a ring burner. It comes fully equipped with all essential components required for the distillation of emulsions and for observing the changes that occur during the process.","og_url":"https:\/\/ykmtest.com\/tr\/urun\/emulsified-asphalt-distillation-apparatus\/","og_site_name":"YKM TEST","article_modified_time":"2025-10-12T09:33:52+00:00","twitter_card":"summary_large_image","twitter_misc":{"Fiyat":"","Durumu":"Stokta var"},"schema":{"@context":"https:\/\/schema.org","@graph":[{"@type":"WebPage","@id":"https:\/\/ykmtest.com\/product\/emulsified-asphalt-distillation-apparatus\/","url":"https:\/\/ykmtest.com\/product\/emulsified-asphalt-distillation-apparatus\/","name":"Emulsified Asphalt Distillation Apparatus - YKM TEST","isPartOf":{"@id":"https:\/\/darkorchid-cheetah-525435.hostingersite.com\/#website"},"datePublished":"2025-10-08T16:14:12+00:00","dateModified":"2025-10-12T09:33:52+00:00","breadcrumb":{"@id":"https:\/\/ykmtest.com\/product\/emulsified-asphalt-distillation-apparatus\/#breadcrumb"},"inLanguage":"tr","potentialAction":[{"@type":"ReadAction","target":["https:\/\/ykmtest.com\/product\/emulsified-asphalt-distillation-apparatus\/"]}]},{"@type":"BreadcrumbList","@id":"https:\/\/ykmtest.com\/product\/emulsified-asphalt-distillation-apparatus\/#breadcrumb","itemListElement":[{"@type":"ListItem","position":1,"name":"Home","item":"https:\/\/darkorchid-cheetah-525435.hostingersite.com\/"},{"@type":"ListItem","position":2,"name":"\u0422\u043e\u0432\u0430\u0440\u044b","item":"https:\/\/ykmtest.com\/ru\/shop\/"},{"@type":"ListItem","position":3,"name":"Emulsified Asphalt Distillation Apparatus"}]},{"@type":"WebSite","@id":"https:\/\/darkorchid-cheetah-525435.hostingersite.com\/#website","url":"https:\/\/darkorchid-cheetah-525435.hostingersite.com\/","name":"YKM TEST\u0130","description":"","publisher":{"@id":"https:\/\/darkorchid-cheetah-525435.hostingersite.com\/#organization"},"potentialAction":[{"@type":"SearchAction","target":{"@type":"EntryPoint","urlTemplate":"https:\/\/darkorchid-cheetah-525435.hostingersite.com\/?s={search_term_string}"},"query-input":{"@type":"PropertyValueSpecification","valueRequired":true,"valueName":"search_term_string"}}],"inLanguage":"tr"},{"@type":["Organization","Place"],"@id":"https:\/\/darkorchid-cheetah-525435.hostingersite.com\/#organization","name":"YKM TEST\u0130","url":"https:\/\/darkorchid-cheetah-525435.hostingersite.com\/","logo":{"@id":"https:\/\/ykmtest.com\/product\/emulsified-asphalt-distillation-apparatus\/#local-main-organization-logo"},"image":{"@id":"https:\/\/ykmtest.com\/product\/emulsified-asphalt-distillation-apparatus\/#local-main-organization-logo"},"telephone":[],"openingHoursSpecification":[{"@type":"OpeningHoursSpecification","dayOfWeek":["Monday","Tuesday","Wednesday","Thursday","Friday","Saturday","Sunday"],"opens":"09:00","closes":"17:00"}]},{"@type":"ImageObject","inLanguage":"tr","@id":"https:\/\/ykmtest.com\/product\/emulsified-asphalt-distillation-apparatus\/#local-main-organization-logo","url":"https:\/\/ykmtest.com\/wp-content\/uploads\/2025\/10\/Asset-2@2x-8.png","contentUrl":"https:\/\/ykmtest.com\/wp-content\/uploads\/2025\/10\/Asset-2@2x-8.png","width":1550,"height":323,"caption":"YKM TEST"}]},"product_price_currency":"USD","og_availability":"instock","product_availability":"instock","product_condition":"new"},"_links":{"self":[{"href":"https:\/\/ykmtest.com\/tr\/wp-json\/wp\/v2\/product\/6597","targetHints":{"allow":["GET"]}}],"collection":[{"href":"https:\/\/ykmtest.com\/tr\/wp-json\/wp\/v2\/product"}],"about":[{"href":"https:\/\/ykmtest.com\/tr\/wp-json\/wp\/v2\/types\/product"}],"version-history":[{"count":0,"href":"https:\/\/ykmtest.com\/tr\/wp-json\/wp\/v2\/product\/6597\/revisions"}],"wp:attachment":[{"href":"https:\/\/ykmtest.com\/tr\/wp-json\/wp\/v2\/media?parent=6597"}],"wp:term":[{"taxonomy":"product_brand","embeddable":true,"href":"https:\/\/ykmtest.com\/tr\/wp-json\/wp\/v2\/product_brand?post=6597"},{"taxonomy":"product_cat","embeddable":true,"href":"https:\/\/ykmtest.com\/tr\/wp-json\/wp\/v2\/product_cat?post=6597"},{"taxonomy":"product_tag","embeddable":true,"href":"https:\/\/ykmtest.com\/tr\/wp-json\/wp\/v2\/product_tag?post=6597"}],"curies":[{"name":"wp","href":"https:\/\/api.w.org\/{rel}","templated":true}]}}