{"id":6616,"date":"2025-10-08T16:44:49","date_gmt":"2025-10-08T16:44:49","guid":{"rendered":"https:\/\/ykmtest.com\/?post_type=product&#038;p=6616"},"modified":"2025-10-12T09:05:57","modified_gmt":"2025-10-12T09:05:57","slug":"dijital-standart-tar-efflux-viscometer","status":"publish","type":"product","link":"https:\/\/ykmtest.com\/tr\/urun\/dijital-standart-tar-efflux-viscometer\/","title":{"rendered":"Dijital Standart Katran \/ Efflux Viskozimetre"},"content":{"rendered":"","protected":false},"excerpt":{"rendered":"<p>Viskozimetreler, cutback bit\u00fcm ve yol ya\u011flar\u0131n\u0131n viskozitesini \u00f6l\u00e7mek i\u00e7in kullan\u0131l\u0131r. Bu cihaz paslanmaz \u00e7elik bir tank, bir kar\u0131\u015ft\u0131r\u0131c\u0131, reosta kontroll\u00fc bir dald\u0131rma \u0131s\u0131t\u0131c\u0131 ve suyu istenen s\u0131cakl\u0131\u011fa getirmek i\u00e7in dijital bir termostattan olu\u015fur. Ayr\u0131ca su ba\u011flant\u0131s\u0131 i\u00e7in entegre bir so\u011futma bobini i\u00e7erir. Matest viskozimetre, a\u015f\u0131r\u0131 \u0131s\u0131nmay\u0131 \u00f6nlemek i\u00e7in \u00e7ift emniyet termostat\u0131 ile donat\u0131lm\u0131\u015ft\u0131r. Cihaz, 0-45\u00b0C aral\u0131\u011f\u0131nda 0,2\u00b0C hassasiyetle \u00f6l\u00e7\u00fcm yapan IP 8C kontroll\u00fc cam termometre ve 100 ml kapasiteli dereceli cam silindir ile birlikte verilir.<\/p>","protected":false},"featured_media":7064,"template":"","meta":{"_acf_changed":false},"product_brand":[],"product_cat":[172,211],"product_tag":[],"class_list":{"0":"post-6616","1":"product","2":"type-product","3":"status-publish","4":"has-post-thumbnail","6":"product_cat-asphalt","7":"product_cat-asphalt-bitumen","10":"instock","11":"shipping-taxable","12":"product-type-simple"},"acf":[],"yoast_head":"<!-- This site is optimized with the Yoast SEO Premium plugin v26.5 (Yoast SEO v26.5) - https:\/\/yoast.com\/wordpress\/plugins\/seo\/ -->\n<title>Dijital Standart Tar \/ Efflux Viscometer - YKM TEST<\/title>\n<meta name=\"robots\" content=\"index, follow, max-snippet:-1, max-image-preview:large, max-video-preview:-1\" \/>\n<link rel=\"canonical\" href=\"https:\/\/ykmtest.com\/tr\/urun\/dijital-standart-tar-efflux-viscometer\/\" \/>\n<meta property=\"og:locale\" content=\"tr_TR\" \/>\n<meta property=\"og:type\" content=\"article\" \/>\n<meta property=\"og:title\" content=\"Dijital Standart Tar \/ Efflux Viscometer\" \/>\n<meta property=\"og:description\" content=\"Viscometers are used to measure the viscosity of cutback bitumen and road oils. This device consists of a stainless steel tank, an agitator, an immersion heater with rheostat control, and a digital thermostat to bring the water to the desired temperature. It also includes an integrated cooling coil for water connection. The Matest viscometer is equipped with a dual safety thermostat to prevent overheating. The device is supplied with an IP 8C control glass thermometer, measuring in the range of 0\u201345\u00b0C with a precision of 0.2\u00b0C, and a graduated glass cylinder with a capacity of 100 ml.\" \/>\n<meta property=\"og:url\" content=\"https:\/\/ykmtest.com\/tr\/urun\/dijital-standart-tar-efflux-viscometer\/\" \/>\n<meta property=\"og:site_name\" content=\"YKM TEST\" \/>\n<meta property=\"article:modified_time\" content=\"2025-10-12T09:05:57+00:00\" \/>\n<meta property=\"og:image\" content=\"https:\/\/ykmtest.com\/wp-content\/uploads\/2025\/10\/Screenshot_5.png\" \/>\n\t<meta property=\"og:image:width\" content=\"1100\" \/>\n\t<meta property=\"og:image:height\" content=\"800\" \/>\n\t<meta property=\"og:image:type\" content=\"image\/png\" \/>\n<meta name=\"twitter:card\" content=\"summary_large_image\" \/>\n<meta name=\"twitter:label1\" content=\"Fiyat\" \/>\n\t<meta name=\"twitter:data1\" content=\"\" \/>\n\t<meta name=\"twitter:label2\" content=\"Durumu\" \/>\n\t<meta name=\"twitter:data2\" content=\"Stokta var\" \/>\n<script type=\"application\/ld+json\" class=\"yoast-schema-graph\">{\"@context\":\"https:\/\/schema.org\",\"@graph\":[{\"@type\":\"WebPage\",\"@id\":\"https:\/\/ykmtest.com\/product\/dijital-standart-tar-efflux-viscometer\/\",\"url\":\"https:\/\/ykmtest.com\/product\/dijital-standart-tar-efflux-viscometer\/\",\"name\":\"Dijital Standart Tar \/ Efflux Viscometer - YKM TEST\",\"isPartOf\":{\"@id\":\"https:\/\/ykmtest.com\/#website\"},\"primaryImageOfPage\":{\"@id\":\"https:\/\/ykmtest.com\/product\/dijital-standart-tar-efflux-viscometer\/#primaryimage\"},\"image\":{\"@id\":\"https:\/\/ykmtest.com\/product\/dijital-standart-tar-efflux-viscometer\/#primaryimage\"},\"thumbnailUrl\":\"https:\/\/ykmtest.com\/wp-content\/uploads\/2025\/10\/Screenshot_5.png\",\"datePublished\":\"2025-10-08T16:44:49+00:00\",\"dateModified\":\"2025-10-12T09:05:57+00:00\",\"breadcrumb\":{\"@id\":\"https:\/\/ykmtest.com\/product\/dijital-standart-tar-efflux-viscometer\/#breadcrumb\"},\"inLanguage\":\"tr\",\"potentialAction\":[{\"@type\":\"ReadAction\",\"target\":[\"https:\/\/ykmtest.com\/product\/dijital-standart-tar-efflux-viscometer\/\"]}]},{\"@type\":\"ImageObject\",\"inLanguage\":\"tr\",\"@id\":\"https:\/\/ykmtest.com\/product\/dijital-standart-tar-efflux-viscometer\/#primaryimage\",\"url\":\"https:\/\/ykmtest.com\/wp-content\/uploads\/2025\/10\/Screenshot_5.png\",\"contentUrl\":\"https:\/\/ykmtest.com\/wp-content\/uploads\/2025\/10\/Screenshot_5.png\",\"width\":1100,\"height\":800},{\"@type\":\"BreadcrumbList\",\"@id\":\"https:\/\/ykmtest.com\/product\/dijital-standart-tar-efflux-viscometer\/#breadcrumb\",\"itemListElement\":[{\"@type\":\"ListItem\",\"position\":1,\"name\":\"Home\",\"item\":\"https:\/\/ykmtest.com\/\"},{\"@type\":\"ListItem\",\"position\":2,\"name\":\"Products\",\"item\":\"https:\/\/ykmtest.com\/shop\/\"},{\"@type\":\"ListItem\",\"position\":3,\"name\":\"Dijital Standart Tar \/ Efflux Viscometer\"}]},{\"@type\":\"WebSite\",\"@id\":\"https:\/\/ykmtest.com\/#website\",\"url\":\"https:\/\/ykmtest.com\/\",\"name\":\"YKM TEST\",\"description\":\"\",\"publisher\":{\"@id\":\"https:\/\/ykmtest.com\/#organization\"},\"potentialAction\":[{\"@type\":\"SearchAction\",\"target\":{\"@type\":\"EntryPoint\",\"urlTemplate\":\"https:\/\/ykmtest.com\/?s={search_term_string}\"},\"query-input\":{\"@type\":\"PropertyValueSpecification\",\"valueRequired\":true,\"valueName\":\"search_term_string\"}}],\"inLanguage\":\"tr\"},{\"@type\":[\"Organization\",\"Place\"],\"@id\":\"https:\/\/ykmtest.com\/#organization\",\"name\":\"YKM TEST\",\"url\":\"https:\/\/ykmtest.com\/\",\"logo\":{\"@id\":\"https:\/\/ykmtest.com\/product\/dijital-standart-tar-efflux-viscometer\/#local-main-organization-logo\"},\"image\":{\"@id\":\"https:\/\/ykmtest.com\/product\/dijital-standart-tar-efflux-viscometer\/#local-main-organization-logo\"},\"telephone\":[],\"openingHoursSpecification\":[{\"@type\":\"OpeningHoursSpecification\",\"dayOfWeek\":[\"Monday\",\"Tuesday\",\"Wednesday\",\"Thursday\",\"Friday\",\"Saturday\",\"Sunday\"],\"opens\":\"09:00\",\"closes\":\"17:00\"}]},{\"@type\":\"ImageObject\",\"inLanguage\":\"tr\",\"@id\":\"https:\/\/ykmtest.com\/product\/dijital-standart-tar-efflux-viscometer\/#local-main-organization-logo\",\"url\":\"https:\/\/ykmtest.com\/wp-content\/uploads\/2025\/10\/Asset-2@2x-8.png\",\"contentUrl\":\"https:\/\/ykmtest.com\/wp-content\/uploads\/2025\/10\/Asset-2@2x-8.png\",\"width\":1550,\"height\":323,\"caption\":\"YKM TEST\"}]}<\/script>\n<meta property=\"product:price:currency\" content=\"USD\" \/>\n<meta property=\"og:availability\" content=\"instock\" \/>\n<meta property=\"product:availability\" content=\"instock\" \/>\n<meta property=\"product:condition\" content=\"new\" \/>\n<!-- \/ Yoast SEO Premium plugin. -->","yoast_head_json":{"title":"Dijital Standart Tar \/ Efflux Viscometer - YKM TEST","robots":{"index":"index","follow":"follow","max-snippet":"max-snippet:-1","max-image-preview":"max-image-preview:large","max-video-preview":"max-video-preview:-1"},"canonical":"https:\/\/ykmtest.com\/tr\/urun\/dijital-standart-tar-efflux-viscometer\/","og_locale":"tr_TR","og_type":"article","og_title":"Dijital Standart Tar \/ Efflux Viscometer","og_description":"Viscometers are used to measure the viscosity of cutback bitumen and road oils. This device consists of a stainless steel tank, an agitator, an immersion heater with rheostat control, and a digital thermostat to bring the water to the desired temperature. It also includes an integrated cooling coil for water connection. The Matest viscometer is equipped with a dual safety thermostat to prevent overheating. The device is supplied with an IP 8C control glass thermometer, measuring in the range of 0\u201345\u00b0C with a precision of 0.2\u00b0C, and a graduated glass cylinder with a capacity of 100 ml.","og_url":"https:\/\/ykmtest.com\/tr\/urun\/dijital-standart-tar-efflux-viscometer\/","og_site_name":"YKM TEST","article_modified_time":"2025-10-12T09:05:57+00:00","og_image":[{"width":1100,"height":800,"url":"https:\/\/ykmtest.com\/wp-content\/uploads\/2025\/10\/Screenshot_5.png","type":"image\/png"}],"twitter_card":"summary_large_image","twitter_misc":{"Fiyat":"","Durumu":"Stokta var"},"schema":{"@context":"https:\/\/schema.org","@graph":[{"@type":"WebPage","@id":"https:\/\/ykmtest.com\/product\/dijital-standart-tar-efflux-viscometer\/","url":"https:\/\/ykmtest.com\/product\/dijital-standart-tar-efflux-viscometer\/","name":"Dijital Standart Tar \/ Efflux Viscometer - YKM TEST","isPartOf":{"@id":"https:\/\/ykmtest.com\/#website"},"primaryImageOfPage":{"@id":"https:\/\/ykmtest.com\/product\/dijital-standart-tar-efflux-viscometer\/#primaryimage"},"image":{"@id":"https:\/\/ykmtest.com\/product\/dijital-standart-tar-efflux-viscometer\/#primaryimage"},"thumbnailUrl":"https:\/\/ykmtest.com\/wp-content\/uploads\/2025\/10\/Screenshot_5.png","datePublished":"2025-10-08T16:44:49+00:00","dateModified":"2025-10-12T09:05:57+00:00","breadcrumb":{"@id":"https:\/\/ykmtest.com\/product\/dijital-standart-tar-efflux-viscometer\/#breadcrumb"},"inLanguage":"tr","potentialAction":[{"@type":"ReadAction","target":["https:\/\/ykmtest.com\/product\/dijital-standart-tar-efflux-viscometer\/"]}]},{"@type":"ImageObject","inLanguage":"tr","@id":"https:\/\/ykmtest.com\/product\/dijital-standart-tar-efflux-viscometer\/#primaryimage","url":"https:\/\/ykmtest.com\/wp-content\/uploads\/2025\/10\/Screenshot_5.png","contentUrl":"https:\/\/ykmtest.com\/wp-content\/uploads\/2025\/10\/Screenshot_5.png","width":1100,"height":800},{"@type":"BreadcrumbList","@id":"https:\/\/ykmtest.com\/product\/dijital-standart-tar-efflux-viscometer\/#breadcrumb","itemListElement":[{"@type":"ListItem","position":1,"name":"Home","item":"https:\/\/ykmtest.com\/"},{"@type":"ListItem","position":2,"name":"Products","item":"https:\/\/ykmtest.com\/shop\/"},{"@type":"ListItem","position":3,"name":"Dijital Standart Tar \/ Efflux Viscometer"}]},{"@type":"WebSite","@id":"https:\/\/ykmtest.com\/#website","url":"https:\/\/ykmtest.com\/","name":"YKM TEST\u0130","description":"","publisher":{"@id":"https:\/\/ykmtest.com\/#organization"},"potentialAction":[{"@type":"SearchAction","target":{"@type":"EntryPoint","urlTemplate":"https:\/\/ykmtest.com\/?s={search_term_string}"},"query-input":{"@type":"PropertyValueSpecification","valueRequired":true,"valueName":"search_term_string"}}],"inLanguage":"tr"},{"@type":["Organization","Place"],"@id":"https:\/\/ykmtest.com\/#organization","name":"YKM TEST\u0130","url":"https:\/\/ykmtest.com\/","logo":{"@id":"https:\/\/ykmtest.com\/product\/dijital-standart-tar-efflux-viscometer\/#local-main-organization-logo"},"image":{"@id":"https:\/\/ykmtest.com\/product\/dijital-standart-tar-efflux-viscometer\/#local-main-organization-logo"},"telephone":[],"openingHoursSpecification":[{"@type":"OpeningHoursSpecification","dayOfWeek":["Monday","Tuesday","Wednesday","Thursday","Friday","Saturday","Sunday"],"opens":"09:00","closes":"17:00"}]},{"@type":"ImageObject","inLanguage":"tr","@id":"https:\/\/ykmtest.com\/product\/dijital-standart-tar-efflux-viscometer\/#local-main-organization-logo","url":"https:\/\/ykmtest.com\/wp-content\/uploads\/2025\/10\/Asset-2@2x-8.png","contentUrl":"https:\/\/ykmtest.com\/wp-content\/uploads\/2025\/10\/Asset-2@2x-8.png","width":1550,"height":323,"caption":"YKM TEST"}]},"product_price_currency":"USD","og_availability":"instock","product_availability":"instock","product_condition":"new"},"_links":{"self":[{"href":"https:\/\/ykmtest.com\/tr\/wp-json\/wp\/v2\/product\/6616","targetHints":{"allow":["GET"]}}],"collection":[{"href":"https:\/\/ykmtest.com\/tr\/wp-json\/wp\/v2\/product"}],"about":[{"href":"https:\/\/ykmtest.com\/tr\/wp-json\/wp\/v2\/types\/product"}],"version-history":[{"count":0,"href":"https:\/\/ykmtest.com\/tr\/wp-json\/wp\/v2\/product\/6616\/revisions"}],"wp:featuredmedia":[{"embeddable":true,"href":"https:\/\/ykmtest.com\/tr\/wp-json\/wp\/v2\/media\/7064"}],"wp:attachment":[{"href":"https:\/\/ykmtest.com\/tr\/wp-json\/wp\/v2\/media?parent=6616"}],"wp:term":[{"taxonomy":"product_brand","embeddable":true,"href":"https:\/\/ykmtest.com\/tr\/wp-json\/wp\/v2\/product_brand?post=6616"},{"taxonomy":"product_cat","embeddable":true,"href":"https:\/\/ykmtest.com\/tr\/wp-json\/wp\/v2\/product_cat?post=6616"},{"taxonomy":"product_tag","embeddable":true,"href":"https:\/\/ykmtest.com\/tr\/wp-json\/wp\/v2\/product_tag?post=6616"}],"curies":[{"name":"wp","href":"https:\/\/api.w.org\/{rel}","templated":true}]}}