{"id":6636,"date":"2025-10-08T18:30:40","date_gmt":"2025-10-08T18:30:40","guid":{"rendered":"https:\/\/ykmtest.com\/?post_type=product&#038;p=6636"},"modified":"2025-10-12T08:49:17","modified_gmt":"2025-10-12T08:49:17","slug":"semi-automatic-digital-penetrometer","status":"publish","type":"product","link":"https:\/\/ykmtest.com\/tr\/urun\/semi-automatic-digital-penetrometer\/","title":{"rendered":"Yar\u0131 Otomatik Dijital Penetrometre"},"content":{"rendered":"","protected":false},"excerpt":{"rendered":"<p>Penetrometre, sabit y\u00fck, zaman ve s\u0131cakl\u0131k ko\u015fullar\u0131 alt\u0131nda bit\u00fcml\u00fc bir numunenin k\u0131vam\u0131n\u0131 belirlemek i\u00e7in kullan\u0131l\u0131r. Cihaz manyetik bir kontrol \u00fcnitesine ve elektronik dijital programlanabilir bir zamanlay\u0131c\u0131ya sahiptir. Bu sistem, piston kafas\u0131n\u0131 otomatik olarak serbest b\u0131rak\u0131r ve 5 saniyelik test s\u0131ras\u0131nda i\u011fnenin serbest d\u00fc\u015f\u00fc\u015f\u00fcn\u00fc sa\u011flar. Standart penetrometre, sa\u011flam bir al\u00fcminyum taban tablas\u0131, tesviye vidalar\u0131, kaplamal\u0131 bir dikey \u00e7ubuk ve mikrometrik bir dikey ayar cihaz\u0131 ile donat\u0131lm\u0131\u015ft\u0131r. Pirin\u00e7ten yap\u0131lm\u0131\u015f kayd\u0131r\u0131c\u0131, yumu\u015fak serbest d\u00fc\u015f\u00fc\u015f sa\u011flar. Ayr\u0131ca, 0,01 mm \u00e7\u00f6z\u00fcn\u00fcrl\u00fc\u011fe sahip bir dijital ekran i\u00e7erir. Penetrometre, bir durdurma ve b\u0131rakma d\u00fc\u011fmesi, otomatik s\u0131f\u0131rlama, mikrometre ayar\u0131, 50 g ve 100 g a\u011f\u0131rl\u0131k seti, bir penetrasyon i\u011fnesi ve 55\u00d735 mm ve 70\u00d745 mm \u00e7aplar\u0131nda pirin\u00e7 numune kaplar\u0131 ile birlikte verilir.<\/p>","protected":false},"featured_media":7074,"template":"","meta":{"_acf_changed":false},"product_brand":[],"product_cat":[211],"product_tag":[],"class_list":{"0":"post-6636","1":"product","2":"type-product","3":"status-publish","4":"has-post-thumbnail","6":"product_cat-asphalt-bitumen","9":"instock","10":"shipping-taxable","11":"product-type-simple"},"acf":[],"yoast_head":"<!-- This site is optimized with the Yoast SEO Premium plugin v26.5 (Yoast SEO v26.5) - https:\/\/yoast.com\/wordpress\/plugins\/seo\/ -->\n<title>Semi Automatic Digital Penetrometer - YKM TEST<\/title>\n<meta name=\"robots\" content=\"index, follow, max-snippet:-1, max-image-preview:large, max-video-preview:-1\" \/>\n<link rel=\"canonical\" href=\"https:\/\/ykmtest.com\/tr\/urun\/semi-automatic-digital-penetrometer\/\" \/>\n<meta property=\"og:locale\" content=\"tr_TR\" \/>\n<meta property=\"og:type\" content=\"article\" \/>\n<meta property=\"og:title\" content=\"Semi Automatic Digital Penetrometer\" \/>\n<meta property=\"og:description\" content=\"The penetrometer is used to determine the consistency of a bituminous sample under fixed conditions of load, time, and temperature. The device features a magnetic control unit and an electronic digital programmable timer. This system automatically releases the plunger head and ensures the free fall of the needle during the 5-second test. The standard penetrometer is equipped with a sturdy aluminum base table, leveling screws, a coated vertical rod, and a micrometric vertical adjustment device. The slider, made of brass, allows for smooth free fall. Additionally, it includes a digital display with a resolution of 0.01 mm. The penetrometer is supplied with a stop and release button, automatic reset, micrometer adjustment, a set of 50 g and 100 g weights, a penetration needle, and brass sample cups with diameters of 55x35 mm and 70x45 mm.\" \/>\n<meta property=\"og:url\" content=\"https:\/\/ykmtest.com\/tr\/urun\/semi-automatic-digital-penetrometer\/\" \/>\n<meta property=\"og:site_name\" content=\"YKM TEST\" \/>\n<meta property=\"article:modified_time\" content=\"2025-10-12T08:49:17+00:00\" \/>\n<meta property=\"og:image\" content=\"https:\/\/ykmtest.com\/wp-content\/uploads\/2025\/10\/Screenshot_3-2.png\" \/>\n\t<meta property=\"og:image:width\" content=\"1100\" \/>\n\t<meta property=\"og:image:height\" content=\"800\" \/>\n\t<meta property=\"og:image:type\" content=\"image\/png\" \/>\n<meta name=\"twitter:card\" content=\"summary_large_image\" \/>\n<meta name=\"twitter:label1\" content=\"Fiyat\" \/>\n\t<meta name=\"twitter:data1\" content=\"\" \/>\n\t<meta name=\"twitter:label2\" content=\"Durumu\" \/>\n\t<meta name=\"twitter:data2\" content=\"Stokta var\" \/>\n<script type=\"application\/ld+json\" class=\"yoast-schema-graph\">{\"@context\":\"https:\/\/schema.org\",\"@graph\":[{\"@type\":\"WebPage\",\"@id\":\"https:\/\/ykmtest.com\/product\/semi-automatic-digital-penetrometer\/\",\"url\":\"https:\/\/ykmtest.com\/product\/semi-automatic-digital-penetrometer\/\",\"name\":\"Semi Automatic Digital Penetrometer - YKM TEST\",\"isPartOf\":{\"@id\":\"https:\/\/darkorchid-cheetah-525435.hostingersite.com\/#website\"},\"primaryImageOfPage\":{\"@id\":\"https:\/\/ykmtest.com\/product\/semi-automatic-digital-penetrometer\/#primaryimage\"},\"image\":{\"@id\":\"https:\/\/ykmtest.com\/product\/semi-automatic-digital-penetrometer\/#primaryimage\"},\"thumbnailUrl\":\"https:\/\/ykmtest.com\/wp-content\/uploads\/2025\/10\/Screenshot_3-2.png\",\"datePublished\":\"2025-10-08T18:30:40+00:00\",\"dateModified\":\"2025-10-12T08:49:17+00:00\",\"breadcrumb\":{\"@id\":\"https:\/\/ykmtest.com\/product\/semi-automatic-digital-penetrometer\/#breadcrumb\"},\"inLanguage\":\"tr\",\"potentialAction\":[{\"@type\":\"ReadAction\",\"target\":[\"https:\/\/ykmtest.com\/product\/semi-automatic-digital-penetrometer\/\"]}]},{\"@type\":\"ImageObject\",\"inLanguage\":\"tr\",\"@id\":\"https:\/\/ykmtest.com\/product\/semi-automatic-digital-penetrometer\/#primaryimage\",\"url\":\"https:\/\/ykmtest.com\/wp-content\/uploads\/2025\/10\/Screenshot_3-2.png\",\"contentUrl\":\"https:\/\/ykmtest.com\/wp-content\/uploads\/2025\/10\/Screenshot_3-2.png\",\"width\":1100,\"height\":800},{\"@type\":\"BreadcrumbList\",\"@id\":\"https:\/\/ykmtest.com\/product\/semi-automatic-digital-penetrometer\/#breadcrumb\",\"itemListElement\":[{\"@type\":\"ListItem\",\"position\":1,\"name\":\"Home\",\"item\":\"https:\/\/darkorchid-cheetah-525435.hostingersite.com\/\"},{\"@type\":\"ListItem\",\"position\":2,\"name\":\"\u0422\u043e\u0432\u0430\u0440\u044b\",\"item\":\"https:\/\/ykmtest.com\/ru\/shop\/\"},{\"@type\":\"ListItem\",\"position\":3,\"name\":\"Semi Automatic Digital Penetrometer\"}]},{\"@type\":\"WebSite\",\"@id\":\"https:\/\/darkorchid-cheetah-525435.hostingersite.com\/#website\",\"url\":\"https:\/\/darkorchid-cheetah-525435.hostingersite.com\/\",\"name\":\"YKM TEST\",\"description\":\"\",\"publisher\":{\"@id\":\"https:\/\/darkorchid-cheetah-525435.hostingersite.com\/#organization\"},\"potentialAction\":[{\"@type\":\"SearchAction\",\"target\":{\"@type\":\"EntryPoint\",\"urlTemplate\":\"https:\/\/darkorchid-cheetah-525435.hostingersite.com\/?s={search_term_string}\"},\"query-input\":{\"@type\":\"PropertyValueSpecification\",\"valueRequired\":true,\"valueName\":\"search_term_string\"}}],\"inLanguage\":\"tr\"},{\"@type\":[\"Organization\",\"Place\"],\"@id\":\"https:\/\/darkorchid-cheetah-525435.hostingersite.com\/#organization\",\"name\":\"YKM TEST\",\"url\":\"https:\/\/darkorchid-cheetah-525435.hostingersite.com\/\",\"logo\":{\"@id\":\"https:\/\/ykmtest.com\/product\/semi-automatic-digital-penetrometer\/#local-main-organization-logo\"},\"image\":{\"@id\":\"https:\/\/ykmtest.com\/product\/semi-automatic-digital-penetrometer\/#local-main-organization-logo\"},\"telephone\":[],\"openingHoursSpecification\":[{\"@type\":\"OpeningHoursSpecification\",\"dayOfWeek\":[\"Monday\",\"Tuesday\",\"Wednesday\",\"Thursday\",\"Friday\",\"Saturday\",\"Sunday\"],\"opens\":\"09:00\",\"closes\":\"17:00\"}]},{\"@type\":\"ImageObject\",\"inLanguage\":\"tr\",\"@id\":\"https:\/\/ykmtest.com\/product\/semi-automatic-digital-penetrometer\/#local-main-organization-logo\",\"url\":\"https:\/\/ykmtest.com\/wp-content\/uploads\/2025\/10\/Asset-2@2x-8.png\",\"contentUrl\":\"https:\/\/ykmtest.com\/wp-content\/uploads\/2025\/10\/Asset-2@2x-8.png\",\"width\":1550,\"height\":323,\"caption\":\"YKM TEST\"}]}<\/script>\n<meta property=\"product:price:currency\" content=\"USD\" \/>\n<meta property=\"og:availability\" content=\"instock\" \/>\n<meta property=\"product:availability\" content=\"instock\" \/>\n<meta property=\"product:condition\" content=\"new\" \/>\n<!-- \/ Yoast SEO Premium plugin. -->","yoast_head_json":{"title":"Semi Automatic Digital Penetrometer - YKM TEST","robots":{"index":"index","follow":"follow","max-snippet":"max-snippet:-1","max-image-preview":"max-image-preview:large","max-video-preview":"max-video-preview:-1"},"canonical":"https:\/\/ykmtest.com\/tr\/urun\/semi-automatic-digital-penetrometer\/","og_locale":"tr_TR","og_type":"article","og_title":"Semi Automatic Digital Penetrometer","og_description":"The penetrometer is used to determine the consistency of a bituminous sample under fixed conditions of load, time, and temperature. The device features a magnetic control unit and an electronic digital programmable timer. This system automatically releases the plunger head and ensures the free fall of the needle during the 5-second test. The standard penetrometer is equipped with a sturdy aluminum base table, leveling screws, a coated vertical rod, and a micrometric vertical adjustment device. The slider, made of brass, allows for smooth free fall. Additionally, it includes a digital display with a resolution of 0.01 mm. The penetrometer is supplied with a stop and release button, automatic reset, micrometer adjustment, a set of 50 g and 100 g weights, a penetration needle, and brass sample cups with diameters of 55x35 mm and 70x45 mm.","og_url":"https:\/\/ykmtest.com\/tr\/urun\/semi-automatic-digital-penetrometer\/","og_site_name":"YKM TEST","article_modified_time":"2025-10-12T08:49:17+00:00","og_image":[{"width":1100,"height":800,"url":"https:\/\/ykmtest.com\/wp-content\/uploads\/2025\/10\/Screenshot_3-2.png","type":"image\/png"}],"twitter_card":"summary_large_image","twitter_misc":{"Fiyat":"","Durumu":"Stokta var"},"schema":{"@context":"https:\/\/schema.org","@graph":[{"@type":"WebPage","@id":"https:\/\/ykmtest.com\/product\/semi-automatic-digital-penetrometer\/","url":"https:\/\/ykmtest.com\/product\/semi-automatic-digital-penetrometer\/","name":"Semi Automatic Digital Penetrometer - YKM TEST","isPartOf":{"@id":"https:\/\/darkorchid-cheetah-525435.hostingersite.com\/#website"},"primaryImageOfPage":{"@id":"https:\/\/ykmtest.com\/product\/semi-automatic-digital-penetrometer\/#primaryimage"},"image":{"@id":"https:\/\/ykmtest.com\/product\/semi-automatic-digital-penetrometer\/#primaryimage"},"thumbnailUrl":"https:\/\/ykmtest.com\/wp-content\/uploads\/2025\/10\/Screenshot_3-2.png","datePublished":"2025-10-08T18:30:40+00:00","dateModified":"2025-10-12T08:49:17+00:00","breadcrumb":{"@id":"https:\/\/ykmtest.com\/product\/semi-automatic-digital-penetrometer\/#breadcrumb"},"inLanguage":"tr","potentialAction":[{"@type":"ReadAction","target":["https:\/\/ykmtest.com\/product\/semi-automatic-digital-penetrometer\/"]}]},{"@type":"ImageObject","inLanguage":"tr","@id":"https:\/\/ykmtest.com\/product\/semi-automatic-digital-penetrometer\/#primaryimage","url":"https:\/\/ykmtest.com\/wp-content\/uploads\/2025\/10\/Screenshot_3-2.png","contentUrl":"https:\/\/ykmtest.com\/wp-content\/uploads\/2025\/10\/Screenshot_3-2.png","width":1100,"height":800},{"@type":"BreadcrumbList","@id":"https:\/\/ykmtest.com\/product\/semi-automatic-digital-penetrometer\/#breadcrumb","itemListElement":[{"@type":"ListItem","position":1,"name":"Home","item":"https:\/\/darkorchid-cheetah-525435.hostingersite.com\/"},{"@type":"ListItem","position":2,"name":"\u0422\u043e\u0432\u0430\u0440\u044b","item":"https:\/\/ykmtest.com\/ru\/shop\/"},{"@type":"ListItem","position":3,"name":"Semi Automatic Digital Penetrometer"}]},{"@type":"WebSite","@id":"https:\/\/darkorchid-cheetah-525435.hostingersite.com\/#website","url":"https:\/\/darkorchid-cheetah-525435.hostingersite.com\/","name":"YKM TEST\u0130","description":"","publisher":{"@id":"https:\/\/darkorchid-cheetah-525435.hostingersite.com\/#organization"},"potentialAction":[{"@type":"SearchAction","target":{"@type":"EntryPoint","urlTemplate":"https:\/\/darkorchid-cheetah-525435.hostingersite.com\/?s={search_term_string}"},"query-input":{"@type":"PropertyValueSpecification","valueRequired":true,"valueName":"search_term_string"}}],"inLanguage":"tr"},{"@type":["Organization","Place"],"@id":"https:\/\/darkorchid-cheetah-525435.hostingersite.com\/#organization","name":"YKM TEST\u0130","url":"https:\/\/darkorchid-cheetah-525435.hostingersite.com\/","logo":{"@id":"https:\/\/ykmtest.com\/product\/semi-automatic-digital-penetrometer\/#local-main-organization-logo"},"image":{"@id":"https:\/\/ykmtest.com\/product\/semi-automatic-digital-penetrometer\/#local-main-organization-logo"},"telephone":[],"openingHoursSpecification":[{"@type":"OpeningHoursSpecification","dayOfWeek":["Monday","Tuesday","Wednesday","Thursday","Friday","Saturday","Sunday"],"opens":"09:00","closes":"17:00"}]},{"@type":"ImageObject","inLanguage":"tr","@id":"https:\/\/ykmtest.com\/product\/semi-automatic-digital-penetrometer\/#local-main-organization-logo","url":"https:\/\/ykmtest.com\/wp-content\/uploads\/2025\/10\/Asset-2@2x-8.png","contentUrl":"https:\/\/ykmtest.com\/wp-content\/uploads\/2025\/10\/Asset-2@2x-8.png","width":1550,"height":323,"caption":"YKM TEST"}]},"product_price_currency":"USD","og_availability":"instock","product_availability":"instock","product_condition":"new"},"_links":{"self":[{"href":"https:\/\/ykmtest.com\/tr\/wp-json\/wp\/v2\/product\/6636","targetHints":{"allow":["GET"]}}],"collection":[{"href":"https:\/\/ykmtest.com\/tr\/wp-json\/wp\/v2\/product"}],"about":[{"href":"https:\/\/ykmtest.com\/tr\/wp-json\/wp\/v2\/types\/product"}],"version-history":[{"count":0,"href":"https:\/\/ykmtest.com\/tr\/wp-json\/wp\/v2\/product\/6636\/revisions"}],"wp:featuredmedia":[{"embeddable":true,"href":"https:\/\/ykmtest.com\/tr\/wp-json\/wp\/v2\/media\/7074"}],"wp:attachment":[{"href":"https:\/\/ykmtest.com\/tr\/wp-json\/wp\/v2\/media?parent=6636"}],"wp:term":[{"taxonomy":"product_brand","embeddable":true,"href":"https:\/\/ykmtest.com\/tr\/wp-json\/wp\/v2\/product_brand?post=6636"},{"taxonomy":"product_cat","embeddable":true,"href":"https:\/\/ykmtest.com\/tr\/wp-json\/wp\/v2\/product_cat?post=6636"},{"taxonomy":"product_tag","embeddable":true,"href":"https:\/\/ykmtest.com\/tr\/wp-json\/wp\/v2\/product_tag?post=6636"}],"curies":[{"name":"wp","href":"https:\/\/api.w.org\/{rel}","templated":true}]}}