{"id":6638,"date":"2025-10-08T18:34:41","date_gmt":"2025-10-08T18:34:41","guid":{"rendered":"https:\/\/ykmtest.com\/?post_type=product&#038;p=6638"},"modified":"2025-10-12T08:47:47","modified_gmt":"2025-10-12T08:47:47","slug":"full-automatic-penetrometer","status":"publish","type":"product","link":"https:\/\/ykmtest.com\/tr\/urun\/full-automatic-penetrometer\/","title":{"rendered":"Tam Otomatik Penetrometre"},"content":{"rendered":"","protected":false},"excerpt":{"rendered":"<p>Tam Otomatik Penetrometre, bit\u00fcml\u00fc malzemelerin tam otomatik i\u011fne penetrasyon testi i\u00e7in tasarlanm\u0131\u015f mikroi\u015flemci kontroll\u00fc, kompakt bir cihazd\u0131r. Cihaz otomatik olarak testin ba\u015flang\u0131\u00e7 noktas\u0131na ula\u015f\u0131r ve bir yer de\u011fi\u015ftirme sens\u00f6r\u00fc kullanarak penetrasyon sonucunu \u00f6l\u00e7er. Dikey hareket, y\u00fcksek hassasiyetli bir step motor arac\u0131l\u0131\u011f\u0131yla sa\u011flan\u0131rken, yer de\u011fi\u015ftirme sens\u00f6r\u00fc 0,01 mm \u00e7\u00f6z\u00fcn\u00fcrl\u00fckle 0-50 mm aral\u0131\u011f\u0131nda \u00f6l\u00e7\u00fcmler sa\u011flar. Ayr\u0131ca cihaz, tekrarlanan testleri m\u00fcmk\u00fcn k\u0131lmak \u00fczere dikey pozisyon i\u00e7in bir haf\u0131za fonksiyonuna sahiptir. Kullan\u0131c\u0131 dostu yaz\u0131l\u0131mla donat\u0131lm\u0131\u015f 7\u201d dokunmatik ekran, penetrasyon\/zaman e\u011frisini ve test s\u0131cakl\u0131\u011f\u0131n\u0131 ger\u00e7ek zamanl\u0131 olarak g\u00f6r\u00fcnt\u00fcler. Teste ba\u015flamadan \u00f6nce, otomatik s\u0131f\u0131rlama i\u015flevi etkinle\u015ftirilir ve test elektromanyetik bir i\u011fne serbest b\u0131rakma mekanizmas\u0131 kullan\u0131larak ger\u00e7ekle\u015ftirilir. Entegre bir LED lamba, test alan\u0131n\u0131n uygun \u015fekilde ayd\u0131nlat\u0131lmas\u0131n\u0131 sa\u011flar.<\/p>","protected":false},"featured_media":7073,"template":"","meta":{"_acf_changed":false},"product_brand":[],"product_cat":[211],"product_tag":[],"class_list":{"0":"post-6638","1":"product","2":"type-product","3":"status-publish","4":"has-post-thumbnail","6":"product_cat-asphalt-bitumen","9":"instock","10":"shipping-taxable","11":"product-type-simple"},"acf":[],"yoast_head":"<!-- This site is optimized with the Yoast SEO Premium plugin v26.5 (Yoast SEO v26.5) - https:\/\/yoast.com\/wordpress\/plugins\/seo\/ -->\n<title>Full Automatic Penetrometer - YKM TEST<\/title>\n<meta name=\"robots\" content=\"index, follow, max-snippet:-1, max-image-preview:large, max-video-preview:-1\" \/>\n<link rel=\"canonical\" href=\"https:\/\/ykmtest.com\/tr\/urun\/full-automatic-penetrometer\/\" \/>\n<meta property=\"og:locale\" content=\"tr_TR\" \/>\n<meta property=\"og:type\" content=\"article\" \/>\n<meta property=\"og:title\" content=\"Full Automatic Penetrometer\" \/>\n<meta property=\"og:description\" content=\"The Full Automatic Penetrometer is a microprocessor-controlled, compact device designed for fully automated needle penetration testing of bituminous materials. The device automatically reaches the starting point of the test and measures the penetration result using a displacement sensor. Vertical movement is achieved through a high-precision stepper motor, while the displacement sensor provides measurements in the range of 0-50 mm with a resolution of 0.01 mm. Additionally, the device has a memory function for the vertical position to enable repeated tests. The 7\u201d touchscreen, equipped with user-friendly software, displays the penetration\/time curve and test temperature in real-time. Before starting the test, the automatic reset function activates, and the test is performed using an electromagnetic needle release mechanism. An integrated LED lamp ensures proper illumination of the test area.\" \/>\n<meta property=\"og:url\" content=\"https:\/\/ykmtest.com\/tr\/urun\/full-automatic-penetrometer\/\" \/>\n<meta property=\"og:site_name\" content=\"YKM TEST\" \/>\n<meta property=\"article:modified_time\" content=\"2025-10-12T08:47:47+00:00\" \/>\n<meta property=\"og:image\" content=\"https:\/\/ykmtest.com\/wp-content\/uploads\/2025\/10\/Screenshot_4-2.png\" \/>\n\t<meta property=\"og:image:width\" content=\"1100\" \/>\n\t<meta property=\"og:image:height\" content=\"800\" \/>\n\t<meta property=\"og:image:type\" content=\"image\/png\" \/>\n<meta name=\"twitter:card\" content=\"summary_large_image\" \/>\n<meta name=\"twitter:label1\" content=\"Fiyat\" \/>\n\t<meta name=\"twitter:data1\" content=\"\" \/>\n\t<meta name=\"twitter:label2\" content=\"Durumu\" \/>\n\t<meta name=\"twitter:data2\" content=\"Stokta var\" \/>\n<script type=\"application\/ld+json\" class=\"yoast-schema-graph\">{\"@context\":\"https:\/\/schema.org\",\"@graph\":[{\"@type\":\"WebPage\",\"@id\":\"https:\/\/ykmtest.com\/product\/full-automatic-penetrometer\/\",\"url\":\"https:\/\/ykmtest.com\/product\/full-automatic-penetrometer\/\",\"name\":\"Full Automatic Penetrometer - YKM TEST\",\"isPartOf\":{\"@id\":\"https:\/\/darkorchid-cheetah-525435.hostingersite.com\/#website\"},\"primaryImageOfPage\":{\"@id\":\"https:\/\/ykmtest.com\/product\/full-automatic-penetrometer\/#primaryimage\"},\"image\":{\"@id\":\"https:\/\/ykmtest.com\/product\/full-automatic-penetrometer\/#primaryimage\"},\"thumbnailUrl\":\"https:\/\/ykmtest.com\/wp-content\/uploads\/2025\/10\/Screenshot_4-2.png\",\"datePublished\":\"2025-10-08T18:34:41+00:00\",\"dateModified\":\"2025-10-12T08:47:47+00:00\",\"breadcrumb\":{\"@id\":\"https:\/\/ykmtest.com\/product\/full-automatic-penetrometer\/#breadcrumb\"},\"inLanguage\":\"tr\",\"potentialAction\":[{\"@type\":\"ReadAction\",\"target\":[\"https:\/\/ykmtest.com\/product\/full-automatic-penetrometer\/\"]}]},{\"@type\":\"ImageObject\",\"inLanguage\":\"tr\",\"@id\":\"https:\/\/ykmtest.com\/product\/full-automatic-penetrometer\/#primaryimage\",\"url\":\"https:\/\/ykmtest.com\/wp-content\/uploads\/2025\/10\/Screenshot_4-2.png\",\"contentUrl\":\"https:\/\/ykmtest.com\/wp-content\/uploads\/2025\/10\/Screenshot_4-2.png\",\"width\":1100,\"height\":800},{\"@type\":\"BreadcrumbList\",\"@id\":\"https:\/\/ykmtest.com\/product\/full-automatic-penetrometer\/#breadcrumb\",\"itemListElement\":[{\"@type\":\"ListItem\",\"position\":1,\"name\":\"Home\",\"item\":\"https:\/\/darkorchid-cheetah-525435.hostingersite.com\/\"},{\"@type\":\"ListItem\",\"position\":2,\"name\":\"\u0422\u043e\u0432\u0430\u0440\u044b\",\"item\":\"https:\/\/ykmtest.com\/ru\/shop\/\"},{\"@type\":\"ListItem\",\"position\":3,\"name\":\"Full Automatic Penetrometer\"}]},{\"@type\":\"WebSite\",\"@id\":\"https:\/\/darkorchid-cheetah-525435.hostingersite.com\/#website\",\"url\":\"https:\/\/darkorchid-cheetah-525435.hostingersite.com\/\",\"name\":\"YKM TEST\",\"description\":\"\",\"publisher\":{\"@id\":\"https:\/\/darkorchid-cheetah-525435.hostingersite.com\/#organization\"},\"potentialAction\":[{\"@type\":\"SearchAction\",\"target\":{\"@type\":\"EntryPoint\",\"urlTemplate\":\"https:\/\/darkorchid-cheetah-525435.hostingersite.com\/?s={search_term_string}\"},\"query-input\":{\"@type\":\"PropertyValueSpecification\",\"valueRequired\":true,\"valueName\":\"search_term_string\"}}],\"inLanguage\":\"tr\"},{\"@type\":[\"Organization\",\"Place\"],\"@id\":\"https:\/\/darkorchid-cheetah-525435.hostingersite.com\/#organization\",\"name\":\"YKM TEST\",\"url\":\"https:\/\/darkorchid-cheetah-525435.hostingersite.com\/\",\"logo\":{\"@id\":\"https:\/\/ykmtest.com\/product\/full-automatic-penetrometer\/#local-main-organization-logo\"},\"image\":{\"@id\":\"https:\/\/ykmtest.com\/product\/full-automatic-penetrometer\/#local-main-organization-logo\"},\"telephone\":[],\"openingHoursSpecification\":[{\"@type\":\"OpeningHoursSpecification\",\"dayOfWeek\":[\"Monday\",\"Tuesday\",\"Wednesday\",\"Thursday\",\"Friday\",\"Saturday\",\"Sunday\"],\"opens\":\"09:00\",\"closes\":\"17:00\"}]},{\"@type\":\"ImageObject\",\"inLanguage\":\"tr\",\"@id\":\"https:\/\/ykmtest.com\/product\/full-automatic-penetrometer\/#local-main-organization-logo\",\"url\":\"https:\/\/ykmtest.com\/wp-content\/uploads\/2025\/10\/Asset-2@2x-8.png\",\"contentUrl\":\"https:\/\/ykmtest.com\/wp-content\/uploads\/2025\/10\/Asset-2@2x-8.png\",\"width\":1550,\"height\":323,\"caption\":\"YKM TEST\"}]}<\/script>\n<meta property=\"product:price:currency\" content=\"USD\" \/>\n<meta property=\"og:availability\" content=\"instock\" \/>\n<meta property=\"product:availability\" content=\"instock\" \/>\n<meta property=\"product:condition\" content=\"new\" \/>\n<!-- \/ Yoast SEO Premium plugin. -->","yoast_head_json":{"title":"Full Automatic Penetrometer - YKM TEST","robots":{"index":"index","follow":"follow","max-snippet":"max-snippet:-1","max-image-preview":"max-image-preview:large","max-video-preview":"max-video-preview:-1"},"canonical":"https:\/\/ykmtest.com\/tr\/urun\/full-automatic-penetrometer\/","og_locale":"tr_TR","og_type":"article","og_title":"Full Automatic Penetrometer","og_description":"The Full Automatic Penetrometer is a microprocessor-controlled, compact device designed for fully automated needle penetration testing of bituminous materials. The device automatically reaches the starting point of the test and measures the penetration result using a displacement sensor. Vertical movement is achieved through a high-precision stepper motor, while the displacement sensor provides measurements in the range of 0-50 mm with a resolution of 0.01 mm. Additionally, the device has a memory function for the vertical position to enable repeated tests. The 7\u201d touchscreen, equipped with user-friendly software, displays the penetration\/time curve and test temperature in real-time. Before starting the test, the automatic reset function activates, and the test is performed using an electromagnetic needle release mechanism. An integrated LED lamp ensures proper illumination of the test area.","og_url":"https:\/\/ykmtest.com\/tr\/urun\/full-automatic-penetrometer\/","og_site_name":"YKM TEST","article_modified_time":"2025-10-12T08:47:47+00:00","og_image":[{"width":1100,"height":800,"url":"https:\/\/ykmtest.com\/wp-content\/uploads\/2025\/10\/Screenshot_4-2.png","type":"image\/png"}],"twitter_card":"summary_large_image","twitter_misc":{"Fiyat":"","Durumu":"Stokta var"},"schema":{"@context":"https:\/\/schema.org","@graph":[{"@type":"WebPage","@id":"https:\/\/ykmtest.com\/product\/full-automatic-penetrometer\/","url":"https:\/\/ykmtest.com\/product\/full-automatic-penetrometer\/","name":"Full Automatic Penetrometer - YKM TEST","isPartOf":{"@id":"https:\/\/darkorchid-cheetah-525435.hostingersite.com\/#website"},"primaryImageOfPage":{"@id":"https:\/\/ykmtest.com\/product\/full-automatic-penetrometer\/#primaryimage"},"image":{"@id":"https:\/\/ykmtest.com\/product\/full-automatic-penetrometer\/#primaryimage"},"thumbnailUrl":"https:\/\/ykmtest.com\/wp-content\/uploads\/2025\/10\/Screenshot_4-2.png","datePublished":"2025-10-08T18:34:41+00:00","dateModified":"2025-10-12T08:47:47+00:00","breadcrumb":{"@id":"https:\/\/ykmtest.com\/product\/full-automatic-penetrometer\/#breadcrumb"},"inLanguage":"tr","potentialAction":[{"@type":"ReadAction","target":["https:\/\/ykmtest.com\/product\/full-automatic-penetrometer\/"]}]},{"@type":"ImageObject","inLanguage":"tr","@id":"https:\/\/ykmtest.com\/product\/full-automatic-penetrometer\/#primaryimage","url":"https:\/\/ykmtest.com\/wp-content\/uploads\/2025\/10\/Screenshot_4-2.png","contentUrl":"https:\/\/ykmtest.com\/wp-content\/uploads\/2025\/10\/Screenshot_4-2.png","width":1100,"height":800},{"@type":"BreadcrumbList","@id":"https:\/\/ykmtest.com\/product\/full-automatic-penetrometer\/#breadcrumb","itemListElement":[{"@type":"ListItem","position":1,"name":"Home","item":"https:\/\/darkorchid-cheetah-525435.hostingersite.com\/"},{"@type":"ListItem","position":2,"name":"\u0422\u043e\u0432\u0430\u0440\u044b","item":"https:\/\/ykmtest.com\/ru\/shop\/"},{"@type":"ListItem","position":3,"name":"Full Automatic Penetrometer"}]},{"@type":"WebSite","@id":"https:\/\/darkorchid-cheetah-525435.hostingersite.com\/#website","url":"https:\/\/darkorchid-cheetah-525435.hostingersite.com\/","name":"YKM TEST\u0130","description":"","publisher":{"@id":"https:\/\/darkorchid-cheetah-525435.hostingersite.com\/#organization"},"potentialAction":[{"@type":"SearchAction","target":{"@type":"EntryPoint","urlTemplate":"https:\/\/darkorchid-cheetah-525435.hostingersite.com\/?s={search_term_string}"},"query-input":{"@type":"PropertyValueSpecification","valueRequired":true,"valueName":"search_term_string"}}],"inLanguage":"tr"},{"@type":["Organization","Place"],"@id":"https:\/\/darkorchid-cheetah-525435.hostingersite.com\/#organization","name":"YKM TEST\u0130","url":"https:\/\/darkorchid-cheetah-525435.hostingersite.com\/","logo":{"@id":"https:\/\/ykmtest.com\/product\/full-automatic-penetrometer\/#local-main-organization-logo"},"image":{"@id":"https:\/\/ykmtest.com\/product\/full-automatic-penetrometer\/#local-main-organization-logo"},"telephone":[],"openingHoursSpecification":[{"@type":"OpeningHoursSpecification","dayOfWeek":["Monday","Tuesday","Wednesday","Thursday","Friday","Saturday","Sunday"],"opens":"09:00","closes":"17:00"}]},{"@type":"ImageObject","inLanguage":"tr","@id":"https:\/\/ykmtest.com\/product\/full-automatic-penetrometer\/#local-main-organization-logo","url":"https:\/\/ykmtest.com\/wp-content\/uploads\/2025\/10\/Asset-2@2x-8.png","contentUrl":"https:\/\/ykmtest.com\/wp-content\/uploads\/2025\/10\/Asset-2@2x-8.png","width":1550,"height":323,"caption":"YKM TEST"}]},"product_price_currency":"USD","og_availability":"instock","product_availability":"instock","product_condition":"new"},"_links":{"self":[{"href":"https:\/\/ykmtest.com\/tr\/wp-json\/wp\/v2\/product\/6638","targetHints":{"allow":["GET"]}}],"collection":[{"href":"https:\/\/ykmtest.com\/tr\/wp-json\/wp\/v2\/product"}],"about":[{"href":"https:\/\/ykmtest.com\/tr\/wp-json\/wp\/v2\/types\/product"}],"version-history":[{"count":0,"href":"https:\/\/ykmtest.com\/tr\/wp-json\/wp\/v2\/product\/6638\/revisions"}],"wp:featuredmedia":[{"embeddable":true,"href":"https:\/\/ykmtest.com\/tr\/wp-json\/wp\/v2\/media\/7073"}],"wp:attachment":[{"href":"https:\/\/ykmtest.com\/tr\/wp-json\/wp\/v2\/media?parent=6638"}],"wp:term":[{"taxonomy":"product_brand","embeddable":true,"href":"https:\/\/ykmtest.com\/tr\/wp-json\/wp\/v2\/product_brand?post=6638"},{"taxonomy":"product_cat","embeddable":true,"href":"https:\/\/ykmtest.com\/tr\/wp-json\/wp\/v2\/product_cat?post=6638"},{"taxonomy":"product_tag","embeddable":true,"href":"https:\/\/ykmtest.com\/tr\/wp-json\/wp\/v2\/product_tag?post=6638"}],"curies":[{"name":"wp","href":"https:\/\/api.w.org\/{rel}","templated":true}]}}