{"id":6640,"date":"2025-10-08T18:40:31","date_gmt":"2025-10-08T18:40:31","guid":{"rendered":"https:\/\/ykmtest.com\/?post_type=product&#038;p=6640"},"modified":"2025-10-12T08:44:45","modified_gmt":"2025-10-12T08:44:45","slug":"ductilometer","status":"publish","type":"product","link":"https:\/\/ykmtest.com\/tr\/urun\/ductilometer\/","title":{"rendered":"Duktilometre"},"content":{"rendered":"","protected":false},"excerpt":{"rendered":"<p>S\u00fcneklik testi, iki u\u00e7 birbirinden ayr\u0131l\u0131rken belirli h\u0131z ve s\u0131cakl\u0131k ko\u015fullar\u0131 alt\u0131nda bir briket numunesinin k\u0131r\u0131lmadan \u00f6nce ne kadar esneyebilece\u011fini \u00f6l\u00e7erek bit\u00fcml\u00fc malzemelerin uzama kapasitesini de\u011ferlendirmek i\u00e7in tasarlanm\u0131\u015ft\u0131r. Bu \u00f6zel model ASTM D113, ASTM D6084, AASHTO T51 ve EN 13398 standartlar\u0131n\u0131n gerekliliklerini kar\u015f\u0131lamakla kalmaz, ayn\u0131 zamanda a\u015far. \u015eebeke suyu ile kullan\u0131labilmesine ra\u011fmen, optimum performans i\u00e7in bir su so\u011futucu (aksesuar olarak mevcuttur) \u00f6nerilir. Tropikal iklimler gibi ortam s\u0131cakl\u0131\u011f\u0131n\u0131n 25\u00b0C'yi a\u015ft\u0131\u011f\u0131 ve so\u011fuk \u015febeke suyunun bulunmad\u0131\u011f\u0131 b\u00f6lgelerde, uygun test ko\u015fullar\u0131n\u0131 sa\u011flamak i\u00e7in su so\u011futucu kullan\u0131lmas\u0131 zorunlu hale gelir.<\/p>","protected":false},"featured_media":7075,"template":"","meta":{"_acf_changed":false},"product_brand":[],"product_cat":[211],"product_tag":[],"class_list":{"0":"post-6640","1":"product","2":"type-product","3":"status-publish","4":"has-post-thumbnail","6":"product_cat-asphalt-bitumen","9":"instock","10":"shipping-taxable","11":"product-type-simple"},"acf":[],"yoast_head":"<!-- This site is optimized with the Yoast SEO Premium plugin v26.5 (Yoast SEO v26.5) - https:\/\/yoast.com\/wordpress\/plugins\/seo\/ -->\n<title>Ductilometer - YKM TEST<\/title>\n<meta name=\"robots\" content=\"index, follow, max-snippet:-1, max-image-preview:large, max-video-preview:-1\" \/>\n<link rel=\"canonical\" href=\"https:\/\/ykmtest.com\/tr\/urun\/ductilometer\/\" \/>\n<meta property=\"og:locale\" content=\"tr_TR\" \/>\n<meta property=\"og:type\" content=\"article\" \/>\n<meta property=\"og:title\" content=\"Ductilometer\" \/>\n<meta property=\"og:description\" content=\"The ductility test is designed to evaluate the elongation capacity of bituminous materials by measuring how much a briquette specimen can stretch before breaking, under specific speed and temperature conditions as the two ends are pulled apart. This particular model not only meets but surpasses the requirements of ASTM D113, ASTM D6084, AASHTO T51, and EN 13398 standards. A water chiller (available as an accessory) is recommended for optimal performance, although it can be used with mains water. In regions where ambient temperatures exceed 25\u00b0C, such as tropical climates, and cold mains water is unavailable, the use of a water chiller becomes essential to maintain proper test conditions.\" \/>\n<meta property=\"og:url\" content=\"https:\/\/ykmtest.com\/tr\/urun\/ductilometer\/\" \/>\n<meta property=\"og:site_name\" content=\"YKM TEST\" \/>\n<meta property=\"article:modified_time\" content=\"2025-10-12T08:44:45+00:00\" \/>\n<meta property=\"og:image\" content=\"https:\/\/ykmtest.com\/wp-content\/uploads\/2025\/10\/Screenshot_5-2.png\" \/>\n\t<meta property=\"og:image:width\" content=\"1100\" \/>\n\t<meta property=\"og:image:height\" content=\"800\" \/>\n\t<meta property=\"og:image:type\" content=\"image\/png\" \/>\n<meta name=\"twitter:card\" content=\"summary_large_image\" \/>\n<meta name=\"twitter:label1\" content=\"Fiyat\" \/>\n\t<meta name=\"twitter:data1\" content=\"\" \/>\n\t<meta name=\"twitter:label2\" content=\"Durumu\" \/>\n\t<meta name=\"twitter:data2\" content=\"Stokta var\" \/>\n<script type=\"application\/ld+json\" class=\"yoast-schema-graph\">{\"@context\":\"https:\/\/schema.org\",\"@graph\":[{\"@type\":\"WebPage\",\"@id\":\"https:\/\/ykmtest.com\/product\/ductilometer\/\",\"url\":\"https:\/\/ykmtest.com\/product\/ductilometer\/\",\"name\":\"Ductilometer - YKM TEST\",\"isPartOf\":{\"@id\":\"https:\/\/darkorchid-cheetah-525435.hostingersite.com\/#website\"},\"primaryImageOfPage\":{\"@id\":\"https:\/\/ykmtest.com\/product\/ductilometer\/#primaryimage\"},\"image\":{\"@id\":\"https:\/\/ykmtest.com\/product\/ductilometer\/#primaryimage\"},\"thumbnailUrl\":\"https:\/\/ykmtest.com\/wp-content\/uploads\/2025\/10\/Screenshot_5-2.png\",\"datePublished\":\"2025-10-08T18:40:31+00:00\",\"dateModified\":\"2025-10-12T08:44:45+00:00\",\"breadcrumb\":{\"@id\":\"https:\/\/ykmtest.com\/product\/ductilometer\/#breadcrumb\"},\"inLanguage\":\"tr\",\"potentialAction\":[{\"@type\":\"ReadAction\",\"target\":[\"https:\/\/ykmtest.com\/product\/ductilometer\/\"]}]},{\"@type\":\"ImageObject\",\"inLanguage\":\"tr\",\"@id\":\"https:\/\/ykmtest.com\/product\/ductilometer\/#primaryimage\",\"url\":\"https:\/\/ykmtest.com\/wp-content\/uploads\/2025\/10\/Screenshot_5-2.png\",\"contentUrl\":\"https:\/\/ykmtest.com\/wp-content\/uploads\/2025\/10\/Screenshot_5-2.png\",\"width\":1100,\"height\":800},{\"@type\":\"BreadcrumbList\",\"@id\":\"https:\/\/ykmtest.com\/product\/ductilometer\/#breadcrumb\",\"itemListElement\":[{\"@type\":\"ListItem\",\"position\":1,\"name\":\"Home\",\"item\":\"https:\/\/darkorchid-cheetah-525435.hostingersite.com\/\"},{\"@type\":\"ListItem\",\"position\":2,\"name\":\"\u0422\u043e\u0432\u0430\u0440\u044b\",\"item\":\"https:\/\/ykmtest.com\/ru\/shop\/\"},{\"@type\":\"ListItem\",\"position\":3,\"name\":\"Ductilometer\"}]},{\"@type\":\"WebSite\",\"@id\":\"https:\/\/darkorchid-cheetah-525435.hostingersite.com\/#website\",\"url\":\"https:\/\/darkorchid-cheetah-525435.hostingersite.com\/\",\"name\":\"YKM TEST\",\"description\":\"\",\"publisher\":{\"@id\":\"https:\/\/darkorchid-cheetah-525435.hostingersite.com\/#organization\"},\"potentialAction\":[{\"@type\":\"SearchAction\",\"target\":{\"@type\":\"EntryPoint\",\"urlTemplate\":\"https:\/\/darkorchid-cheetah-525435.hostingersite.com\/?s={search_term_string}\"},\"query-input\":{\"@type\":\"PropertyValueSpecification\",\"valueRequired\":true,\"valueName\":\"search_term_string\"}}],\"inLanguage\":\"tr\"},{\"@type\":[\"Organization\",\"Place\"],\"@id\":\"https:\/\/darkorchid-cheetah-525435.hostingersite.com\/#organization\",\"name\":\"YKM TEST\",\"url\":\"https:\/\/darkorchid-cheetah-525435.hostingersite.com\/\",\"logo\":{\"@id\":\"https:\/\/ykmtest.com\/product\/ductilometer\/#local-main-organization-logo\"},\"image\":{\"@id\":\"https:\/\/ykmtest.com\/product\/ductilometer\/#local-main-organization-logo\"},\"telephone\":[],\"openingHoursSpecification\":[{\"@type\":\"OpeningHoursSpecification\",\"dayOfWeek\":[\"Monday\",\"Tuesday\",\"Wednesday\",\"Thursday\",\"Friday\",\"Saturday\",\"Sunday\"],\"opens\":\"09:00\",\"closes\":\"17:00\"}]},{\"@type\":\"ImageObject\",\"inLanguage\":\"tr\",\"@id\":\"https:\/\/ykmtest.com\/product\/ductilometer\/#local-main-organization-logo\",\"url\":\"https:\/\/ykmtest.com\/wp-content\/uploads\/2025\/10\/Asset-2@2x-8.png\",\"contentUrl\":\"https:\/\/ykmtest.com\/wp-content\/uploads\/2025\/10\/Asset-2@2x-8.png\",\"width\":1550,\"height\":323,\"caption\":\"YKM TEST\"}]}<\/script>\n<meta property=\"product:price:currency\" content=\"USD\" \/>\n<meta property=\"og:availability\" content=\"instock\" \/>\n<meta property=\"product:availability\" content=\"instock\" \/>\n<meta property=\"product:condition\" content=\"new\" \/>\n<!-- \/ Yoast SEO Premium plugin. -->","yoast_head_json":{"title":"Ductilometer - YKM TEST","robots":{"index":"index","follow":"follow","max-snippet":"max-snippet:-1","max-image-preview":"max-image-preview:large","max-video-preview":"max-video-preview:-1"},"canonical":"https:\/\/ykmtest.com\/tr\/urun\/ductilometer\/","og_locale":"tr_TR","og_type":"article","og_title":"Ductilometer","og_description":"The ductility test is designed to evaluate the elongation capacity of bituminous materials by measuring how much a briquette specimen can stretch before breaking, under specific speed and temperature conditions as the two ends are pulled apart. This particular model not only meets but surpasses the requirements of ASTM D113, ASTM D6084, AASHTO T51, and EN 13398 standards. A water chiller (available as an accessory) is recommended for optimal performance, although it can be used with mains water. In regions where ambient temperatures exceed 25\u00b0C, such as tropical climates, and cold mains water is unavailable, the use of a water chiller becomes essential to maintain proper test conditions.","og_url":"https:\/\/ykmtest.com\/tr\/urun\/ductilometer\/","og_site_name":"YKM TEST","article_modified_time":"2025-10-12T08:44:45+00:00","og_image":[{"width":1100,"height":800,"url":"https:\/\/ykmtest.com\/wp-content\/uploads\/2025\/10\/Screenshot_5-2.png","type":"image\/png"}],"twitter_card":"summary_large_image","twitter_misc":{"Fiyat":"","Durumu":"Stokta var"},"schema":{"@context":"https:\/\/schema.org","@graph":[{"@type":"WebPage","@id":"https:\/\/ykmtest.com\/product\/ductilometer\/","url":"https:\/\/ykmtest.com\/product\/ductilometer\/","name":"Ductilometer - YKM TEST","isPartOf":{"@id":"https:\/\/darkorchid-cheetah-525435.hostingersite.com\/#website"},"primaryImageOfPage":{"@id":"https:\/\/ykmtest.com\/product\/ductilometer\/#primaryimage"},"image":{"@id":"https:\/\/ykmtest.com\/product\/ductilometer\/#primaryimage"},"thumbnailUrl":"https:\/\/ykmtest.com\/wp-content\/uploads\/2025\/10\/Screenshot_5-2.png","datePublished":"2025-10-08T18:40:31+00:00","dateModified":"2025-10-12T08:44:45+00:00","breadcrumb":{"@id":"https:\/\/ykmtest.com\/product\/ductilometer\/#breadcrumb"},"inLanguage":"tr","potentialAction":[{"@type":"ReadAction","target":["https:\/\/ykmtest.com\/product\/ductilometer\/"]}]},{"@type":"ImageObject","inLanguage":"tr","@id":"https:\/\/ykmtest.com\/product\/ductilometer\/#primaryimage","url":"https:\/\/ykmtest.com\/wp-content\/uploads\/2025\/10\/Screenshot_5-2.png","contentUrl":"https:\/\/ykmtest.com\/wp-content\/uploads\/2025\/10\/Screenshot_5-2.png","width":1100,"height":800},{"@type":"BreadcrumbList","@id":"https:\/\/ykmtest.com\/product\/ductilometer\/#breadcrumb","itemListElement":[{"@type":"ListItem","position":1,"name":"Home","item":"https:\/\/darkorchid-cheetah-525435.hostingersite.com\/"},{"@type":"ListItem","position":2,"name":"\u0422\u043e\u0432\u0430\u0440\u044b","item":"https:\/\/ykmtest.com\/ru\/shop\/"},{"@type":"ListItem","position":3,"name":"Ductilometer"}]},{"@type":"WebSite","@id":"https:\/\/darkorchid-cheetah-525435.hostingersite.com\/#website","url":"https:\/\/darkorchid-cheetah-525435.hostingersite.com\/","name":"YKM TEST\u0130","description":"","publisher":{"@id":"https:\/\/darkorchid-cheetah-525435.hostingersite.com\/#organization"},"potentialAction":[{"@type":"SearchAction","target":{"@type":"EntryPoint","urlTemplate":"https:\/\/darkorchid-cheetah-525435.hostingersite.com\/?s={search_term_string}"},"query-input":{"@type":"PropertyValueSpecification","valueRequired":true,"valueName":"search_term_string"}}],"inLanguage":"tr"},{"@type":["Organization","Place"],"@id":"https:\/\/darkorchid-cheetah-525435.hostingersite.com\/#organization","name":"YKM TEST\u0130","url":"https:\/\/darkorchid-cheetah-525435.hostingersite.com\/","logo":{"@id":"https:\/\/ykmtest.com\/product\/ductilometer\/#local-main-organization-logo"},"image":{"@id":"https:\/\/ykmtest.com\/product\/ductilometer\/#local-main-organization-logo"},"telephone":[],"openingHoursSpecification":[{"@type":"OpeningHoursSpecification","dayOfWeek":["Monday","Tuesday","Wednesday","Thursday","Friday","Saturday","Sunday"],"opens":"09:00","closes":"17:00"}]},{"@type":"ImageObject","inLanguage":"tr","@id":"https:\/\/ykmtest.com\/product\/ductilometer\/#local-main-organization-logo","url":"https:\/\/ykmtest.com\/wp-content\/uploads\/2025\/10\/Asset-2@2x-8.png","contentUrl":"https:\/\/ykmtest.com\/wp-content\/uploads\/2025\/10\/Asset-2@2x-8.png","width":1550,"height":323,"caption":"YKM TEST"}]},"product_price_currency":"USD","og_availability":"instock","product_availability":"instock","product_condition":"new"},"_links":{"self":[{"href":"https:\/\/ykmtest.com\/tr\/wp-json\/wp\/v2\/product\/6640","targetHints":{"allow":["GET"]}}],"collection":[{"href":"https:\/\/ykmtest.com\/tr\/wp-json\/wp\/v2\/product"}],"about":[{"href":"https:\/\/ykmtest.com\/tr\/wp-json\/wp\/v2\/types\/product"}],"version-history":[{"count":0,"href":"https:\/\/ykmtest.com\/tr\/wp-json\/wp\/v2\/product\/6640\/revisions"}],"wp:featuredmedia":[{"embeddable":true,"href":"https:\/\/ykmtest.com\/tr\/wp-json\/wp\/v2\/media\/7075"}],"wp:attachment":[{"href":"https:\/\/ykmtest.com\/tr\/wp-json\/wp\/v2\/media?parent=6640"}],"wp:term":[{"taxonomy":"product_brand","embeddable":true,"href":"https:\/\/ykmtest.com\/tr\/wp-json\/wp\/v2\/product_brand?post=6640"},{"taxonomy":"product_cat","embeddable":true,"href":"https:\/\/ykmtest.com\/tr\/wp-json\/wp\/v2\/product_cat?post=6640"},{"taxonomy":"product_tag","embeddable":true,"href":"https:\/\/ykmtest.com\/tr\/wp-json\/wp\/v2\/product_tag?post=6640"}],"curies":[{"name":"wp","href":"https:\/\/api.w.org\/{rel}","templated":true}]}}