{"id":6658,"date":"2025-10-08T19:21:09","date_gmt":"2025-10-08T19:21:09","guid":{"rendered":"https:\/\/ykmtest.com\/?post_type=product&#038;p=6658"},"modified":"2025-10-12T07:58:28","modified_gmt":"2025-10-12T07:58:28","slug":"smhmidt-hammer-n-type","status":"publish","type":"product","link":"https:\/\/ykmtest.com\/tr\/urun\/smhmidt-hammer-n-type\/","title":{"rendered":"Smhmidt \u00c7eki\u00e7 N Tipi"},"content":{"rendered":"","protected":false},"excerpt":{"rendered":"<p>Beton kalitesi, \u00f6ncelikle beton yap\u0131lar\u0131n y\u00fck ta\u015f\u0131ma kapasitesini ve dayan\u0131kl\u0131l\u0131\u011f\u0131n\u0131 do\u011frudan etkileyen bas\u0131n\u00e7 dayan\u0131m\u0131na g\u00f6re de\u011ferlendirilir. Geri tepme test \u00e7ekici ile \u00f6l\u00e7\u00fcl\u00fcr ve bas\u0131n\u00e7 dayan\u0131m\u0131na d\u00f6n\u00fc\u015ft\u00fcr\u00fclebilir. N Tipi Geri Tepme \u00c7ekici (Schmidt \u00c7ekici), tahribats\u0131z bir y\u00f6ntem kullanarak sertle\u015fmi\u015f betonun bas\u0131n\u00e7 dayan\u0131m\u0131 \u00f6zelliklerini \u00f6l\u00e7mek i\u00e7in tasarlanm\u0131\u015ft\u0131r. Bu cihaz, betonun genel kalitesini analiz etmeye ve potansiyel zay\u0131f noktalar\u0131 belirlemeye yard\u0131mc\u0131 olur. Verilerin y\u00fcksek do\u011fruluk ve g\u00fcvenilirli\u011fini sa\u011flamak i\u00e7in test edilecek beton nesnenin en az 100 mm (3,9 in\u00e7) kal\u0131nl\u0131\u011f\u0131nda olmas\u0131 gerekir. Betonun sertli\u011fine ba\u011fl\u0131 olarak, \u00e7ekicin g\u00f6vdesi az ya da \u00e7ok geri teper.<\/p>\n<p>Teknik \u00d6zellikler:<\/p>\n<p>Darbe enerjisi: 2.207 Nm<\/p>\n<p>\u00d6l\u00e7\u00fcm aral\u0131\u011f\u0131: 10 ila 70 N\/mm\u00b2<\/p>\n<p>Kasa boyutlar\u0131: 190 x 100 x 350 mm<\/p>\n<p>A\u011f\u0131rl\u0131k yakla\u015f\u0131k: 1,5 kg<\/p>","protected":false},"featured_media":7083,"template":"","meta":{"_acf_changed":false},"product_brand":[],"product_cat":[142],"product_tag":[],"class_list":{"0":"post-6658","1":"product","2":"type-product","3":"status-publish","4":"has-post-thumbnail","6":"product_cat-concrete","9":"instock","10":"shipping-taxable","11":"product-type-simple"},"acf":[],"yoast_head":"<!-- This site is optimized with the Yoast SEO Premium plugin v26.5 (Yoast SEO v27.5) - https:\/\/yoast.com\/product\/yoast-seo-premium-wordpress\/ -->\n<title>Smhmidt Hammer N Type - YKM TEST<\/title>\n<meta name=\"robots\" content=\"index, follow, max-snippet:-1, max-image-preview:large, max-video-preview:-1\" \/>\n<link rel=\"canonical\" href=\"https:\/\/ykmtest.com\/tr\/urun\/smhmidt-hammer-n-type\/\" \/>\n<meta property=\"og:locale\" content=\"tr_TR\" \/>\n<meta property=\"og:type\" content=\"article\" \/>\n<meta property=\"og:title\" content=\"Smhmidt Hammer N Type\" \/>\n<meta property=\"og:description\" content=\"Concrete quality is primarily assessed based on its compressive strength, which directly impacts the load-bearing capacity and durability of concrete structures. The rebound is measured by the test hammer and can be converted into compressive strength. The Type N Rebound Hammer (Schmidt Hammer) is designed to measure the compressive strength properties of hardened concrete using a non-destructive method. This device helps analyze the overall quality of the concrete and identify potential weak points. The concrete object to be tested must be at least 100 mm (3.9 inches) thick to ensure high accuracy and reliability of the data. Depending on the hardness of the concrete, the body of the hammer rebounds to a greater or lesser extent.  Technical Specifications:  Impact energy: 2.207 Nm  Measurement range: 10 to 70 N\/mm\u00b2  Case dimensions: 190 x 100 x 350 mm  Weight approx.: 1.5 kg\" \/>\n<meta property=\"og:url\" content=\"https:\/\/ykmtest.com\/tr\/urun\/smhmidt-hammer-n-type\/\" \/>\n<meta property=\"og:site_name\" content=\"YKM TEST\" \/>\n<meta property=\"article:modified_time\" content=\"2025-10-12T07:58:28+00:00\" \/>\n<meta property=\"og:image\" content=\"https:\/\/ykmtest.com\/wp-content\/uploads\/2025\/10\/Screenshot_2-5.png\" \/>\n\t<meta property=\"og:image:width\" content=\"1100\" \/>\n\t<meta property=\"og:image:height\" content=\"800\" \/>\n\t<meta property=\"og:image:type\" content=\"image\/png\" \/>\n<meta name=\"twitter:card\" content=\"summary_large_image\" \/>\n<meta name=\"twitter:label1\" content=\"Fiyat\" \/>\n\t<meta name=\"twitter:data1\" content=\"\" \/>\n\t<meta name=\"twitter:label2\" content=\"Durumu\" \/>\n\t<meta name=\"twitter:data2\" content=\"Stokta var\" \/>\n<script type=\"application\/ld+json\" class=\"yoast-schema-graph\">{\"@context\":\"https:\\\/\\\/schema.org\",\"@graph\":[{\"@type\":\"WebPage\",\"@id\":\"https:\\\/\\\/ykmtest.com\\\/product\\\/smhmidt-hammer-n-type\\\/\",\"url\":\"https:\\\/\\\/ykmtest.com\\\/product\\\/smhmidt-hammer-n-type\\\/\",\"name\":\"Smhmidt Hammer N Type - YKM TEST\",\"isPartOf\":{\"@id\":\"https:\\\/\\\/darkorchid-cheetah-525435.hostingersite.com\\\/#website\"},\"primaryImageOfPage\":{\"@id\":\"https:\\\/\\\/ykmtest.com\\\/product\\\/smhmidt-hammer-n-type\\\/#primaryimage\"},\"image\":{\"@id\":\"https:\\\/\\\/ykmtest.com\\\/product\\\/smhmidt-hammer-n-type\\\/#primaryimage\"},\"thumbnailUrl\":\"https:\\\/\\\/ykmtest.com\\\/wp-content\\\/uploads\\\/2025\\\/10\\\/Screenshot_2-5.png\",\"datePublished\":\"2025-10-08T19:21:09+00:00\",\"dateModified\":\"2025-10-12T07:58:28+00:00\",\"breadcrumb\":{\"@id\":\"https:\\\/\\\/ykmtest.com\\\/product\\\/smhmidt-hammer-n-type\\\/#breadcrumb\"},\"inLanguage\":\"tr\",\"potentialAction\":[{\"@type\":\"ReadAction\",\"target\":[\"https:\\\/\\\/ykmtest.com\\\/product\\\/smhmidt-hammer-n-type\\\/\"]}]},{\"@type\":\"ImageObject\",\"inLanguage\":\"tr\",\"@id\":\"https:\\\/\\\/ykmtest.com\\\/product\\\/smhmidt-hammer-n-type\\\/#primaryimage\",\"url\":\"https:\\\/\\\/ykmtest.com\\\/wp-content\\\/uploads\\\/2025\\\/10\\\/Screenshot_2-5.png\",\"contentUrl\":\"https:\\\/\\\/ykmtest.com\\\/wp-content\\\/uploads\\\/2025\\\/10\\\/Screenshot_2-5.png\",\"width\":1100,\"height\":800},{\"@type\":\"BreadcrumbList\",\"@id\":\"https:\\\/\\\/ykmtest.com\\\/product\\\/smhmidt-hammer-n-type\\\/#breadcrumb\",\"itemListElement\":[{\"@type\":\"ListItem\",\"position\":1,\"name\":\"Home\",\"item\":\"https:\\\/\\\/darkorchid-cheetah-525435.hostingersite.com\\\/\"},{\"@type\":\"ListItem\",\"position\":2,\"name\":\"\u0422\u043e\u0432\u0430\u0440\u044b\",\"item\":\"https:\\\/\\\/ykmtest.com\\\/ru\\\/shop\\\/\"},{\"@type\":\"ListItem\",\"position\":3,\"name\":\"Smhmidt Hammer N Type\"}]},{\"@type\":\"WebSite\",\"@id\":\"https:\\\/\\\/darkorchid-cheetah-525435.hostingersite.com\\\/#website\",\"url\":\"https:\\\/\\\/darkorchid-cheetah-525435.hostingersite.com\\\/\",\"name\":\"YKM TEST\",\"description\":\"\",\"publisher\":{\"@id\":\"https:\\\/\\\/darkorchid-cheetah-525435.hostingersite.com\\\/#organization\"},\"potentialAction\":[{\"@type\":\"SearchAction\",\"target\":{\"@type\":\"EntryPoint\",\"urlTemplate\":\"https:\\\/\\\/darkorchid-cheetah-525435.hostingersite.com\\\/?s={search_term_string}\"},\"query-input\":{\"@type\":\"PropertyValueSpecification\",\"valueRequired\":true,\"valueName\":\"search_term_string\"}}],\"inLanguage\":\"tr\"},{\"@type\":[\"Organization\",\"Place\"],\"@id\":\"https:\\\/\\\/darkorchid-cheetah-525435.hostingersite.com\\\/#organization\",\"name\":\"YKM TEST\",\"url\":\"https:\\\/\\\/darkorchid-cheetah-525435.hostingersite.com\\\/\",\"logo\":{\"@id\":\"https:\\\/\\\/ykmtest.com\\\/product\\\/smhmidt-hammer-n-type\\\/#local-main-organization-logo\"},\"image\":{\"@id\":\"https:\\\/\\\/ykmtest.com\\\/product\\\/smhmidt-hammer-n-type\\\/#local-main-organization-logo\"},\"telephone\":[],\"openingHoursSpecification\":[{\"@type\":\"OpeningHoursSpecification\",\"dayOfWeek\":[\"Monday\",\"Tuesday\",\"Wednesday\",\"Thursday\",\"Friday\",\"Saturday\",\"Sunday\"],\"opens\":\"09:00\",\"closes\":\"17:00\"}]},{\"@type\":\"ImageObject\",\"inLanguage\":\"tr\",\"@id\":\"https:\\\/\\\/ykmtest.com\\\/product\\\/smhmidt-hammer-n-type\\\/#local-main-organization-logo\",\"url\":\"https:\\\/\\\/ykmtest.com\\\/wp-content\\\/uploads\\\/2025\\\/10\\\/Asset-2@2x-8.png\",\"contentUrl\":\"https:\\\/\\\/ykmtest.com\\\/wp-content\\\/uploads\\\/2025\\\/10\\\/Asset-2@2x-8.png\",\"width\":1550,\"height\":323,\"caption\":\"YKM TEST\"}]}<\/script>\n<meta property=\"product:price:currency\" content=\"USD\" \/>\n<meta property=\"og:availability\" content=\"instock\" \/>\n<meta property=\"product:availability\" content=\"instock\" \/>\n<meta property=\"product:condition\" content=\"new\" \/>\n<!-- \/ Yoast SEO Premium plugin. -->","yoast_head_json":{"title":"Smhmidt Hammer N Type - YKM TEST","robots":{"index":"index","follow":"follow","max-snippet":"max-snippet:-1","max-image-preview":"max-image-preview:large","max-video-preview":"max-video-preview:-1"},"canonical":"https:\/\/ykmtest.com\/tr\/urun\/smhmidt-hammer-n-type\/","og_locale":"tr_TR","og_type":"article","og_title":"Smhmidt Hammer N Type","og_description":"Concrete quality is primarily assessed based on its compressive strength, which directly impacts the load-bearing capacity and durability of concrete structures. The rebound is measured by the test hammer and can be converted into compressive strength. The Type N Rebound Hammer (Schmidt Hammer) is designed to measure the compressive strength properties of hardened concrete using a non-destructive method. This device helps analyze the overall quality of the concrete and identify potential weak points. The concrete object to be tested must be at least 100 mm (3.9 inches) thick to ensure high accuracy and reliability of the data. Depending on the hardness of the concrete, the body of the hammer rebounds to a greater or lesser extent.  Technical Specifications:  Impact energy: 2.207 Nm  Measurement range: 10 to 70 N\/mm\u00b2  Case dimensions: 190 x 100 x 350 mm  Weight approx.: 1.5 kg","og_url":"https:\/\/ykmtest.com\/tr\/urun\/smhmidt-hammer-n-type\/","og_site_name":"YKM TEST","article_modified_time":"2025-10-12T07:58:28+00:00","og_image":[{"width":1100,"height":800,"url":"https:\/\/ykmtest.com\/wp-content\/uploads\/2025\/10\/Screenshot_2-5.png","type":"image\/png"}],"twitter_card":"summary_large_image","twitter_misc":{"Fiyat":"","Durumu":"Stokta var"},"schema":{"@context":"https:\/\/schema.org","@graph":[{"@type":"WebPage","@id":"https:\/\/ykmtest.com\/product\/smhmidt-hammer-n-type\/","url":"https:\/\/ykmtest.com\/product\/smhmidt-hammer-n-type\/","name":"Smhmidt Hammer N Type - YKM TEST","isPartOf":{"@id":"https:\/\/darkorchid-cheetah-525435.hostingersite.com\/#website"},"primaryImageOfPage":{"@id":"https:\/\/ykmtest.com\/product\/smhmidt-hammer-n-type\/#primaryimage"},"image":{"@id":"https:\/\/ykmtest.com\/product\/smhmidt-hammer-n-type\/#primaryimage"},"thumbnailUrl":"https:\/\/ykmtest.com\/wp-content\/uploads\/2025\/10\/Screenshot_2-5.png","datePublished":"2025-10-08T19:21:09+00:00","dateModified":"2025-10-12T07:58:28+00:00","breadcrumb":{"@id":"https:\/\/ykmtest.com\/product\/smhmidt-hammer-n-type\/#breadcrumb"},"inLanguage":"tr","potentialAction":[{"@type":"ReadAction","target":["https:\/\/ykmtest.com\/product\/smhmidt-hammer-n-type\/"]}]},{"@type":"ImageObject","inLanguage":"tr","@id":"https:\/\/ykmtest.com\/product\/smhmidt-hammer-n-type\/#primaryimage","url":"https:\/\/ykmtest.com\/wp-content\/uploads\/2025\/10\/Screenshot_2-5.png","contentUrl":"https:\/\/ykmtest.com\/wp-content\/uploads\/2025\/10\/Screenshot_2-5.png","width":1100,"height":800},{"@type":"BreadcrumbList","@id":"https:\/\/ykmtest.com\/product\/smhmidt-hammer-n-type\/#breadcrumb","itemListElement":[{"@type":"ListItem","position":1,"name":"Home","item":"https:\/\/darkorchid-cheetah-525435.hostingersite.com\/"},{"@type":"ListItem","position":2,"name":"\u0422\u043e\u0432\u0430\u0440\u044b","item":"https:\/\/ykmtest.com\/ru\/shop\/"},{"@type":"ListItem","position":3,"name":"Smhmidt Hammer N Type"}]},{"@type":"WebSite","@id":"https:\/\/darkorchid-cheetah-525435.hostingersite.com\/#website","url":"https:\/\/darkorchid-cheetah-525435.hostingersite.com\/","name":"YKM TEST\u0130","description":"","publisher":{"@id":"https:\/\/darkorchid-cheetah-525435.hostingersite.com\/#organization"},"potentialAction":[{"@type":"SearchAction","target":{"@type":"EntryPoint","urlTemplate":"https:\/\/darkorchid-cheetah-525435.hostingersite.com\/?s={search_term_string}"},"query-input":{"@type":"PropertyValueSpecification","valueRequired":true,"valueName":"search_term_string"}}],"inLanguage":"tr"},{"@type":["Organization","Place"],"@id":"https:\/\/darkorchid-cheetah-525435.hostingersite.com\/#organization","name":"YKM TEST\u0130","url":"https:\/\/darkorchid-cheetah-525435.hostingersite.com\/","logo":{"@id":"https:\/\/ykmtest.com\/product\/smhmidt-hammer-n-type\/#local-main-organization-logo"},"image":{"@id":"https:\/\/ykmtest.com\/product\/smhmidt-hammer-n-type\/#local-main-organization-logo"},"telephone":[],"openingHoursSpecification":[{"@type":"OpeningHoursSpecification","dayOfWeek":["Monday","Tuesday","Wednesday","Thursday","Friday","Saturday","Sunday"],"opens":"09:00","closes":"17:00"}]},{"@type":"ImageObject","inLanguage":"tr","@id":"https:\/\/ykmtest.com\/product\/smhmidt-hammer-n-type\/#local-main-organization-logo","url":"https:\/\/ykmtest.com\/wp-content\/uploads\/2025\/10\/Asset-2@2x-8.png","contentUrl":"https:\/\/ykmtest.com\/wp-content\/uploads\/2025\/10\/Asset-2@2x-8.png","width":1550,"height":323,"caption":"YKM TEST"}]},"product_price_currency":"USD","og_availability":"instock","product_availability":"instock","product_condition":"new"},"_links":{"self":[{"href":"https:\/\/ykmtest.com\/tr\/wp-json\/wp\/v2\/product\/6658","targetHints":{"allow":["GET"]}}],"collection":[{"href":"https:\/\/ykmtest.com\/tr\/wp-json\/wp\/v2\/product"}],"about":[{"href":"https:\/\/ykmtest.com\/tr\/wp-json\/wp\/v2\/types\/product"}],"version-history":[{"count":0,"href":"https:\/\/ykmtest.com\/tr\/wp-json\/wp\/v2\/product\/6658\/revisions"}],"wp:featuredmedia":[{"embeddable":true,"href":"https:\/\/ykmtest.com\/tr\/wp-json\/wp\/v2\/media\/7083"}],"wp:attachment":[{"href":"https:\/\/ykmtest.com\/tr\/wp-json\/wp\/v2\/media?parent=6658"}],"wp:term":[{"taxonomy":"product_brand","embeddable":true,"href":"https:\/\/ykmtest.com\/tr\/wp-json\/wp\/v2\/product_brand?post=6658"},{"taxonomy":"product_cat","embeddable":true,"href":"https:\/\/ykmtest.com\/tr\/wp-json\/wp\/v2\/product_cat?post=6658"},{"taxonomy":"product_tag","embeddable":true,"href":"https:\/\/ykmtest.com\/tr\/wp-json\/wp\/v2\/product_tag?post=6658"}],"curies":[{"name":"wp","href":"https:\/\/api.w.org\/{rel}","templated":true}]}}