{"id":6661,"date":"2025-10-08T19:25:37","date_gmt":"2025-10-08T19:25:37","guid":{"rendered":"https:\/\/ykmtest.com\/?post_type=product&#038;p=6661"},"modified":"2025-12-19T15:07:04","modified_gmt":"2025-12-19T15:07:04","slug":"plastic-curing-tank","status":"publish","type":"product","link":"https:\/\/ykmtest.com\/tr\/urun\/plastic-curing-tank\/","title":{"rendered":"Plastik K\u00fcrleme Tank\u0131"},"content":{"rendered":"","protected":false},"excerpt":{"rendered":"<p>K\u00fcr tanklar\u0131, beton k\u00fcplerin ve silindirlerin uygun \u015fekilde k\u00fcrlenmesi i\u00e7in \u00f6zel olarak tasarlanm\u0131\u015ft\u0131r. Su s\u0131cakl\u0131\u011f\u0131 \u00b12\u00b0C hassasiyetle ortam s\u0131cakl\u0131\u011f\u0131 ile 40\u00b0C aras\u0131nda ayarlanabilir ve muhafaza edilebilir. Bu i\u015flem dijital bir termostat taraf\u0131ndan kontrol edilir ve bir \u0131s\u0131tma eleman\u0131 ile desteklenir. Ek olarak, sistem metal bir taban \u0131zgaras\u0131 ve dalg\u0131\u00e7 sirk\u00fclasyon pompas\u0131 ile donat\u0131lm\u0131\u015ft\u0131r ve beton numunelerin k\u00fcrleme i\u015flemi boyunca e\u015fit bir s\u0131cakl\u0131kta tutulmas\u0131n\u0131 sa\u011flar.<\/p>\n<p>Teknik \u00d6zellikler:<\/p>\n<p>Boyutlar: 900x1900x860 mm<\/p>\n<p>A\u011f\u0131rl\u0131k: 79 kg<\/p>\n<p>G\u00fc\u00e7: 220V 50Hz<\/p>\n<p>Kapasite: 1200 l<\/p>","protected":false},"featured_media":7898,"template":"","meta":{"_acf_changed":false},"product_brand":[],"product_cat":[142],"product_tag":[],"class_list":{"0":"post-6661","1":"product","2":"type-product","3":"status-publish","4":"has-post-thumbnail","6":"product_cat-concrete","9":"instock","10":"shipping-taxable","11":"product-type-simple"},"acf":[],"yoast_head":"<!-- This site is optimized with the Yoast SEO Premium plugin v26.5 (Yoast SEO v27.5) - https:\/\/yoast.com\/product\/yoast-seo-premium-wordpress\/ -->\n<title>Plastic Curing Tank - YKM TEST<\/title>\n<meta name=\"robots\" content=\"index, follow, max-snippet:-1, max-image-preview:large, max-video-preview:-1\" \/>\n<link rel=\"canonical\" href=\"https:\/\/ykmtest.com\/tr\/urun\/plastic-curing-tank\/\" \/>\n<meta property=\"og:locale\" content=\"tr_TR\" \/>\n<meta property=\"og:type\" content=\"article\" \/>\n<meta property=\"og:title\" content=\"Plastic Curing Tank\" \/>\n<meta property=\"og:description\" content=\"Curing tanks are specifically designed for the proper curing of concrete cubes and cylinders. The water temperature can be adjusted and maintained between the ambient temperature and 40\u00b0C with an accuracy of \u00b12\u00b0C. This process is controlled by a digital thermostat and aided by a heating element. Additionally, the system is equipped with a metal base grid and a submersible circulation pump, ensuring that concrete specimens are kept at a uniform temperature throughout the curing process.  Technical Specifications:  Dimensions: 900x1900x860 mm  Weight: 79 kg  Power: 220V 50Hz  Capacity: 1200 l\" \/>\n<meta property=\"og:url\" content=\"https:\/\/ykmtest.com\/tr\/urun\/plastic-curing-tank\/\" \/>\n<meta property=\"og:site_name\" content=\"YKM TEST\" \/>\n<meta property=\"article:modified_time\" content=\"2025-12-19T15:07:04+00:00\" \/>\n<meta property=\"og:image\" content=\"https:\/\/ykmtest.com\/wp-content\/uploads\/2025\/10\/Screenshot_5-copy.jpg\" \/>\n\t<meta property=\"og:image:width\" content=\"1650\" \/>\n\t<meta property=\"og:image:height\" content=\"1200\" \/>\n\t<meta property=\"og:image:type\" content=\"image\/jpeg\" \/>\n<meta name=\"twitter:card\" content=\"summary_large_image\" \/>\n<meta name=\"twitter:label1\" content=\"Fiyat\" \/>\n\t<meta name=\"twitter:data1\" content=\"\" \/>\n\t<meta name=\"twitter:label2\" content=\"Durumu\" \/>\n\t<meta name=\"twitter:data2\" content=\"Stokta var\" \/>\n<script type=\"application\/ld+json\" class=\"yoast-schema-graph\">{\"@context\":\"https:\\\/\\\/schema.org\",\"@graph\":[{\"@type\":\"WebPage\",\"@id\":\"https:\\\/\\\/ykmtest.com\\\/product\\\/plastic-curing-tank\\\/\",\"url\":\"https:\\\/\\\/ykmtest.com\\\/product\\\/plastic-curing-tank\\\/\",\"name\":\"Plastic Curing Tank - YKM TEST\",\"isPartOf\":{\"@id\":\"https:\\\/\\\/darkorchid-cheetah-525435.hostingersite.com\\\/#website\"},\"primaryImageOfPage\":{\"@id\":\"https:\\\/\\\/ykmtest.com\\\/product\\\/plastic-curing-tank\\\/#primaryimage\"},\"image\":{\"@id\":\"https:\\\/\\\/ykmtest.com\\\/product\\\/plastic-curing-tank\\\/#primaryimage\"},\"thumbnailUrl\":\"https:\\\/\\\/ykmtest.com\\\/wp-content\\\/uploads\\\/2025\\\/10\\\/Screenshot_5-copy.jpg\",\"datePublished\":\"2025-10-08T19:25:37+00:00\",\"dateModified\":\"2025-12-19T15:07:04+00:00\",\"breadcrumb\":{\"@id\":\"https:\\\/\\\/ykmtest.com\\\/product\\\/plastic-curing-tank\\\/#breadcrumb\"},\"inLanguage\":\"tr\",\"potentialAction\":[{\"@type\":\"ReadAction\",\"target\":[\"https:\\\/\\\/ykmtest.com\\\/product\\\/plastic-curing-tank\\\/\"]}]},{\"@type\":\"ImageObject\",\"inLanguage\":\"tr\",\"@id\":\"https:\\\/\\\/ykmtest.com\\\/product\\\/plastic-curing-tank\\\/#primaryimage\",\"url\":\"https:\\\/\\\/ykmtest.com\\\/wp-content\\\/uploads\\\/2025\\\/10\\\/Screenshot_5-copy.jpg\",\"contentUrl\":\"https:\\\/\\\/ykmtest.com\\\/wp-content\\\/uploads\\\/2025\\\/10\\\/Screenshot_5-copy.jpg\",\"width\":1650,\"height\":1200},{\"@type\":\"BreadcrumbList\",\"@id\":\"https:\\\/\\\/ykmtest.com\\\/product\\\/plastic-curing-tank\\\/#breadcrumb\",\"itemListElement\":[{\"@type\":\"ListItem\",\"position\":1,\"name\":\"Home\",\"item\":\"https:\\\/\\\/darkorchid-cheetah-525435.hostingersite.com\\\/\"},{\"@type\":\"ListItem\",\"position\":2,\"name\":\"\u0422\u043e\u0432\u0430\u0440\u044b\",\"item\":\"https:\\\/\\\/ykmtest.com\\\/ru\\\/shop\\\/\"},{\"@type\":\"ListItem\",\"position\":3,\"name\":\"Plastic Curing Tank\"}]},{\"@type\":\"WebSite\",\"@id\":\"https:\\\/\\\/darkorchid-cheetah-525435.hostingersite.com\\\/#website\",\"url\":\"https:\\\/\\\/darkorchid-cheetah-525435.hostingersite.com\\\/\",\"name\":\"YKM TEST\",\"description\":\"\",\"publisher\":{\"@id\":\"https:\\\/\\\/darkorchid-cheetah-525435.hostingersite.com\\\/#organization\"},\"potentialAction\":[{\"@type\":\"SearchAction\",\"target\":{\"@type\":\"EntryPoint\",\"urlTemplate\":\"https:\\\/\\\/darkorchid-cheetah-525435.hostingersite.com\\\/?s={search_term_string}\"},\"query-input\":{\"@type\":\"PropertyValueSpecification\",\"valueRequired\":true,\"valueName\":\"search_term_string\"}}],\"inLanguage\":\"tr\"},{\"@type\":[\"Organization\",\"Place\"],\"@id\":\"https:\\\/\\\/darkorchid-cheetah-525435.hostingersite.com\\\/#organization\",\"name\":\"YKM TEST\",\"url\":\"https:\\\/\\\/darkorchid-cheetah-525435.hostingersite.com\\\/\",\"logo\":{\"@id\":\"https:\\\/\\\/ykmtest.com\\\/product\\\/plastic-curing-tank\\\/#local-main-organization-logo\"},\"image\":{\"@id\":\"https:\\\/\\\/ykmtest.com\\\/product\\\/plastic-curing-tank\\\/#local-main-organization-logo\"},\"telephone\":[],\"openingHoursSpecification\":[{\"@type\":\"OpeningHoursSpecification\",\"dayOfWeek\":[\"Monday\",\"Tuesday\",\"Wednesday\",\"Thursday\",\"Friday\",\"Saturday\",\"Sunday\"],\"opens\":\"09:00\",\"closes\":\"17:00\"}]},{\"@type\":\"ImageObject\",\"inLanguage\":\"tr\",\"@id\":\"https:\\\/\\\/ykmtest.com\\\/product\\\/plastic-curing-tank\\\/#local-main-organization-logo\",\"url\":\"https:\\\/\\\/ykmtest.com\\\/wp-content\\\/uploads\\\/2025\\\/10\\\/Asset-2@2x-8.png\",\"contentUrl\":\"https:\\\/\\\/ykmtest.com\\\/wp-content\\\/uploads\\\/2025\\\/10\\\/Asset-2@2x-8.png\",\"width\":1550,\"height\":323,\"caption\":\"YKM TEST\"}]}<\/script>\n<meta property=\"product:price:currency\" content=\"USD\" \/>\n<meta property=\"og:availability\" content=\"instock\" \/>\n<meta property=\"product:availability\" content=\"instock\" \/>\n<meta property=\"product:condition\" content=\"new\" \/>\n<!-- \/ Yoast SEO Premium plugin. -->","yoast_head_json":{"title":"Plastic Curing Tank - YKM TEST","robots":{"index":"index","follow":"follow","max-snippet":"max-snippet:-1","max-image-preview":"max-image-preview:large","max-video-preview":"max-video-preview:-1"},"canonical":"https:\/\/ykmtest.com\/tr\/urun\/plastic-curing-tank\/","og_locale":"tr_TR","og_type":"article","og_title":"Plastic Curing Tank","og_description":"Curing tanks are specifically designed for the proper curing of concrete cubes and cylinders. The water temperature can be adjusted and maintained between the ambient temperature and 40\u00b0C with an accuracy of \u00b12\u00b0C. This process is controlled by a digital thermostat and aided by a heating element. Additionally, the system is equipped with a metal base grid and a submersible circulation pump, ensuring that concrete specimens are kept at a uniform temperature throughout the curing process.  Technical Specifications:  Dimensions: 900x1900x860 mm  Weight: 79 kg  Power: 220V 50Hz  Capacity: 1200 l","og_url":"https:\/\/ykmtest.com\/tr\/urun\/plastic-curing-tank\/","og_site_name":"YKM TEST","article_modified_time":"2025-12-19T15:07:04+00:00","og_image":[{"width":1650,"height":1200,"url":"https:\/\/ykmtest.com\/wp-content\/uploads\/2025\/10\/Screenshot_5-copy.jpg","type":"image\/jpeg"}],"twitter_card":"summary_large_image","twitter_misc":{"Fiyat":"","Durumu":"Stokta var"},"schema":{"@context":"https:\/\/schema.org","@graph":[{"@type":"WebPage","@id":"https:\/\/ykmtest.com\/product\/plastic-curing-tank\/","url":"https:\/\/ykmtest.com\/product\/plastic-curing-tank\/","name":"Plastic Curing Tank - YKM TEST","isPartOf":{"@id":"https:\/\/darkorchid-cheetah-525435.hostingersite.com\/#website"},"primaryImageOfPage":{"@id":"https:\/\/ykmtest.com\/product\/plastic-curing-tank\/#primaryimage"},"image":{"@id":"https:\/\/ykmtest.com\/product\/plastic-curing-tank\/#primaryimage"},"thumbnailUrl":"https:\/\/ykmtest.com\/wp-content\/uploads\/2025\/10\/Screenshot_5-copy.jpg","datePublished":"2025-10-08T19:25:37+00:00","dateModified":"2025-12-19T15:07:04+00:00","breadcrumb":{"@id":"https:\/\/ykmtest.com\/product\/plastic-curing-tank\/#breadcrumb"},"inLanguage":"tr","potentialAction":[{"@type":"ReadAction","target":["https:\/\/ykmtest.com\/product\/plastic-curing-tank\/"]}]},{"@type":"ImageObject","inLanguage":"tr","@id":"https:\/\/ykmtest.com\/product\/plastic-curing-tank\/#primaryimage","url":"https:\/\/ykmtest.com\/wp-content\/uploads\/2025\/10\/Screenshot_5-copy.jpg","contentUrl":"https:\/\/ykmtest.com\/wp-content\/uploads\/2025\/10\/Screenshot_5-copy.jpg","width":1650,"height":1200},{"@type":"BreadcrumbList","@id":"https:\/\/ykmtest.com\/product\/plastic-curing-tank\/#breadcrumb","itemListElement":[{"@type":"ListItem","position":1,"name":"Home","item":"https:\/\/darkorchid-cheetah-525435.hostingersite.com\/"},{"@type":"ListItem","position":2,"name":"\u0422\u043e\u0432\u0430\u0440\u044b","item":"https:\/\/ykmtest.com\/ru\/shop\/"},{"@type":"ListItem","position":3,"name":"Plastic Curing Tank"}]},{"@type":"WebSite","@id":"https:\/\/darkorchid-cheetah-525435.hostingersite.com\/#website","url":"https:\/\/darkorchid-cheetah-525435.hostingersite.com\/","name":"YKM TEST\u0130","description":"","publisher":{"@id":"https:\/\/darkorchid-cheetah-525435.hostingersite.com\/#organization"},"potentialAction":[{"@type":"SearchAction","target":{"@type":"EntryPoint","urlTemplate":"https:\/\/darkorchid-cheetah-525435.hostingersite.com\/?s={search_term_string}"},"query-input":{"@type":"PropertyValueSpecification","valueRequired":true,"valueName":"search_term_string"}}],"inLanguage":"tr"},{"@type":["Organization","Place"],"@id":"https:\/\/darkorchid-cheetah-525435.hostingersite.com\/#organization","name":"YKM TEST\u0130","url":"https:\/\/darkorchid-cheetah-525435.hostingersite.com\/","logo":{"@id":"https:\/\/ykmtest.com\/product\/plastic-curing-tank\/#local-main-organization-logo"},"image":{"@id":"https:\/\/ykmtest.com\/product\/plastic-curing-tank\/#local-main-organization-logo"},"telephone":[],"openingHoursSpecification":[{"@type":"OpeningHoursSpecification","dayOfWeek":["Monday","Tuesday","Wednesday","Thursday","Friday","Saturday","Sunday"],"opens":"09:00","closes":"17:00"}]},{"@type":"ImageObject","inLanguage":"tr","@id":"https:\/\/ykmtest.com\/product\/plastic-curing-tank\/#local-main-organization-logo","url":"https:\/\/ykmtest.com\/wp-content\/uploads\/2025\/10\/Asset-2@2x-8.png","contentUrl":"https:\/\/ykmtest.com\/wp-content\/uploads\/2025\/10\/Asset-2@2x-8.png","width":1550,"height":323,"caption":"YKM TEST"}]},"product_price_currency":"USD","og_availability":"instock","product_availability":"instock","product_condition":"new"},"_links":{"self":[{"href":"https:\/\/ykmtest.com\/tr\/wp-json\/wp\/v2\/product\/6661","targetHints":{"allow":["GET"]}}],"collection":[{"href":"https:\/\/ykmtest.com\/tr\/wp-json\/wp\/v2\/product"}],"about":[{"href":"https:\/\/ykmtest.com\/tr\/wp-json\/wp\/v2\/types\/product"}],"version-history":[{"count":1,"href":"https:\/\/ykmtest.com\/tr\/wp-json\/wp\/v2\/product\/6661\/revisions"}],"predecessor-version":[{"id":9628,"href":"https:\/\/ykmtest.com\/tr\/wp-json\/wp\/v2\/product\/6661\/revisions\/9628"}],"wp:featuredmedia":[{"embeddable":true,"href":"https:\/\/ykmtest.com\/tr\/wp-json\/wp\/v2\/media\/7898"}],"wp:attachment":[{"href":"https:\/\/ykmtest.com\/tr\/wp-json\/wp\/v2\/media?parent=6661"}],"wp:term":[{"taxonomy":"product_brand","embeddable":true,"href":"https:\/\/ykmtest.com\/tr\/wp-json\/wp\/v2\/product_brand?post=6661"},{"taxonomy":"product_cat","embeddable":true,"href":"https:\/\/ykmtest.com\/tr\/wp-json\/wp\/v2\/product_cat?post=6661"},{"taxonomy":"product_tag","embeddable":true,"href":"https:\/\/ykmtest.com\/tr\/wp-json\/wp\/v2\/product_tag?post=6661"}],"curies":[{"name":"wp","href":"https:\/\/api.w.org\/{rel}","templated":true}]}}