{"id":6665,"date":"2025-10-08T19:32:06","date_gmt":"2025-10-08T19:32:06","guid":{"rendered":"https:\/\/ykmtest.com\/?post_type=product&#038;p=6665"},"modified":"2025-12-19T15:20:44","modified_gmt":"2025-12-19T15:20:44","slug":"slump-test-set","status":"publish","type":"product","link":"https:\/\/ykmtest.com\/tr\/urun\/slump-test-set\/","title":{"rendered":"\u00c7\u00f6kme Test Seti"},"content":{"rendered":"","protected":false},"excerpt":{"rendered":"<p>Beton \u00c7\u00f6kme Testi, betonun i\u015flenebilirli\u011fini veya ak\u0131\u015fkanl\u0131\u011f\u0131n\u0131 \u00f6l\u00e7mek i\u00e7in kullan\u0131lan bir y\u00f6ntemdir. Beton kar\u0131\u015f\u0131m\u0131n\u0131n k\u0131vam\u0131n\u0131n veya sertli\u011finin dolayl\u0131 bir \u00f6l\u00e7\u00fcm\u00fcn\u00fc sa\u011flar ve kar\u0131\u015f\u0131mda kullan\u0131lan su miktar\u0131n\u0131 g\u00f6steren taze betonun k\u0131vam\u0131n\u0131 belirlemek i\u00e7in kullan\u0131l\u0131r. \u00c7\u00f6kme test seti, korozyonu \u00f6nlemek i\u00e7in galvanizli ve elektrostatik toz boya kaplamal\u0131 olarak \u00fcretilmi\u015ftir.<\/p>","protected":false},"featured_media":7896,"template":"","meta":{"_acf_changed":false},"product_brand":[],"product_cat":[142],"product_tag":[],"class_list":{"0":"post-6665","1":"product","2":"type-product","3":"status-publish","4":"has-post-thumbnail","6":"product_cat-concrete","9":"instock","10":"shipping-taxable","11":"product-type-simple"},"acf":[],"yoast_head":"<!-- This site is optimized with the Yoast SEO Premium plugin v26.5 (Yoast SEO v27.5) - https:\/\/yoast.com\/product\/yoast-seo-premium-wordpress\/ -->\n<title>Slump Test Set - YKM TEST<\/title>\n<meta name=\"robots\" content=\"index, follow, max-snippet:-1, max-image-preview:large, max-video-preview:-1\" \/>\n<link rel=\"canonical\" href=\"https:\/\/ykmtest.com\/tr\/urun\/slump-test-set\/\" \/>\n<meta property=\"og:locale\" content=\"tr_TR\" \/>\n<meta property=\"og:type\" content=\"article\" \/>\n<meta property=\"og:title\" content=\"Slump Test Set\" \/>\n<meta property=\"og:description\" content=\"The Concrete Slump Test is a method for measuring the workability or flowability of concrete. It provides an indirect measurement of the consistency or stiffness of the concrete mix and is used to determine the consistency of fresh concrete, which indicates the amount of water used in the mix. The slump test set is made with a galvanized and electrostatically powder-coated finish to prevent corrosion.\" \/>\n<meta property=\"og:url\" content=\"https:\/\/ykmtest.com\/tr\/urun\/slump-test-set\/\" \/>\n<meta property=\"og:site_name\" content=\"YKM TEST\" \/>\n<meta property=\"article:modified_time\" content=\"2025-12-19T15:20:44+00:00\" \/>\n<meta property=\"og:image\" content=\"https:\/\/ykmtest.com\/wp-content\/uploads\/2025\/10\/Screenshot_2-copy.jpg\" \/>\n\t<meta property=\"og:image:width\" content=\"1650\" \/>\n\t<meta property=\"og:image:height\" content=\"1200\" \/>\n\t<meta property=\"og:image:type\" content=\"image\/jpeg\" \/>\n<meta name=\"twitter:card\" content=\"summary_large_image\" \/>\n<meta name=\"twitter:label1\" content=\"Fiyat\" \/>\n\t<meta name=\"twitter:data1\" content=\"\" \/>\n\t<meta name=\"twitter:label2\" content=\"Durumu\" \/>\n\t<meta name=\"twitter:data2\" content=\"Stokta var\" \/>\n<script type=\"application\/ld+json\" class=\"yoast-schema-graph\">{\"@context\":\"https:\\\/\\\/schema.org\",\"@graph\":[{\"@type\":\"WebPage\",\"@id\":\"https:\\\/\\\/ykmtest.com\\\/product\\\/slump-test-set\\\/\",\"url\":\"https:\\\/\\\/ykmtest.com\\\/product\\\/slump-test-set\\\/\",\"name\":\"Slump Test Set - YKM TEST\",\"isPartOf\":{\"@id\":\"https:\\\/\\\/darkorchid-cheetah-525435.hostingersite.com\\\/#website\"},\"primaryImageOfPage\":{\"@id\":\"https:\\\/\\\/ykmtest.com\\\/product\\\/slump-test-set\\\/#primaryimage\"},\"image\":{\"@id\":\"https:\\\/\\\/ykmtest.com\\\/product\\\/slump-test-set\\\/#primaryimage\"},\"thumbnailUrl\":\"https:\\\/\\\/ykmtest.com\\\/wp-content\\\/uploads\\\/2025\\\/10\\\/Screenshot_2-copy.jpg\",\"datePublished\":\"2025-10-08T19:32:06+00:00\",\"dateModified\":\"2025-12-19T15:20:44+00:00\",\"breadcrumb\":{\"@id\":\"https:\\\/\\\/ykmtest.com\\\/product\\\/slump-test-set\\\/#breadcrumb\"},\"inLanguage\":\"tr\",\"potentialAction\":[{\"@type\":\"ReadAction\",\"target\":[\"https:\\\/\\\/ykmtest.com\\\/product\\\/slump-test-set\\\/\"]}]},{\"@type\":\"ImageObject\",\"inLanguage\":\"tr\",\"@id\":\"https:\\\/\\\/ykmtest.com\\\/product\\\/slump-test-set\\\/#primaryimage\",\"url\":\"https:\\\/\\\/ykmtest.com\\\/wp-content\\\/uploads\\\/2025\\\/10\\\/Screenshot_2-copy.jpg\",\"contentUrl\":\"https:\\\/\\\/ykmtest.com\\\/wp-content\\\/uploads\\\/2025\\\/10\\\/Screenshot_2-copy.jpg\",\"width\":1650,\"height\":1200},{\"@type\":\"BreadcrumbList\",\"@id\":\"https:\\\/\\\/ykmtest.com\\\/product\\\/slump-test-set\\\/#breadcrumb\",\"itemListElement\":[{\"@type\":\"ListItem\",\"position\":1,\"name\":\"Home\",\"item\":\"https:\\\/\\\/darkorchid-cheetah-525435.hostingersite.com\\\/\"},{\"@type\":\"ListItem\",\"position\":2,\"name\":\"\u0422\u043e\u0432\u0430\u0440\u044b\",\"item\":\"https:\\\/\\\/ykmtest.com\\\/ru\\\/shop\\\/\"},{\"@type\":\"ListItem\",\"position\":3,\"name\":\"Slump Test Set\"}]},{\"@type\":\"WebSite\",\"@id\":\"https:\\\/\\\/darkorchid-cheetah-525435.hostingersite.com\\\/#website\",\"url\":\"https:\\\/\\\/darkorchid-cheetah-525435.hostingersite.com\\\/\",\"name\":\"YKM TEST\",\"description\":\"\",\"publisher\":{\"@id\":\"https:\\\/\\\/darkorchid-cheetah-525435.hostingersite.com\\\/#organization\"},\"potentialAction\":[{\"@type\":\"SearchAction\",\"target\":{\"@type\":\"EntryPoint\",\"urlTemplate\":\"https:\\\/\\\/darkorchid-cheetah-525435.hostingersite.com\\\/?s={search_term_string}\"},\"query-input\":{\"@type\":\"PropertyValueSpecification\",\"valueRequired\":true,\"valueName\":\"search_term_string\"}}],\"inLanguage\":\"tr\"},{\"@type\":[\"Organization\",\"Place\"],\"@id\":\"https:\\\/\\\/darkorchid-cheetah-525435.hostingersite.com\\\/#organization\",\"name\":\"YKM TEST\",\"url\":\"https:\\\/\\\/darkorchid-cheetah-525435.hostingersite.com\\\/\",\"logo\":{\"@id\":\"https:\\\/\\\/ykmtest.com\\\/product\\\/slump-test-set\\\/#local-main-organization-logo\"},\"image\":{\"@id\":\"https:\\\/\\\/ykmtest.com\\\/product\\\/slump-test-set\\\/#local-main-organization-logo\"},\"telephone\":[],\"openingHoursSpecification\":[{\"@type\":\"OpeningHoursSpecification\",\"dayOfWeek\":[\"Monday\",\"Tuesday\",\"Wednesday\",\"Thursday\",\"Friday\",\"Saturday\",\"Sunday\"],\"opens\":\"09:00\",\"closes\":\"17:00\"}]},{\"@type\":\"ImageObject\",\"inLanguage\":\"tr\",\"@id\":\"https:\\\/\\\/ykmtest.com\\\/product\\\/slump-test-set\\\/#local-main-organization-logo\",\"url\":\"https:\\\/\\\/ykmtest.com\\\/wp-content\\\/uploads\\\/2025\\\/10\\\/Asset-2@2x-8.png\",\"contentUrl\":\"https:\\\/\\\/ykmtest.com\\\/wp-content\\\/uploads\\\/2025\\\/10\\\/Asset-2@2x-8.png\",\"width\":1550,\"height\":323,\"caption\":\"YKM TEST\"}]}<\/script>\n<meta property=\"product:price:currency\" content=\"USD\" \/>\n<meta property=\"og:availability\" content=\"instock\" \/>\n<meta property=\"product:availability\" content=\"instock\" \/>\n<meta property=\"product:condition\" content=\"new\" \/>\n<!-- \/ Yoast SEO Premium plugin. -->","yoast_head_json":{"title":"Slump Test Set - YKM TEST","robots":{"index":"index","follow":"follow","max-snippet":"max-snippet:-1","max-image-preview":"max-image-preview:large","max-video-preview":"max-video-preview:-1"},"canonical":"https:\/\/ykmtest.com\/tr\/urun\/slump-test-set\/","og_locale":"tr_TR","og_type":"article","og_title":"Slump Test Set","og_description":"The Concrete Slump Test is a method for measuring the workability or flowability of concrete. It provides an indirect measurement of the consistency or stiffness of the concrete mix and is used to determine the consistency of fresh concrete, which indicates the amount of water used in the mix. The slump test set is made with a galvanized and electrostatically powder-coated finish to prevent corrosion.","og_url":"https:\/\/ykmtest.com\/tr\/urun\/slump-test-set\/","og_site_name":"YKM TEST","article_modified_time":"2025-12-19T15:20:44+00:00","og_image":[{"width":1650,"height":1200,"url":"https:\/\/ykmtest.com\/wp-content\/uploads\/2025\/10\/Screenshot_2-copy.jpg","type":"image\/jpeg"}],"twitter_card":"summary_large_image","twitter_misc":{"Fiyat":"","Durumu":"Stokta var"},"schema":{"@context":"https:\/\/schema.org","@graph":[{"@type":"WebPage","@id":"https:\/\/ykmtest.com\/product\/slump-test-set\/","url":"https:\/\/ykmtest.com\/product\/slump-test-set\/","name":"Slump Test Set - YKM TEST","isPartOf":{"@id":"https:\/\/darkorchid-cheetah-525435.hostingersite.com\/#website"},"primaryImageOfPage":{"@id":"https:\/\/ykmtest.com\/product\/slump-test-set\/#primaryimage"},"image":{"@id":"https:\/\/ykmtest.com\/product\/slump-test-set\/#primaryimage"},"thumbnailUrl":"https:\/\/ykmtest.com\/wp-content\/uploads\/2025\/10\/Screenshot_2-copy.jpg","datePublished":"2025-10-08T19:32:06+00:00","dateModified":"2025-12-19T15:20:44+00:00","breadcrumb":{"@id":"https:\/\/ykmtest.com\/product\/slump-test-set\/#breadcrumb"},"inLanguage":"tr","potentialAction":[{"@type":"ReadAction","target":["https:\/\/ykmtest.com\/product\/slump-test-set\/"]}]},{"@type":"ImageObject","inLanguage":"tr","@id":"https:\/\/ykmtest.com\/product\/slump-test-set\/#primaryimage","url":"https:\/\/ykmtest.com\/wp-content\/uploads\/2025\/10\/Screenshot_2-copy.jpg","contentUrl":"https:\/\/ykmtest.com\/wp-content\/uploads\/2025\/10\/Screenshot_2-copy.jpg","width":1650,"height":1200},{"@type":"BreadcrumbList","@id":"https:\/\/ykmtest.com\/product\/slump-test-set\/#breadcrumb","itemListElement":[{"@type":"ListItem","position":1,"name":"Home","item":"https:\/\/darkorchid-cheetah-525435.hostingersite.com\/"},{"@type":"ListItem","position":2,"name":"\u0422\u043e\u0432\u0430\u0440\u044b","item":"https:\/\/ykmtest.com\/ru\/shop\/"},{"@type":"ListItem","position":3,"name":"Slump Test Set"}]},{"@type":"WebSite","@id":"https:\/\/darkorchid-cheetah-525435.hostingersite.com\/#website","url":"https:\/\/darkorchid-cheetah-525435.hostingersite.com\/","name":"YKM TEST\u0130","description":"","publisher":{"@id":"https:\/\/darkorchid-cheetah-525435.hostingersite.com\/#organization"},"potentialAction":[{"@type":"SearchAction","target":{"@type":"EntryPoint","urlTemplate":"https:\/\/darkorchid-cheetah-525435.hostingersite.com\/?s={search_term_string}"},"query-input":{"@type":"PropertyValueSpecification","valueRequired":true,"valueName":"search_term_string"}}],"inLanguage":"tr"},{"@type":["Organization","Place"],"@id":"https:\/\/darkorchid-cheetah-525435.hostingersite.com\/#organization","name":"YKM TEST\u0130","url":"https:\/\/darkorchid-cheetah-525435.hostingersite.com\/","logo":{"@id":"https:\/\/ykmtest.com\/product\/slump-test-set\/#local-main-organization-logo"},"image":{"@id":"https:\/\/ykmtest.com\/product\/slump-test-set\/#local-main-organization-logo"},"telephone":[],"openingHoursSpecification":[{"@type":"OpeningHoursSpecification","dayOfWeek":["Monday","Tuesday","Wednesday","Thursday","Friday","Saturday","Sunday"],"opens":"09:00","closes":"17:00"}]},{"@type":"ImageObject","inLanguage":"tr","@id":"https:\/\/ykmtest.com\/product\/slump-test-set\/#local-main-organization-logo","url":"https:\/\/ykmtest.com\/wp-content\/uploads\/2025\/10\/Asset-2@2x-8.png","contentUrl":"https:\/\/ykmtest.com\/wp-content\/uploads\/2025\/10\/Asset-2@2x-8.png","width":1550,"height":323,"caption":"YKM TEST"}]},"product_price_currency":"USD","og_availability":"instock","product_availability":"instock","product_condition":"new"},"_links":{"self":[{"href":"https:\/\/ykmtest.com\/tr\/wp-json\/wp\/v2\/product\/6665","targetHints":{"allow":["GET"]}}],"collection":[{"href":"https:\/\/ykmtest.com\/tr\/wp-json\/wp\/v2\/product"}],"about":[{"href":"https:\/\/ykmtest.com\/tr\/wp-json\/wp\/v2\/types\/product"}],"version-history":[{"count":6,"href":"https:\/\/ykmtest.com\/tr\/wp-json\/wp\/v2\/product\/6665\/revisions"}],"predecessor-version":[{"id":10274,"href":"https:\/\/ykmtest.com\/tr\/wp-json\/wp\/v2\/product\/6665\/revisions\/10274"}],"wp:featuredmedia":[{"embeddable":true,"href":"https:\/\/ykmtest.com\/tr\/wp-json\/wp\/v2\/media\/7896"}],"wp:attachment":[{"href":"https:\/\/ykmtest.com\/tr\/wp-json\/wp\/v2\/media?parent=6665"}],"wp:term":[{"taxonomy":"product_brand","embeddable":true,"href":"https:\/\/ykmtest.com\/tr\/wp-json\/wp\/v2\/product_brand?post=6665"},{"taxonomy":"product_cat","embeddable":true,"href":"https:\/\/ykmtest.com\/tr\/wp-json\/wp\/v2\/product_cat?post=6665"},{"taxonomy":"product_tag","embeddable":true,"href":"https:\/\/ykmtest.com\/tr\/wp-json\/wp\/v2\/product_tag?post=6665"}],"curies":[{"name":"wp","href":"https:\/\/api.w.org\/{rel}","templated":true}]}}